{"id":1120,"date":"2021-06-10T12:44:38","date_gmt":"2021-06-10T09:44:38","guid":{"rendered":"http:\/\/kadg.lt\/?page_id=1120"},"modified":"2024-09-02T14:18:14","modified_gmt":"2024-09-02T11:18:14","slug":"kontaktai-2","status":"publish","type":"page","link":"https:\/\/kadg.lt\/index.php\/kontaktai-2\/","title":{"rendered":"Kontaktai"},"content":{"rendered":"\t\t<div data-elementor-type=\"wp-page\" data-elementor-id=\"1120\" class=\"elementor elementor-1120\">\n\t\t\t\t\t\t<section class=\"elementor-section elementor-top-section elementor-element elementor-element-c55ede7 elementor-section-boxed elementor-section-height-default elementor-section-height-default\" data-id=\"c55ede7\" data-element_type=\"section\">\r\n\t\t\r\n\t\t\t\t\t\t\t<div class=\"elementor-container elementor-column-gap-default\">\r\n\t\t\t\t\t\t\t\t\t\t\t<div class=\"elementor-column elementor-col-50 elementor-top-column elementor-element elementor-element-ab34886\" data-id=\"ab34886\" data-element_type=\"column\">\r\n\t\t\t\t\t<div class=\"elementor-widget-wrap elementor-element-populated\">\r\n\t\t\t\t\t\t\t\t<div class=\"elementor-element elementor-element-61e96ad elementor-widget__width-initial elementor-widget elementor-widget-image\" data-id=\"61e96ad\" data-element_type=\"widget\" data-widget_type=\"image.default\">\n\t\t\t\t<div class=\"elementor-widget-container\">\n\t\t\t\t\t\t\t\t\t\t\t\t\t\t\t<img fetchpriority=\"high\" decoding=\"async\" width=\"843\" height=\"1024\" src=\"https:\/\/kadg.lt\/wp-content\/uploads\/2024\/08\/06A-843x1024.jpg\" class=\"attachment-large size-large wp-image-6168\" alt=\"\" srcset=\"https:\/\/kadg.lt\/wp-content\/uploads\/2024\/08\/06A-843x1024.jpg 843w, https:\/\/kadg.lt\/wp-content\/uploads\/2024\/08\/06A-768x933.jpg 768w, https:\/\/kadg.lt\/wp-content\/uploads\/2024\/08\/06A-640x777.jpg 640w, https:\/\/kadg.lt\/wp-content\/uploads\/2024\/08\/06A-400x486.jpg 400w, https:\/\/kadg.lt\/wp-content\/uploads\/2024\/08\/06A-367x446.jpg 367w, https:\/\/kadg.lt\/wp-content\/uploads\/2024\/08\/06A-600x729.jpg 600w\" sizes=\"(max-width: 843px) 100vw, 843px\" \/>\t\t\t\t\t\t\t\t\t\t\t\t\t\t\t<\/div>\n\t\t\t\t<\/div>\n\t\t\t\t\t<\/div>\r\n\t\t\t\t<\/div>\r\n\t\t\t\t<div class=\"elementor-column elementor-col-50 elementor-top-column elementor-element elementor-element-878b8ad\" data-id=\"878b8ad\" data-element_type=\"column\">\r\n\t\t\t\t\t<div class=\"elementor-widget-wrap elementor-element-populated\">\r\n\t\t\t\t\t\t\t\t<div class=\"elementor-element elementor-element-82c631c elementor-widget elementor-widget-text-editor\" data-id=\"82c631c\" data-element_type=\"widget\" data-widget_type=\"text-editor.default\">\n\t\t\t\t<div class=\"elementor-widget-container\">\n\t\t\t\t\t\t\t\t\t<p>\u00a0<\/p><p><strong>Sekretor\u0117\u00a0<\/strong><br \/>Raimonda Mick\u016bnien\u0117<br \/>+370 614 33166<br \/>el.pa\u0161tas:\u00a0 sekretore@kadg.lt<\/p>\t\t\t\t\t\t\t\t<\/div>\n\t\t\t\t<\/div>\n\t\t\t\t\t<\/div>\r\n\t\t\t\t<\/div>\r\n\t\t\t\t\t<\/div>\r\n\t\t\t\t<\/section>\r\n\t\t\t\t<section class=\"elementor-section elementor-top-section elementor-element elementor-element-920472a elementor-section-boxed elementor-section-height-default elementor-section-height-default\" data-id=\"920472a\" data-element_type=\"section\">\r\n\t\t\r\n\t\t\t\t\t\t\t<div class=\"elementor-container elementor-column-gap-default\">\r\n\t\t\t\t\t\t\t\t\t\t\t<div class=\"elementor-column elementor-col-33 elementor-top-column elementor-element elementor-element-16d96ff\" data-id=\"16d96ff\" data-element_type=\"column\">\r\n\t\t\t\t\t<div class=\"elementor-widget-wrap elementor-element-populated\">\r\n\t\t\t\t\t\t\t\t<div class=\"elementor-element elementor-element-390ba2c elementor-widget elementor-widget-image\" data-id=\"390ba2c\" data-element_type=\"widget\" data-widget_type=\"image.default\">\n\t\t\t\t<div class=\"elementor-widget-container\">\n\t\t\t\t\t\t\t\t\t\t\t\t\t\t\t<img decoding=\"async\" width=\"926\" height=\"1024\" src=\"https:\/\/kadg.lt\/wp-content\/uploads\/2024\/08\/03A-926x1024.jpg\" class=\"attachment-large size-large wp-image-6166\" alt=\"\" srcset=\"https:\/\/kadg.lt\/wp-content\/uploads\/2024\/08\/03A-926x1024.jpg 926w, https:\/\/kadg.lt\/wp-content\/uploads\/2024\/08\/03A-768x849.jpg 768w, https:\/\/kadg.lt\/wp-content\/uploads\/2024\/08\/03A-640x707.jpg 640w, https:\/\/kadg.lt\/wp-content\/uploads\/2024\/08\/03A-400x442.jpg 400w, https:\/\/kadg.lt\/wp-content\/uploads\/2024\/08\/03A-367x406.jpg 367w, https:\/\/kadg.lt\/wp-content\/uploads\/2024\/08\/03A-600x663.jpg 600w\" sizes=\"(max-width: 926px) 100vw, 926px\" \/>\t\t\t\t\t\t\t\t\t\t\t\t\t\t\t<\/div>\n\t\t\t\t<\/div>\n\t\t\t\t\t<\/div>\r\n\t\t\t\t<\/div>\r\n\t\t\t\t<div class=\"elementor-column elementor-col-33 elementor-top-column elementor-element elementor-element-3bc67e3\" data-id=\"3bc67e3\" data-element_type=\"column\">\r\n\t\t\t\t\t<div class=\"elementor-widget-wrap elementor-element-populated\">\r\n\t\t\t\t\t\t\t\t<div class=\"elementor-element elementor-element-913aae0 elementor-widget elementor-widget-text-editor\" data-id=\"913aae0\" data-element_type=\"widget\" data-widget_type=\"text-editor.default\">\n\t\t\t\t<div class=\"elementor-widget-container\">\n\t\t\t\t\t\t\t\t\t<p>\u00a0<\/p><p><strong>Vyr. buhalter\u0117<\/strong><br \/>Edita Raga\u017einskien\u0117<br \/>+370 603 30805<\/p>\t\t\t\t\t\t\t\t<\/div>\n\t\t\t\t<\/div>\n\t\t\t\t\t<\/div>\r\n\t\t\t\t<\/div>\r\n\t\t\t\t<div class=\"elementor-column elementor-col-33 elementor-top-column elementor-element elementor-element-1bc3c16\" data-id=\"1bc3c16\" data-element_type=\"column\">\r\n\t\t\t\t\t<div class=\"elementor-widget-wrap\">\r\n\t\t\t\t\t\t\t\t\t<\/div>\r\n\t\t\t\t<\/div>\r\n\t\t\t\t\t<\/div>\r\n\t\t\t\t<\/section>\r\n\t\t\t\t<section class=\"elementor-section elementor-top-section elementor-element elementor-element-5c67d69 elementor-section-boxed elementor-section-height-default elementor-section-height-default\" data-id=\"5c67d69\" data-element_type=\"section\">\r\n\t\t\r\n\t\t\t\t\t\t\t<div class=\"elementor-container elementor-column-gap-default\">\r\n\t\t\t\t\t\t\t\t\t\t\t<div class=\"elementor-column elementor-col-33 elementor-top-column elementor-element elementor-element-c8a4fa8\" data-id=\"c8a4fa8\" data-element_type=\"column\">\r\n\t\t\t\t\t<div class=\"elementor-widget-wrap elementor-element-populated\">\r\n\t\t\t\t\t\t\t\t<div class=\"elementor-element elementor-element-b73e40b elementor-widget elementor-widget-image\" data-id=\"b73e40b\" data-element_type=\"widget\" data-widget_type=\"image.default\">\n\t\t\t\t<div class=\"elementor-widget-container\">\n\t\t\t\t\t\t\t\t\t\t\t\t\t\t\t<img decoding=\"async\" width=\"768\" height=\"903\" src=\"https:\/\/kadg.lt\/wp-content\/uploads\/2024\/08\/04A-768x903.jpg\" class=\"attachment-medium_large size-medium_large wp-image-6167\" alt=\"\" srcset=\"https:\/\/kadg.lt\/wp-content\/uploads\/2024\/08\/04A-768x903.jpg 768w, https:\/\/kadg.lt\/wp-content\/uploads\/2024\/08\/04A-640x752.jpg 640w, https:\/\/kadg.lt\/wp-content\/uploads\/2024\/08\/04A-400x470.jpg 400w, https:\/\/kadg.lt\/wp-content\/uploads\/2024\/08\/04A-367x431.jpg 367w, https:\/\/kadg.lt\/wp-content\/uploads\/2024\/08\/04A-600x705.jpg 600w\" sizes=\"(max-width: 768px) 100vw, 768px\" \/>\t\t\t\t\t\t\t\t\t\t\t\t\t\t\t<\/div>\n\t\t\t\t<\/div>\n\t\t\t\t\t<\/div>\r\n\t\t\t\t<\/div>\r\n\t\t\t\t<div class=\"elementor-column elementor-col-33 elementor-top-column elementor-element elementor-element-1c80bd4\" data-id=\"1c80bd4\" data-element_type=\"column\">\r\n\t\t\t\t\t<div class=\"elementor-widget-wrap elementor-element-populated\">\r\n\t\t\t\t\t\t\t\t<div class=\"elementor-element elementor-element-8db35af elementor-widget elementor-widget-text-editor\" data-id=\"8db35af\" data-element_type=\"widget\" data-widget_type=\"text-editor.default\">\n\t\t\t\t<div class=\"elementor-widget-container\">\n\t\t\t\t\t\t\t\t\t<p><strong>Buhalter\u0117<\/strong><br \/>Sonata Dabulskien\u0117<br \/>+370 603 30212\u00a0\u00a0\u00a0\u00a0\u00a0<\/p><p><strong>Ra\u0161tin\u0117s ved\u0117ja<\/strong><br \/>Sonata Dabulskien\u0117\u00a0 <br \/>+370 603 30212\u00a0\u00a0\u00a0\u00a0\u00a0<br \/>el.pa\u0161tas:\u00a0 rastine@kadg.lt<\/p>\t\t\t\t\t\t\t\t<\/div>\n\t\t\t\t<\/div>\n\t\t\t\t\t<\/div>\r\n\t\t\t\t<\/div>\r\n\t\t\t\t<div class=\"elementor-column elementor-col-33 elementor-top-column elementor-element elementor-element-2a7400d\" data-id=\"2a7400d\" data-element_type=\"column\">\r\n\t\t\t\t\t<div class=\"elementor-widget-wrap\">\r\n\t\t\t\t\t\t\t\t\t<\/div>\r\n\t\t\t\t<\/div>\r\n\t\t\t\t\t<\/div>\r\n\t\t\t\t<\/section>\r\n\t\t\t\t<section class=\"elementor-section elementor-top-section elementor-element elementor-element-4ab2c9f elementor-section-boxed elementor-section-height-default elementor-section-height-default\" data-id=\"4ab2c9f\" data-element_type=\"section\">\r\n\t\t\r\n\t\t\t\t\t\t\t<div class=\"elementor-container elementor-column-gap-default\">\r\n\t\t\t\t\t\t\t\t\t\t\t<div class=\"elementor-column elementor-col-33 elementor-top-column elementor-element elementor-element-8f9a5f8\" data-id=\"8f9a5f8\" data-element_type=\"column\">\r\n\t\t\t\t\t<div class=\"elementor-widget-wrap elementor-element-populated\">\r\n\t\t\t\t\t\t\t\t<div class=\"elementor-element elementor-element-0bed586 elementor-widget elementor-widget-image\" data-id=\"0bed586\" data-element_type=\"widget\" data-widget_type=\"image.default\">\n\t\t\t\t<div class=\"elementor-widget-container\">\n\t\t\t\t\t\t\t\t\t\t\t\t\t\t\t<img loading=\"lazy\" decoding=\"async\" width=\"868\" height=\"1024\" src=\"https:\/\/kadg.lt\/wp-content\/uploads\/2024\/08\/01A-868x1024.jpg\" class=\"attachment-large size-large wp-image-6172\" alt=\"\" srcset=\"https:\/\/kadg.lt\/wp-content\/uploads\/2024\/08\/01A-868x1024.jpg 868w, https:\/\/kadg.lt\/wp-content\/uploads\/2024\/08\/01A-768x906.jpg 768w, https:\/\/kadg.lt\/wp-content\/uploads\/2024\/08\/01A-640x755.jpg 640w, https:\/\/kadg.lt\/wp-content\/uploads\/2024\/08\/01A-400x472.jpg 400w, https:\/\/kadg.lt\/wp-content\/uploads\/2024\/08\/01A-367x433.jpg 367w, https:\/\/kadg.lt\/wp-content\/uploads\/2024\/08\/01A-600x707.jpg 600w\" sizes=\"(max-width: 868px) 100vw, 868px\" \/>\t\t\t\t\t\t\t\t\t\t\t\t\t\t\t<\/div>\n\t\t\t\t<\/div>\n\t\t\t\t\t<\/div>\r\n\t\t\t\t<\/div>\r\n\t\t\t\t<div class=\"elementor-column elementor-col-33 elementor-top-column elementor-element elementor-element-62f9dc2\" data-id=\"62f9dc2\" data-element_type=\"column\">\r\n\t\t\t\t\t<div class=\"elementor-widget-wrap elementor-element-populated\">\r\n\t\t\t\t\t\t\t\t<div class=\"elementor-element elementor-element-fb4fdd0 elementor-widget elementor-widget-text-editor\" data-id=\"fb4fdd0\" data-element_type=\"widget\" data-widget_type=\"text-editor.default\">\n\t\t\t\t<div class=\"elementor-widget-container\">\n\t\t\t\t\t\t\t\t\t<p>\u00a0<\/p><p><strong>Bibliotekinink\u0117<\/strong><br \/>Rasa Gabal\u0117<br \/>+370 605 75808<br \/>el.pa\u0161tas: biblioteka@kadg.lt<\/p>\t\t\t\t\t\t\t\t<\/div>\n\t\t\t\t<\/div>\n\t\t\t\t\t<\/div>\r\n\t\t\t\t<\/div>\r\n\t\t\t\t<div class=\"elementor-column elementor-col-33 elementor-top-column elementor-element elementor-element-697d133\" data-id=\"697d133\" data-element_type=\"column\">\r\n\t\t\t\t\t<div class=\"elementor-widget-wrap\">\r\n\t\t\t\t\t\t\t\t\t<\/div>\r\n\t\t\t\t<\/div>\r\n\t\t\t\t\t<\/div>\r\n\t\t\t\t<\/section>\r\n\t\t\t\t<section class=\"elementor-section elementor-top-section elementor-element elementor-element-eced7b3 elementor-section-boxed elementor-section-height-default elementor-section-height-default\" data-id=\"eced7b3\" data-element_type=\"section\">\r\n\t\t\r\n\t\t\t\t\t\t\t<div class=\"elementor-container elementor-column-gap-default\">\r\n\t\t\t\t\t\t\t\t\t\t\t<div class=\"elementor-column elementor-col-100 elementor-top-column elementor-element elementor-element-25d2375\" data-id=\"25d2375\" data-element_type=\"column\">\r\n\t\t\t\t\t<div class=\"elementor-widget-wrap elementor-element-populated\">\r\n\t\t\t\t\t\t\t\t<div class=\"elementor-element elementor-element-3e7878d elementor-widget elementor-widget-heading\" data-id=\"3e7878d\" data-element_type=\"widget\" data-widget_type=\"heading.default\">\n\t\t\t\t<div class=\"elementor-widget-container\">\n\t\t\t\t\t<h2 class=\"elementor-heading-title elementor-size-default\">Adresai:<\/h2>\t\t\t\t<\/div>\n\t\t\t\t<\/div>\n\t\t\t\t\t<\/div>\r\n\t\t\t\t<\/div>\r\n\t\t\t\t\t<\/div>\r\n\t\t\t\t<\/section>\r\n\t\t\t\t<section class=\"elementor-section elementor-top-section elementor-element elementor-element-b8ef39b elementor-section-boxed elementor-section-height-default elementor-section-height-default\" data-id=\"b8ef39b\" data-element_type=\"section\">\r\n\t\t\r\n\t\t\t\t\t\t\t<div class=\"elementor-container elementor-column-gap-default\">\r\n\t\t\t\t\t\t\t\t\t\t\t<div class=\"elementor-column elementor-col-50 elementor-top-column elementor-element elementor-element-97d6359\" data-id=\"97d6359\" data-element_type=\"column\">\r\n\t\t\t\t\t<div class=\"elementor-widget-wrap elementor-element-populated\">\r\n\t\t\t\t\t\t\t\t<div class=\"elementor-element elementor-element-1391dfa elementor-widget elementor-widget-porto_info_box\" data-id=\"1391dfa\" data-element_type=\"widget\" data-widget_type=\"porto_info_box.default\">\n\t\t\t\t<div class=\"elementor-widget-container\">\n\t\t\t\t\t<div class=\"porto-sicon-box style_1 default-icon\"><div class=\"porto-sicon-default\"><div class=\"porto-just-icon-wrapper porto-icon circle\" style=\"\"><i class=\"fas fa-map-marker-alt\"><\/i><\/div><\/div><div class=\"porto-sicon-header\"><h3 class=\"porto-sicon-title\" style=\"\"><strong>Dainavos g. 1 Kaunas<\/strong>                          <\/h3><\/div> <!-- header --><\/div><!-- porto-sicon-box -->\t\t\t\t<\/div>\n\t\t\t\t<\/div>\n\t\t\t\t<div class=\"elementor-element elementor-element-0feff6a elementor-widget elementor-widget-porto_info_box\" data-id=\"0feff6a\" data-element_type=\"widget\" data-widget_type=\"porto_info_box.default\">\n\t\t\t\t<div class=\"elementor-widget-container\">\n\t\t\t\t\t<div class=\"porto-sicon-box style_1 default-icon\"><div class=\"porto-sicon-default\"><div class=\"porto-just-icon-wrapper porto-icon circle\" style=\"\"><i class=\"fas fa-map-marker-alt\"><\/i><\/div><\/div><div class=\"porto-sicon-header\"><h3 class=\"porto-sicon-title\" style=\"\"><strong>Dz\u016bk\u0173  g. 2 Kaunas<\/strong>                          <\/h3><\/div> <!-- header --><\/div><!-- porto-sicon-box -->\t\t\t\t<\/div>\n\t\t\t\t<\/div>\n\t\t\t\t<div class=\"elementor-element elementor-element-6b4f71e elementor-widget elementor-widget-porto_info_box\" data-id=\"6b4f71e\" data-element_type=\"widget\" data-widget_type=\"porto_info_box.default\">\n\t\t\t\t<div class=\"elementor-widget-container\">\n\t\t\t\t\t<div class=\"porto-sicon-box style_1 default-icon\"><div class=\"porto-sicon-default\"><div class=\"porto-just-icon-wrapper porto-icon circle\" style=\"\"><i class=\"fas fa-map-marker-alt\"><\/i><\/div><\/div><div class=\"porto-sicon-header\"><h3 class=\"porto-sicon-title\" style=\"\"><strong>Auk\u0161tai\u010di\u0173   g. 74 Kaunas<\/strong>                          <\/h3><\/div> <!-- header --><\/div><!-- porto-sicon-box -->\t\t\t\t<\/div>\n\t\t\t\t<\/div>\n\t\t\t\t\t<\/div>\r\n\t\t\t\t<\/div>\r\n\t\t\t\t<div class=\"elementor-column elementor-col-50 elementor-top-column elementor-element elementor-element-d3c47ad\" data-id=\"d3c47ad\" data-element_type=\"column\">\r\n\t\t\t\t\t<div class=\"elementor-widget-wrap elementor-element-populated\">\r\n\t\t\t\t\t\t\t\t<div class=\"elementor-element elementor-element-0439fb1 elementor-widget elementor-widget-porto_info_box\" data-id=\"0439fb1\" data-element_type=\"widget\" data-widget_type=\"porto_info_box.default\">\n\t\t\t\t<div class=\"elementor-widget-container\">\n\t\t\t\t\t<div class=\"porto-sicon-box style_1 default-icon\"><div class=\"porto-sicon-default\"><div class=\"porto-just-icon-wrapper porto-icon circle\" style=\"\"><i class=\"fas fa-envelope\"><\/i><\/div><\/div><div class=\"porto-sicon-header\"><h3 class=\"porto-sicon-title\" style=\"\"><strong>sekretore@kadg.lt<\/strong>                          <\/h3><\/div> <!-- header --><\/div><!-- porto-sicon-box -->\t\t\t\t<\/div>\n\t\t\t\t<\/div>\n\t\t\t\t<div class=\"elementor-element elementor-element-daef1eb elementor-widget elementor-widget-porto_info_box\" data-id=\"daef1eb\" data-element_type=\"widget\" data-widget_type=\"porto_info_box.default\">\n\t\t\t\t<div class=\"elementor-widget-container\">\n\t\t\t\t\t<div class=\"porto-sicon-box style_1 default-icon\"><div class=\"porto-sicon-default\"><div class=\"porto-just-icon-wrapper porto-icon circle\" style=\"\"><i class=\"porto-icon-mobile\"><\/i><\/div><\/div><div class=\"porto-sicon-header\"><h3 class=\"porto-sicon-title\" style=\"\"><strong>+370  614 33166<\/strong><\/h3><\/div> <!-- header --><\/div><!-- porto-sicon-box -->\t\t\t\t<\/div>\n\t\t\t\t<\/div>\n\t\t\t\t<div class=\"elementor-element elementor-element-804de51 elementor-widget elementor-widget-porto_info_box\" data-id=\"804de51\" data-element_type=\"widget\" data-widget_type=\"porto_info_box.default\">\n\t\t\t\t<div class=\"elementor-widget-container\">\n\t\t\t\t\t<div class=\"porto-sicon-box style_1 default-icon\"><div class=\"porto-sicon-default\"><div class=\"porto-just-icon-wrapper porto-icon circle\" style=\"\"><i class=\"fas fa-phone\"><\/i><\/div><\/div><div class=\"porto-sicon-header\"><h3 class=\"porto-sicon-title\" style=\"\"><strong>+370 37 40 70 85<\/strong><\/h3><\/div> <!-- header --><\/div><!-- porto-sicon-box -->\t\t\t\t<\/div>\n\t\t\t\t<\/div>\n\t\t\t\t\t<\/div>\r\n\t\t\t\t<\/div>\r\n\t\t\t\t\t<\/div>\r\n\t\t\t\t<\/section>\r\n\t\t\t\t<section class=\"elementor-section elementor-top-section elementor-element elementor-element-c1dbdb1 elementor-section-boxed elementor-section-height-default elementor-section-height-default\" data-id=\"c1dbdb1\" data-element_type=\"section\">\r\n\t\t\r\n\t\t\t\t\t\t\t<div class=\"elementor-container elementor-column-gap-default\">\r\n\t\t\t\t\t\t\t\t\t\t\t<div class=\"elementor-column elementor-col-100 elementor-top-column elementor-element elementor-element-588d6df\" data-id=\"588d6df\" data-element_type=\"column\">\r\n\t\t\t\t\t<div class=\"elementor-widget-wrap elementor-element-populated\">\r\n\t\t\t\t\t\t\t\t<div class=\"elementor-element elementor-element-44bb3af elementor-widget elementor-widget-text-editor\" data-id=\"44bb3af\" data-element_type=\"widget\" data-widget_type=\"text-editor.default\">\n\t\t\t\t<div class=\"elementor-widget-container\">\n\t\t\t\t\t\t\t\t\t<p style=\"text-align: center;\"><strong><span style=\"font-size: 18px;\">\u00a0\u00a0\u00a0\u00a0\u00a0\u00a0\u00a0\u00a0\u00a0 www.kadg.lt<\/span><\/strong><\/p>\t\t\t\t\t\t\t\t<\/div>\n\t\t\t\t<\/div>\n\t\t\t\t<div class=\"elementor-element elementor-element-588ce1f elementor-widget elementor-widget-text-editor\" data-id=\"588ce1f\" data-element_type=\"widget\" data-widget_type=\"text-editor.default\">\n\t\t\t\t<div class=\"elementor-widget-container\">\n\t\t\t\t\t\t\t\t\t<p style=\"text-align: center;\"><strong>\u00a0\u00a0\u00a0\u00a0\u00a0 Ra\u0161tin\u0117s darbo laikas:<\/strong><\/p><p style=\"text-align: center;\"><strong>\u00a0\u00a0\u00a0\u00a0\u00a0\u00a0\u00a0 I &#8211; V\u00a0 8.30 &#8211; 16.30<\/strong><\/p><p style=\"text-align: center;\"><strong>\u00a0\u00a0\u00a0\u00a0\u00a0\u00a0\u00a0\u00a0 (piet\u0173 pertrauka 12.00 &#8211; 12.30)<\/strong><\/p>\t\t\t\t\t\t\t\t<\/div>\n\t\t\t\t<\/div>\n\t\t\t\t\t<\/div>\r\n\t\t\t\t<\/div>\r\n\t\t\t\t\t<\/div>\r\n\t\t\t\t<\/section>\r\n\t\t\t\t<section class=\"elementor-section elementor-top-section elementor-element elementor-element-84ac4b0 elementor-section-boxed elementor-section-height-default elementor-section-height-default\" data-id=\"84ac4b0\" data-element_type=\"section\">\r\n\t\t\r\n\t\t\t\t\t\t\t<div class=\"elementor-container elementor-column-gap-default\">\r\n\t\t\t\t\t\t\t\t\t\t\t<div class=\"elementor-column elementor-col-100 elementor-top-column elementor-element elementor-element-297c8f0\" data-id=\"297c8f0\" data-element_type=\"column\">\r\n\t\t\t\t\t<div class=\"elementor-widget-wrap\">\r\n\t\t\t\t\t\t\t\t\t<\/div>\r\n\t\t\t\t<\/div>\r\n\t\t\t\t\t<\/div>\r\n\t\t\t\t<\/section>\r\n\t\t\t\t<\/div>\n\t\t","protected":false},"excerpt":{"rendered":"<p>\u00a0 Sekretor\u0117\u00a0Raimonda Mick\u016bnien\u0117+370 614 33166el.pa\u0161tas:\u00a0 sekretore@kadg.lt \u00a0 Vyr. buhalter\u0117Edita Raga\u017einskien\u0117+370 603 30805 Buhalter\u0117Sonata Dabulskien\u0117+370 603 30212\u00a0\u00a0\u00a0\u00a0\u00a0 Ra\u0161tin\u0117s ved\u0117jaSonata Dabulskien\u0117\u00a0 +370 603 30212\u00a0\u00a0\u00a0\u00a0\u00a0el.pa\u0161tas:\u00a0 rastine@kadg.lt \u00a0 Bibliotekinink\u0117Rasa Gabal\u0117+370 605 75808el.pa\u0161tas: biblioteka@kadg.lt Adresai: Dainavos g. 1 Kaunas Dz\u016bk\u0173 g. 2 Kaunas Auk\u0161tai\u010di\u0173 g. 74 Kaunas sekretore@kadg.lt +370 614 33166 +370 37 40 70 85 \u00a0\u00a0\u00a0\u00a0\u00a0\u00a0\u00a0\u00a0\u00a0 www.kadg.lt \u00a0\u00a0\u00a0\u00a0\u00a0 Ra\u0161tin\u0117s [&hellip;]<\/p>\n","protected":false},"author":2,"featured_media":0,"parent":0,"menu_order":0,"comment_status":"closed","ping_status":"closed","template":"","meta":{"footnotes":""},"class_list":["post-1120","page","type-page","status-publish","hentry"],"_links":{"self":[{"href":"https:\/\/kadg.lt\/index.php\/wp-json\/wp\/v2\/pages\/1120","targetHints":{"allow":["GET"]}}],"collection":[{"href":"https:\/\/kadg.lt\/index.php\/wp-json\/wp\/v2\/pages"}],"about":[{"href":"https:\/\/kadg.lt\/index.php\/wp-json\/wp\/v2\/types\/page"}],"author":[{"embeddable":true,"href":"https:\/\/kadg.lt\/index.php\/wp-json\/wp\/v2\/users\/2"}],"replies":[{"embeddable":true,"href":"https:\/\/kadg.lt\/index.php\/wp-json\/wp\/v2\/comments?post=1120"}],"version-history":[{"count":206,"href":"https:\/\/kadg.lt\/index.php\/wp-json\/wp\/v2\/pages\/1120\/revisions"}],"predecessor-version":[{"id":6360,"href":"https:\/\/kadg.lt\/index.php\/wp-json\/wp\/v2\/pages\/1120\/revisions\/6360"}],"wp:attachment":[{"href":"https:\/\/kadg.lt\/index.php\/wp-json\/wp\/v2\/media?parent=1120"}],"curies":[{"name":"wp","href":"https:\/\/api.w.org\/{rel}","templated":true}]}}