{"id":1200,"date":"2021-07-16T12:48:15","date_gmt":"2021-07-16T09:48:15","guid":{"rendered":"http:\/\/kadg.lt\/?page_id=1200"},"modified":"2021-07-28T10:13:27","modified_gmt":"2021-07-28T07:13:27","slug":"kauno-dailes-gimnazijos-organizacine-struktura","status":"publish","type":"page","link":"https:\/\/kadg.lt\/index.php\/kauno-dailes-gimnazijos-organizacine-struktura\/","title":{"rendered":"Kauno dail\u0117s gimnazijos organizacin\u0117 strukt\u016bra"},"content":{"rendered":"\t\t<div data-elementor-type=\"wp-page\" data-elementor-id=\"1200\" class=\"elementor elementor-1200\">\n\t\t\t\t\t\t<section class=\"elementor-section elementor-top-section elementor-element elementor-element-d9b9baa elementor-section-boxed elementor-section-height-default elementor-section-height-default\" data-id=\"d9b9baa\" data-element_type=\"section\">\r\n\t\t\r\n\t\t\t\t\t\t\t<div class=\"elementor-container elementor-column-gap-default\">\r\n\t\t\t\t\t\t\t\t\t\t\t<div class=\"elementor-column elementor-col-100 elementor-top-column elementor-element elementor-element-091cb8f\" data-id=\"091cb8f\" data-element_type=\"column\">\r\n\t\t\t\t\t<div class=\"elementor-widget-wrap elementor-element-populated\">\r\n\t\t\t\t\t\t\t\t<div class=\"elementor-element elementor-element-d9f096e elementor-widget elementor-widget-image\" data-id=\"d9f096e\" data-element_type=\"widget\" data-widget_type=\"image.default\">\n\t\t\t\t<div class=\"elementor-widget-container\">\n\t\t\t\t\t\t\t\t\t\t\t\t\t\t\t\t<a href=\"https:\/\/kadg.lt\/wp-content\/uploads\/2021\/07\/KDG-org-struktura.pdf\">\n\t\t\t\t\t\t\t<img fetchpriority=\"high\" decoding=\"async\" width=\"1024\" height=\"751\" src=\"https:\/\/kadg.lt\/wp-content\/uploads\/2021\/07\/kdg_struktura-1024x751.png\" class=\"attachment-large size-large wp-image-1310\" alt=\"Kauno dail\u0117s gimnazijos organizacin\u0117 strukt\u016bra\" srcset=\"https:\/\/kadg.lt\/wp-content\/uploads\/2021\/07\/kdg_struktura-1024x751.png 1024w, https:\/\/kadg.lt\/wp-content\/uploads\/2021\/07\/kdg_struktura-768x563.png 768w, https:\/\/kadg.lt\/wp-content\/uploads\/2021\/07\/kdg_struktura-640x469.png 640w, https:\/\/kadg.lt\/wp-content\/uploads\/2021\/07\/kdg_struktura-400x293.png 400w, https:\/\/kadg.lt\/wp-content\/uploads\/2021\/07\/kdg_struktura-367x269.png 367w, https:\/\/kadg.lt\/wp-content\/uploads\/2021\/07\/kdg_struktura-600x440.png 600w\" sizes=\"(max-width: 1024px) 100vw, 1024px\" \/>\t\t\t\t\t\t\t\t<\/a>\n\t\t\t\t\t\t\t\t\t\t\t\t\t\t\t<\/div>\n\t\t\t\t<\/div>\n\t\t\t\t\t<\/div>\r\n\t\t\t\t<\/div>\r\n\t\t\t\t\t<\/div>\r\n\t\t\t\t<\/section>\r\n\t\t\t\t<\/div>\n\t\t","protected":false},"excerpt":{"rendered":"","protected":false},"author":2,"featured_media":0,"parent":0,"menu_order":0,"comment_status":"closed","ping_status":"closed","template":"","meta":{"footnotes":""},"class_list":["post-1200","page","type-page","status-publish","hentry"],"_links":{"self":[{"href":"https:\/\/kadg.lt\/index.php\/wp-json\/wp\/v2\/pages\/1200","targetHints":{"allow":["GET"]}}],"collection":[{"href":"https:\/\/kadg.lt\/index.php\/wp-json\/wp\/v2\/pages"}],"about":[{"href":"https:\/\/kadg.lt\/index.php\/wp-json\/wp\/v2\/types\/page"}],"author":[{"embeddable":true,"href":"https:\/\/kadg.lt\/index.php\/wp-json\/wp\/v2\/users\/2"}],"replies":[{"embeddable":true,"href":"https:\/\/kadg.lt\/index.php\/wp-json\/wp\/v2\/comments?post=1200"}],"version-history":[{"count":13,"href":"https:\/\/kadg.lt\/index.php\/wp-json\/wp\/v2\/pages\/1200\/revisions"}],"predecessor-version":[{"id":1317,"href":"https:\/\/kadg.lt\/index.php\/wp-json\/wp\/v2\/pages\/1200\/revisions\/1317"}],"wp:attachment":[{"href":"https:\/\/kadg.lt\/index.php\/wp-json\/wp\/v2\/media?parent=1200"}],"curies":[{"name":"wp","href":"https:\/\/api.w.org\/{rel}","templated":true}]}}