{"id":1257,"date":"2021-07-19T10:10:10","date_gmt":"2021-07-19T07:10:10","guid":{"rendered":"http:\/\/kadg.lt\/?page_id=1257"},"modified":"2023-10-20T11:23:34","modified_gmt":"2023-10-20T08:23:34","slug":"metodines-grupes","status":"publish","type":"page","link":"https:\/\/kadg.lt\/index.php\/metodines-grupes\/","title":{"rendered":"Metodin\u0117s grup\u0117s"},"content":{"rendered":"\t\t<div data-elementor-type=\"wp-page\" data-elementor-id=\"1257\" class=\"elementor elementor-1257\">\n\t\t\t\t<section class=\"elementor-section elementor-top-section elementor-element elementor-element-3bcc9827 elementor-section-boxed elementor-section-height-default elementor-section-height-default\" data-id=\"3bcc9827\" data-element_type=\"section\">\r\n\t\t\r\n\t\t\t\t\t\t\t<div class=\"elementor-container elementor-column-gap-default\">\r\n\t\t\t\t\t\t\t\t\t\t\t<div class=\"elementor-column elementor-col-100 elementor-top-column elementor-element elementor-element-736fcf55\" data-id=\"736fcf55\" data-element_type=\"column\">\r\n\t\t\t\t\t<div class=\"elementor-widget-wrap elementor-element-populated\">\r\n\t\t\t\t\t\t\t\t<div class=\"elementor-element elementor-element-5d4ebdee elementor-widget elementor-widget-text-editor\" data-id=\"5d4ebdee\" data-element_type=\"widget\" data-widget_type=\"text-editor.default\">\n\t\t\t\t<div class=\"elementor-widget-container\">\n\t\t\t\t\t\t\t\t\t<p><\/p>\n<ol>\n<li><span style=\"color: #000000;\"><strong> Kalb\u0173 metodin\u0117 grup\u0117.<\/strong><\/span><\/li>\n<\/ol>\n<p><span style=\"color: #000000;\"><\/span><\/p>\n<p><span style=\"color: #000000;\"><\/span><\/p>\n<p><span style=\"color: #000000;\">\u00a0\u00a0\u00a0\u00a0\u00a0 \u00a0 \u00a0 Pirminink\u0117 \u2013 angl\u0173 kalbos mokyt. metodinink\u0117 Aist\u0117 Dr\u0105sutavi\u010di\u016bt\u0117 Natale.<\/span><\/p>\n<p><span style=\"color: #000000;\"><\/span><\/p>\n<p><span style=\"color: #000000;\"><\/span><\/p>\n<ol class=\"wp-block-list\" start=\"2\" type=\"1\">\n<li><span style=\"color: #000000;\"><strong>\u00a0Gamtos ir tiksli\u0173j\u0173 moksl\u0173 metodin\u0117 grup\u0117.<\/strong><\/span><\/li>\n<\/ol>\n<p><span style=\"color: #000000;\"><\/span><\/p>\n<p><span style=\"color: #000000;\"><\/span><\/p>\n<p><span style=\"color: #000000;\">\u00a0\u00a0\u00a0\u00a0\u00a0\u00a0\u00a0\u00a0\u00a0\u00a0 Pirmininkas \u2013 matematikos vyr. mokytojas Aleksandras Ti\u0161kus.<\/span><\/p>\n<p><span style=\"color: #000000;\"><\/span><\/p>\n<p><span style=\"color: #000000;\"><\/span><\/p>\n<ol class=\"wp-block-list\" start=\"3\" type=\"1\">\n<li><span style=\"color: #000000;\">\u00a0<strong>Visuomen\u0117s<\/strong> <strong>moksl\u0173, dorinio ugdymo, muzikos ir fizinio\u00a0 ugdymo metodin\u0117 grup\u0117.<\/strong><\/span><\/li>\n<\/ol>\n<p><span style=\"color: #000000;\"><\/span><\/p>\n<p><span style=\"color: #000000;\"><\/span><\/p>\n<p><span style=\"color: #000000;\">\u00a0\u00a0\u00a0\u00a0\u00a0\u00a0\u00a0\u00a0\u00a0\u00a0 Pirminink\u0117 \u2013 geografijos vyr. mokytoja Kristina Zakarauskien\u0117.<\/span><\/p>\n<p><span style=\"color: #000000;\"><\/span><\/p>\n<p><span style=\"color: #000000;\"><\/span><\/p>\n<ol class=\"wp-block-list\" start=\"4\" type=\"1\">\n<li><span style=\"color: #000000;\">\u00a0<strong>Pradini\u0173 klasi\u0173 metodin\u0117 grup\u0117.<\/strong><\/span><\/li>\n<\/ol>\n<p><span style=\"color: #000000;\"><\/span><\/p>\n<p><span style=\"color: #000000;\"><\/span><\/p>\n<p><span style=\"color: #000000;\">\u00a0\u00a0\u00a0\u00a0\u00a0\u00a0\u00a0\u00a0\u00a0\u00a0 Pirminink\u0117 \u2013 pradini\u0173 klasi\u0173 mokyt. metodinink\u0117 Violeta \u0160niokien\u0117.<\/span><\/p>\n<p><span style=\"color: #000000;\"><\/span><\/p>\n<p><span style=\"color: #000000;\"><\/span><\/p>\n<ol class=\"wp-block-list\" start=\"5\" type=\"1\">\n<li><span style=\"color: #000000;\">\u00a0<strong>Men\u0173 metodin\u0117 grup\u0117.<\/strong><\/span><\/li>\n<\/ol>\n<p><span style=\"color: #000000;\"><\/span><\/p>\n<p><span style=\"color: #000000;\"><\/span><\/p>\n<p><span style=\"color: #000000;\">\u00a0\u00a0\u00a0\u00a0\u00a0\u00a0\u00a0\u00a0\u00a0 Pirminink\u0117 \u2013 dail\u0117s mokyt. metodinink\u0117 Dovil\u0117 Ruk\u0161\u0117nien\u0117.<\/span><\/p>\n<p><\/p>\t\t\t\t\t\t\t\t<\/div>\n\t\t\t\t<\/div>\n\t\t\t\t\t<\/div>\r\n\t\t\t\t<\/div>\r\n\t\t\t\t\t<\/div>\r\n\t\t\t\t<\/section>\t\t<\/div>\n\t\t","protected":false},"excerpt":{"rendered":"<p>Kalb\u0173 metodin\u0117 grup\u0117. \u00a0\u00a0\u00a0\u00a0\u00a0 \u00a0 \u00a0 Pirminink\u0117 \u2013 angl\u0173 kalbos mokyt. metodinink\u0117 Aist\u0117 Dr\u0105sutavi\u010di\u016bt\u0117 Natale. \u00a0Gamtos ir tiksli\u0173j\u0173 moksl\u0173 metodin\u0117 grup\u0117. \u00a0\u00a0\u00a0\u00a0\u00a0\u00a0\u00a0\u00a0\u00a0\u00a0 Pirmininkas \u2013 matematikos vyr. mokytojas Aleksandras Ti\u0161kus. \u00a0Visuomen\u0117s moksl\u0173, dorinio ugdymo, muzikos ir fizinio\u00a0 ugdymo metodin\u0117 grup\u0117. \u00a0\u00a0\u00a0\u00a0\u00a0\u00a0\u00a0\u00a0\u00a0\u00a0 Pirminink\u0117 \u2013 geografijos vyr. mokytoja Kristina Zakarauskien\u0117. \u00a0Pradini\u0173 klasi\u0173 metodin\u0117 grup\u0117. \u00a0\u00a0\u00a0\u00a0\u00a0\u00a0\u00a0\u00a0\u00a0\u00a0 Pirminink\u0117 \u2013 pradini\u0173 [&hellip;]<\/p>\n","protected":false},"author":2,"featured_media":0,"parent":0,"menu_order":0,"comment_status":"closed","ping_status":"closed","template":"","meta":{"footnotes":""},"class_list":["post-1257","page","type-page","status-publish","hentry"],"_links":{"self":[{"href":"https:\/\/kadg.lt\/index.php\/wp-json\/wp\/v2\/pages\/1257","targetHints":{"allow":["GET"]}}],"collection":[{"href":"https:\/\/kadg.lt\/index.php\/wp-json\/wp\/v2\/pages"}],"about":[{"href":"https:\/\/kadg.lt\/index.php\/wp-json\/wp\/v2\/types\/page"}],"author":[{"embeddable":true,"href":"https:\/\/kadg.lt\/index.php\/wp-json\/wp\/v2\/users\/2"}],"replies":[{"embeddable":true,"href":"https:\/\/kadg.lt\/index.php\/wp-json\/wp\/v2\/comments?post=1257"}],"version-history":[{"count":22,"href":"https:\/\/kadg.lt\/index.php\/wp-json\/wp\/v2\/pages\/1257\/revisions"}],"predecessor-version":[{"id":4957,"href":"https:\/\/kadg.lt\/index.php\/wp-json\/wp\/v2\/pages\/1257\/revisions\/4957"}],"wp:attachment":[{"href":"https:\/\/kadg.lt\/index.php\/wp-json\/wp\/v2\/media?parent=1257"}],"curies":[{"name":"wp","href":"https:\/\/api.w.org\/{rel}","templated":true}]}}