{"id":1264,"date":"2021-07-19T10:30:35","date_gmt":"2021-07-19T07:30:35","guid":{"rendered":"http:\/\/kadg.lt\/?page_id=1264"},"modified":"2025-01-14T16:42:48","modified_gmt":"2025-01-14T13:42:48","slug":"paslaugos-2","status":"publish","type":"page","link":"https:\/\/kadg.lt\/index.php\/paslaugos-2\/","title":{"rendered":"Paslaugos"},"content":{"rendered":"\t\t<div data-elementor-type=\"wp-page\" data-elementor-id=\"1264\" class=\"elementor elementor-1264\">\n\t\t\t\t\t\t<section class=\"elementor-section elementor-top-section elementor-element elementor-element-c1bd376 elementor-section-boxed elementor-section-height-default elementor-section-height-default\" data-id=\"c1bd376\" data-element_type=\"section\">\r\n\t\t\r\n\t\t\t\t\t\t\t<div class=\"elementor-container elementor-column-gap-default\">\r\n\t\t\t\t\t\t\t\t\t\t\t<div class=\"elementor-column elementor-col-100 elementor-top-column elementor-element elementor-element-dfe1946\" data-id=\"dfe1946\" data-element_type=\"column\">\r\n\t\t\t\t\t<div class=\"elementor-widget-wrap elementor-element-populated\">\r\n\t\t\t\t\t\t\t\t<div class=\"elementor-element elementor-element-69c6635 elementor-widget elementor-widget-text-editor\" data-id=\"69c6635\" data-element_type=\"widget\" data-widget_type=\"text-editor.default\">\n\t\t\t\t<div class=\"elementor-widget-container\">\n\t\t\t\t\t\t\t\t\t<p>\u00a0\u00a0\u00a0\u00a0\u00a0\u00a0\u00a0 <span style=\"font-size: 17px;\"><strong>Kauno dail\u0117s gimnazijoje teikiamos paslaugos:<\/strong><\/span><\/p><ul><li>Psichologas &#8211; oksana.cekaviciene@kadg.lt, tel. nr. +370 603 30609<\/li><li>Socialinio pedagogo &#8211; greta.akelaitiene@kadg.lt, tel.nr.: +370 606 44720<\/li><li>Specialiojo pedagogo &#8211; gintare.kolpakova@kadg.lt, tel.nr.: +370 640 87500<\/li><li>Logopedo &#8211; lina.giceviciute@kadg.lt<\/li><li>Visuomen\u0117s sveikatos specialisto &#8211; ausra.eidukaityte@kaunovsb.eu, tel.nr. +370 674 34647<\/li><\/ul><p>\u00a0\u00a0\u00a0\u00a0\u00a0\u00a0<span style=\"font-size: 17px;\"><strong> Mokamos paslaugos:<\/strong><\/span><\/p><ul><li>Pailginta dienos grup\u0117<\/li><li>Dail\u0117s parengiamoji grup\u0117<\/li><\/ul>\t\t\t\t\t\t\t\t<\/div>\n\t\t\t\t<\/div>\n\t\t\t\t\t<\/div>\r\n\t\t\t\t<\/div>\r\n\t\t\t\t\t<\/div>\r\n\t\t\t\t<\/section>\r\n\t\t\t\t<\/div>\n\t\t","protected":false},"excerpt":{"rendered":"<p>\u00a0\u00a0\u00a0\u00a0\u00a0\u00a0\u00a0 Kauno dail\u0117s gimnazijoje teikiamos paslaugos: Psichologas &#8211; oksana.cekaviciene@kadg.lt, tel. nr. +370 603 30609 Socialinio pedagogo &#8211; greta.akelaitiene@kadg.lt, tel.nr.: +370 606 44720 Specialiojo pedagogo &#8211; gintare.kolpakova@kadg.lt, tel.nr.: +370 640 87500 Logopedo &#8211; lina.giceviciute@kadg.lt Visuomen\u0117s sveikatos specialisto &#8211; ausra.eidukaityte@kaunovsb.eu, tel.nr. +370 674 34647 \u00a0\u00a0\u00a0\u00a0\u00a0\u00a0 Mokamos paslaugos: Pailginta dienos grup\u0117 Dail\u0117s parengiamoji grup\u0117<\/p>\n","protected":false},"author":2,"featured_media":0,"parent":0,"menu_order":0,"comment_status":"closed","ping_status":"closed","template":"","meta":{"footnotes":""},"class_list":["post-1264","page","type-page","status-publish","hentry"],"_links":{"self":[{"href":"https:\/\/kadg.lt\/index.php\/wp-json\/wp\/v2\/pages\/1264","targetHints":{"allow":["GET"]}}],"collection":[{"href":"https:\/\/kadg.lt\/index.php\/wp-json\/wp\/v2\/pages"}],"about":[{"href":"https:\/\/kadg.lt\/index.php\/wp-json\/wp\/v2\/types\/page"}],"author":[{"embeddable":true,"href":"https:\/\/kadg.lt\/index.php\/wp-json\/wp\/v2\/users\/2"}],"replies":[{"embeddable":true,"href":"https:\/\/kadg.lt\/index.php\/wp-json\/wp\/v2\/comments?post=1264"}],"version-history":[{"count":46,"href":"https:\/\/kadg.lt\/index.php\/wp-json\/wp\/v2\/pages\/1264\/revisions"}],"predecessor-version":[{"id":7021,"href":"https:\/\/kadg.lt\/index.php\/wp-json\/wp\/v2\/pages\/1264\/revisions\/7021"}],"wp:attachment":[{"href":"https:\/\/kadg.lt\/index.php\/wp-json\/wp\/v2\/media?parent=1264"}],"curies":[{"name":"wp","href":"https:\/\/api.w.org\/{rel}","templated":true}]}}