{"id":1630,"date":"2021-08-29T12:37:25","date_gmt":"2021-08-29T09:37:25","guid":{"rendered":"http:\/\/kadg.lt\/?page_id=1630"},"modified":"2021-08-29T12:44:16","modified_gmt":"2021-08-29T09:44:16","slug":"elementor-1630","status":"publish","type":"page","link":"https:\/\/kadg.lt\/index.php\/elementor-1630\/","title":{"rendered":"Ne\u012fgaliems"},"content":{"rendered":"\t\t<div data-elementor-type=\"wp-page\" data-elementor-id=\"1630\" class=\"elementor elementor-1630\">\n\t\t\t\t\t\t<section class=\"elementor-section elementor-top-section elementor-element elementor-element-c746ef8 elementor-section-boxed elementor-section-height-default elementor-section-height-default\" data-id=\"c746ef8\" data-element_type=\"section\">\r\n\t\t\r\n\t\t\t\t\t\t\t<div class=\"elementor-container elementor-column-gap-default\">\r\n\t\t\t\t\t\t\t\t\t\t\t<div class=\"elementor-column elementor-col-100 elementor-top-column elementor-element elementor-element-c6eb31e\" data-id=\"c6eb31e\" data-element_type=\"column\">\r\n\t\t\t\t\t<div class=\"elementor-widget-wrap\">\r\n\t\t\t\t\t\t\t\t\t<\/div>\r\n\t\t\t\t<\/div>\r\n\t\t\t\t\t<\/div>\r\n\t\t\t\t<\/section>\r\n\t\t\t\t<section class=\"elementor-section elementor-top-section elementor-element elementor-element-c2d4dad elementor-section-boxed elementor-section-height-default elementor-section-height-default\" data-id=\"c2d4dad\" data-element_type=\"section\">\r\n\t\t\r\n\t\t\t\t\t\t\t<div class=\"elementor-container elementor-column-gap-default\">\r\n\t\t\t\t\t\t\t\t\t\t\t<div class=\"elementor-column elementor-col-50 elementor-top-column elementor-element elementor-element-e9d3ba5\" data-id=\"e9d3ba5\" data-element_type=\"column\">\r\n\t\t\t\t\t<div class=\"elementor-widget-wrap elementor-element-populated\">\r\n\t\t\t\t\t\t\t\t<div class=\"elementor-element elementor-element-7d7c762 elementor-widget elementor-widget-heading\" data-id=\"7d7c762\" data-element_type=\"widget\" data-widget_type=\"heading.default\">\n\t\t\t\t<div class=\"elementor-widget-container\">\n\t\t\t\t\t<h2 class=\"elementor-heading-title elementor-size-default\">Ne\u012fgaliesiems pritaikyti spartieji klavi\u0161ai:<\/h2>\t\t\t\t<\/div>\n\t\t\t\t<\/div>\n\t\t\t\t<div class=\"elementor-element elementor-element-6cb81c8 elementor-widget elementor-widget-text-editor\" data-id=\"6cb81c8\" data-element_type=\"widget\" data-widget_type=\"text-editor.default\">\n\t\t\t\t<div class=\"elementor-widget-container\">\n\t\t\t\t\t\t\t\t\t<ul><li>Penkis kartus paspauskite klavi\u0161\u0105 SHIFT: \u012fjungia ir i\u0161jungia klavi\u0161\u0173 fiksavim\u0105<\/li><li>Laikykite nuspaud\u0119 klavi\u0161\u0105 SHIFT a\u0161tuonias sekundes: \u012fjungia ir i\u0161jungia klavi\u0161\u0173 filtravim\u0105<\/li><li>Laikykite nuspaud\u0119 klavi\u0161\u0105 NUM LOCK penkias sekundes: \u012fjungia ir i\u0161jungia perjungimo \u012fgarsinim\u0105<\/li><li>Kairysis ALT+kairysis SHIFT+NUM LOCK: \u012fjungia ir i\u0161jungia pel\u0117s imitavim\u0105 klaviat\u016bra<\/li><li>Kairysis ALT+kairysis SHIFT+PRINT SCREEN: \u012fjungia ir i\u0161jungia kontrasting\u0105 vaizd\u0105<\/li><\/ul>\t\t\t\t\t\t\t\t<\/div>\n\t\t\t\t<\/div>\n\t\t\t\t\t<\/div>\r\n\t\t\t\t<\/div>\r\n\t\t\t\t<div class=\"elementor-column elementor-col-50 elementor-top-column elementor-element elementor-element-aa2a55a\" data-id=\"aa2a55a\" data-element_type=\"column\">\r\n\t\t\t\t\t<div class=\"elementor-widget-wrap elementor-element-populated\">\r\n\t\t\t\t\t\t\t\t<div class=\"elementor-element elementor-element-ff6b1da elementor-widget elementor-widget-heading\" data-id=\"ff6b1da\" data-element_type=\"widget\" data-widget_type=\"heading.default\">\n\t\t\t\t<div class=\"elementor-widget-container\">\n\t\t\t\t\t<h2 class=\"elementor-heading-title elementor-size-default\">Kitos klavi\u0161\u0173 kombinacijos:<\/h2>\t\t\t\t<\/div>\n\t\t\t\t<\/div>\n\t\t\t\t<div class=\"elementor-element elementor-element-4244778 elementor-widget elementor-widget-text-editor\" data-id=\"4244778\" data-element_type=\"widget\" data-widget_type=\"text-editor.default\">\n\t\t\t\t<div class=\"elementor-widget-container\">\n\t\t\t\t\t\t\t\t\t<p><strong>F1<\/strong> \u2013 i\u0161kvie\u010diamas \u017einynas<br \/><strong>F2<\/strong> \u2013 pervadinti pasirinkto katalogo ar failo pavadinim\u0105<br \/><strong>F3<\/strong> \u2013 darbalaukyje atveriamas byl\u0173 paie\u0161kos langas<br \/><strong>F5<\/strong> \u2013 atnaujinamas vaizdas (\u201erefresh\u201c)<br \/><strong>F10<\/strong> \u2013 atidaromas programos meniu<br \/><strong>Ctrl + A<\/strong> \u2013 pa\u017eymimi visi darbalaukio objektai<br \/><strong>Alt + Enter<\/strong> \u2013 atver\u010diamas objekto savybi\u0173 skydelis<br \/><strong>Alt<\/strong> \u2013 pabraukta raid\u0117 i\u0161 meniu \u2013 pasirenkamas meniu skyrius<br \/><strong>Ctrl + F4<\/strong> \u2013 U\u017edaromas langas<br \/><strong>Ctrl + C<\/strong> \u2013 pa\u017eym\u0117ti objektai kopijuojami \u012f kompiuterio atmint\u012f<br \/><strong>Ctrl + V<\/strong> \u2013 \u012f pasirinkt\u0105j\u0105 viet\u0105 i\u0161 kompiuterio atminties nukopijuoti objektai \u012fklijuojami<br \/><strong>Delete<\/strong> \u2013 i\u0161trinamas pasirinktas objektas<br \/><strong>Ctrl + D<\/strong> \u2013 i\u0161trinamas pasirinktas objektas<br \/><strong>Alt + Tarpas<\/strong> \u2013 atveriamas lango meniu<br \/><strong>Shift + F10<\/strong> \u2013 atveriamas pa\u017eym\u0117to objekto meniu<br \/><strong>Ctrl + Esc<\/strong> \u2013 i\u0161kvie\u010diamas \u201eStart\u201c meniu<br \/><strong>Alt + Tab<\/strong> \u2013 pasirinkti kit\u0105 lang\u0105<br \/><strong>Ctrl + Z<\/strong> \u2013 at\u0161aukiamas paskutinis veiksmas<\/p>\t\t\t\t\t\t\t\t<\/div>\n\t\t\t\t<\/div>\n\t\t\t\t\t<\/div>\r\n\t\t\t\t<\/div>\r\n\t\t\t\t\t<\/div>\r\n\t\t\t\t<\/section>\r\n\t\t\t\t<\/div>\n\t\t","protected":false},"excerpt":{"rendered":"<p>Ne\u012fgaliesiems pritaikyti spartieji klavi\u0161ai: Penkis kartus paspauskite klavi\u0161\u0105 SHIFT: \u012fjungia ir i\u0161jungia klavi\u0161\u0173 fiksavim\u0105 Laikykite nuspaud\u0119 klavi\u0161\u0105 SHIFT a\u0161tuonias sekundes: \u012fjungia ir i\u0161jungia klavi\u0161\u0173 filtravim\u0105 Laikykite nuspaud\u0119 klavi\u0161\u0105 NUM LOCK penkias sekundes: \u012fjungia ir i\u0161jungia perjungimo \u012fgarsinim\u0105 Kairysis ALT+kairysis SHIFT+NUM LOCK: \u012fjungia ir i\u0161jungia pel\u0117s imitavim\u0105 klaviat\u016bra Kairysis ALT+kairysis SHIFT+PRINT SCREEN: \u012fjungia ir i\u0161jungia kontrasting\u0105 [&hellip;]<\/p>\n","protected":false},"author":1,"featured_media":0,"parent":0,"menu_order":0,"comment_status":"closed","ping_status":"closed","template":"","meta":{"footnotes":""},"class_list":["post-1630","page","type-page","status-publish","hentry"],"_links":{"self":[{"href":"https:\/\/kadg.lt\/index.php\/wp-json\/wp\/v2\/pages\/1630","targetHints":{"allow":["GET"]}}],"collection":[{"href":"https:\/\/kadg.lt\/index.php\/wp-json\/wp\/v2\/pages"}],"about":[{"href":"https:\/\/kadg.lt\/index.php\/wp-json\/wp\/v2\/types\/page"}],"author":[{"embeddable":true,"href":"https:\/\/kadg.lt\/index.php\/wp-json\/wp\/v2\/users\/1"}],"replies":[{"embeddable":true,"href":"https:\/\/kadg.lt\/index.php\/wp-json\/wp\/v2\/comments?post=1630"}],"version-history":[{"count":6,"href":"https:\/\/kadg.lt\/index.php\/wp-json\/wp\/v2\/pages\/1630\/revisions"}],"predecessor-version":[{"id":1640,"href":"https:\/\/kadg.lt\/index.php\/wp-json\/wp\/v2\/pages\/1630\/revisions\/1640"}],"wp:attachment":[{"href":"https:\/\/kadg.lt\/index.php\/wp-json\/wp\/v2\/media?parent=1630"}],"curies":[{"name":"wp","href":"https:\/\/api.w.org\/{rel}","templated":true}]}}