{"id":1794,"date":"2021-09-07T13:59:34","date_gmt":"2021-09-07T10:59:34","guid":{"rendered":"http:\/\/kadg.lt\/?page_id=1794"},"modified":"2021-09-07T15:37:55","modified_gmt":"2021-09-07T12:37:55","slug":"tinklo-plano-projektas-2021-2025-m","status":"publish","type":"page","link":"https:\/\/kadg.lt\/index.php\/tinklo-plano-projektas-2021-2025-m\/","title":{"rendered":"Tinklo plano projektas 2021-2025 m."},"content":{"rendered":"\t\t<div data-elementor-type=\"wp-page\" data-elementor-id=\"1794\" class=\"elementor elementor-1794\">\n\t\t\t\t\t\t<section class=\"elementor-section elementor-top-section elementor-element elementor-element-5810488 elementor-section-boxed elementor-section-height-default elementor-section-height-default\" data-id=\"5810488\" data-element_type=\"section\">\r\n\t\t\r\n\t\t\t\t\t\t\t<div class=\"elementor-container elementor-column-gap-default\">\r\n\t\t\t\t\t\t\t\t\t\t\t<div class=\"elementor-column elementor-col-100 elementor-top-column elementor-element elementor-element-8103e79\" data-id=\"8103e79\" data-element_type=\"column\">\r\n\t\t\t\t\t<div class=\"elementor-widget-wrap elementor-element-populated\">\r\n\t\t\t\t\t\t\t\t<div class=\"elementor-element elementor-element-e2d9664 elementor-widget elementor-widget-text-editor\" data-id=\"e2d9664\" data-element_type=\"widget\" data-widget_type=\"text-editor.default\">\n\t\t\t\t<div class=\"elementor-widget-container\">\n\t\t\t\t\t\t\t\t\t<ul><li><a href=\"https:\/\/kadg.lt\/wp-content\/uploads\/2021\/09\/BENDROJO-UGDYMO-MOKYKLU-KURIU-SAVININKO-TEISES-IR-PAREIGAS-IGYVENDINA-LIETUVOS-RESPUBLIKOS-SVIETIMO-MOKSLO-IR-SPORTO-MINISTERIJA-TINKLO-PERTVARKOS-2021\u20132025-METU-BENDRASIS-PLANAS-1.pdf\">BENDROJO UGDYMO MOKYKL\u0172, KURI\u0172 SAVININKO TEISES IR PAREIGAS \u012eGYVENDINA LIETUVOS RESPUBLIKOS \u0160VIETIMO, MOKSLO IR SPORTO MINISTERIJA, TINKLO PERTVARKOS 2021\u20132025 MET\u0172 BENDRASIS PLANAS<\/a><\/li><\/ul>\t\t\t\t\t\t\t\t<\/div>\n\t\t\t\t<\/div>\n\t\t\t\t\t<\/div>\r\n\t\t\t\t<\/div>\r\n\t\t\t\t\t<\/div>\r\n\t\t\t\t<\/section>\r\n\t\t\t\t<\/div>\n\t\t","protected":false},"excerpt":{"rendered":"<p>BENDROJO UGDYMO MOKYKL\u0172, KURI\u0172 SAVININKO TEISES IR PAREIGAS \u012eGYVENDINA LIETUVOS RESPUBLIKOS \u0160VIETIMO, MOKSLO IR SPORTO MINISTERIJA, TINKLO PERTVARKOS 2021\u20132025 MET\u0172 BENDRASIS PLANAS<\/p>\n","protected":false},"author":2,"featured_media":0,"parent":0,"menu_order":0,"comment_status":"closed","ping_status":"closed","template":"","meta":{"footnotes":""},"class_list":["post-1794","page","type-page","status-publish","hentry"],"_links":{"self":[{"href":"https:\/\/kadg.lt\/index.php\/wp-json\/wp\/v2\/pages\/1794","targetHints":{"allow":["GET"]}}],"collection":[{"href":"https:\/\/kadg.lt\/index.php\/wp-json\/wp\/v2\/pages"}],"about":[{"href":"https:\/\/kadg.lt\/index.php\/wp-json\/wp\/v2\/types\/page"}],"author":[{"embeddable":true,"href":"https:\/\/kadg.lt\/index.php\/wp-json\/wp\/v2\/users\/2"}],"replies":[{"embeddable":true,"href":"https:\/\/kadg.lt\/index.php\/wp-json\/wp\/v2\/comments?post=1794"}],"version-history":[{"count":6,"href":"https:\/\/kadg.lt\/index.php\/wp-json\/wp\/v2\/pages\/1794\/revisions"}],"predecessor-version":[{"id":1807,"href":"https:\/\/kadg.lt\/index.php\/wp-json\/wp\/v2\/pages\/1794\/revisions\/1807"}],"wp:attachment":[{"href":"https:\/\/kadg.lt\/index.php\/wp-json\/wp\/v2\/media?parent=1794"}],"curies":[{"name":"wp","href":"https:\/\/api.w.org\/{rel}","templated":true}]}}