{"id":2735,"date":"2022-01-24T16:01:45","date_gmt":"2022-01-24T13:01:45","guid":{"rendered":"http:\/\/kadg.lt\/?page_id=2735"},"modified":"2026-02-03T15:51:26","modified_gmt":"2026-02-03T12:51:26","slug":"vadovo-ataskaita-2021-m-2","status":"publish","type":"page","link":"https:\/\/kadg.lt\/index.php\/vadovo-ataskaita-2021-m-2\/","title":{"rendered":"Vadovo ataskaita"},"content":{"rendered":"\t\t<div data-elementor-type=\"wp-page\" data-elementor-id=\"2735\" class=\"elementor elementor-2735\">\n\t\t\t\t\t\t<section class=\"elementor-section elementor-top-section elementor-element elementor-element-6181e09 elementor-section-boxed elementor-section-height-default elementor-section-height-default\" data-id=\"6181e09\" data-element_type=\"section\">\r\n\t\t\r\n\t\t\t\t\t\t\t<div class=\"elementor-container elementor-column-gap-default\">\r\n\t\t\t\t\t\t\t\t\t\t\t<div class=\"elementor-column elementor-col-100 elementor-top-column elementor-element elementor-element-bc4c885\" data-id=\"bc4c885\" data-element_type=\"column\">\r\n\t\t\t\t\t<div class=\"elementor-widget-wrap elementor-element-populated\">\r\n\t\t\t\t\t\t\t\t<div class=\"elementor-element elementor-element-92b8f6e elementor-widget elementor-widget-text-editor\" data-id=\"92b8f6e\" data-element_type=\"widget\" data-widget_type=\"text-editor.default\">\n\t\t\t\t<div class=\"elementor-widget-container\">\n\t\t\t\t\t\t\t\t\t<ul style=\"list-style-type: disc;\"><li><a href=\"https:\/\/kadg.lt\/wp-content\/uploads\/2026\/02\/Kauno-dailes-gimnazijos-direktoriaus-2025-m.-veiklos-ataskaita.pdf\"><span style=\"font-size: 18px;\">Kauno dail\u0117s gimnazijos direktoriaus 2025 m. veiklos ataskaita<\/span><\/a><\/li><li><a href=\"https:\/\/kadg.lt\/wp-content\/uploads\/2025\/01\/Kauno-dailes-gimnazijos-direktoriaus-2024-m.-veiklos-ataskaita-1.pdf\">K<span style=\"font-size: 18px;\">auno dail\u0117s gimnazijos direktoriaus 2024 m. veiklos ataskaita<\/span><\/a><\/li><li><span style=\"font-size: 18px;\"><a href=\"https:\/\/kadg.lt\/wp-content\/uploads\/2024\/01\/Kauno-dailes-gimnazijos-direktoriaus-2023-m.-veiklos-ataskaita-1.pdf\">Kauno dail\u0117s gimnazijos direktoriaus 2023 m. veiklos ataskaita<\/a><\/span><\/li><li><a href=\"https:\/\/kadg.lt\/wp-content\/uploads\/2023\/03\/Kauno-dailes-gimnazijos-direktoriaus-2022-m.-veiklos-ataskaita.pdf\"><span style=\"font-size: 16px;\"><span style=\"font-size: 17px;\"><span style=\"font-size: 20px;\"><span style=\"font-size: 18px;\">Kauno dail\u0117s gimnazijos direktoriaus 2022 m. veiklos ataskaita<\/span><\/span><\/span><\/span><\/a><\/li><\/ul>\t\t\t\t\t\t\t\t<\/div>\n\t\t\t\t<\/div>\n\t\t\t\t\t<\/div>\r\n\t\t\t\t<\/div>\r\n\t\t\t\t\t<\/div>\r\n\t\t\t\t<\/section>\r\n\t\t\t\t<\/div>\n\t\t","protected":false},"excerpt":{"rendered":"<p>Kauno dail\u0117s gimnazijos direktoriaus 2025 m. veiklos ataskaita Kauno dail\u0117s gimnazijos direktoriaus 2024 m. veiklos ataskaita Kauno dail\u0117s gimnazijos direktoriaus 2023 m. veiklos ataskaita Kauno dail\u0117s gimnazijos direktoriaus 2022 m. veiklos ataskaita<\/p>\n","protected":false},"author":2,"featured_media":0,"parent":0,"menu_order":0,"comment_status":"closed","ping_status":"closed","template":"","meta":{"footnotes":""},"class_list":["post-2735","page","type-page","status-publish","hentry"],"_links":{"self":[{"href":"https:\/\/kadg.lt\/index.php\/wp-json\/wp\/v2\/pages\/2735","targetHints":{"allow":["GET"]}}],"collection":[{"href":"https:\/\/kadg.lt\/index.php\/wp-json\/wp\/v2\/pages"}],"about":[{"href":"https:\/\/kadg.lt\/index.php\/wp-json\/wp\/v2\/types\/page"}],"author":[{"embeddable":true,"href":"https:\/\/kadg.lt\/index.php\/wp-json\/wp\/v2\/users\/2"}],"replies":[{"embeddable":true,"href":"https:\/\/kadg.lt\/index.php\/wp-json\/wp\/v2\/comments?post=2735"}],"version-history":[{"count":41,"href":"https:\/\/kadg.lt\/index.php\/wp-json\/wp\/v2\/pages\/2735\/revisions"}],"predecessor-version":[{"id":8149,"href":"https:\/\/kadg.lt\/index.php\/wp-json\/wp\/v2\/pages\/2735\/revisions\/8149"}],"wp:attachment":[{"href":"https:\/\/kadg.lt\/index.php\/wp-json\/wp\/v2\/media?parent=2735"}],"curies":[{"name":"wp","href":"https:\/\/api.w.org\/{rel}","templated":true}]}}