{"id":2857,"date":"2022-02-21T12:32:38","date_gmt":"2022-02-21T09:32:38","guid":{"rendered":"http:\/\/kadg.lt\/?page_id=2857"},"modified":"2025-02-26T17:29:59","modified_gmt":"2025-02-26T14:29:59","slug":"korupcijos-prevencija","status":"publish","type":"page","link":"https:\/\/kadg.lt\/index.php\/korupcijos-prevencija\/","title":{"rendered":"Korupcijos prevencija"},"content":{"rendered":"\t\t<div data-elementor-type=\"wp-page\" data-elementor-id=\"2857\" class=\"elementor elementor-2857\">\n\t\t\t\t\t\t<section class=\"elementor-section elementor-top-section elementor-element elementor-element-a807b3a elementor-section-boxed elementor-section-height-default elementor-section-height-default\" data-id=\"a807b3a\" data-element_type=\"section\">\r\n\t\t\r\n\t\t\t\t\t\t\t<div class=\"elementor-container elementor-column-gap-default\">\r\n\t\t\t\t\t\t\t\t\t\t\t<div class=\"elementor-column elementor-col-50 elementor-top-column elementor-element elementor-element-9ee4fce\" data-id=\"9ee4fce\" data-element_type=\"column\">\r\n\t\t\t\t\t<div class=\"elementor-widget-wrap elementor-element-populated\">\r\n\t\t\t\t\t\t\t\t<div class=\"elementor-element elementor-element-4708fac elementor-widget elementor-widget-text-editor\" data-id=\"4708fac\" data-element_type=\"widget\" data-widget_type=\"text-editor.default\">\n\t\t\t\t<div class=\"elementor-widget-container\">\n\t\t\t\t\t\t\t\t\t<p><span style=\"font-size: 18px; color: #3366ff;\">Pasteb\u0117jus ar su\u017einojus korupcijos atvejus kuo skubiau informuokite <\/span><br \/><span style=\"font-size: 18px; color: #3366ff;\">gimnazijos direktor\u0119 Rusn\u0119 Marij\u0105 Voverien\u0119 <\/span><br \/><span style=\"font-size: 18px; color: #3366ff;\">tel. +370 683 82 208 arba <\/span><br \/><span style=\"font-size: 18px; color: #3366ff;\">el. pa\u0161tu: rusne.voveriene@kadg.lt <\/span><\/p><p><span style=\"font-size: 18px; color: #3366ff;\">U\u017e korupcijos prevencij\u0105 gimnazijoje atsakinga <\/span><br \/><span style=\"font-size: 18px; color: #3366ff;\">bibliotekinink\u0117 Rasa Gabal\u0117 <\/span><br \/><span style=\"font-size: 18px; color: #3366ff;\">tel. +370 605 75 808 arba el. pa\u0161tu: korupcija@kadg.lt <\/span><\/p><ul><li><a href=\"https:\/\/kadg.lt\/wp-content\/uploads\/2024\/06\/Dovanu-poltikos-tvarkos-aprasas.pdf\">Dovan\u0173 poltikos tvarkos apra\u0161as<\/a><\/li><li><a href=\"https:\/\/kadg.lt\/wp-content\/uploads\/2022\/03\/Pareigybiu-saraso-tvirtinimas.pdf\">Pareigybi\u0173 s\u0105ra\u0161o tvirtinimas<\/a><\/li><li><a href=\"https:\/\/kadg.lt\/wp-content\/uploads\/2022\/03\/Isakymas-del-atsakingo-asmens-skyrimo.pdf\">\u012esakymas d\u0117l atsakingo asmens skyrimo<\/a><\/li><li><a href=\"https:\/\/kadg.lt\/wp-content\/uploads\/2022\/02\/Korupcijos-prevencijos-tvarkos-aprasas.pdf\">Korupcijos prevencijos tvarkos apra\u0161as;<\/a><\/li><li><a href=\"https:\/\/kadg.lt\/wp-content\/uploads\/2025\/02\/Korupcijos-prevencijos-programa-2025-2027-m.pdf\">Korupcijos prevencijos programa 2025-2027 m.<\/a><\/li><li><a href=\"https:\/\/kadg.lt\/wp-content\/uploads\/2022\/02\/Korupcijos-prevencijos-programa-2022-2024-m..pdf\">Korupcijos prevencijos programa 2022-2024 m.<\/a><\/li><li><a href=\"https:\/\/kadg.lt\/wp-content\/uploads\/2025\/02\/Korupcijos-prevencijos-priemoniu-planas-2025-2027-metams.pdf\">Korupcijos prevencijos priemoni\u0173 planas 2025-2027 metams<\/a>.<\/li><li><a href=\"https:\/\/kadg.lt\/wp-content\/uploads\/2022\/02\/Korupcijos-prevencijos-priemoniu-planas-2022-2024-metams.pdf\">Korupcijos prevencijos priemoni\u0173 planas 2022-2024 metams<\/a>.<\/li><li><a href=\"https:\/\/kadg.lt\/wp-content\/uploads\/2024\/04\/Korupcijos-prevencijos-2022-2024-programos-igyvendinimas.pdf\">Korupcijos prevencijos 2022-2024 programos \u012fgyvendinimas<\/a><\/li><li><a href=\"https:\/\/kadg.lt\/wp-content\/uploads\/2025\/02\/Atsparumo-korupcijai-lygio-nustatymas-uz-2024.pdf\">Atsparumo korupcijai lygio nustatymas u\u017e 2024<\/a><\/li><li><a href=\"https:\/\/kadg.lt\/wp-content\/uploads\/2024\/04\/Atsparumo-korupcijai-lygio-nustatymas-uz-2023.pdf\">Atsparumo korupcijai lygio nustatymas u\u017e 2023<\/a><\/li><li><a href=\"https:\/\/kadg.lt\/wp-content\/uploads\/2022\/03\/Pranesimu-susijusiu-su-korupcija-pateikimo-tvarkos-aprasas.pdf\">Prane\u0161im\u0173, susijusi\u0173 su korupcija, pateikimo tvarkos apra\u0161as<\/a><\/li><li><a href=\"https:\/\/www.stt.lt\/antikorupcinis-svietimas\/4934\">Antikorupcinis \u0161vietimas<\/a><\/li><li><a href=\"https:\/\/www.stt.lt\/korupcijos-prevencija\/7439\">Korupcijos prevencija<\/a><\/li><li><a href=\"https:\/\/www.stt.lt\/korupcijos-prevencija\/7439\">Nacionalin\u0117 kovos su korupcija programa<\/a><\/li><li><a href=\"https:\/\/www.e-tar.lt\/portal\/lt\/legalActEditions\/TAR.4DBDE27621A2?faces-redirect=true\">LR korupcijos prevencijos \u012fstatymas<\/a><\/li><li><a href=\"https:\/\/www.e-tar.lt\/portal\/lt\/legalAct\/TAR.C0E550D6ADF0\/uDNeoKzqaE\">LR vie\u0161\u0173j\u0173 ir priva\u010di\u0173 interes\u0173 derinimo valstybin\u0117je tarnyboje \u012fstatymas<\/a><\/li><li><a href=\"https:\/\/kadg.lt\/index.php\/tarptautinei-antikorupcijos-dienai-pamineti\/\">Tarptautinei antikorupcijos dienai pamin\u0117ti<\/a><\/li><\/ul>\t\t\t\t\t\t\t\t<\/div>\n\t\t\t\t<\/div>\n\t\t\t\t\t<\/div>\r\n\t\t\t\t<\/div>\r\n\t\t\t\t<div class=\"elementor-column elementor-col-50 elementor-top-column elementor-element elementor-element-621ca92\" data-id=\"621ca92\" data-element_type=\"column\">\r\n\t\t\t\t\t<div class=\"elementor-widget-wrap elementor-element-populated\">\r\n\t\t\t\t\t\t\t\t<div class=\"elementor-element elementor-element-bdbaa73 elementor-widget elementor-widget-image\" data-id=\"bdbaa73\" data-element_type=\"widget\" data-widget_type=\"image.default\">\n\t\t\t\t<div class=\"elementor-widget-container\">\n\t\t\t\t\t\t\t\t\t\t\t\t\t\t\t<img fetchpriority=\"high\" decoding=\"async\" width=\"768\" height=\"1086\" src=\"https:\/\/kadg.lt\/wp-content\/uploads\/2022\/10\/Korupcija.-768x1086.png\" class=\"attachment-medium_large size-medium_large wp-image-3625\" alt=\"\" srcset=\"https:\/\/kadg.lt\/wp-content\/uploads\/2022\/10\/Korupcija.-768x1086.png 768w, https:\/\/kadg.lt\/wp-content\/uploads\/2022\/10\/Korupcija.-724x1024.png 724w, https:\/\/kadg.lt\/wp-content\/uploads\/2022\/10\/Korupcija.-640x905.png 640w, https:\/\/kadg.lt\/wp-content\/uploads\/2022\/10\/Korupcija.-400x565.png 400w, https:\/\/kadg.lt\/wp-content\/uploads\/2022\/10\/Korupcija.-367x519.png 367w, https:\/\/kadg.lt\/wp-content\/uploads\/2022\/10\/Korupcija.-600x848.png 600w\" sizes=\"(max-width: 768px) 100vw, 768px\" \/>\t\t\t\t\t\t\t\t\t\t\t\t\t\t\t<\/div>\n\t\t\t\t<\/div>\n\t\t\t\t\t<\/div>\r\n\t\t\t\t<\/div>\r\n\t\t\t\t\t<\/div>\r\n\t\t\t\t<\/section>\r\n\t\t\t\t<\/div>\n\t\t","protected":false},"excerpt":{"rendered":"<p>Pasteb\u0117jus ar su\u017einojus korupcijos atvejus kuo skubiau informuokite gimnazijos direktor\u0119 Rusn\u0119 Marij\u0105 Voverien\u0119 tel. +370 683 82 208 arba el. pa\u0161tu: rusne.voveriene@kadg.lt U\u017e korupcijos prevencij\u0105 gimnazijoje atsakinga bibliotekinink\u0117 Rasa Gabal\u0117 tel. +370 605 75 808 arba el. pa\u0161tu: korupcija@kadg.lt Dovan\u0173 poltikos tvarkos apra\u0161as Pareigybi\u0173 s\u0105ra\u0161o tvirtinimas \u012esakymas d\u0117l atsakingo asmens skyrimo Korupcijos prevencijos tvarkos apra\u0161as; [&hellip;]<\/p>\n","protected":false},"author":2,"featured_media":0,"parent":0,"menu_order":0,"comment_status":"closed","ping_status":"closed","template":"","meta":{"footnotes":""},"class_list":["post-2857","page","type-page","status-publish","hentry"],"_links":{"self":[{"href":"https:\/\/kadg.lt\/index.php\/wp-json\/wp\/v2\/pages\/2857","targetHints":{"allow":["GET"]}}],"collection":[{"href":"https:\/\/kadg.lt\/index.php\/wp-json\/wp\/v2\/pages"}],"about":[{"href":"https:\/\/kadg.lt\/index.php\/wp-json\/wp\/v2\/types\/page"}],"author":[{"embeddable":true,"href":"https:\/\/kadg.lt\/index.php\/wp-json\/wp\/v2\/users\/2"}],"replies":[{"embeddable":true,"href":"https:\/\/kadg.lt\/index.php\/wp-json\/wp\/v2\/comments?post=2857"}],"version-history":[{"count":89,"href":"https:\/\/kadg.lt\/index.php\/wp-json\/wp\/v2\/pages\/2857\/revisions"}],"predecessor-version":[{"id":7284,"href":"https:\/\/kadg.lt\/index.php\/wp-json\/wp\/v2\/pages\/2857\/revisions\/7284"}],"wp:attachment":[{"href":"https:\/\/kadg.lt\/index.php\/wp-json\/wp\/v2\/media?parent=2857"}],"curies":[{"name":"wp","href":"https:\/\/api.w.org\/{rel}","templated":true}]}}