{"id":2970,"date":"2022-03-03T10:33:57","date_gmt":"2022-03-03T07:33:57","guid":{"rendered":"http:\/\/kadg.lt\/?page_id=2970"},"modified":"2023-01-11T13:38:02","modified_gmt":"2023-01-11T10:38:02","slug":"2021-m-viesuju-pirkimu-planai","status":"publish","type":"page","link":"https:\/\/kadg.lt\/index.php\/2021-m-viesuju-pirkimu-planai\/","title":{"rendered":"2021 m. Vie\u0161\u0173j\u0173 pirkim\u0173 planai"},"content":{"rendered":"\t\t<div data-elementor-type=\"wp-page\" data-elementor-id=\"2970\" class=\"elementor elementor-2970\">\n\t\t\t\t\t\t<section class=\"elementor-section elementor-top-section elementor-element elementor-element-c38667c elementor-section-boxed elementor-section-height-default elementor-section-height-default\" data-id=\"c38667c\" data-element_type=\"section\">\r\n\t\t\r\n\t\t\t\t\t\t\t<div class=\"elementor-container elementor-column-gap-default\">\r\n\t\t\t\t\t\t\t\t\t\t\t<div class=\"elementor-column elementor-col-100 elementor-top-column elementor-element elementor-element-d1f2a9f\" data-id=\"d1f2a9f\" data-element_type=\"column\">\r\n\t\t\t\t\t<div class=\"elementor-widget-wrap elementor-element-populated\">\r\n\t\t\t\t\t\t\t\t\t<\/div>\r\n\t\t\t\t<\/div>\r\n\t\t\t\t\t<\/div>\r\n\t\t\t\t<\/section>\r\n\t\t\t\t<section class=\"elementor-section elementor-top-section elementor-element elementor-element-b6643fc elementor-section-boxed elementor-section-height-default elementor-section-height-default\" data-id=\"b6643fc\" data-element_type=\"section\">\r\n\t\t\r\n\t\t\t\t\t\t\t<div class=\"elementor-container elementor-column-gap-default\">\r\n\t\t\t\t\t\t\t\t\t\t\t<div class=\"elementor-column elementor-col-100 elementor-top-column elementor-element elementor-element-18d9522\" data-id=\"18d9522\" data-element_type=\"column\">\r\n\t\t\t\t\t<div class=\"elementor-widget-wrap elementor-element-populated\">\r\n\t\t\t\t\t\t\t\t<div class=\"elementor-element elementor-element-40a668b elementor-widget elementor-widget-text-editor\" data-id=\"40a668b\" data-element_type=\"widget\" data-widget_type=\"text-editor.default\">\n\t\t\t\t<div class=\"elementor-widget-container\">\n\t\t\t\t\t\t\t\t\t<ul><li><a href=\"https:\/\/kadg.lt\/wp-content\/uploads\/2021\/10\/2021-m.-Viesuju-pirkimu-planas-Nr.-1.pdf\">2021 m. Vie\u0161\u0173j\u0173 pirkim\u0173 planas Nr. 1<\/a><\/li><li><a href=\"https:\/\/kadg.lt\/wp-content\/uploads\/2021\/10\/2021-m.-Viesuju-prkimu-planas-Nr.-2.pdf\">2021 m. Vie\u0161\u0173j\u0173 pirkim\u0173 planas Nr. 2<\/a><\/li><li><a href=\"https:\/\/kadg.lt\/wp-content\/uploads\/2021\/10\/2021-m.-Viesuju-pirkimu-planas-Nr.-3.pdf\">2021 m. Vie\u0161\u0173j\u0173 pirkim\u0173 planas Nr. 3<\/a><\/li><li><a href=\"https:\/\/kadg.lt\/wp-content\/uploads\/2022\/02\/2021-m.-Viesuju-pirkimu-planas-Nr.-4.pdf\">2021 m. Vie\u0161\u0173j\u0173 pirkim\u0173 planas Nr. 4<\/a><\/li><\/ul>\t\t\t\t\t\t\t\t<\/div>\n\t\t\t\t<\/div>\n\t\t\t\t\t<\/div>\r\n\t\t\t\t<\/div>\r\n\t\t\t\t\t<\/div>\r\n\t\t\t\t<\/section>\r\n\t\t\t\t<\/div>\n\t\t","protected":false},"excerpt":{"rendered":"<p>2021 m. Vie\u0161\u0173j\u0173 pirkim\u0173 planas Nr. 1 2021 m. Vie\u0161\u0173j\u0173 pirkim\u0173 planas Nr. 2 2021 m. Vie\u0161\u0173j\u0173 pirkim\u0173 planas Nr. 3 2021 m. Vie\u0161\u0173j\u0173 pirkim\u0173 planas Nr. 4<\/p>\n","protected":false},"author":2,"featured_media":0,"parent":0,"menu_order":0,"comment_status":"closed","ping_status":"closed","template":"","meta":{"footnotes":""},"class_list":["post-2970","page","type-page","status-publish","hentry"],"_links":{"self":[{"href":"https:\/\/kadg.lt\/index.php\/wp-json\/wp\/v2\/pages\/2970","targetHints":{"allow":["GET"]}}],"collection":[{"href":"https:\/\/kadg.lt\/index.php\/wp-json\/wp\/v2\/pages"}],"about":[{"href":"https:\/\/kadg.lt\/index.php\/wp-json\/wp\/v2\/types\/page"}],"author":[{"embeddable":true,"href":"https:\/\/kadg.lt\/index.php\/wp-json\/wp\/v2\/users\/2"}],"replies":[{"embeddable":true,"href":"https:\/\/kadg.lt\/index.php\/wp-json\/wp\/v2\/comments?post=2970"}],"version-history":[{"count":4,"href":"https:\/\/kadg.lt\/index.php\/wp-json\/wp\/v2\/pages\/2970\/revisions"}],"predecessor-version":[{"id":4051,"href":"https:\/\/kadg.lt\/index.php\/wp-json\/wp\/v2\/pages\/2970\/revisions\/4051"}],"wp:attachment":[{"href":"https:\/\/kadg.lt\/index.php\/wp-json\/wp\/v2\/media?parent=2970"}],"curies":[{"name":"wp","href":"https:\/\/api.w.org\/{rel}","templated":true}]}}