{"id":3022,"date":"2022-03-09T16:59:41","date_gmt":"2022-03-09T13:59:41","guid":{"rendered":"http:\/\/kadg.lt\/?page_id=3022"},"modified":"2026-02-25T16:18:04","modified_gmt":"2026-02-25T13:18:04","slug":"mokiniu-pazangos-ir-pasiekimu-vertinimo-tvarkos-aprasas","status":"publish","type":"page","link":"https:\/\/kadg.lt\/index.php\/mokiniu-pazangos-ir-pasiekimu-vertinimo-tvarkos-aprasas\/","title":{"rendered":"Mokini\u0173 pa\u017eangos ir pasiekim\u0173 vertinimo tvarkos apra\u0161as"},"content":{"rendered":"\t\t<div data-elementor-type=\"wp-page\" data-elementor-id=\"3022\" class=\"elementor elementor-3022\">\n\t\t\t\t\t\t<section class=\"elementor-section elementor-top-section elementor-element elementor-element-9df4ca1 elementor-section-boxed elementor-section-height-default elementor-section-height-default\" data-id=\"9df4ca1\" data-element_type=\"section\">\r\n\t\t\r\n\t\t\t\t\t\t\t<div class=\"elementor-container elementor-column-gap-default\">\r\n\t\t\t\t\t\t\t\t\t\t\t<div class=\"elementor-column elementor-col-100 elementor-top-column elementor-element elementor-element-44446de\" data-id=\"44446de\" data-element_type=\"column\">\r\n\t\t\t\t\t<div class=\"elementor-widget-wrap elementor-element-populated\">\r\n\t\t\t\t\t\t\t\t<div class=\"elementor-element elementor-element-ad51123 elementor-widget elementor-widget-text-editor\" data-id=\"ad51123\" data-element_type=\"widget\" data-widget_type=\"text-editor.default\">\n\t\t\t\t<div class=\"elementor-widget-container\">\n\t\t\t\t\t\t\t\t\t<ul style=\"list-style-type: circle;\"><li><a href=\"https:\/\/kadg.lt\/wp-content\/uploads\/2026\/02\/Kauno-dailes-gimnazijos-mokiniu-pazangos-ir-pasiekimu-vertinimo-tvarkos-aprasas.pdf\">Kauno dail\u0117s gimnazijos mokini\u0173 pa\u017eangos ir pasiekim\u0173 vertinimo tvarkos apra\u0161as<\/a><\/li><\/ul>\t\t\t\t\t\t\t\t<\/div>\n\t\t\t\t<\/div>\n\t\t\t\t\t<\/div>\r\n\t\t\t\t<\/div>\r\n\t\t\t\t\t<\/div>\r\n\t\t\t\t<\/section>\r\n\t\t\t\t<\/div>\n\t\t","protected":false},"excerpt":{"rendered":"<p>Kauno dail\u0117s gimnazijos mokini\u0173 pa\u017eangos ir pasiekim\u0173 vertinimo tvarkos apra\u0161as<\/p>\n","protected":false},"author":2,"featured_media":0,"parent":0,"menu_order":0,"comment_status":"closed","ping_status":"closed","template":"","meta":{"footnotes":""},"class_list":["post-3022","page","type-page","status-publish","hentry"],"_links":{"self":[{"href":"https:\/\/kadg.lt\/index.php\/wp-json\/wp\/v2\/pages\/3022","targetHints":{"allow":["GET"]}}],"collection":[{"href":"https:\/\/kadg.lt\/index.php\/wp-json\/wp\/v2\/pages"}],"about":[{"href":"https:\/\/kadg.lt\/index.php\/wp-json\/wp\/v2\/types\/page"}],"author":[{"embeddable":true,"href":"https:\/\/kadg.lt\/index.php\/wp-json\/wp\/v2\/users\/2"}],"replies":[{"embeddable":true,"href":"https:\/\/kadg.lt\/index.php\/wp-json\/wp\/v2\/comments?post=3022"}],"version-history":[{"count":13,"href":"https:\/\/kadg.lt\/index.php\/wp-json\/wp\/v2\/pages\/3022\/revisions"}],"predecessor-version":[{"id":8203,"href":"https:\/\/kadg.lt\/index.php\/wp-json\/wp\/v2\/pages\/3022\/revisions\/8203"}],"wp:attachment":[{"href":"https:\/\/kadg.lt\/index.php\/wp-json\/wp\/v2\/media?parent=3022"}],"curies":[{"name":"wp","href":"https:\/\/api.w.org\/{rel}","templated":true}]}}