{"id":3042,"date":"2022-03-10T10:43:27","date_gmt":"2022-03-10T07:43:27","guid":{"rendered":"http:\/\/kadg.lt\/?page_id=3042"},"modified":"2022-03-10T10:45:32","modified_gmt":"2022-03-10T07:45:32","slug":"mokiniu-individualios-pazangos-stebejimo-ir-fiksavimo-tvarkos-aprasas","status":"publish","type":"page","link":"https:\/\/kadg.lt\/index.php\/mokiniu-individualios-pazangos-stebejimo-ir-fiksavimo-tvarkos-aprasas\/","title":{"rendered":"Mokini\u0173 individualios pa\u017eangos steb\u0117jimo ir fiksavimo tvarkos apra\u0161as"},"content":{"rendered":"\t\t<div data-elementor-type=\"wp-page\" data-elementor-id=\"3042\" class=\"elementor elementor-3042\">\n\t\t\t\t\t\t<section class=\"elementor-section elementor-top-section elementor-element elementor-element-007ae8d elementor-section-boxed elementor-section-height-default elementor-section-height-default\" data-id=\"007ae8d\" data-element_type=\"section\">\r\n\t\t\r\n\t\t\t\t\t\t\t<div class=\"elementor-container elementor-column-gap-default\">\r\n\t\t\t\t\t\t\t\t\t\t\t<div class=\"elementor-column elementor-col-100 elementor-top-column elementor-element elementor-element-c0d38dd\" data-id=\"c0d38dd\" data-element_type=\"column\">\r\n\t\t\t\t\t<div class=\"elementor-widget-wrap elementor-element-populated\">\r\n\t\t\t\t\t\t\t\t<div class=\"elementor-element elementor-element-ef2a70c elementor-widget elementor-widget-text-editor\" data-id=\"ef2a70c\" data-element_type=\"widget\" data-widget_type=\"text-editor.default\">\n\t\t\t\t<div class=\"elementor-widget-container\">\n\t\t\t\t\t\t\t\t\t<ul style=\"list-style-type: disc;\"><li><a href=\"https:\/\/kadg.lt\/wp-content\/uploads\/2022\/03\/Mokiniu-individualios-pazangos-stebejimo-ir-fiksavimo-tvarkos-aprasas.pdf\">Mokini\u0173 individualios pa\u017eangos steb\u0117jimo ir fiksavimo tvarkos apra\u0161as<\/a><\/li><\/ul>\t\t\t\t\t\t\t\t<\/div>\n\t\t\t\t<\/div>\n\t\t\t\t\t<\/div>\r\n\t\t\t\t<\/div>\r\n\t\t\t\t\t<\/div>\r\n\t\t\t\t<\/section>\r\n\t\t\t\t<\/div>\n\t\t","protected":false},"excerpt":{"rendered":"<p>Mokini\u0173 individualios pa\u017eangos steb\u0117jimo ir fiksavimo tvarkos apra\u0161as<\/p>\n","protected":false},"author":2,"featured_media":0,"parent":0,"menu_order":0,"comment_status":"closed","ping_status":"closed","template":"","meta":{"footnotes":""},"class_list":["post-3042","page","type-page","status-publish","hentry"],"_links":{"self":[{"href":"https:\/\/kadg.lt\/index.php\/wp-json\/wp\/v2\/pages\/3042","targetHints":{"allow":["GET"]}}],"collection":[{"href":"https:\/\/kadg.lt\/index.php\/wp-json\/wp\/v2\/pages"}],"about":[{"href":"https:\/\/kadg.lt\/index.php\/wp-json\/wp\/v2\/types\/page"}],"author":[{"embeddable":true,"href":"https:\/\/kadg.lt\/index.php\/wp-json\/wp\/v2\/users\/2"}],"replies":[{"embeddable":true,"href":"https:\/\/kadg.lt\/index.php\/wp-json\/wp\/v2\/comments?post=3042"}],"version-history":[{"count":4,"href":"https:\/\/kadg.lt\/index.php\/wp-json\/wp\/v2\/pages\/3042\/revisions"}],"predecessor-version":[{"id":3048,"href":"https:\/\/kadg.lt\/index.php\/wp-json\/wp\/v2\/pages\/3042\/revisions\/3048"}],"wp:attachment":[{"href":"https:\/\/kadg.lt\/index.php\/wp-json\/wp\/v2\/media?parent=3042"}],"curies":[{"name":"wp","href":"https:\/\/api.w.org\/{rel}","templated":true}]}}