{"id":3278,"date":"2022-05-19T15:11:05","date_gmt":"2022-05-19T12:11:05","guid":{"rendered":"https:\/\/kadg.lt\/?page_id=3278"},"modified":"2023-10-20T10:49:23","modified_gmt":"2023-10-20T07:49:23","slug":"2021-m-biudzeto-vykdymo-ataskaitos","status":"publish","type":"page","link":"https:\/\/kadg.lt\/index.php\/2021-m-biudzeto-vykdymo-ataskaitos\/","title":{"rendered":"2021 m. biud\u017eeto vykdymo ir finansini\u0173 ataskait\u0173 rinkiniai"},"content":{"rendered":"\t\t<div data-elementor-type=\"wp-page\" data-elementor-id=\"3278\" class=\"elementor elementor-3278\">\n\t\t\t\t\t\t<section class=\"elementor-section elementor-top-section elementor-element elementor-element-fe77342 elementor-section-boxed elementor-section-height-default elementor-section-height-default\" data-id=\"fe77342\" data-element_type=\"section\">\r\n\t\t\r\n\t\t\t\t\t\t\t<div class=\"elementor-container elementor-column-gap-default\">\r\n\t\t\t\t\t\t\t\t\t\t\t<div class=\"elementor-column elementor-col-100 elementor-top-column elementor-element elementor-element-6f3db54\" data-id=\"6f3db54\" data-element_type=\"column\">\r\n\t\t\t\t\t<div class=\"elementor-widget-wrap elementor-element-populated\">\r\n\t\t\t\t\t\t\t\t\t<\/div>\r\n\t\t\t\t<\/div>\r\n\t\t\t\t\t<\/div>\r\n\t\t\t\t<\/section>\r\n\t\t\t\t<section class=\"elementor-section elementor-top-section elementor-element elementor-element-96fa7ef elementor-section-boxed elementor-section-height-default elementor-section-height-default\" data-id=\"96fa7ef\" data-element_type=\"section\">\r\n\t\t\r\n\t\t\t\t\t\t\t<div class=\"elementor-container elementor-column-gap-default\">\r\n\t\t\t\t\t\t\t\t\t\t\t<div class=\"elementor-column elementor-col-50 elementor-top-column elementor-element elementor-element-102c527\" data-id=\"102c527\" data-element_type=\"column\">\r\n\t\t\t\t\t<div class=\"elementor-widget-wrap elementor-element-populated\">\r\n\t\t\t\t\t\t\t\t<div class=\"elementor-element elementor-element-b6e368b elementor-widget elementor-widget-text-editor\" data-id=\"b6e368b\" data-element_type=\"widget\" data-widget_type=\"text-editor.default\">\n\t\t\t\t<div class=\"elementor-widget-container\">\n\t\t\t\t\t\t\t\t\t<ul><li><a href=\"https:\/\/kadg.lt\/wp-content\/uploads\/2021\/11\/2021-m.-II-ketvircio-biudzeto-vykdymo-ataskaitu-rinkinys.pdf\">2021 m. II ketvir\u010dio biud\u017eeto vykdymo ataskait\u0173 rinkinys<\/a><\/li><li><a href=\"https:\/\/kadg.lt\/wp-content\/uploads\/2022\/01\/2021-m.-III-ketvircio-biudzeto-vykdymo-ataskaitu-rinkinys.pdf\">2021 m. III ketvir\u010dio biud\u017eeto vykdymo ataskait\u0173 rinkinys<\/a><\/li><li><a href=\"https:\/\/kadg.lt\/wp-content\/uploads\/2022\/02\/2021-m.-IV-ketvircio-biudzeto-vykdymo-ataskaitu-rinkinys.pdf\">2021 m. IV ketvir\u010dio biud\u017eeto vykdymo ataskait\u0173 rinkinys<\/a><\/li><\/ul>\t\t\t\t\t\t\t\t<\/div>\n\t\t\t\t<\/div>\n\t\t\t\t\t<\/div>\r\n\t\t\t\t<\/div>\r\n\t\t\t\t<div class=\"elementor-column elementor-col-50 elementor-top-column elementor-element elementor-element-0018e08\" data-id=\"0018e08\" data-element_type=\"column\">\r\n\t\t\t\t\t<div class=\"elementor-widget-wrap elementor-element-populated\">\r\n\t\t\t\t\t\t\t\t<div class=\"elementor-element elementor-element-f3d0050 elementor-widget elementor-widget-text-editor\" data-id=\"f3d0050\" data-element_type=\"widget\" data-widget_type=\"text-editor.default\">\n\t\t\t\t<div class=\"elementor-widget-container\">\n\t\t\t\t\t\t\t\t\t<ul style=\"list-style-type: disc;\"><li><a href=\"https:\/\/kadg.lt\/wp-content\/uploads\/2021\/11\/2021-m.-II-ketvircio-finansiniu-ataskaitu-rinkinys.pdf\">2021 m. II ketvir\u010dio finansini\u0173 ataskait\u0173 rinkinys<\/a><\/li><li><a href=\"https:\/\/kadg.lt\/wp-content\/uploads\/2022\/01\/2021m.-III-ketvircio-finansiniu-ataskaitu-rinkinys.pdf\">2021m. III ketvir\u010dio finansini\u0173 ataskait\u0173 rinkinys<\/a><\/li><li><a href=\"https:\/\/kadg.lt\/wp-content\/uploads\/2022\/04\/2021-metu-finansiniu-ataskaitu-rinkinys.pdf\">2021 met\u0173 finansini\u0173 ataskait\u0173 rinkinys<\/a><\/li><\/ul>\t\t\t\t\t\t\t\t<\/div>\n\t\t\t\t<\/div>\n\t\t\t\t\t<\/div>\r\n\t\t\t\t<\/div>\r\n\t\t\t\t\t<\/div>\r\n\t\t\t\t<\/section>\r\n\t\t\t\t<\/div>\n\t\t","protected":false},"excerpt":{"rendered":"<p>2021 m. II ketvir\u010dio biud\u017eeto vykdymo ataskait\u0173 rinkinys 2021 m. III ketvir\u010dio biud\u017eeto vykdymo ataskait\u0173 rinkinys 2021 m. IV ketvir\u010dio biud\u017eeto vykdymo ataskait\u0173 rinkinys 2021 m. II ketvir\u010dio finansini\u0173 ataskait\u0173 rinkinys 2021m. III ketvir\u010dio finansini\u0173 ataskait\u0173 rinkinys 2021 met\u0173 finansini\u0173 ataskait\u0173 rinkinys<\/p>\n","protected":false},"author":2,"featured_media":0,"parent":0,"menu_order":0,"comment_status":"closed","ping_status":"closed","template":"","meta":{"footnotes":""},"class_list":["post-3278","page","type-page","status-publish","hentry"],"_links":{"self":[{"href":"https:\/\/kadg.lt\/index.php\/wp-json\/wp\/v2\/pages\/3278","targetHints":{"allow":["GET"]}}],"collection":[{"href":"https:\/\/kadg.lt\/index.php\/wp-json\/wp\/v2\/pages"}],"about":[{"href":"https:\/\/kadg.lt\/index.php\/wp-json\/wp\/v2\/types\/page"}],"author":[{"embeddable":true,"href":"https:\/\/kadg.lt\/index.php\/wp-json\/wp\/v2\/users\/2"}],"replies":[{"embeddable":true,"href":"https:\/\/kadg.lt\/index.php\/wp-json\/wp\/v2\/comments?post=3278"}],"version-history":[{"count":5,"href":"https:\/\/kadg.lt\/index.php\/wp-json\/wp\/v2\/pages\/3278\/revisions"}],"predecessor-version":[{"id":4953,"href":"https:\/\/kadg.lt\/index.php\/wp-json\/wp\/v2\/pages\/3278\/revisions\/4953"}],"wp:attachment":[{"href":"https:\/\/kadg.lt\/index.php\/wp-json\/wp\/v2\/media?parent=3278"}],"curies":[{"name":"wp","href":"https:\/\/api.w.org\/{rel}","templated":true}]}}