{"id":365,"date":"2021-04-13T09:06:29","date_gmt":"2021-04-13T06:06:29","guid":{"rendered":"http:\/\/kadg.lt\/?page_id=365"},"modified":"2026-01-09T11:36:42","modified_gmt":"2026-01-09T08:36:42","slug":"mokiniu-taryba","status":"publish","type":"page","link":"https:\/\/kadg.lt\/index.php\/mokiniu-taryba\/","title":{"rendered":"Mokini\u0173 taryba"},"content":{"rendered":"\t\t<div data-elementor-type=\"wp-page\" data-elementor-id=\"365\" class=\"elementor elementor-365\">\n\t\t\t\t\t\t<section class=\"elementor-section elementor-top-section elementor-element elementor-element-fc96a40 elementor-section-boxed elementor-section-height-default elementor-section-height-default\" data-id=\"fc96a40\" data-element_type=\"section\">\r\n\t\t\r\n\t\t\t\t\t\t\t<div class=\"elementor-container elementor-column-gap-default\">\r\n\t\t\t\t\t\t\t\t\t\t\t<div class=\"elementor-column elementor-col-100 elementor-top-column elementor-element elementor-element-9324206\" data-id=\"9324206\" data-element_type=\"column\">\r\n\t\t\t\t\t<div class=\"elementor-widget-wrap elementor-element-populated\">\r\n\t\t\t\t\t\t\t\t<div class=\"elementor-element elementor-element-31b948b elementor-widget elementor-widget-text-editor\" data-id=\"31b948b\" data-element_type=\"widget\" data-widget_type=\"text-editor.default\">\n\t\t\t\t<div class=\"elementor-widget-container\">\n\t\t\t\t\t\t\t\t\t<p><span style=\"color: #000000;\"><em><strong>PREZIDENT\u0116<\/strong><\/em>\u00a0 &#8211;\u00a0 Emanuel\u0117 Liesyt\u0117 (IIa gimn. kl.) <br \/><\/span><\/p><p><span style=\"color: #000000;\"><em>PAVADUOTOJA<\/em> \u2013 Gabriel\u0117 Mankauskait\u0117 (IIa gimn. kl.)\u00a0<\/span><\/p><p><span style=\"color: #000000;\"><em>SEKRETOR\u0116<\/em> \u2013 Lukn\u0117 Jusaityt\u0117 (IIb gimn. kl.)<\/span><\/p><p><span style=\"color: #000000;\"><em>I\u017dDININK\u0116<\/em> &#8211; Gabriel\u0117 Mankauskait\u0117 (IIa gimn. kl.)<\/span><\/p><p><span style=\"color: #000000;\"><strong>Socialinius tinklus administruoja:<\/strong> <\/span><br \/><span style=\"color: #000000;\">Emanuel\u0117 Liesyt\u0117<\/span><\/p><p><span style=\"color: #000000;\"><strong>Rengini\u0173 fotografai<\/strong> \u2013 Liepa Stepanauskait\u0117, Gabriel\u0117 Mankauskait\u0117 ir\u00a0 Daina Barzdait\u0117, Aist\u0117 Petrauskait\u0117 (ne i\u0161 MT)<\/span><\/p><p><span style=\"color: #000000;\"><strong>Rengini\u0173 plakat\u0173 k\u016br\u0117ja<\/strong>\u00a0\u2013 Up\u0117 Banevi\u010di\u016bt\u0117<\/span><\/p><p><span style=\"color: #000000;\"><strong>Nari\u0173 s\u0105ra\u0161as:<\/strong><\/span><\/p><p><span style=\"color: #000000;\">1. Amanda Andrijonait\u0117 6a kl.<\/span><br \/><span style=\"color: #000000;\">2. Lukn\u0117 Breivyt\u0117 I\u00a0 gimn. kl.<\/span><br \/><span style=\"color: #000000;\">3. Matas Burovas III gimn. kl.<\/span><br \/><span style=\"color: #000000;\">4. Sofija Did\u017eiokait\u0117 I gimn. kl.<\/span><br \/><span style=\"color: #000000;\">5. Savana Glizickait\u0117 7b kl.<\/span><br \/><span style=\"color: #000000;\">6. Gabartas Ivanauskas 6a kl.<\/span><br \/><span style=\"color: #000000;\">7. Lukn\u0117 Jusaityt\u0117 IIb gimn. kl.<\/span><br \/><span style=\"color: #000000;\">8. Marius Kapa\u010dinskas 7a kl.<\/span><br \/><span style=\"color: #000000;\">9. Emanuel\u0117 Liesyt\u0117 IIa gimn. kl.<\/span><br \/><span style=\"color: #000000;\">10. Ieva Luko\u0161i\u016bt\u0117 7b kl.<\/span><br \/><span style=\"color: #000000;\">11. Gabriele Mankauskait\u0117 IIa gimn. kl.<\/span><br \/><span style=\"color: #000000;\">12. Lauryna Mikalk\u0117nait\u0117 III gimn. kl.<\/span><br \/><span style=\"color: #000000;\">13. V\u0117tra Okuli\u010d-Kazarinait\u0117 7b<\/span><br \/><span style=\"color: #000000;\">14. Gryt\u0117 Paurazait\u0117 8 kl.<\/span><br \/><span style=\"color: #000000;\">15. Otilija Ple\u0161kyt\u0117 III gimn. kl.<\/span><br \/><span style=\"color: #000000;\">16. Lukn\u0117 Ramanauskait\u0117 IIa gimn. kl.<\/span><br \/><span style=\"color: #000000;\">17. Justina Zdanevi\u010di\u016bt\u0117 7a kl.<\/span><br \/><span style=\"color: #000000;\">18. Gust\u0117 Grinkevi\u010di\u016bt\u0117 III gimn. kl.<\/span><\/p><ul style=\"list-style-type: circle;\"><li><span style=\"font-size: 20px;\"><a href=\"https:\/\/kadg.lt\/wp-content\/uploads\/2025\/09\/Kauno-dailes-gimnazijos-Mokiniu-tarybos-nuostatai.pdf\">Kauno dail\u0117s gimnazijos Mokini\u0173 tarybos nuostatai<\/a><\/span><\/li><\/ul><p><span style=\"color: #000000;\">\u00a0<\/span><\/p>\t\t\t\t\t\t\t\t<\/div>\n\t\t\t\t<\/div>\n\t\t\t\t\t<\/div>\r\n\t\t\t\t<\/div>\r\n\t\t\t\t\t<\/div>\r\n\t\t\t\t<\/section>\r\n\t\t\t\t<\/div>\n\t\t","protected":false},"excerpt":{"rendered":"<p>PREZIDENT\u0116\u00a0 &#8211;\u00a0 Emanuel\u0117 Liesyt\u0117 (IIa gimn. kl.) PAVADUOTOJA \u2013 Gabriel\u0117 Mankauskait\u0117 (IIa gimn. kl.)\u00a0 SEKRETOR\u0116 \u2013 Lukn\u0117 Jusaityt\u0117 (IIb gimn. kl.) I\u017dDININK\u0116 &#8211; Gabriel\u0117 Mankauskait\u0117 (IIa gimn. kl.) Socialinius tinklus administruoja: Emanuel\u0117 Liesyt\u0117 Rengini\u0173 fotografai \u2013 Liepa Stepanauskait\u0117, Gabriel\u0117 Mankauskait\u0117 ir\u00a0 Daina Barzdait\u0117, Aist\u0117 Petrauskait\u0117 (ne i\u0161 MT) Rengini\u0173 plakat\u0173 k\u016br\u0117ja\u00a0\u2013 Up\u0117 Banevi\u010di\u016bt\u0117 Nari\u0173 s\u0105ra\u0161as: [&hellip;]<\/p>\n","protected":false},"author":2,"featured_media":0,"parent":0,"menu_order":0,"comment_status":"closed","ping_status":"closed","template":"","meta":{"footnotes":""},"class_list":["post-365","page","type-page","status-publish","hentry"],"_links":{"self":[{"href":"https:\/\/kadg.lt\/index.php\/wp-json\/wp\/v2\/pages\/365","targetHints":{"allow":["GET"]}}],"collection":[{"href":"https:\/\/kadg.lt\/index.php\/wp-json\/wp\/v2\/pages"}],"about":[{"href":"https:\/\/kadg.lt\/index.php\/wp-json\/wp\/v2\/types\/page"}],"author":[{"embeddable":true,"href":"https:\/\/kadg.lt\/index.php\/wp-json\/wp\/v2\/users\/2"}],"replies":[{"embeddable":true,"href":"https:\/\/kadg.lt\/index.php\/wp-json\/wp\/v2\/comments?post=365"}],"version-history":[{"count":65,"href":"https:\/\/kadg.lt\/index.php\/wp-json\/wp\/v2\/pages\/365\/revisions"}],"predecessor-version":[{"id":8039,"href":"https:\/\/kadg.lt\/index.php\/wp-json\/wp\/v2\/pages\/365\/revisions\/8039"}],"wp:attachment":[{"href":"https:\/\/kadg.lt\/index.php\/wp-json\/wp\/v2\/media?parent=365"}],"curies":[{"name":"wp","href":"https:\/\/api.w.org\/{rel}","templated":true}]}}