{"id":387,"date":"2021-04-13T11:06:04","date_gmt":"2021-04-13T08:06:04","guid":{"rendered":"http:\/\/kadg.lt\/?page_id=387"},"modified":"2026-02-19T10:56:53","modified_gmt":"2026-02-19T07:56:53","slug":"gimnazijos-taryba","status":"publish","type":"page","link":"https:\/\/kadg.lt\/index.php\/gimnazijos-taryba\/","title":{"rendered":"Gimnazijos taryba"},"content":{"rendered":"\t\t<div data-elementor-type=\"wp-page\" data-elementor-id=\"387\" class=\"elementor elementor-387\">\n\t\t\t\t\t\t<section class=\"elementor-section elementor-top-section elementor-element elementor-element-b734684 elementor-section-boxed elementor-section-height-default elementor-section-height-default\" data-id=\"b734684\" data-element_type=\"section\">\r\n\t\t\r\n\t\t\t\t\t\t\t<div class=\"elementor-container elementor-column-gap-default\">\r\n\t\t\t\t\t\t\t\t\t\t\t<div class=\"elementor-column elementor-col-100 elementor-top-column elementor-element elementor-element-c14d6b7\" data-id=\"c14d6b7\" data-element_type=\"column\">\r\n\t\t\t\t\t<div class=\"elementor-widget-wrap elementor-element-populated\">\r\n\t\t\t\t\t\t\t\t\t<\/div>\r\n\t\t\t\t<\/div>\r\n\t\t\t\t\t<\/div>\r\n\t\t\t\t<\/section>\r\n\t\t\t\t<section class=\"elementor-section elementor-top-section elementor-element elementor-element-f844e1c elementor-section-boxed elementor-section-height-default elementor-section-height-default\" data-id=\"f844e1c\" data-element_type=\"section\">\r\n\t\t\r\n\t\t\t\t\t\t\t<div class=\"elementor-container elementor-column-gap-default\">\r\n\t\t\t\t\t\t\t\t\t\t\t<div class=\"elementor-column elementor-col-100 elementor-top-column elementor-element elementor-element-5d8150f\" data-id=\"5d8150f\" data-element_type=\"column\">\r\n\t\t\t\t\t<div class=\"elementor-widget-wrap elementor-element-populated\">\r\n\t\t\t\t\t\t\t\t<div class=\"elementor-element elementor-element-5c87453 elementor-widget elementor-widget-text-editor\" data-id=\"5c87453\" data-element_type=\"widget\" data-widget_type=\"text-editor.default\">\n\t\t\t\t<div class=\"elementor-widget-container\">\n\t\t\t\t\t\t\t\t\t<p><span style=\"font-size: 17px; color: #800000;\">Gimnazijos tarybos pirmininkas Aleksandras Ti\u0161kus<\/span><\/p><p><span style=\"color: #800000;\">Mokytoj\u0173 atstovai:<\/span><\/p><p><span style=\"color: #000000;\">1. Gintautas Vai\u010dys<\/span><br \/><span style=\"color: #000000;\">2. Bronius Dubavi\u010dius<\/span><br \/><span style=\"color: #000000;\">3. Ingrida Da\u0161\u010diorien\u0117<\/span><br \/><span style=\"color: #000000;\">4. Marina Nenachova<\/span><\/p><p><span style=\"color: #800000;\">Mokini\u0173 atstovai:<\/span><\/p><p><span style=\"color: #000000;\">1. Emanuel\u0117 Liesyt\u0117<\/span><br \/><span style=\"color: #000000;\">2. Lukn\u0117 Jusaityt\u0117<\/span><br \/><span style=\"color: #000000;\">3. Lukn\u0117 Ramanauskait\u0117<\/span><br \/><span style=\"color: #000000;\">4. Urt\u0117 Rutkauskait\u0117<\/span><br \/><span style=\"color: #000000;\">5. \u016ala Ramanauskait\u0117<\/span><\/p><p><span style=\"color: #800000;\">T\u0117v\u0173 atstovai:<\/span><\/p><p><span style=\"color: #000000;\">1. Laura Pavasarien\u0117<\/span><br \/><span style=\"color: #000000;\">2. Ligita Deltuvien\u0117<\/span><br \/><span style=\"color: #000000;\">3. Dalia Gurskien\u0117<\/span><br \/><span style=\"color: #000000;\">4. Dovil\u0117 Lebed\u017eien\u0117<\/span><br \/><span style=\"color: #000000;\">5. Audrius Viplentas<\/span><\/p><p><span style=\"color: #993300;\">Bendruomen\u0117s atstovas:<\/span> <span style=\"color: #000000;\">Andrius Nutautas<\/span><\/p>\t\t\t\t\t\t\t\t<\/div>\n\t\t\t\t<\/div>\n\t\t\t\t\t<\/div>\r\n\t\t\t\t<\/div>\r\n\t\t\t\t\t<\/div>\r\n\t\t\t\t<\/section>\r\n\t\t\t\t<\/div>\n\t\t","protected":false},"excerpt":{"rendered":"<p>Gimnazijos tarybos pirmininkas Aleksandras Ti\u0161kus Mokytoj\u0173 atstovai: 1. Gintautas Vai\u010dys2. Bronius Dubavi\u010dius3. Ingrida Da\u0161\u010diorien\u01174. Marina Nenachova Mokini\u0173 atstovai: 1. Emanuel\u0117 Liesyt\u01172. Lukn\u0117 Jusaityt\u01173. Lukn\u0117 Ramanauskait\u01174. Urt\u0117 Rutkauskait\u01175. \u016ala Ramanauskait\u0117 T\u0117v\u0173 atstovai: 1. Laura Pavasarien\u01172. Ligita Deltuvien\u01173. Dalia Gurskien\u01174. Dovil\u0117 Lebed\u017eien\u01175. Audrius Viplentas Bendruomen\u0117s atstovas: Andrius Nutautas<\/p>\n","protected":false},"author":2,"featured_media":0,"parent":0,"menu_order":0,"comment_status":"closed","ping_status":"closed","template":"","meta":{"footnotes":""},"class_list":["post-387","page","type-page","status-publish","hentry"],"_links":{"self":[{"href":"https:\/\/kadg.lt\/index.php\/wp-json\/wp\/v2\/pages\/387","targetHints":{"allow":["GET"]}}],"collection":[{"href":"https:\/\/kadg.lt\/index.php\/wp-json\/wp\/v2\/pages"}],"about":[{"href":"https:\/\/kadg.lt\/index.php\/wp-json\/wp\/v2\/types\/page"}],"author":[{"embeddable":true,"href":"https:\/\/kadg.lt\/index.php\/wp-json\/wp\/v2\/users\/2"}],"replies":[{"embeddable":true,"href":"https:\/\/kadg.lt\/index.php\/wp-json\/wp\/v2\/comments?post=387"}],"version-history":[{"count":73,"href":"https:\/\/kadg.lt\/index.php\/wp-json\/wp\/v2\/pages\/387\/revisions"}],"predecessor-version":[{"id":8194,"href":"https:\/\/kadg.lt\/index.php\/wp-json\/wp\/v2\/pages\/387\/revisions\/8194"}],"wp:attachment":[{"href":"https:\/\/kadg.lt\/index.php\/wp-json\/wp\/v2\/media?parent=387"}],"curies":[{"name":"wp","href":"https:\/\/api.w.org\/{rel}","templated":true}]}}