{"id":396,"date":"2021-04-13T11:12:26","date_gmt":"2021-04-13T08:12:26","guid":{"rendered":"http:\/\/kadg.lt\/?page_id=396"},"modified":"2025-09-10T10:02:08","modified_gmt":"2025-09-10T07:02:08","slug":"klases-vadovai","status":"publish","type":"page","link":"https:\/\/kadg.lt\/index.php\/klases-vadovai\/","title":{"rendered":"Klasi\u0173 vadovai"},"content":{"rendered":"\t\t<div data-elementor-type=\"wp-page\" data-elementor-id=\"396\" class=\"elementor elementor-396\">\n\t\t\t\t\t\t<section class=\"elementor-section elementor-top-section elementor-element elementor-element-00a3db8 elementor-section-boxed elementor-section-height-default elementor-section-height-default\" data-id=\"00a3db8\" data-element_type=\"section\">\r\n\t\t\r\n\t\t\t\t\t\t\t<div class=\"elementor-container elementor-column-gap-default\">\r\n\t\t\t\t\t\t\t\t\t\t\t<div class=\"elementor-column elementor-col-100 elementor-top-column elementor-element elementor-element-d9e4158\" data-id=\"d9e4158\" data-element_type=\"column\">\r\n\t\t\t\t\t<div class=\"elementor-widget-wrap elementor-element-populated\">\r\n\t\t\t\t\t\t\t\t<div class=\"elementor-element elementor-element-2df5df6 elementor-widget elementor-widget-text-editor\" data-id=\"2df5df6\" data-element_type=\"widget\" data-widget_type=\"text-editor.default\">\n\t\t\t\t<div class=\"elementor-widget-container\">\n\t\t\t\t\t\t\t\t\t<table style=\"width: 141.71%;\" width=\"286\"><tbody><tr><td style=\"width: 8.07016%;\" width=\"72\"><p><strong>Klas\u0117<\/strong><\/p><\/td><td style=\"width: 89.1229%;\" width=\"214\"><p><strong>\u00a0\u00a0\u00a0 Vadovas<\/strong><\/p><\/td><\/tr><tr><td style=\"width: 8.07016%;\" width=\"72\"><p>1<\/p><\/td><td style=\"width: 89.1229%;\" width=\"214\"><p>Renata Skraskadamskien\u0117<\/p><\/td><\/tr><tr><td style=\"width: 8.07016%;\" width=\"72\"><p>2<\/p><\/td><td style=\"width: 89.1229%;\" width=\"214\"><p>Vida Kell<\/p><\/td><\/tr><tr><td style=\"width: 8.07016%;\" width=\"72\"><p>3<\/p><\/td><td style=\"width: 89.1229%;\" width=\"214\"><p>R\u016bta Pe\u010di\u016brien\u0117<\/p><\/td><\/tr><tr><td style=\"width: 8.07016%;\" width=\"72\"><p>4<\/p><\/td><td style=\"width: 89.1229%;\" width=\"214\"><p>Violeta \u0160niokien\u0117<\/p><\/td><\/tr><tr><td style=\"width: 8.07016%;\" width=\"72\"><p>5<\/p><\/td><td style=\"width: 89.1229%;\" width=\"214\"><p>Rita Jakinevi\u010dien\u0117<\/p><\/td><\/tr><tr><td style=\"width: 8.07016%;\" width=\"72\"><p>6a<\/p><\/td><td style=\"width: 89.1229%;\" width=\"214\"><p>Veneta Dulevi\u010dien\u0117<\/p><\/td><\/tr><tr><td style=\"width: 8.07016%;\" width=\"72\"><p>6b<\/p><\/td><td style=\"width: 89.1229%;\" width=\"214\"><p>Vitalija Zujevait\u0117<\/p><\/td><\/tr><tr><td style=\"width: 8.07016%;\" width=\"72\"><p>7a<\/p><\/td><td style=\"width: 89.1229%;\" width=\"214\"><p>Greta Akelaitien\u0117<\/p><\/td><\/tr><tr><td style=\"width: 8.07016%;\" width=\"72\"><p>7b<\/p><\/td><td style=\"width: 89.1229%;\" width=\"214\"><p>Gabriel\u0117 Gird\u017eijausk\u0117<\/p><\/td><\/tr><tr><td style=\"width: 8.07016%;\" width=\"72\"><p>8<\/p><\/td><td style=\"width: 89.1229%;\" width=\"214\"><p>Saulius Mikuckis<\/p><\/td><\/tr><tr><td style=\"width: 8.07016%;\" width=\"72\"><p>I<\/p><\/td><td style=\"width: 89.1229%;\" width=\"214\"><p>Aleksandras Ti\u0161kus<\/p><\/td><\/tr><tr><td style=\"width: 8.07016%;\" width=\"72\"><p>IIa<\/p><\/td><td style=\"width: 89.1229%;\" width=\"214\"><p>Egl\u0117 Karpavi\u010dien\u0117<\/p><\/td><\/tr><tr><td style=\"width: 8.07016%;\" width=\"72\"><p>IIb<\/p><\/td><td style=\"width: 89.1229%;\" width=\"214\"><p>Aist\u0117 Dr\u0105sutavi\u010di\u016bt\u0117 Natale<\/p><\/td><\/tr><tr><td style=\"width: 8.07016%;\" width=\"72\"><p>III<\/p><\/td><td style=\"width: 89.1229%;\" width=\"214\"><p>Palmira Auglien\u0117<\/p><\/td><\/tr><tr><td style=\"width: 8.07016%;\" width=\"72\"><p>IVa<\/p><\/td><td style=\"width: 89.1229%;\" width=\"214\"><p>Loreta Zablockien\u0117<\/p><\/td><\/tr><tr><td style=\"width: 8.07016%;\" width=\"72\"><p>IVb<\/p><\/td><td style=\"width: 89.1229%;\" width=\"214\"><p>Nijol\u0117 Mieliauskien\u0117<\/p><\/td><\/tr><\/tbody><\/table>\t\t\t\t\t\t\t\t<\/div>\n\t\t\t\t<\/div>\n\t\t\t\t\t<\/div>\r\n\t\t\t\t<\/div>\r\n\t\t\t\t\t<\/div>\r\n\t\t\t\t<\/section>\r\n\t\t\t\t<\/div>\n\t\t","protected":false},"excerpt":{"rendered":"<p>Klas\u0117 \u00a0\u00a0\u00a0 Vadovas 1 Renata Skraskadamskien\u0117 2 Vida Kell 3 R\u016bta Pe\u010di\u016brien\u0117 4 Violeta \u0160niokien\u0117 5 Rita Jakinevi\u010dien\u0117 6a Veneta Dulevi\u010dien\u0117 6b Vitalija Zujevait\u0117 7a Greta Akelaitien\u0117 7b Gabriel\u0117 Gird\u017eijausk\u0117 8 Saulius Mikuckis I Aleksandras Ti\u0161kus IIa Egl\u0117 Karpavi\u010dien\u0117 IIb Aist\u0117 Dr\u0105sutavi\u010di\u016bt\u0117 Natale III Palmira Auglien\u0117 IVa Loreta Zablockien\u0117 IVb Nijol\u0117 Mieliauskien\u0117<\/p>\n","protected":false},"author":2,"featured_media":0,"parent":0,"menu_order":0,"comment_status":"closed","ping_status":"closed","template":"","meta":{"footnotes":""},"class_list":["post-396","page","type-page","status-publish","hentry"],"_links":{"self":[{"href":"https:\/\/kadg.lt\/index.php\/wp-json\/wp\/v2\/pages\/396","targetHints":{"allow":["GET"]}}],"collection":[{"href":"https:\/\/kadg.lt\/index.php\/wp-json\/wp\/v2\/pages"}],"about":[{"href":"https:\/\/kadg.lt\/index.php\/wp-json\/wp\/v2\/types\/page"}],"author":[{"embeddable":true,"href":"https:\/\/kadg.lt\/index.php\/wp-json\/wp\/v2\/users\/2"}],"replies":[{"embeddable":true,"href":"https:\/\/kadg.lt\/index.php\/wp-json\/wp\/v2\/comments?post=396"}],"version-history":[{"count":65,"href":"https:\/\/kadg.lt\/index.php\/wp-json\/wp\/v2\/pages\/396\/revisions"}],"predecessor-version":[{"id":7682,"href":"https:\/\/kadg.lt\/index.php\/wp-json\/wp\/v2\/pages\/396\/revisions\/7682"}],"wp:attachment":[{"href":"https:\/\/kadg.lt\/index.php\/wp-json\/wp\/v2\/media?parent=396"}],"curies":[{"name":"wp","href":"https:\/\/api.w.org\/{rel}","templated":true}]}}