{"id":400,"date":"2021-04-15T09:21:12","date_gmt":"2021-04-15T06:21:12","guid":{"rendered":"http:\/\/kadg.lt\/?page_id=400"},"modified":"2025-12-15T12:29:38","modified_gmt":"2025-12-15T09:29:38","slug":"daile-mokytojai","status":"publish","type":"page","link":"https:\/\/kadg.lt\/index.php\/daile-mokytojai\/","title":{"rendered":"Dail\u0117s mokytojai"},"content":{"rendered":"\t\t<div data-elementor-type=\"wp-page\" data-elementor-id=\"400\" class=\"elementor elementor-400\">\n\t\t\t\t\t\t<section class=\"elementor-section elementor-top-section elementor-element elementor-element-00dd7a3 elementor-section-boxed elementor-section-height-default elementor-section-height-default\" data-id=\"00dd7a3\" data-element_type=\"section\">\r\n\t\t\r\n\t\t\t\t\t\t\t<div class=\"elementor-container elementor-column-gap-default\">\r\n\t\t\t\t\t\t\t\t\t\t\t<div class=\"elementor-column elementor-col-100 elementor-top-column elementor-element elementor-element-47aec53\" data-id=\"47aec53\" data-element_type=\"column\">\r\n\t\t\t\t\t<div class=\"elementor-widget-wrap elementor-element-populated\">\r\n\t\t\t\t\t\t\t\t\t<\/div>\r\n\t\t\t\t<\/div>\r\n\t\t\t\t\t<\/div>\r\n\t\t\t\t<\/section>\r\n\t\t\t\t<section class=\"elementor-section elementor-top-section elementor-element elementor-element-09478a0 elementor-section-boxed elementor-section-height-default elementor-section-height-default\" data-id=\"09478a0\" data-element_type=\"section\">\r\n\t\t\r\n\t\t\t\t\t\t\t<div class=\"elementor-container elementor-column-gap-default\">\r\n\t\t\t\t\t\t\t\t\t\t\t<div class=\"elementor-column elementor-col-100 elementor-top-column elementor-element elementor-element-eb5bfbc\" data-id=\"eb5bfbc\" data-element_type=\"column\">\r\n\t\t\t\t\t<div class=\"elementor-widget-wrap elementor-element-populated\">\r\n\t\t\t\t\t\t\t\t<div class=\"elementor-element elementor-element-630ecd6 elementor-widget elementor-widget-text-editor\" data-id=\"630ecd6\" data-element_type=\"widget\" data-widget_type=\"text-editor.default\">\n\t\t\t\t<div class=\"elementor-widget-container\">\n\t\t\t\t\t\t\t\t\t<table width=\"688\"><tbody><tr><td width=\"232\"><p><strong>Pavard\u0117, vardas <\/strong><\/p><\/td><td width=\"180\"><p><strong>Kvalifikacin\u0117 kategorija<\/strong><\/p><\/td><td width=\"276\"><p><strong>Mokomieji dalykai<\/strong><\/p><\/td><\/tr><tr><td width=\"232\"><p>Bendinskas Lukas<\/p><\/td><td width=\"180\"><p>Mokytojas<\/p><\/td><td width=\"276\"><p>Fotografija<\/p><\/td><\/tr><tr><td width=\"232\"><p>\u010cepulien\u0117 Dalia<\/p><\/td><td width=\"180\"><p>Mokyt. metodinink\u0117<\/p><\/td><td width=\"276\"><p>Dail\u0117, grafinis dizainas<\/p><\/td><\/tr><tr><td width=\"232\"><p>Stuogis Tauras<\/p><\/td><td width=\"180\"><p>Mokytojas<\/p><\/td><td width=\"276\"><p>Skulpt\u016bra<\/p><\/td><\/tr><tr><td width=\"232\"><p>Dadurkevi\u010dien\u0117 Giedr\u0117<\/p><\/td><td width=\"180\"><p>Mokyt. metodinink\u0117<\/p><\/td><td width=\"276\"><p>Dail\u0117, dizainas<\/p><\/td><\/tr><tr><td width=\"232\"><p>Dambrauskien\u0117 Jolanta<\/p><\/td><td width=\"180\"><p>Mokytoja<\/p><\/td><td width=\"276\"><p>Pie\u0161imas<\/p><\/td><\/tr><tr><td width=\"232\"><p>Da\u0161\u010diorien\u0117 Ingrida<\/p><\/td><td width=\"180\"><p>Vyr. mokytoja<\/p><\/td><td width=\"276\"><p>Pie\u0161imas<\/p><\/td><\/tr><tr><td width=\"232\"><p>Deveikis Mykolas<\/p><\/td><td width=\"180\"><p>Mokytojas<\/p><\/td><td width=\"276\"><p>Dizainas<\/p><\/td><\/tr><tr><td width=\"232\"><p>Galdikait\u0117 Jolanta<\/p><\/td><td width=\"180\"><p>Mokyt. metodinink\u0117<\/p><\/td><td width=\"276\"><p>Dail\u0117, grafika<\/p><\/td><\/tr><tr><td width=\"232\"><p>Janu\u0161kevi\u010dius Paulius<\/p><\/td><td width=\"180\"><p>Mokytojas<\/p><\/td><td width=\"276\"><p>Projektavimas<\/p><\/td><\/tr><tr><td width=\"232\"><p>Ju\u0161kevi\u010di\u016bt\u0117 Aist\u0117<\/p><\/td><td width=\"180\"><p>Vyr. mokytoja<\/p><\/td><td width=\"276\"><p>Dail\u0117, tapyba, akvarel\u0117<\/p><\/td><\/tr><tr><td width=\"232\"><p>Katkevi\u010di\u016bt\u0117 Virginija<\/p><\/td><td width=\"180\"><p>Mokyt. metodinink\u0117<\/p><\/td><td width=\"276\"><p>Dail\u0117, tekstil\u0117<\/p><\/td><\/tr><tr><td width=\"232\"><p>Lunskien\u0117 Danguol\u0117<\/p><\/td><td width=\"180\"><p>Mokyt. metodinink\u0117<\/p><\/td><td width=\"276\"><p>Dail\u0117, pie\u0161imas<\/p><\/td><\/tr><tr><td width=\"232\"><p>Mikalauskis Evaldas<\/p><\/td><td width=\"180\"><p>Mokyt. metodininkas<\/p><\/td><td width=\"276\"><p>Pie\u0161imas, grafika, \u0161riftas<\/p><\/td><\/tr><tr><td width=\"232\"><p>Mik\u0117nas Saulius<\/p><\/td><td width=\"180\"><p>Mokyt. metodininkas<\/p><\/td><td width=\"276\"><p>Dail\u0117s ir architekt\u016bros\u00a0istorija<\/p><\/td><\/tr><tr><td width=\"232\"><p>Miniauskait\u0117 Milda<\/p><\/td><td width=\"180\"><p>Mokytoja<\/p><\/td><td width=\"276\"><p>Dail\u0117s ir architekt\u016bros\u00a0istorija<\/p><\/td><\/tr><tr><td width=\"232\"><p>Rimkevi\u010dius Art\u016bras<\/p><\/td><td width=\"180\"><p>Vyr. mokytojas<\/p><\/td><td width=\"276\"><p>Pie\u0161imas, keramika, stiklas<\/p><\/td><\/tr><tr><td width=\"232\"><p>Ruk\u0161\u0117nien\u0117 Dovil\u0117<\/p><\/td><td width=\"180\"><p>Mokyt. ekspert\u0117<\/p><\/td><td width=\"276\"><p>Dail\u0117, tekstil\u0117, pie\u0161imas<\/p><\/td><\/tr><tr><td width=\"232\"><p>\u0160lajien\u0117 Daiva<\/p><\/td><td width=\"180\"><p>Mokyt. metodinink\u0117<\/p><\/td><td width=\"276\"><p>Dail\u0117, pie\u0161imas, akvarel\u0117, tautodail\u0117<\/p><\/td><\/tr><tr><td width=\"232\"><p>\u0160lapikas Algimantas<\/p><\/td><td width=\"180\"><p>Mokyt. metodininkas<\/p><\/td><td width=\"276\"><p>Skulpt\u016bra<\/p><\/td><\/tr><tr><td width=\"232\"><p>\u0160le\u017eien\u0117 Birut\u0117<\/p><\/td><td width=\"180\"><p>Vyr. mokytoja<\/p><\/td><td width=\"276\"><p>Pie\u0161imas<\/p><\/td><\/tr><tr><td width=\"232\"><p>\u0160iupinskien\u0117 Neringa<\/p><\/td><td width=\"180\"><p>Mokyt. metodinink\u0117<\/p><\/td><td width=\"276\"><p>Dail\u0117, pie\u0161imas<\/p><\/td><\/tr><tr><td width=\"232\"><p>Vai\u010dys Gintautas<\/p><\/td><td width=\"180\"><p>Mokyt. metodininkas<\/p><\/td><td width=\"276\"><p>Tapyba, akvarel\u0117<\/p><\/td><\/tr><tr><td width=\"232\"><p>Zubrys Gintaras<\/p><\/td><td width=\"180\"><p>Vyr. mokytojas<\/p><\/td><td width=\"276\"><p>Tapyba, akvarel\u0117, dail\u0117<\/p><\/td><\/tr><tr><td width=\"232\"><p>\u017debrauskas Tadas<\/p><\/td><td width=\"180\"><p>Vyr. mokytojas<\/p><\/td><td width=\"276\"><p>Dizainas, projektavimas, dail\u0117<\/p><\/td><\/tr><tr><td width=\"232\"><p>\u017dilinskien\u0117 Ligija<\/p><\/td><td width=\"180\"><p>Mokytoja<\/p><\/td><td width=\"276\"><p>Dail\u0117, pie\u0161imas<\/p><\/td><\/tr><tr><td width=\"232\"><p>\u017dmuidien\u0117 Rasa<\/p><\/td><td width=\"180\"><p>Mokyt. ekspert\u0117<\/p><\/td><td width=\"276\"><p>Dail\u0117, grafika<\/p><\/td><\/tr><\/tbody><\/table>\t\t\t\t\t\t\t\t<\/div>\n\t\t\t\t<\/div>\n\t\t\t\t\t<\/div>\r\n\t\t\t\t<\/div>\r\n\t\t\t\t\t<\/div>\r\n\t\t\t\t<\/section>\r\n\t\t\t\t<\/div>\n\t\t","protected":false},"excerpt":{"rendered":"<p>Pavard\u0117, vardas Kvalifikacin\u0117 kategorija Mokomieji dalykai Bendinskas Lukas Mokytojas Fotografija \u010cepulien\u0117 Dalia Mokyt. metodinink\u0117 Dail\u0117, grafinis dizainas Stuogis Tauras Mokytojas Skulpt\u016bra Dadurkevi\u010dien\u0117 Giedr\u0117 Mokyt. metodinink\u0117 Dail\u0117, dizainas Dambrauskien\u0117 Jolanta Mokytoja Pie\u0161imas Da\u0161\u010diorien\u0117 Ingrida Vyr. mokytoja Pie\u0161imas Deveikis Mykolas Mokytojas Dizainas Galdikait\u0117 Jolanta Mokyt. metodinink\u0117 Dail\u0117, grafika Janu\u0161kevi\u010dius Paulius Mokytojas Projektavimas Ju\u0161kevi\u010di\u016bt\u0117 Aist\u0117 Vyr. mokytoja Dail\u0117, [&hellip;]<\/p>\n","protected":false},"author":2,"featured_media":0,"parent":0,"menu_order":0,"comment_status":"closed","ping_status":"closed","template":"","meta":{"footnotes":""},"class_list":["post-400","page","type-page","status-publish","hentry"],"_links":{"self":[{"href":"https:\/\/kadg.lt\/index.php\/wp-json\/wp\/v2\/pages\/400","targetHints":{"allow":["GET"]}}],"collection":[{"href":"https:\/\/kadg.lt\/index.php\/wp-json\/wp\/v2\/pages"}],"about":[{"href":"https:\/\/kadg.lt\/index.php\/wp-json\/wp\/v2\/types\/page"}],"author":[{"embeddable":true,"href":"https:\/\/kadg.lt\/index.php\/wp-json\/wp\/v2\/users\/2"}],"replies":[{"embeddable":true,"href":"https:\/\/kadg.lt\/index.php\/wp-json\/wp\/v2\/comments?post=400"}],"version-history":[{"count":62,"href":"https:\/\/kadg.lt\/index.php\/wp-json\/wp\/v2\/pages\/400\/revisions"}],"predecessor-version":[{"id":7981,"href":"https:\/\/kadg.lt\/index.php\/wp-json\/wp\/v2\/pages\/400\/revisions\/7981"}],"wp:attachment":[{"href":"https:\/\/kadg.lt\/index.php\/wp-json\/wp\/v2\/media?parent=400"}],"curies":[{"name":"wp","href":"https:\/\/api.w.org\/{rel}","templated":true}]}}