{"id":4123,"date":"2023-01-27T12:29:24","date_gmt":"2023-01-27T09:29:24","guid":{"rendered":"https:\/\/kadg.lt\/?page_id=4123"},"modified":"2023-01-27T12:37:01","modified_gmt":"2023-01-27T09:37:01","slug":"i-iv-gimn-kl-mokiniu-dailes-darbu-kaupimas-skaitmeniniame-aplanke","status":"publish","type":"page","link":"https:\/\/kadg.lt\/index.php\/i-iv-gimn-kl-mokiniu-dailes-darbu-kaupimas-skaitmeniniame-aplanke\/","title":{"rendered":"I-IV gimn. kl. mokini\u0173 dail\u0117s darb\u0173 kaupimas skaitmeniniame aplanke"},"content":{"rendered":"\t\t<div data-elementor-type=\"wp-page\" data-elementor-id=\"4123\" class=\"elementor elementor-4123\">\n\t\t\t\t\t\t<section class=\"elementor-section elementor-top-section elementor-element elementor-element-3e6689e elementor-section-boxed elementor-section-height-default elementor-section-height-default\" data-id=\"3e6689e\" data-element_type=\"section\">\r\n\t\t\r\n\t\t\t\t\t\t\t<div class=\"elementor-container elementor-column-gap-default\">\r\n\t\t\t\t\t\t\t\t\t\t\t<div class=\"elementor-column elementor-col-100 elementor-top-column elementor-element elementor-element-ef1fc3c\" data-id=\"ef1fc3c\" data-element_type=\"column\">\r\n\t\t\t\t\t<div class=\"elementor-widget-wrap elementor-element-populated\">\r\n\t\t\t\t\t\t\t\t<div class=\"elementor-element elementor-element-b5fecc5 elementor-widget elementor-widget-text-editor\" data-id=\"b5fecc5\" data-element_type=\"widget\" data-widget_type=\"text-editor.default\">\n\t\t\t\t<div class=\"elementor-widget-container\">\n\t\t\t\t\t\t\t\t\t<ul style=\"list-style-type: disc;\"><li><span style=\"font-size: 18px; color: #000000;\">Kauno dail\u0117s gimnazijos mokiniai nuo I gimn. klas\u0117s privalo rinkti \/ kaupti savo dail\u0117s darb\u0173 fotografijas skaitmeniniame aplanke (atmintuke, diske), siekiant parodyti \u012fgytas kompetencijas, sukaupt\u0105 patirt\u012f, asmenin\u012f k\u016brybin\u012f augim\u0105 bei planingai pasirengti dail\u0117s darb\u0173 portfolio 12 klas\u0117je.<\/span><\/li><li><span style=\"font-size: 18px; color: #000000;\">Reikalui esant (pvz., renkantis dail\u0117s \u0161ak\u0105 11 klas\u0117je ir kt.) mokinys darb\u0173 aplanko fotografijas gal\u0117t\u0173 pademonstruoti mokytojui\/-ams ir pretenduoti \u012f pageidaujam\u0105 srit\u012f.<\/span><\/li><li><span style=\"font-size: 18px; color: #000000;\">Dail\u0117s darb\u0173 aplankas turi b\u016bti pildomas kasmet nuo 9 klas\u0117s po kiekvienos per\u017ei\u016bros ir praktikos.<\/span><\/li><li><span style=\"font-size: 18px; color: #000000;\">\u012e aplank\u0105 rekomenduojama mokiniui d\u0117ti ne visus, o tik geriausius savo dail\u0117s darbus (iki 3 darb\u0173 i\u0161 kiekvieno dail\u0117s dalyko: pie\u0161imo, eskizavimo, tapybos, grafikos, dizaino, skulpt\u016bros, akvarel\u0117s ir kt.)<\/span><\/li><li><span style=\"font-size: 18px; color: #000000;\">Kaip fotografuoti dail\u0117s darbus (plok\u0161\u010di\u0105 ir erdvin\u012f objekt\u0105), pateikta prisegtuose dokumentuose (\u017er. \u017eemiau).<\/span><\/li><\/ul><p>\u00a0<\/p><ul style=\"list-style-type: disc;\"><li style=\"text-align: left;\"><a href=\"https:\/\/kadg.lt\/wp-content\/uploads\/2023\/01\/Kaip-fotografuoti-erdvini-objekta-.pdf\"><span style=\"font-size: 18px;\">Kaip-fotografuoti-erdvin\u012f-objekt\u0105<\/span><\/a><\/li><li style=\"text-align: left;\"><span style=\"font-size: 18px;\"><a href=\"https:\/\/kadg.lt\/wp-content\/uploads\/2023\/01\/Kaip-fotografuoti-plokscia-objekta.pdf\">Kaip-fotografuoti- plok\u0161\u010di\u0105- objekt\u0105<\/a><\/span><\/li><\/ul>\t\t\t\t\t\t\t\t<\/div>\n\t\t\t\t<\/div>\n\t\t\t\t\t<\/div>\r\n\t\t\t\t<\/div>\r\n\t\t\t\t\t<\/div>\r\n\t\t\t\t<\/section>\r\n\t\t\t\t<\/div>\n\t\t","protected":false},"excerpt":{"rendered":"<p>Kauno dail\u0117s gimnazijos mokiniai nuo I gimn. klas\u0117s privalo rinkti \/ kaupti savo dail\u0117s darb\u0173 fotografijas skaitmeniniame aplanke (atmintuke, diske), siekiant parodyti \u012fgytas kompetencijas, sukaupt\u0105 patirt\u012f, asmenin\u012f k\u016brybin\u012f augim\u0105 bei planingai pasirengti dail\u0117s darb\u0173 portfolio 12 klas\u0117je. Reikalui esant (pvz., renkantis dail\u0117s \u0161ak\u0105 11 klas\u0117je ir kt.) mokinys darb\u0173 aplanko fotografijas gal\u0117t\u0173 pademonstruoti mokytojui\/-ams ir [&hellip;]<\/p>\n","protected":false},"author":2,"featured_media":0,"parent":0,"menu_order":0,"comment_status":"closed","ping_status":"closed","template":"","meta":{"footnotes":""},"class_list":["post-4123","page","type-page","status-publish","hentry"],"_links":{"self":[{"href":"https:\/\/kadg.lt\/index.php\/wp-json\/wp\/v2\/pages\/4123","targetHints":{"allow":["GET"]}}],"collection":[{"href":"https:\/\/kadg.lt\/index.php\/wp-json\/wp\/v2\/pages"}],"about":[{"href":"https:\/\/kadg.lt\/index.php\/wp-json\/wp\/v2\/types\/page"}],"author":[{"embeddable":true,"href":"https:\/\/kadg.lt\/index.php\/wp-json\/wp\/v2\/users\/2"}],"replies":[{"embeddable":true,"href":"https:\/\/kadg.lt\/index.php\/wp-json\/wp\/v2\/comments?post=4123"}],"version-history":[{"count":7,"href":"https:\/\/kadg.lt\/index.php\/wp-json\/wp\/v2\/pages\/4123\/revisions"}],"predecessor-version":[{"id":4134,"href":"https:\/\/kadg.lt\/index.php\/wp-json\/wp\/v2\/pages\/4123\/revisions\/4134"}],"wp:attachment":[{"href":"https:\/\/kadg.lt\/index.php\/wp-json\/wp\/v2\/media?parent=4123"}],"curies":[{"name":"wp","href":"https:\/\/api.w.org\/{rel}","templated":true}]}}