{"id":4167,"date":"2023-02-03T14:31:45","date_gmt":"2023-02-03T11:31:45","guid":{"rendered":"https:\/\/kadg.lt\/?page_id=4167"},"modified":"2023-02-03T14:37:52","modified_gmt":"2023-02-03T11:37:52","slug":"karjeros-specialistu-tinklo-vystymas","status":"publish","type":"page","link":"https:\/\/kadg.lt\/index.php\/karjeros-specialistu-tinklo-vystymas\/","title":{"rendered":"Karjeros specialist\u0173 tinklo vystymas"},"content":{"rendered":"\t\t<div data-elementor-type=\"wp-page\" data-elementor-id=\"4167\" class=\"elementor elementor-4167\">\n\t\t\t\t\t\t<section class=\"elementor-section elementor-top-section elementor-element elementor-element-91721ff elementor-section-boxed elementor-section-height-default elementor-section-height-default\" data-id=\"91721ff\" data-element_type=\"section\">\r\n\t\t\r\n\t\t\t\t\t\t\t<div class=\"elementor-container elementor-column-gap-default\">\r\n\t\t\t\t\t\t\t\t\t\t\t<div class=\"elementor-column elementor-col-100 elementor-top-column elementor-element elementor-element-7c2d28f\" data-id=\"7c2d28f\" data-element_type=\"column\">\r\n\t\t\t\t\t<div class=\"elementor-widget-wrap elementor-element-populated\">\r\n\t\t\t\t\t\t\t\t<div class=\"elementor-element elementor-element-f8b9137 elementor-widget elementor-widget-text-editor\" data-id=\"f8b9137\" data-element_type=\"widget\" data-widget_type=\"text-editor.default\">\n\t\t\t\t<div class=\"elementor-widget-container\">\n\t\t\t\t\t\t\t\t\t<p><img decoding=\"async\" class=\"alignnone size-full wp-image-4170\" src=\"https:\/\/kadg.lt\/wp-content\/uploads\/2023\/02\/12.png\" alt=\"\" width=\"266\" height=\"96\" \/><\/p><p><strong>Karjeros specialist\u0173 tinklo vystymas <\/strong><\/p><p>Projekto \u201eKarjeros specialist\u0173 tinklo vystymas\u201c tikslas \u2013 u\u017etikrinti profesinio orientavimo paslaug\u0173 teikim\u0105 \u012fvairaus am\u017eiaus mokiniams bendrojo ugdymo, profesinio mokymo ir kitose \u0161vietimo \u012fstaigose.\u00a0<\/p><p>Projekto metu numatoma vystyti karjeros specialist\u0173 tinkl\u0105 ir u\u017etikrinti karjeros konsultavimo paslaug\u0173 teikim\u0105 mokiniams. Projekto metu bus \u012fdarbinti karjeros specialistai, teikiantys profesinio orientavimo paslaugas mokiniams bendrojo ugdymo mokyklose ar kitose \u0161vietimo \u012fstaigose. Numatoma, kad 2023 m. pabaigoje \u0161vietimo \u012fstaigose dirbs 380 karjeros specialist\u0173. Profesinis orientavimas bus vykdomas teikiant ugdymo karjerai, profesinio informavimo ir profesinio konsultavimo paslaugas.<\/p><p>Projekto trukm\u0117 \u2013 2022 m. rugs\u0117jo 13 d. \u2013 2023 m. gruod\u017eio 31 d.<br \/>Projekto finansavimo suma \u2013 9 998 172,97 Eur\u00a0<\/p><p>Projektas finansuojamas Ekonomikos gaivinimo ir atsparumo didinimo priemon\u0117s l\u0117\u0161omis.<\/p><p><strong>Kauno dail\u0117s gimnazija \u0161iame projekte dalyvauja kaip partneriai.<\/strong><\/p>\t\t\t\t\t\t\t\t<\/div>\n\t\t\t\t<\/div>\n\t\t\t\t\t<\/div>\r\n\t\t\t\t<\/div>\r\n\t\t\t\t\t<\/div>\r\n\t\t\t\t<\/section>\r\n\t\t\t\t<\/div>\n\t\t","protected":false},"excerpt":{"rendered":"<p>Karjeros specialist\u0173 tinklo vystymas Projekto \u201eKarjeros specialist\u0173 tinklo vystymas\u201c tikslas \u2013 u\u017etikrinti profesinio orientavimo paslaug\u0173 teikim\u0105 \u012fvairaus am\u017eiaus mokiniams bendrojo ugdymo, profesinio mokymo ir kitose \u0161vietimo \u012fstaigose.\u00a0 Projekto metu numatoma vystyti karjeros specialist\u0173 tinkl\u0105 ir u\u017etikrinti karjeros konsultavimo paslaug\u0173 teikim\u0105 mokiniams. Projekto metu bus \u012fdarbinti karjeros specialistai, teikiantys profesinio orientavimo paslaugas mokiniams bendrojo ugdymo mokyklose [&hellip;]<\/p>\n","protected":false},"author":2,"featured_media":0,"parent":0,"menu_order":0,"comment_status":"closed","ping_status":"closed","template":"","meta":{"footnotes":""},"class_list":["post-4167","page","type-page","status-publish","hentry"],"_links":{"self":[{"href":"https:\/\/kadg.lt\/index.php\/wp-json\/wp\/v2\/pages\/4167","targetHints":{"allow":["GET"]}}],"collection":[{"href":"https:\/\/kadg.lt\/index.php\/wp-json\/wp\/v2\/pages"}],"about":[{"href":"https:\/\/kadg.lt\/index.php\/wp-json\/wp\/v2\/types\/page"}],"author":[{"embeddable":true,"href":"https:\/\/kadg.lt\/index.php\/wp-json\/wp\/v2\/users\/2"}],"replies":[{"embeddable":true,"href":"https:\/\/kadg.lt\/index.php\/wp-json\/wp\/v2\/comments?post=4167"}],"version-history":[{"count":7,"href":"https:\/\/kadg.lt\/index.php\/wp-json\/wp\/v2\/pages\/4167\/revisions"}],"predecessor-version":[{"id":4177,"href":"https:\/\/kadg.lt\/index.php\/wp-json\/wp\/v2\/pages\/4167\/revisions\/4177"}],"wp:attachment":[{"href":"https:\/\/kadg.lt\/index.php\/wp-json\/wp\/v2\/media?parent=4167"}],"curies":[{"name":"wp","href":"https:\/\/api.w.org\/{rel}","templated":true}]}}