{"id":419,"date":"2021-04-15T10:03:13","date_gmt":"2021-04-15T07:03:13","guid":{"rendered":"http:\/\/kadg.lt\/?page_id=419"},"modified":"2026-01-13T12:02:55","modified_gmt":"2026-01-13T09:02:55","slug":"bendrojo-ugdymo-mokytojai-2","status":"publish","type":"page","link":"https:\/\/kadg.lt\/index.php\/bendrojo-ugdymo-mokytojai-2\/","title":{"rendered":"Bendrojo ugdymo mokytojai"},"content":{"rendered":"\t\t<div data-elementor-type=\"wp-page\" data-elementor-id=\"419\" class=\"elementor elementor-419\">\n\t\t\t\t\t\t<section class=\"elementor-section elementor-top-section elementor-element elementor-element-5b588af elementor-section-boxed elementor-section-height-default elementor-section-height-default\" data-id=\"5b588af\" data-element_type=\"section\">\r\n\t\t\r\n\t\t\t\t\t\t\t<div class=\"elementor-container elementor-column-gap-default\">\r\n\t\t\t\t\t\t\t\t\t\t\t<div class=\"elementor-column elementor-col-100 elementor-top-column elementor-element elementor-element-d12c59d\" data-id=\"d12c59d\" data-element_type=\"column\">\r\n\t\t\t\t\t<div class=\"elementor-widget-wrap elementor-element-populated\">\r\n\t\t\t\t\t\t\t\t<div class=\"elementor-element elementor-element-c9a6ee0 elementor-widget elementor-widget-text-editor\" data-id=\"c9a6ee0\" data-element_type=\"widget\" data-widget_type=\"text-editor.default\">\n\t\t\t\t<div class=\"elementor-widget-container\">\n\t\t\t\t\t\t\t\t\t<p>\u00a0<\/p><table><tbody><tr><td width=\"199\"><p><strong>Pavard\u0117, vardas <\/strong><\/p><\/td><td width=\"195\"><p><strong>Kvalifikacin\u0117 kategorija<\/strong><\/p><\/td><td width=\"215\"><p><strong>Mokomieji dalykai<\/strong><\/p><\/td><\/tr><tr><td width=\"199\">\u00a0<\/td><td width=\"195\">\u00a0<\/td><td width=\"215\">\u00a0<\/td><\/tr><tr><td width=\"199\"><p>Adamonyt\u0117 Laura<\/p><\/td><td width=\"195\"><p>Vyr. mokytoja<\/p><\/td><td width=\"215\"><p>Geografija<\/p><\/td><\/tr><tr><td width=\"199\"><p>Auglien\u0117 Palmira<\/p><\/td><td width=\"195\"><p>Mokyt. metodinink\u0117<\/p><\/td><td width=\"215\"><p>Biologija, gamta ir \u017emogus<\/p><\/td><\/tr><tr><td width=\"199\"><p>\u010cipkuvien\u0117 Raimonda<\/p><\/td><td width=\"195\"><p>Mokytoja<\/p><\/td><td width=\"215\"><p>Matematika<\/p><\/td><\/tr><tr><td width=\"199\"><p>Dr\u0105sutavi\u010di\u016bt\u0117 Natale Aist\u0117<\/p><\/td><td width=\"195\"><p>\u00a0Mokyt. metodinink\u0117<\/p><\/td><td width=\"215\"><p>Angl\u0173 kalba<\/p><\/td><\/tr><tr><td width=\"199\"><p>Dulevi\u010dien\u0117 Veneta<\/p><\/td><td width=\"195\"><p>Vyr. mokytoja<\/p><\/td><td width=\"215\"><p>Chemija<\/p><\/td><\/tr><tr><td width=\"199\"><p>Gird\u017eijausk\u0117 Gabriel\u0117<\/p><\/td><td width=\"195\"><p>Mokytoja<\/p><\/td><td width=\"215\"><p>K\u016bno kult\u016bra<\/p><\/td><\/tr><tr><td width=\"199\"><p>Jakinevi\u010dien\u0117 Rita<\/p><\/td><td width=\"195\"><p>Vyr. mokytoja<\/p><\/td><td width=\"215\"><p>Angl\u0173 kalba<\/p><\/td><\/tr><tr><td width=\"199\"><p>Jurkonyt\u0117 Skaidr\u0117<\/p><\/td><td width=\"195\"><p>Mokyt. metodinink\u0117<\/p><\/td><td width=\"215\"><p>Informacin\u0117s technologijos<\/p><\/td><\/tr><tr><td width=\"199\"><p>Karpavi\u010dien\u0117 Egl\u0117<\/p><\/td><td width=\"195\"><p>Vyr. mokytoja<\/p><\/td><td width=\"215\"><p>K\u016bno kult\u016bra<\/p><\/td><\/tr><tr><td width=\"199\"><p>Kell Vida<\/p><\/td><td width=\"195\"><p>Mokyt. metodinink\u0117<\/p><\/td><td width=\"215\"><p>Pradin\u0117s kl.<\/p><\/td><\/tr><tr><td width=\"199\"><p>Kurauskien\u0117 R\u016bta<\/p><\/td><td width=\"195\"><p>Mokytoja<\/p><\/td><td width=\"215\"><p>Matematika<\/p><\/td><\/tr><tr><td width=\"199\"><p>Markauskien\u0117 Daiva<\/p><\/td><td width=\"195\"><p>Mokyt. metodinink\u0117<\/p><\/td><td width=\"215\"><p>Lietuvi\u0173 kalba<\/p><\/td><\/tr><tr><td width=\"199\"><p>Mieliauskien\u0117 Nijol\u0117<\/p><\/td><td width=\"195\"><p>Vyr. mokytoja<\/p><\/td><td width=\"215\"><p>Lietuvi\u0173 kalba<\/p><\/td><\/tr><tr><td width=\"199\"><p>Mikuckien\u0117 Elada<\/p><\/td><td width=\"195\"><p>Vyr. mokytoja<\/p><\/td><td width=\"215\"><p>Istorija<\/p><\/td><\/tr><tr><td width=\"199\"><p>Mikuckis Saulius<\/p><\/td><td width=\"195\"><p>Mokyt. metodininkas<\/p><\/td><td width=\"215\"><p>Istorija<\/p><\/td><\/tr><tr><td width=\"199\"><p>Misi\u016bnien\u0117 Aurelija<\/p><\/td><td width=\"195\"><p>Mokyt. metodinink\u0117<\/p><\/td><td width=\"215\"><p>Lietuvi\u0173 kalba<\/p><\/td><\/tr><tr><td width=\"199\"><p>Nem\u010dinskien\u0117 Birut\u0117<\/p><\/td><td width=\"195\"><p>Mokyt. metodinink\u0117<\/p><\/td><td width=\"215\"><p>Muzika<\/p><\/td><\/tr><tr><td width=\"199\"><p>Nenachova Marina<\/p><\/td><td width=\"195\"><p>Vyr. mokytoja<\/p><\/td><td width=\"215\"><p>Vokie\u010di\u0173, rus\u0173 kalba<\/p><\/td><\/tr><tr><td width=\"199\"><p>Pe\u010di\u016brien\u0117 R\u016bta<\/p><\/td><td width=\"195\"><p>Mokyt. metodinink\u0117<\/p><\/td><td width=\"215\"><p>Pradin\u0117s kl.<\/p><\/td><\/tr><tr><td width=\"199\"><p>De Potestad Maria<\/p><\/td><td width=\"195\"><p>Mokytoja<\/p><\/td><td width=\"215\"><p>Ispan\u0173 kalba<\/p><\/td><\/tr><tr><td width=\"199\"><p>Ramanauskas Algimantas<\/p><\/td><td width=\"195\"><p>Vyr. mokytojas<\/p><\/td><td width=\"215\"><p>Fizika<\/p><\/td><\/tr><tr><td width=\"199\"><p>Skraskadamskien\u0117 Renata<\/p><\/td><td width=\"195\"><p>Vyr. mokytoja<\/p><\/td><td width=\"215\"><p>Pradin\u0117s kl.<\/p><\/td><\/tr><tr><td width=\"199\"><p>\u0160niokien\u0117 Violeta<\/p><\/td><td width=\"195\"><p>Mokyt. metodinink\u0117<\/p><\/td><td width=\"215\"><p>Pradin\u0117s kl.<\/p><\/td><\/tr><tr><td width=\"199\"><p>Stasiukynait\u0117 Renata<\/p><\/td><td width=\"195\"><p>Mokyt. metodinink\u0117<\/p><\/td><td width=\"215\"><p>Pranc\u016bz\u0173 kalba<\/p><\/td><\/tr><tr><td width=\"199\"><p>Veli\u010dka Gabrielius<\/p><\/td><td width=\"195\"><p>Vyr. mokytojas<\/p><\/td><td width=\"215\"><p>Tikyba<\/p><\/td><\/tr><tr><td width=\"199\"><p>Ti\u0161kus Aleksandras<\/p><\/td><td width=\"195\"><p>Mokyt. metodininkas<\/p><\/td><td width=\"215\"><p>Matematika<\/p><\/td><\/tr><tr><td width=\"199\"><p>Zablockien\u0117 Loreta<\/p><\/td><td width=\"195\"><p>Mokyt. metodinink\u0117<\/p><\/td><td width=\"215\"><p>Lietuvi\u0173 kalba<\/p><\/td><\/tr><tr><td width=\"199\"><p>Zujevait\u0117 Vitalija<\/p><\/td><td width=\"195\"><p>Vyr. mokytoja<\/p><\/td><td width=\"215\"><p>Etika, Gyvenimo \u012fg\u016bd\u017eiai<\/p><\/td><\/tr><\/tbody><\/table>\t\t\t\t\t\t\t\t<\/div>\n\t\t\t\t<\/div>\n\t\t\t\t\t<\/div>\r\n\t\t\t\t<\/div>\r\n\t\t\t\t\t<\/div>\r\n\t\t\t\t<\/section>\r\n\t\t\t\t<\/div>\n\t\t","protected":false},"excerpt":{"rendered":"<p>\u00a0 Pavard\u0117, vardas Kvalifikacin\u0117 kategorija Mokomieji dalykai \u00a0 \u00a0 \u00a0 Adamonyt\u0117 Laura Vyr. mokytoja Geografija Auglien\u0117 Palmira Mokyt. metodinink\u0117 Biologija, gamta ir \u017emogus \u010cipkuvien\u0117 Raimonda Mokytoja Matematika Dr\u0105sutavi\u010di\u016bt\u0117 Natale Aist\u0117 \u00a0Mokyt. metodinink\u0117 Angl\u0173 kalba Dulevi\u010dien\u0117 Veneta Vyr. mokytoja Chemija Gird\u017eijausk\u0117 Gabriel\u0117 Mokytoja K\u016bno kult\u016bra Jakinevi\u010dien\u0117 Rita Vyr. mokytoja Angl\u0173 kalba Jurkonyt\u0117 Skaidr\u0117 Mokyt. metodinink\u0117 Informacin\u0117s [&hellip;]<\/p>\n","protected":false},"author":2,"featured_media":0,"parent":0,"menu_order":0,"comment_status":"closed","ping_status":"closed","template":"","meta":{"footnotes":""},"class_list":["post-419","page","type-page","status-publish","hentry"],"_links":{"self":[{"href":"https:\/\/kadg.lt\/index.php\/wp-json\/wp\/v2\/pages\/419","targetHints":{"allow":["GET"]}}],"collection":[{"href":"https:\/\/kadg.lt\/index.php\/wp-json\/wp\/v2\/pages"}],"about":[{"href":"https:\/\/kadg.lt\/index.php\/wp-json\/wp\/v2\/types\/page"}],"author":[{"embeddable":true,"href":"https:\/\/kadg.lt\/index.php\/wp-json\/wp\/v2\/users\/2"}],"replies":[{"embeddable":true,"href":"https:\/\/kadg.lt\/index.php\/wp-json\/wp\/v2\/comments?post=419"}],"version-history":[{"count":85,"href":"https:\/\/kadg.lt\/index.php\/wp-json\/wp\/v2\/pages\/419\/revisions"}],"predecessor-version":[{"id":8042,"href":"https:\/\/kadg.lt\/index.php\/wp-json\/wp\/v2\/pages\/419\/revisions\/8042"}],"wp:attachment":[{"href":"https:\/\/kadg.lt\/index.php\/wp-json\/wp\/v2\/media?parent=419"}],"curies":[{"name":"wp","href":"https:\/\/api.w.org\/{rel}","templated":true}]}}