{"id":425,"date":"2021-04-15T10:08:52","date_gmt":"2021-04-15T07:08:52","guid":{"rendered":"http:\/\/kadg.lt\/?page_id=425"},"modified":"2026-04-13T15:47:09","modified_gmt":"2026-04-13T12:47:09","slug":"administracija-2","status":"publish","type":"page","link":"https:\/\/kadg.lt\/index.php\/administracija-2\/","title":{"rendered":"Administracija"},"content":{"rendered":"\t\t<div data-elementor-type=\"wp-page\" data-elementor-id=\"425\" class=\"elementor elementor-425\">\n\t\t\t\t\t\t<section class=\"elementor-section elementor-top-section elementor-element elementor-element-6d0b681 elementor-section-boxed elementor-section-height-default elementor-section-height-default\" data-id=\"6d0b681\" data-element_type=\"section\">\r\n\t\t\r\n\t\t\t\t\t\t\t<div class=\"elementor-container elementor-column-gap-default\">\r\n\t\t\t\t\t\t\t\t\t\t\t<div class=\"elementor-column elementor-col-100 elementor-top-column elementor-element elementor-element-2b6ade4\" data-id=\"2b6ade4\" data-element_type=\"column\">\r\n\t\t\t\t\t<div class=\"elementor-widget-wrap elementor-element-populated\">\r\n\t\t\t\t\t\t\t\t\t<\/div>\r\n\t\t\t\t<\/div>\r\n\t\t\t\t\t<\/div>\r\n\t\t\t\t<\/section>\r\n\t\t\t\t<section class=\"elementor-section elementor-top-section elementor-element elementor-element-38ad212 elementor-section-boxed elementor-section-height-default elementor-section-height-default\" data-id=\"38ad212\" data-element_type=\"section\">\r\n\t\t\r\n\t\t\t\t\t\t\t<div class=\"elementor-container elementor-column-gap-default\">\r\n\t\t\t\t\t\t\t\t\t\t\t<div class=\"elementor-column elementor-col-50 elementor-top-column elementor-element elementor-element-635972d\" data-id=\"635972d\" data-element_type=\"column\">\r\n\t\t\t\t\t<div class=\"elementor-widget-wrap elementor-element-populated\">\r\n\t\t\t\t\t\t\t\t<div class=\"elementor-element elementor-element-2f6c74e elementor-widget__width-initial elementor-widget elementor-widget-image\" data-id=\"2f6c74e\" data-element_type=\"widget\" data-widget_type=\"image.default\">\n\t\t\t\t<div class=\"elementor-widget-container\">\n\t\t\t\t\t\t\t\t\t\t\t\t\t\t\t<img fetchpriority=\"high\" decoding=\"async\" width=\"869\" height=\"1024\" src=\"https:\/\/kadg.lt\/wp-content\/uploads\/2024\/08\/011A-869x1024.jpg\" class=\"attachment-large size-large wp-image-6188\" alt=\"\" srcset=\"https:\/\/kadg.lt\/wp-content\/uploads\/2024\/08\/011A-869x1024.jpg 869w, https:\/\/kadg.lt\/wp-content\/uploads\/2024\/08\/011A-768x905.jpg 768w, https:\/\/kadg.lt\/wp-content\/uploads\/2024\/08\/011A-640x754.jpg 640w, https:\/\/kadg.lt\/wp-content\/uploads\/2024\/08\/011A-400x471.jpg 400w, https:\/\/kadg.lt\/wp-content\/uploads\/2024\/08\/011A-367x432.jpg 367w, https:\/\/kadg.lt\/wp-content\/uploads\/2024\/08\/011A-600x707.jpg 600w\" sizes=\"(max-width: 869px) 100vw, 869px\" \/>\t\t\t\t\t\t\t\t\t\t\t\t\t\t\t<\/div>\n\t\t\t\t<\/div>\n\t\t\t\t\t<\/div>\r\n\t\t\t\t<\/div>\r\n\t\t\t\t<div class=\"elementor-column elementor-col-50 elementor-top-column elementor-element elementor-element-bb4926e\" data-id=\"bb4926e\" data-element_type=\"column\">\r\n\t\t\t\t\t<div class=\"elementor-widget-wrap elementor-element-populated\">\r\n\t\t\t\t\t\t\t\t<div class=\"elementor-element elementor-element-e1fa76f elementor-widget__width-initial elementor-widget elementor-widget-text-editor\" data-id=\"e1fa76f\" data-element_type=\"widget\" data-widget_type=\"text-editor.default\">\n\t\t\t\t<div class=\"elementor-widget-container\">\n\t\t\t\t\t\t\t\t\t<p><strong><em>\u00a0\u00a0 \u00a0 Direktor\u0117<\/em><\/strong><\/p><p>\u00a0\u00a0\u00a0\u00a0 Rusn\u0117 Marija Voverien\u0117<\/p><p>\u00a0 \u00a0\u00a0 baig\u0117 VU, filolog\u0117, lietuvi\u0173 kalbos ir literat\u016bros d\u0117stytoja. Lietuvi\u0173 kalbos mokytoja metodinink\u0117.<\/p><p>\u00a0\u00a0\u00a0\u00a0\u00a0\u00a0 II vadybin\u0117 kategorija.<\/p><ul><li><a href=\"https:\/\/kadg.lt\/wp-content\/uploads\/2023\/11\/Pareigybes-aprasymas.pdf\"><span style=\"color: #808080;\">Pareigyb\u0117s apra\u0161ymas<\/span><\/a><\/li><li><a href=\"https:\/\/kadg.lt\/wp-content\/uploads\/2023\/12\/Gyvenimo-aprasymas.pdf\"><span style=\"color: #808080;\">Gyvenimo apra\u0161ymas<\/span><\/a><\/li><\/ul><div>\u00a0\u00a0\u00a0\u00a0\u00a0\u00a0\u00a0\u00a0 +370 37 407085<br \/>\u00a0\u00a0\u00a0\u00a0\u00a0\u00a0\u00a0\u00a0 el.pa\u0161tas:\u00a0 rusne.voveriene@kadg.lt<\/div><div>\u00a0<\/div><div>\u00a0 \u00a0 \u00a0 \u00a0 \u00a0Direktor\u0117 atostogauja baland\u017eio 17-22 d.d.\u00a0<\/div><div>\u00a0 \u00a0 \u00a0 \u00a0 Atostog\u0173 metu j\u0105 vaduoja pavaduotoja meniniam ugdymui\u00a0 Aurelija Misi\u016bnien\u0117<\/div><div>\u00a0<\/div><div>\u00a0<\/div>\t\t\t\t\t\t\t\t<\/div>\n\t\t\t\t<\/div>\n\t\t\t\t\t<\/div>\r\n\t\t\t\t<\/div>\r\n\t\t\t\t\t<\/div>\r\n\t\t\t\t<\/section>\r\n\t\t\t\t<section class=\"elementor-section elementor-top-section elementor-element elementor-element-72cae44 elementor-section-boxed elementor-section-height-default elementor-section-height-default\" data-id=\"72cae44\" data-element_type=\"section\">\r\n\t\t\r\n\t\t\t\t\t\t\t<div class=\"elementor-container elementor-column-gap-default\">\r\n\t\t\t\t\t\t\t\t\t\t\t<div class=\"elementor-column elementor-col-50 elementor-top-column elementor-element elementor-element-a591385\" data-id=\"a591385\" data-element_type=\"column\">\r\n\t\t\t\t\t<div class=\"elementor-widget-wrap elementor-element-populated\">\r\n\t\t\t\t\t\t\t\t<div class=\"elementor-element elementor-element-86d3edd elementor-widget__width-initial elementor-widget elementor-widget-image\" data-id=\"86d3edd\" data-element_type=\"widget\" data-widget_type=\"image.default\">\n\t\t\t\t<div class=\"elementor-widget-container\">\n\t\t\t\t\t\t\t\t\t\t\t\t\t\t\t<img decoding=\"async\" width=\"813\" height=\"1024\" src=\"https:\/\/kadg.lt\/wp-content\/uploads\/2024\/08\/08A-813x1024.jpg\" class=\"attachment-large size-large wp-image-6192\" alt=\"\" srcset=\"https:\/\/kadg.lt\/wp-content\/uploads\/2024\/08\/08A-813x1024.jpg 813w, https:\/\/kadg.lt\/wp-content\/uploads\/2024\/08\/08A-768x967.jpg 768w, https:\/\/kadg.lt\/wp-content\/uploads\/2024\/08\/08A-640x806.jpg 640w, https:\/\/kadg.lt\/wp-content\/uploads\/2024\/08\/08A-400x504.jpg 400w, https:\/\/kadg.lt\/wp-content\/uploads\/2024\/08\/08A-367x462.jpg 367w, https:\/\/kadg.lt\/wp-content\/uploads\/2024\/08\/08A-600x755.jpg 600w\" sizes=\"(max-width: 813px) 100vw, 813px\" \/>\t\t\t\t\t\t\t\t\t\t\t\t\t\t\t<\/div>\n\t\t\t\t<\/div>\n\t\t\t\t\t<\/div>\r\n\t\t\t\t<\/div>\r\n\t\t\t\t<div class=\"elementor-column elementor-col-50 elementor-top-column elementor-element elementor-element-4e6eac6\" data-id=\"4e6eac6\" data-element_type=\"column\">\r\n\t\t\t\t\t<div class=\"elementor-widget-wrap elementor-element-populated\">\r\n\t\t\t\t\t\t\t\t<div class=\"elementor-element elementor-element-7b06342 elementor-widget__width-initial elementor-widget elementor-widget-text-editor\" data-id=\"7b06342\" data-element_type=\"widget\" data-widget_type=\"text-editor.default\">\n\t\t\t\t<div class=\"elementor-widget-container\">\n\t\t\t\t\t\t\t\t\t<p><strong><em>Direktoriaus pavaduotoja \u00a0ugdymui<\/em><\/strong><\/p><p>Elada Mikuckien\u0117<\/p><p>III vadybin\u0117 kategorija.<\/p><ul><li><a href=\"https:\/\/kadg.lt\/wp-content\/uploads\/2023\/12\/Pareigybes-aprasymas-1.pdf\"><span style=\"color: #808080;\">Pareigyb\u0117s apra\u0161ymas<\/span><\/a><\/li><li><a href=\"https:\/\/kadg.lt\/wp-content\/uploads\/2023\/12\/Gyvenimo-aprasymas-1.pdf\"><span style=\"color: #808080;\">Gyvenimo apra\u0161ymas<\/span><\/a><\/li><\/ul><p>\u00a0\u00a0\u00a0\u00a0\u00a0\u00a0\u00a0 +370 684 20526<br \/>\u00a0\u00a0\u00a0\u00a0\u00a0\u00a0\u00a0\u00a0 el.pa\u0161tas:\u00a0 elada.mikuckiene@kadg.lt<\/p>\t\t\t\t\t\t\t\t<\/div>\n\t\t\t\t<\/div>\n\t\t\t\t\t<\/div>\r\n\t\t\t\t<\/div>\r\n\t\t\t\t\t<\/div>\r\n\t\t\t\t<\/section>\r\n\t\t\t\t<section class=\"elementor-section elementor-top-section elementor-element elementor-element-64f15e7 elementor-section-boxed elementor-section-height-default elementor-section-height-default\" data-id=\"64f15e7\" data-element_type=\"section\">\r\n\t\t\r\n\t\t\t\t\t\t\t<div class=\"elementor-container elementor-column-gap-default\">\r\n\t\t\t\t\t\t\t\t\t\t\t<div class=\"elementor-column elementor-col-50 elementor-top-column elementor-element elementor-element-e958f74\" data-id=\"e958f74\" data-element_type=\"column\">\r\n\t\t\t\t\t<div class=\"elementor-widget-wrap elementor-element-populated\">\r\n\t\t\t\t\t\t\t\t<div class=\"elementor-element elementor-element-d472e88 elementor-widget__width-initial elementor-widget elementor-widget-image\" data-id=\"d472e88\" data-element_type=\"widget\" data-widget_type=\"image.default\">\n\t\t\t\t<div class=\"elementor-widget-container\">\n\t\t\t\t\t\t\t\t\t\t\t\t\t\t\t<img decoding=\"async\" width=\"794\" height=\"1024\" src=\"https:\/\/kadg.lt\/wp-content\/uploads\/2024\/08\/09A-794x1024.jpg\" class=\"attachment-large size-large wp-image-6194\" alt=\"\" srcset=\"https:\/\/kadg.lt\/wp-content\/uploads\/2024\/08\/09A-794x1024.jpg 794w, https:\/\/kadg.lt\/wp-content\/uploads\/2024\/08\/09A-768x990.jpg 768w, https:\/\/kadg.lt\/wp-content\/uploads\/2024\/08\/09A-640x825.jpg 640w, https:\/\/kadg.lt\/wp-content\/uploads\/2024\/08\/09A-400x516.jpg 400w, https:\/\/kadg.lt\/wp-content\/uploads\/2024\/08\/09A-367x473.jpg 367w, https:\/\/kadg.lt\/wp-content\/uploads\/2024\/08\/09A-600x773.jpg 600w\" sizes=\"(max-width: 794px) 100vw, 794px\" \/>\t\t\t\t\t\t\t\t\t\t\t\t\t\t\t<\/div>\n\t\t\t\t<\/div>\n\t\t\t\t\t<\/div>\r\n\t\t\t\t<\/div>\r\n\t\t\t\t<div class=\"elementor-column elementor-col-50 elementor-top-column elementor-element elementor-element-42449dd\" data-id=\"42449dd\" data-element_type=\"column\">\r\n\t\t\t\t\t<div class=\"elementor-widget-wrap elementor-element-populated\">\r\n\t\t\t\t\t\t\t\t<div class=\"elementor-element elementor-element-22ac24d elementor-widget elementor-widget-text-editor\" data-id=\"22ac24d\" data-element_type=\"widget\" data-widget_type=\"text-editor.default\">\n\t\t\t\t<div class=\"elementor-widget-container\">\n\t\t\t\t\t\t\t\t\t<p><strong><em>Direktoriaus pavaduotoja meniniam ugdymui <\/em><\/strong><\/p><p>Aurelija Misi\u016bnien\u0117<\/p><ul><li><a href=\"https:\/\/kadg.lt\/wp-content\/uploads\/2023\/12\/Pareigybes-aprasymas.pdf\"><span style=\"color: #808080;\">Pareigyb\u0117s apra\u0161ymas<\/span><\/a><\/li><li><a href=\"https:\/\/kadg.lt\/wp-content\/uploads\/2023\/12\/Gyvenimo-aprasymas-2.pdf\"><span style=\"color: #808080;\">Gyvenimo apra\u0161ymas<\/span><\/a><\/li><\/ul><p>\u00a0\u00a0\u00a0\u00a0 \u00a0\u00a0 +370 674 17720<br \/>\u00a0\u00a0\u00a0\u00a0\u00a0 \u00a0\u00a0 el.pa\u0161tas:\u00a0 aurelija.misiuniene@kadg.lt<\/p>\t\t\t\t\t\t\t\t<\/div>\n\t\t\t\t<\/div>\n\t\t\t\t\t<\/div>\r\n\t\t\t\t<\/div>\r\n\t\t\t\t\t<\/div>\r\n\t\t\t\t<\/section>\r\n\t\t\t\t<section class=\"elementor-section elementor-top-section elementor-element elementor-element-d736132 elementor-section-boxed elementor-section-height-default elementor-section-height-default\" data-id=\"d736132\" data-element_type=\"section\">\r\n\t\t\r\n\t\t\t\t\t\t\t<div class=\"elementor-container elementor-column-gap-default\">\r\n\t\t\t\t\t\t\t\t\t\t\t<div class=\"elementor-column elementor-col-50 elementor-top-column elementor-element elementor-element-e5711a0\" data-id=\"e5711a0\" data-element_type=\"column\">\r\n\t\t\t\t\t<div class=\"elementor-widget-wrap elementor-element-populated\">\r\n\t\t\t\t\t\t\t\t<div class=\"elementor-element elementor-element-eb1c51f elementor-widget__width-initial elementor-widget elementor-widget-image\" data-id=\"eb1c51f\" data-element_type=\"widget\" data-widget_type=\"image.default\">\n\t\t\t\t<div class=\"elementor-widget-container\">\n\t\t\t\t\t\t\t\t\t\t\t\t\t\t\t<img loading=\"lazy\" decoding=\"async\" width=\"851\" height=\"1024\" src=\"https:\/\/kadg.lt\/wp-content\/uploads\/2024\/08\/07A-851x1024.jpg\" class=\"attachment-large size-large wp-image-6195\" alt=\"\" srcset=\"https:\/\/kadg.lt\/wp-content\/uploads\/2024\/08\/07A-851x1024.jpg 851w, https:\/\/kadg.lt\/wp-content\/uploads\/2024\/08\/07A-768x924.jpg 768w, https:\/\/kadg.lt\/wp-content\/uploads\/2024\/08\/07A-640x770.jpg 640w, https:\/\/kadg.lt\/wp-content\/uploads\/2024\/08\/07A-400x481.jpg 400w, https:\/\/kadg.lt\/wp-content\/uploads\/2024\/08\/07A-367x441.jpg 367w, https:\/\/kadg.lt\/wp-content\/uploads\/2024\/08\/07A-600x722.jpg 600w\" sizes=\"(max-width: 851px) 100vw, 851px\" \/>\t\t\t\t\t\t\t\t\t\t\t\t\t\t\t<\/div>\n\t\t\t\t<\/div>\n\t\t\t\t\t<\/div>\r\n\t\t\t\t<\/div>\r\n\t\t\t\t<div class=\"elementor-column elementor-col-50 elementor-top-column elementor-element elementor-element-c15f3d0\" data-id=\"c15f3d0\" data-element_type=\"column\">\r\n\t\t\t\t\t<div class=\"elementor-widget-wrap elementor-element-populated\">\r\n\t\t\t\t\t\t\t\t<div class=\"elementor-element elementor-element-62a6074 elementor-widget elementor-widget-text-editor\" data-id=\"62a6074\" data-element_type=\"widget\" data-widget_type=\"text-editor.default\">\n\t\t\t\t<div class=\"elementor-widget-container\">\n\t\t\t\t\t\t\t\t\t<p><strong><em>Direktoriaus pavaduotojas administracijai ir \u016bkiui<\/em><\/strong><\/p><p>Bronius Dubavi\u010dius<\/p><ul><li><a href=\"https:\/\/kadg.lt\/wp-content\/uploads\/2023\/12\/Pareigybes-aprasymas-2.pdf\"><span style=\"color: #808080;\">Pareigyb\u0117s apra\u0161ymas<\/span><\/a><\/li><\/ul><p>\u00a0\u00a0\u00a0\u00a0\u00a0\u00a0\u00a0\u00a0 +370 679 48400<br \/>\u00a0\u00a0\u00a0\u00a0\u00a0\u00a0\u00a0\u00a0 el.pa\u0161tas:\u00a0 bronius.dubavicius@kadg.lt<\/p>\t\t\t\t\t\t\t\t<\/div>\n\t\t\t\t<\/div>\n\t\t\t\t\t<\/div>\r\n\t\t\t\t<\/div>\r\n\t\t\t\t\t<\/div>\r\n\t\t\t\t<\/section>\r\n\t\t\t\t<\/div>\n\t\t","protected":false},"excerpt":{"rendered":"<p>\u00a0\u00a0 \u00a0 Direktor\u0117 \u00a0\u00a0\u00a0\u00a0 Rusn\u0117 Marija Voverien\u0117 \u00a0 \u00a0\u00a0 baig\u0117 VU, filolog\u0117, lietuvi\u0173 kalbos ir literat\u016bros d\u0117stytoja. Lietuvi\u0173 kalbos mokytoja metodinink\u0117. \u00a0\u00a0\u00a0\u00a0\u00a0\u00a0 II vadybin\u0117 kategorija. Pareigyb\u0117s apra\u0161ymas Gyvenimo apra\u0161ymas \u00a0\u00a0\u00a0\u00a0\u00a0\u00a0\u00a0\u00a0 +370 37 407085\u00a0\u00a0\u00a0\u00a0\u00a0\u00a0\u00a0\u00a0 el.pa\u0161tas:\u00a0 rusne.voveriene@kadg.lt\u00a0\u00a0 \u00a0 \u00a0 \u00a0 \u00a0Direktor\u0117 atostogauja baland\u017eio 17-22 d.d.\u00a0\u00a0 \u00a0 \u00a0 \u00a0 Atostog\u0173 metu j\u0105 vaduoja pavaduotoja meniniam ugdymui\u00a0 Aurelija Misi\u016bnien\u0117\u00a0\u00a0 [&hellip;]<\/p>\n","protected":false},"author":2,"featured_media":0,"parent":0,"menu_order":0,"comment_status":"closed","ping_status":"closed","template":"","meta":{"footnotes":""},"class_list":["post-425","page","type-page","status-publish","hentry"],"_links":{"self":[{"href":"https:\/\/kadg.lt\/index.php\/wp-json\/wp\/v2\/pages\/425","targetHints":{"allow":["GET"]}}],"collection":[{"href":"https:\/\/kadg.lt\/index.php\/wp-json\/wp\/v2\/pages"}],"about":[{"href":"https:\/\/kadg.lt\/index.php\/wp-json\/wp\/v2\/types\/page"}],"author":[{"embeddable":true,"href":"https:\/\/kadg.lt\/index.php\/wp-json\/wp\/v2\/users\/2"}],"replies":[{"embeddable":true,"href":"https:\/\/kadg.lt\/index.php\/wp-json\/wp\/v2\/comments?post=425"}],"version-history":[{"count":184,"href":"https:\/\/kadg.lt\/index.php\/wp-json\/wp\/v2\/pages\/425\/revisions"}],"predecessor-version":[{"id":8344,"href":"https:\/\/kadg.lt\/index.php\/wp-json\/wp\/v2\/pages\/425\/revisions\/8344"}],"wp:attachment":[{"href":"https:\/\/kadg.lt\/index.php\/wp-json\/wp\/v2\/media?parent=425"}],"curies":[{"name":"wp","href":"https:\/\/api.w.org\/{rel}","templated":true}]}}