{"id":4254,"date":"2023-02-24T12:39:36","date_gmt":"2023-02-24T09:39:36","guid":{"rendered":"https:\/\/kadg.lt\/?page_id=4254"},"modified":"2024-02-13T12:11:01","modified_gmt":"2024-02-13T09:11:01","slug":"2022-m-viesuju-pirkimu-planai","status":"publish","type":"page","link":"https:\/\/kadg.lt\/index.php\/2022-m-viesuju-pirkimu-planai\/","title":{"rendered":"2022 m. Vie\u0161\u0173j\u0173 pirkim\u0173 planai"},"content":{"rendered":"\t\t<div data-elementor-type=\"wp-page\" data-elementor-id=\"4254\" class=\"elementor elementor-4254\">\n\t\t\t\t\t\t<section class=\"elementor-section elementor-top-section elementor-element elementor-element-495fd2b elementor-section-boxed elementor-section-height-default elementor-section-height-default\" data-id=\"495fd2b\" data-element_type=\"section\">\r\n\t\t\r\n\t\t\t\t\t\t\t<div class=\"elementor-container elementor-column-gap-default\">\r\n\t\t\t\t\t\t\t\t\t\t\t<div class=\"elementor-column elementor-col-100 elementor-top-column elementor-element elementor-element-62e25dc\" data-id=\"62e25dc\" data-element_type=\"column\">\r\n\t\t\t\t\t<div class=\"elementor-widget-wrap elementor-element-populated\">\r\n\t\t\t\t\t\t\t\t<div class=\"elementor-element elementor-element-77a004e elementor-widget elementor-widget-text-editor\" data-id=\"77a004e\" data-element_type=\"widget\" data-widget_type=\"text-editor.default\">\n\t\t\t\t<div class=\"elementor-widget-container\">\n\t\t\t\t\t\t\t\t\t<ul><li><a href=\"https:\/\/kadg.lt\/wp-content\/uploads\/2022\/03\/2022-m.-Viesuju-pirkimu-planas-Nr.-1.pdf\">2022 m. Vie\u0161\u0173j\u0173 pirkim\u0173 planas Nr. 1<\/a><\/li><li><a href=\"https:\/\/kadg.lt\/wp-content\/uploads\/2022\/04\/2022-m.-Viesuju-pirkimu-planas-Nr.-2.pdf\">2022 m. Vie\u0161\u0173j\u0173 pirkim\u0173 planas Nr. 2<\/a><\/li><li><a href=\"https:\/\/kadg.lt\/wp-content\/uploads\/2022\/06\/2022-m.-Viesuju-pirkimu-planas-Nr.-3.pdf\">2022 m. Vie\u0161\u0173j\u0173 pirkim\u0173 planas Nr. 3<\/a><\/li><li><a href=\"https:\/\/kadg.lt\/wp-content\/uploads\/2022\/09\/2022-m.-Viesuju-pirkimu-planas-Nr.-4.pdf\">2022 m. Vie\u0161\u0173j\u0173 pirkim\u0173 planas Nr. 4<\/a><\/li><li><a href=\"https:\/\/kadg.lt\/wp-content\/uploads\/2022\/11\/2022-m.-Viesuju-pirkimu-planas-Nr.5.pdf\">2022 m. Vie\u0161\u0173j\u0173 pirkim\u0173 planas Nr. 5<\/a><\/li><li><a href=\"https:\/\/kadg.lt\/wp-content\/uploads\/2023\/01\/2022-m.-Viesuju-pirkimu-planas-Nr.6.pdf\">2022 m. Vie\u0161\u0173j\u0173 pirkim\u0173 planas Nr. 6<\/a><\/li><li>ATn-3 ataskaita\u00a0 &#8211;<a href=\"https:\/\/cvpp.eviesiejipirkimai.lt\/ReportsOrProtocol\/Details\/2023-696626?formTypeId=3\">https:\/\/cvpp.eviesiejipirkimai.lt\/ReportsOrProtocol\/Details\/2023-696626?formTypeId=3<\/a><\/li><\/ul>\t\t\t\t\t\t\t\t<\/div>\n\t\t\t\t<\/div>\n\t\t\t\t\t<\/div>\r\n\t\t\t\t<\/div>\r\n\t\t\t\t\t<\/div>\r\n\t\t\t\t<\/section>\r\n\t\t\t\t<\/div>\n\t\t","protected":false},"excerpt":{"rendered":"<p>2022 m. Vie\u0161\u0173j\u0173 pirkim\u0173 planas Nr. 1 2022 m. Vie\u0161\u0173j\u0173 pirkim\u0173 planas Nr. 2 2022 m. Vie\u0161\u0173j\u0173 pirkim\u0173 planas Nr. 3 2022 m. Vie\u0161\u0173j\u0173 pirkim\u0173 planas Nr. 4 2022 m. Vie\u0161\u0173j\u0173 pirkim\u0173 planas Nr. 5 2022 m. Vie\u0161\u0173j\u0173 pirkim\u0173 planas Nr. 6 ATn-3 ataskaita\u00a0 &#8211;https:\/\/cvpp.eviesiejipirkimai.lt\/ReportsOrProtocol\/Details\/2023-696626?formTypeId=3<\/p>\n","protected":false},"author":2,"featured_media":0,"parent":0,"menu_order":0,"comment_status":"closed","ping_status":"closed","template":"","meta":{"footnotes":""},"class_list":["post-4254","page","type-page","status-publish","hentry"],"_links":{"self":[{"href":"https:\/\/kadg.lt\/index.php\/wp-json\/wp\/v2\/pages\/4254","targetHints":{"allow":["GET"]}}],"collection":[{"href":"https:\/\/kadg.lt\/index.php\/wp-json\/wp\/v2\/pages"}],"about":[{"href":"https:\/\/kadg.lt\/index.php\/wp-json\/wp\/v2\/types\/page"}],"author":[{"embeddable":true,"href":"https:\/\/kadg.lt\/index.php\/wp-json\/wp\/v2\/users\/2"}],"replies":[{"embeddable":true,"href":"https:\/\/kadg.lt\/index.php\/wp-json\/wp\/v2\/comments?post=4254"}],"version-history":[{"count":7,"href":"https:\/\/kadg.lt\/index.php\/wp-json\/wp\/v2\/pages\/4254\/revisions"}],"predecessor-version":[{"id":5580,"href":"https:\/\/kadg.lt\/index.php\/wp-json\/wp\/v2\/pages\/4254\/revisions\/5580"}],"wp:attachment":[{"href":"https:\/\/kadg.lt\/index.php\/wp-json\/wp\/v2\/media?parent=4254"}],"curies":[{"name":"wp","href":"https:\/\/api.w.org\/{rel}","templated":true}]}}