{"id":433,"date":"2021-04-15T10:18:38","date_gmt":"2021-04-15T07:18:38","guid":{"rendered":"http:\/\/kadg.lt\/?page_id=433"},"modified":"2023-01-11T13:44:29","modified_gmt":"2023-01-11T10:44:29","slug":"administracija-3","status":"publish","type":"page","link":"https:\/\/kadg.lt\/index.php\/administracija-3\/","title":{"rendered":"Administracija"},"content":{"rendered":"\t\t<div data-elementor-type=\"wp-page\" data-elementor-id=\"433\" class=\"elementor elementor-433\">\n\t\t\t\t\t\t<section class=\"elementor-section elementor-top-section elementor-element elementor-element-7a50543 elementor-section-boxed elementor-section-height-default elementor-section-height-default\" data-id=\"7a50543\" data-element_type=\"section\">\r\n\t\t\r\n\t\t\t\t\t\t\t<div class=\"elementor-container elementor-column-gap-default\">\r\n\t\t\t\t\t\t\t\t\t\t\t<div class=\"elementor-column elementor-col-100 elementor-top-column elementor-element elementor-element-2b7bb41\" data-id=\"2b7bb41\" data-element_type=\"column\">\r\n\t\t\t\t\t<div class=\"elementor-widget-wrap elementor-element-populated\">\r\n\t\t\t\t\t\t\t\t<div class=\"elementor-element elementor-element-a9cca66 elementor-widget elementor-widget-text-editor\" data-id=\"a9cca66\" data-element_type=\"widget\" data-widget_type=\"text-editor.default\">\n\t\t\t\t<div class=\"elementor-widget-container\">\n\t\t\t\t\t\t\t\t\t<p><span style=\"color: #000000;\">Direktor\u0117<\/span><br \/><span style=\"color: #000000;\">Rusn\u0117 Marija Voverien\u0117<\/span><br \/><span style=\"color: #000000;\">Tel. 8 37 407 085<\/span><\/p><p><span style=\"color: #000000;\">Direktoriaus pavaduotoja ugdymui<\/span><br \/><span style=\"color: #000000;\">Elada Mikuckien\u0117<\/span><br \/><span style=\"color: #000000;\">Tel. 8 684 20 526<\/span><\/p><p><span style=\"color: #000000;\">Direktoriaus pavaduotojas administracijai ir \u016bkiui<\/span><br \/><span style=\"color: #000000;\">Bronius Dubavi\u010dius<\/span><br \/><span style=\"color: #000000;\">Tel. 8 37 407 092<\/span><br \/><span style=\"color: #000000;\">Mob. tel. 8 679 48400<\/span><\/p><p><span style=\"color: #000000;\">Vyr. buhalter\u0117<\/span><br \/><span style=\"color: #000000;\">Sonata Dabulskien\u0117<\/span><br \/><span style=\"color: #000000;\">Tel. 8 37 407 086<\/span><\/p><p><span style=\"color: #000000;\">Ra\u0161tin\u0117s ved\u0117ja<\/span><br \/><span style=\"color: #000000;\">Sonata Dabulskien\u0117<\/span><\/p><p><span style=\"color: #000000;\">Sekretor\u0117<\/span><br \/><span style=\"color: #000000;\">Raimonda Mick\u016bnien\u0117<\/span><br \/><span style=\"color: #000000;\">Tel. 8 614 33166<\/span><\/p><p><span style=\"color: #000000;\">Bibliotekinink\u0117<\/span><br \/><span style=\"color: #000000;\">Rasa Gabal\u0117<\/span><br \/><span style=\"color: #000000;\">Tel. 8 605 75808<\/span><\/p>\t\t\t\t\t\t\t\t<\/div>\n\t\t\t\t<\/div>\n\t\t\t\t\t<\/div>\r\n\t\t\t\t<\/div>\r\n\t\t\t\t\t<\/div>\r\n\t\t\t\t<\/section>\r\n\t\t\t\t<\/div>\n\t\t","protected":false},"excerpt":{"rendered":"<p>Direktor\u0117Rusn\u0117 Marija Voverien\u0117Tel. 8 37 407 085 Direktoriaus pavaduotoja ugdymuiElada Mikuckien\u0117Tel. 8 684 20 526 Direktoriaus pavaduotojas administracijai ir \u016bkiuiBronius Dubavi\u010diusTel. 8 37 407 092Mob. tel. 8 679 48400 Vyr. buhalter\u0117Sonata Dabulskien\u0117Tel. 8 37 407 086 Ra\u0161tin\u0117s ved\u0117jaSonata Dabulskien\u0117 Sekretor\u0117Raimonda Mick\u016bnien\u0117Tel. 8 614 33166 Bibliotekinink\u0117Rasa Gabal\u0117Tel. 8 605 75808<\/p>\n","protected":false},"author":2,"featured_media":0,"parent":0,"menu_order":0,"comment_status":"closed","ping_status":"closed","template":"","meta":{"footnotes":""},"class_list":["post-433","page","type-page","status-publish","hentry"],"_links":{"self":[{"href":"https:\/\/kadg.lt\/index.php\/wp-json\/wp\/v2\/pages\/433","targetHints":{"allow":["GET"]}}],"collection":[{"href":"https:\/\/kadg.lt\/index.php\/wp-json\/wp\/v2\/pages"}],"about":[{"href":"https:\/\/kadg.lt\/index.php\/wp-json\/wp\/v2\/types\/page"}],"author":[{"embeddable":true,"href":"https:\/\/kadg.lt\/index.php\/wp-json\/wp\/v2\/users\/2"}],"replies":[{"embeddable":true,"href":"https:\/\/kadg.lt\/index.php\/wp-json\/wp\/v2\/comments?post=433"}],"version-history":[{"count":7,"href":"https:\/\/kadg.lt\/index.php\/wp-json\/wp\/v2\/pages\/433\/revisions"}],"predecessor-version":[{"id":4057,"href":"https:\/\/kadg.lt\/index.php\/wp-json\/wp\/v2\/pages\/433\/revisions\/4057"}],"wp:attachment":[{"href":"https:\/\/kadg.lt\/index.php\/wp-json\/wp\/v2\/media?parent=433"}],"curies":[{"name":"wp","href":"https:\/\/api.w.org\/{rel}","templated":true}]}}