{"id":4452,"date":"2023-04-20T10:57:06","date_gmt":"2023-04-20T07:57:06","guid":{"rendered":"https:\/\/kadg.lt\/?page_id=4452"},"modified":"2023-10-20T10:50:55","modified_gmt":"2023-10-20T07:50:55","slug":"2022-m-biudzeto-vykdymo-ataskaitos","status":"publish","type":"page","link":"https:\/\/kadg.lt\/index.php\/2022-m-biudzeto-vykdymo-ataskaitos\/","title":{"rendered":"2022 m. biud\u017eeto vykdymo ir finansini\u0173 ataskait\u0173 rinkiniai"},"content":{"rendered":"\t\t<div data-elementor-type=\"wp-page\" data-elementor-id=\"4452\" class=\"elementor elementor-4452\">\n\t\t\t\t\t\t<section class=\"elementor-section elementor-top-section elementor-element elementor-element-e42ebad elementor-section-boxed elementor-section-height-default elementor-section-height-default\" data-id=\"e42ebad\" data-element_type=\"section\">\r\n\t\t\r\n\t\t\t\t\t\t\t<div class=\"elementor-container elementor-column-gap-default\">\r\n\t\t\t\t\t\t\t\t\t\t\t<div class=\"elementor-column elementor-col-50 elementor-top-column elementor-element elementor-element-e56fa97\" data-id=\"e56fa97\" data-element_type=\"column\">\r\n\t\t\t\t\t<div class=\"elementor-widget-wrap elementor-element-populated\">\r\n\t\t\t\t\t\t\t\t<div class=\"elementor-element elementor-element-93d1a04 elementor-widget elementor-widget-text-editor\" data-id=\"93d1a04\" data-element_type=\"widget\" data-widget_type=\"text-editor.default\">\n\t\t\t\t<div class=\"elementor-widget-container\">\n\t\t\t\t\t\t\t\t\t<ul style=\"list-style-type: disc;\"><li><a href=\"https:\/\/kadg.lt\/wp-content\/uploads\/2023\/04\/2022-m.-I-ketvircio-biudzeto-vykdymo-ataskaitu-rinkinys.pdf\">2022 m. I ketvir\u010dio biud\u017eeto vykdymo ataskait\u0173 rinkinys<\/a><\/li><li><a href=\"https:\/\/kadg.lt\/wp-content\/uploads\/2023\/04\/2022-m.-II-ketvircio-biudzeto-vykdymo-ataskaitu-rinkinys.pdf\">2022 m. II ketvir\u010dio biud\u017eeto vykdymo ataskait\u0173 rinkinys<\/a><\/li><li><a href=\"https:\/\/kadg.lt\/wp-content\/uploads\/2023\/04\/2022-m.-III-ketvircio-biudzeto-vykdymo-ataskaitu-rinkinys.pdf\">2022 m. III ketvir\u010dio biud\u017eeto vykdymo ataskait\u0173 rinkinys<\/a><\/li><li><a href=\"https:\/\/kadg.lt\/wp-content\/uploads\/2023\/04\/2022-metu-biudzeto-vykdymo-ataskaitu-rinkinys.pdf\">2022 m. biud\u017eeto vykdymo ataskait\u0173 rinkinys<\/a><\/li><\/ul>\t\t\t\t\t\t\t\t<\/div>\n\t\t\t\t<\/div>\n\t\t\t\t\t<\/div>\r\n\t\t\t\t<\/div>\r\n\t\t\t\t<div class=\"elementor-column elementor-col-50 elementor-top-column elementor-element elementor-element-5e8f1c2\" data-id=\"5e8f1c2\" data-element_type=\"column\">\r\n\t\t\t\t\t<div class=\"elementor-widget-wrap elementor-element-populated\">\r\n\t\t\t\t\t\t\t\t<div class=\"elementor-element elementor-element-44f18e2 elementor-widget elementor-widget-text-editor\" data-id=\"44f18e2\" data-element_type=\"widget\" data-widget_type=\"text-editor.default\">\n\t\t\t\t<div class=\"elementor-widget-container\">\n\t\t\t\t\t\t\t\t\t<ul><li><a href=\"https:\/\/kadg.lt\/wp-content\/uploads\/2023\/04\/2022-m.-I-ketvircio-finansiniu-ataskaitu-rinkinys.pdf\">2022 m. I ketvir\u010dio finansini\u0173 ataskait\u0173 rinkinys<\/a><\/li><li><a href=\"https:\/\/kadg.lt\/wp-content\/uploads\/2023\/04\/2022-m.-III-ketvircio-finansiniu-ataskaitu-rinkinys.pdf\">2022 m. III ketvir\u010dio finansini\u0173 ataskait\u0173 rinkinys<\/a><\/li><li><a href=\"https:\/\/kadg.lt\/wp-content\/uploads\/2023\/04\/2022-m.-III-ketvircio-finansiniu-ataskaitu-rinkinys.pdf\">2022 m. III ketvir\u010dio finansini\u0173 ataskait\u0173 rinkinys<\/a><\/li><li><a href=\"https:\/\/kadg.lt\/wp-content\/uploads\/2023\/04\/2022-m.-finansiniu-ataskaitu-rinkinys.pdf\">2022 m. finansini\u0173 ataskait\u0173 rinkinys<\/a><\/li><\/ul>\t\t\t\t\t\t\t\t<\/div>\n\t\t\t\t<\/div>\n\t\t\t\t\t<\/div>\r\n\t\t\t\t<\/div>\r\n\t\t\t\t\t<\/div>\r\n\t\t\t\t<\/section>\r\n\t\t\t\t<\/div>\n\t\t","protected":false},"excerpt":{"rendered":"<p>2022 m. I ketvir\u010dio biud\u017eeto vykdymo ataskait\u0173 rinkinys 2022 m. II ketvir\u010dio biud\u017eeto vykdymo ataskait\u0173 rinkinys 2022 m. III ketvir\u010dio biud\u017eeto vykdymo ataskait\u0173 rinkinys 2022 m. biud\u017eeto vykdymo ataskait\u0173 rinkinys 2022 m. I ketvir\u010dio finansini\u0173 ataskait\u0173 rinkinys 2022 m. III ketvir\u010dio finansini\u0173 ataskait\u0173 rinkinys 2022 m. III ketvir\u010dio finansini\u0173 ataskait\u0173 rinkinys 2022 m. finansini\u0173 ataskait\u0173 [&hellip;]<\/p>\n","protected":false},"author":2,"featured_media":0,"parent":0,"menu_order":0,"comment_status":"closed","ping_status":"closed","template":"","meta":{"footnotes":""},"class_list":["post-4452","page","type-page","status-publish","hentry"],"_links":{"self":[{"href":"https:\/\/kadg.lt\/index.php\/wp-json\/wp\/v2\/pages\/4452","targetHints":{"allow":["GET"]}}],"collection":[{"href":"https:\/\/kadg.lt\/index.php\/wp-json\/wp\/v2\/pages"}],"about":[{"href":"https:\/\/kadg.lt\/index.php\/wp-json\/wp\/v2\/types\/page"}],"author":[{"embeddable":true,"href":"https:\/\/kadg.lt\/index.php\/wp-json\/wp\/v2\/users\/2"}],"replies":[{"embeddable":true,"href":"https:\/\/kadg.lt\/index.php\/wp-json\/wp\/v2\/comments?post=4452"}],"version-history":[{"count":17,"href":"https:\/\/kadg.lt\/index.php\/wp-json\/wp\/v2\/pages\/4452\/revisions"}],"predecessor-version":[{"id":4954,"href":"https:\/\/kadg.lt\/index.php\/wp-json\/wp\/v2\/pages\/4452\/revisions\/4954"}],"wp:attachment":[{"href":"https:\/\/kadg.lt\/index.php\/wp-json\/wp\/v2\/media?parent=4452"}],"curies":[{"name":"wp","href":"https:\/\/api.w.org\/{rel}","templated":true}]}}