{"id":447,"date":"2021-04-15T11:23:22","date_gmt":"2021-04-15T08:23:22","guid":{"rendered":"http:\/\/kadg.lt\/?page_id=447"},"modified":"2026-04-09T14:48:30","modified_gmt":"2026-04-09T11:48:30","slug":"stojamieji-egzaminai-2","status":"publish","type":"page","link":"https:\/\/kadg.lt\/index.php\/stojamieji-egzaminai-2\/","title":{"rendered":"Stojamieji egzaminai"},"content":{"rendered":"\t\t<div data-elementor-type=\"wp-page\" data-elementor-id=\"447\" class=\"elementor elementor-447\">\n\t\t\t\t\t\t<section class=\"elementor-section elementor-top-section elementor-element elementor-element-f2a8f76 elementor-section-boxed elementor-section-height-default elementor-section-height-default\" data-id=\"f2a8f76\" data-element_type=\"section\">\r\n\t\t\r\n\t\t\t\t\t\t\t<div class=\"elementor-container elementor-column-gap-default\">\r\n\t\t\t\t\t\t\t\t\t\t\t<div class=\"elementor-column elementor-col-100 elementor-top-column elementor-element elementor-element-57ebb40\" data-id=\"57ebb40\" data-element_type=\"column\">\r\n\t\t\t\t\t<div class=\"elementor-widget-wrap elementor-element-populated\">\r\n\t\t\t\t\t\t\t\t<div class=\"elementor-element elementor-element-56d6a4b elementor-widget elementor-widget-text-editor\" data-id=\"56d6a4b\" data-element_type=\"widget\" data-widget_type=\"text-editor.default\">\n\t\t\t\t<div class=\"elementor-widget-container\">\n\t\t\t\t\t\t\t\t\t<p style=\"text-align: left;\"><span style=\"color: #800000; font-size: 18px;\"><strong>Priimami dokumentai d\u0117l stojimo \u012f Kauno dail\u0117s gimnazij\u0105:<\/strong><\/span><\/p><ul><li><span style=\"color: #000000; font-size: 18px;\">pra\u0161ymas (galite atsisi\u0173sti form\u0105); <a href=\"https:\/\/kadg.lt\/wp-content\/uploads\/2026\/01\/PRASYMAS-del-stojimo.doc\">PRA\u0160YMAS d\u0117l stojimo<\/a>;<\/span><\/li><li><span style=\"color: #000000; font-size: 18px;\">asmens tapatyb\u0119 patvirtinantis dokumentas;<\/span><\/li><li><span style=\"color: #000000; font-size: 18px;\">pa\u017eyma apie mokymosi pasiekimus I pusme\u010dio I ir II trimestro \u012fvertinimus stojantiems \u012f pradin\u0119 2-4 klas\u0119, 5-8 kl., I-III gimn. kl. ;<\/span><br \/><span style=\"color: #000000; font-size: 18px;\"><br \/><\/span><\/li><\/ul><p><span style=\"color: #000000; font-size: 18px;\">\u00a0\u00a0\u00a0\u00a0\u00a0\u00a0\u00a0\u00a0 Dokumentus,\u00a0 si\u0173sti el.pa\u0161tu\u00a0 sekretore@kadg.lt:<\/span><\/p><p><span style=\"color: #000000; font-size: 18px;\">\u00a0 \u00a0 \u00a0 \u00a0 &#8211; \u012f pirm\u0105 pradin\u0119 klas\u0119 iki 2026 m. baland\u017eio 10 d.<\/span><br \/><span style=\"color: #000000; font-size: 18px;\">\u00a0\u00a0\u00a0\u00a0\u00a0\u00a0\u00a0 &#8211; \u012f pradines 2-4 klases, 5-8 kl., I-III gimn. kl. iki 2026 m. gegu\u017e\u0117s 15 d.<\/span><\/p>\t\t\t\t\t\t\t\t<\/div>\n\t\t\t\t<\/div>\n\t\t\t\t\t<\/div>\r\n\t\t\t\t<\/div>\r\n\t\t\t\t\t<\/div>\r\n\t\t\t\t<\/section>\r\n\t\t\t\t<\/div>\n\t\t","protected":false},"excerpt":{"rendered":"<p>Priimami dokumentai d\u0117l stojimo \u012f Kauno dail\u0117s gimnazij\u0105: pra\u0161ymas (galite atsisi\u0173sti form\u0105); PRA\u0160YMAS d\u0117l stojimo; asmens tapatyb\u0119 patvirtinantis dokumentas; pa\u017eyma apie mokymosi pasiekimus I pusme\u010dio I ir II trimestro \u012fvertinimus stojantiems \u012f pradin\u0119 2-4 klas\u0119, 5-8 kl., I-III gimn. kl. ; \u00a0\u00a0\u00a0\u00a0\u00a0\u00a0\u00a0\u00a0 Dokumentus,\u00a0 si\u0173sti el.pa\u0161tu\u00a0 sekretore@kadg.lt: \u00a0 \u00a0 \u00a0 \u00a0 &#8211; \u012f pirm\u0105 pradin\u0119 klas\u0119 [&hellip;]<\/p>\n","protected":false},"author":2,"featured_media":0,"parent":0,"menu_order":0,"comment_status":"closed","ping_status":"closed","template":"","meta":{"footnotes":""},"class_list":["post-447","page","type-page","status-publish","hentry"],"_links":{"self":[{"href":"https:\/\/kadg.lt\/index.php\/wp-json\/wp\/v2\/pages\/447","targetHints":{"allow":["GET"]}}],"collection":[{"href":"https:\/\/kadg.lt\/index.php\/wp-json\/wp\/v2\/pages"}],"about":[{"href":"https:\/\/kadg.lt\/index.php\/wp-json\/wp\/v2\/types\/page"}],"author":[{"embeddable":true,"href":"https:\/\/kadg.lt\/index.php\/wp-json\/wp\/v2\/users\/2"}],"replies":[{"embeddable":true,"href":"https:\/\/kadg.lt\/index.php\/wp-json\/wp\/v2\/comments?post=447"}],"version-history":[{"count":43,"href":"https:\/\/kadg.lt\/index.php\/wp-json\/wp\/v2\/pages\/447\/revisions"}],"predecessor-version":[{"id":8338,"href":"https:\/\/kadg.lt\/index.php\/wp-json\/wp\/v2\/pages\/447\/revisions\/8338"}],"wp:attachment":[{"href":"https:\/\/kadg.lt\/index.php\/wp-json\/wp\/v2\/media?parent=447"}],"curies":[{"name":"wp","href":"https:\/\/api.w.org\/{rel}","templated":true}]}}