{"id":4545,"date":"2023-04-26T13:21:17","date_gmt":"2023-04-26T10:21:17","guid":{"rendered":"https:\/\/kadg.lt\/?page_id=4545"},"modified":"2026-01-26T14:49:36","modified_gmt":"2026-01-26T11:49:36","slug":"stojamuju-datos","status":"publish","type":"page","link":"https:\/\/kadg.lt\/index.php\/stojamuju-datos\/","title":{"rendered":"Stojam\u0173j\u0173 datos"},"content":{"rendered":"\t\t<div data-elementor-type=\"wp-page\" data-elementor-id=\"4545\" class=\"elementor elementor-4545\">\n\t\t\t\t\t\t<section class=\"elementor-section elementor-top-section elementor-element elementor-element-ec95ae5 elementor-section-boxed elementor-section-height-default elementor-section-height-default\" data-id=\"ec95ae5\" data-element_type=\"section\">\r\n\t\t\r\n\t\t\t\t\t\t\t<div class=\"elementor-container elementor-column-gap-default\">\r\n\t\t\t\t\t\t\t\t\t\t\t<div class=\"elementor-column elementor-col-100 elementor-top-column elementor-element elementor-element-22e9bef\" data-id=\"22e9bef\" data-element_type=\"column\">\r\n\t\t\t\t\t<div class=\"elementor-widget-wrap\">\r\n\t\t\t\t\t\t\t\t\t<\/div>\r\n\t\t\t\t<\/div>\r\n\t\t\t\t\t<\/div>\r\n\t\t\t\t<\/section>\r\n\t\t\t\t<section class=\"elementor-section elementor-top-section elementor-element elementor-element-8d6f4f5 elementor-section-boxed elementor-section-height-default elementor-section-height-default\" data-id=\"8d6f4f5\" data-element_type=\"section\">\r\n\t\t\r\n\t\t\t\t\t\t\t<div class=\"elementor-container elementor-column-gap-default\">\r\n\t\t\t\t\t\t\t\t\t\t\t<div class=\"elementor-column elementor-col-100 elementor-top-column elementor-element elementor-element-8c76750\" data-id=\"8c76750\" data-element_type=\"column\">\r\n\t\t\t\t\t<div class=\"elementor-widget-wrap elementor-element-populated\">\r\n\t\t\t\t\t\t\t\t<div class=\"elementor-element elementor-element-e0cdf3a elementor-widget elementor-widget-text-editor\" data-id=\"e0cdf3a\" data-element_type=\"widget\" data-widget_type=\"text-editor.default\">\n\t\t\t\t<div class=\"elementor-widget-container\">\n\t\t\t\t\t\t\t\t\t<p style=\"text-align: left;\"><span style=\"font-size: 18px; color: #800000;\"><strong>\u00a0 \u00a0 \u00a0 Pri\u0117mimo \u012f Kauno dail\u0117s gimnazij\u0105 stojamiej\u012f egzaminai\u00a0 2026 metais vyks:<\/strong><\/span><\/p><ul><li style=\"text-align: left;\"><span style=\"font-size: 17px; color: #000000;\">\u012f pradin\u0119 1 klas\u0119 &#8211; baland\u017eio 18 dien\u0105 (\u0161e\u0161tadien\u012f);\u00a0 pra\u0161ymai stoti priimami iki baland\u017eio 10 dienos.<\/span><\/li><li style=\"text-align: left;\"><span style=\"font-size: 17px; color: #000000;\">\u012f pradin\u0119 2-4 klas\u0119 &#8211; gegu\u017e\u0117s 30 dien\u0105 (\u0161e\u0161tadien\u012f);\u00a0pra\u0161ymai stoti priimami iki gegu\u017e\u0117s 15 dienos.<\/span><\/li><li style=\"text-align: left;\"><span style=\"font-size: 17px; color: #000000;\">\u012f 5-8 klas\u0119 &#8211; gegu\u017e\u0117s 30 dien\u0105 (\u0161e\u0161tadien\u012f); pra\u0161ymai stoti priimami iki gegu\u017e\u0117s 15 dienos.<\/span><\/li><li style=\"text-align: left;\"><span style=\"font-size: 17px; color: #000000;\">\u012f I-III gimnazijos (9-11) klas\u0119 &#8211; gegu\u017e\u0117s 30 dien\u0105 (\u0161e\u0161tadien\u012f); pra\u0161ymai stoti priimami iki gegu\u017e\u0117s 15 dienos.<\/span><\/li><\/ul>\t\t\t\t\t\t\t\t<\/div>\n\t\t\t\t<\/div>\n\t\t\t\t\t<\/div>\r\n\t\t\t\t<\/div>\r\n\t\t\t\t\t<\/div>\r\n\t\t\t\t<\/section>\r\n\t\t\t\t<\/div>\n\t\t","protected":false},"excerpt":{"rendered":"<p>\u00a0 \u00a0 \u00a0 Pri\u0117mimo \u012f Kauno dail\u0117s gimnazij\u0105 stojamiej\u012f egzaminai\u00a0 2026 metais vyks: \u012f pradin\u0119 1 klas\u0119 &#8211; baland\u017eio 18 dien\u0105 (\u0161e\u0161tadien\u012f);\u00a0 pra\u0161ymai stoti priimami iki baland\u017eio 10 dienos. \u012f pradin\u0119 2-4 klas\u0119 &#8211; gegu\u017e\u0117s 30 dien\u0105 (\u0161e\u0161tadien\u012f);\u00a0pra\u0161ymai stoti priimami iki gegu\u017e\u0117s 15 dienos. \u012f 5-8 klas\u0119 &#8211; gegu\u017e\u0117s 30 dien\u0105 (\u0161e\u0161tadien\u012f); pra\u0161ymai stoti priimami [&hellip;]<\/p>\n","protected":false},"author":2,"featured_media":0,"parent":0,"menu_order":0,"comment_status":"closed","ping_status":"closed","template":"","meta":{"footnotes":""},"class_list":["post-4545","page","type-page","status-publish","hentry"],"_links":{"self":[{"href":"https:\/\/kadg.lt\/index.php\/wp-json\/wp\/v2\/pages\/4545","targetHints":{"allow":["GET"]}}],"collection":[{"href":"https:\/\/kadg.lt\/index.php\/wp-json\/wp\/v2\/pages"}],"about":[{"href":"https:\/\/kadg.lt\/index.php\/wp-json\/wp\/v2\/types\/page"}],"author":[{"embeddable":true,"href":"https:\/\/kadg.lt\/index.php\/wp-json\/wp\/v2\/users\/2"}],"replies":[{"embeddable":true,"href":"https:\/\/kadg.lt\/index.php\/wp-json\/wp\/v2\/comments?post=4545"}],"version-history":[{"count":31,"href":"https:\/\/kadg.lt\/index.php\/wp-json\/wp\/v2\/pages\/4545\/revisions"}],"predecessor-version":[{"id":8105,"href":"https:\/\/kadg.lt\/index.php\/wp-json\/wp\/v2\/pages\/4545\/revisions\/8105"}],"wp:attachment":[{"href":"https:\/\/kadg.lt\/index.php\/wp-json\/wp\/v2\/media?parent=4545"}],"curies":[{"name":"wp","href":"https:\/\/api.w.org\/{rel}","templated":true}]}}