{"id":4547,"date":"2023-04-26T13:21:41","date_gmt":"2023-04-26T10:21:41","guid":{"rendered":"https:\/\/kadg.lt\/?page_id=4547"},"modified":"2025-02-14T14:26:23","modified_gmt":"2025-02-14T11:26:23","slug":"stojamuju-eiga-ir-priemones","status":"publish","type":"page","link":"https:\/\/kadg.lt\/index.php\/stojamuju-eiga-ir-priemones\/","title":{"rendered":"Stojam\u0173j\u0173 eiga ir priemon\u0117s"},"content":{"rendered":"\t\t<div data-elementor-type=\"wp-page\" data-elementor-id=\"4547\" class=\"elementor elementor-4547\">\n\t\t\t\t\t\t<section class=\"elementor-section elementor-top-section elementor-element elementor-element-060e9ff elementor-section-boxed elementor-section-height-default elementor-section-height-default\" data-id=\"060e9ff\" data-element_type=\"section\">\r\n\t\t\r\n\t\t\t\t\t\t\t<div class=\"elementor-container elementor-column-gap-default\">\r\n\t\t\t\t\t\t\t\t\t\t\t<div class=\"elementor-column elementor-col-100 elementor-top-column elementor-element elementor-element-2c2e70b\" data-id=\"2c2e70b\" data-element_type=\"column\">\r\n\t\t\t\t\t<div class=\"elementor-widget-wrap elementor-element-populated\">\r\n\t\t\t\t\t\t\t\t<div class=\"elementor-element elementor-element-0ad2c65 elementor-widget elementor-widget-text-editor\" data-id=\"0ad2c65\" data-element_type=\"widget\" data-widget_type=\"text-editor.default\">\n\t\t\t\t<div class=\"elementor-widget-container\">\n\t\t\t\t\t\t\t\t\t<p style=\"text-align: center;\"><span style=\"font-size: 18px;\"><strong><span style=\"color: #000000;\">EGZAMINO EIGA, U\u017dDUOTYS\u00a0 IR PRIEMON\u0116S:<\/span><\/strong><\/span><\/p><p style=\"text-align: center;\"><a href=\"https:\/\/kadg.lt\/wp-content\/uploads\/2025\/02\/I-pradine-1-klase.pdf\"><span style=\"font-size: 18px;\">\u012e pradin\u0119 1 klas\u0119<\/span><\/a><\/p><p style=\"text-align: center;\"><span style=\"font-size: 18px;\"><a href=\"https:\/\/kadg.lt\/wp-content\/uploads\/2025\/01\/I-pradine-2-4-klase.pdf\">\u012e pradin\u0119 2-4 klas\u0119<\/a><\/span><\/p><p style=\"text-align: center;\"><span style=\"font-size: 18px;\"><a href=\"https:\/\/kadg.lt\/wp-content\/uploads\/2025\/01\/I-5-8-klase.pdf\">\u012e 5-8 klas\u0119<\/a><\/span><\/p><p style=\"text-align: center;\"><span style=\"font-size: 18px;\"><a href=\"https:\/\/kadg.lt\/wp-content\/uploads\/2025\/01\/I-9-11-I-III-gimn.-klase.pdf\">\u012e 9-11 (I-III gimn.) klas\u0119<\/a><\/span><\/p>\t\t\t\t\t\t\t\t<\/div>\n\t\t\t\t<\/div>\n\t\t\t\t\t<\/div>\r\n\t\t\t\t<\/div>\r\n\t\t\t\t\t<\/div>\r\n\t\t\t\t<\/section>\r\n\t\t\t\t<\/div>\n\t\t","protected":false},"excerpt":{"rendered":"<p>EGZAMINO EIGA, U\u017dDUOTYS\u00a0 IR PRIEMON\u0116S: \u012e pradin\u0119 1 klas\u0119 \u012e pradin\u0119 2-4 klas\u0119 \u012e 5-8 klas\u0119 \u012e 9-11 (I-III gimn.) klas\u0119<\/p>\n","protected":false},"author":2,"featured_media":0,"parent":0,"menu_order":0,"comment_status":"closed","ping_status":"closed","template":"","meta":{"footnotes":""},"class_list":["post-4547","page","type-page","status-publish","hentry"],"_links":{"self":[{"href":"https:\/\/kadg.lt\/index.php\/wp-json\/wp\/v2\/pages\/4547","targetHints":{"allow":["GET"]}}],"collection":[{"href":"https:\/\/kadg.lt\/index.php\/wp-json\/wp\/v2\/pages"}],"about":[{"href":"https:\/\/kadg.lt\/index.php\/wp-json\/wp\/v2\/types\/page"}],"author":[{"embeddable":true,"href":"https:\/\/kadg.lt\/index.php\/wp-json\/wp\/v2\/users\/2"}],"replies":[{"embeddable":true,"href":"https:\/\/kadg.lt\/index.php\/wp-json\/wp\/v2\/comments?post=4547"}],"version-history":[{"count":37,"href":"https:\/\/kadg.lt\/index.php\/wp-json\/wp\/v2\/pages\/4547\/revisions"}],"predecessor-version":[{"id":7207,"href":"https:\/\/kadg.lt\/index.php\/wp-json\/wp\/v2\/pages\/4547\/revisions\/7207"}],"wp:attachment":[{"href":"https:\/\/kadg.lt\/index.php\/wp-json\/wp\/v2\/media?parent=4547"}],"curies":[{"name":"wp","href":"https:\/\/api.w.org\/{rel}","templated":true}]}}