{"id":4877,"date":"2023-09-29T09:15:18","date_gmt":"2023-09-29T06:15:18","guid":{"rendered":"https:\/\/kadg.lt\/?page_id=4877"},"modified":"2023-09-29T09:16:02","modified_gmt":"2023-09-29T06:16:02","slug":"kdg-mokiniu-turizmo-renginiu-bei-praktikos-organizavimo-tvarkos-aprasas","status":"publish","type":"page","link":"https:\/\/kadg.lt\/index.php\/kdg-mokiniu-turizmo-renginiu-bei-praktikos-organizavimo-tvarkos-aprasas\/","title":{"rendered":"KDG mokini\u0173 turizmo rengini\u0173 bei praktikos organizavimo tvarkos apra\u0161as"},"content":{"rendered":"\t\t<div data-elementor-type=\"wp-page\" data-elementor-id=\"4877\" class=\"elementor elementor-4877\">\n\t\t\t\t\t\t<section class=\"elementor-section elementor-top-section elementor-element elementor-element-bb7d86a elementor-section-boxed elementor-section-height-default elementor-section-height-default\" data-id=\"bb7d86a\" data-element_type=\"section\">\r\n\t\t\r\n\t\t\t\t\t\t\t<div class=\"elementor-container elementor-column-gap-default\">\r\n\t\t\t\t\t\t\t\t\t\t\t<div class=\"elementor-column elementor-col-100 elementor-top-column elementor-element elementor-element-98de13e\" data-id=\"98de13e\" data-element_type=\"column\">\r\n\t\t\t\t\t<div class=\"elementor-widget-wrap elementor-element-populated\">\r\n\t\t\t\t\t\t\t\t<div class=\"elementor-element elementor-element-3c13ac9 elementor-widget elementor-widget-text-editor\" data-id=\"3c13ac9\" data-element_type=\"widget\" data-widget_type=\"text-editor.default\">\n\t\t\t\t<div class=\"elementor-widget-container\">\n\t\t\t\t\t\t\t\t\t<p><a href=\"https:\/\/kadg.lt\/wp-content\/uploads\/2023\/09\/KDG-turizmo-renginiu-bei-praktikos-tvarkos-aprasas.pdf\"><span style=\"font-size: 18px;\">KDG turizmo rengini\u0173 bei praktikos tvarkos apra\u0161as.<\/span><\/a><\/p>\t\t\t\t\t\t\t\t<\/div>\n\t\t\t\t<\/div>\n\t\t\t\t\t<\/div>\r\n\t\t\t\t<\/div>\r\n\t\t\t\t\t<\/div>\r\n\t\t\t\t<\/section>\r\n\t\t\t\t<\/div>\n\t\t","protected":false},"excerpt":{"rendered":"<p>KDG turizmo rengini\u0173 bei praktikos tvarkos apra\u0161as.<\/p>\n","protected":false},"author":2,"featured_media":0,"parent":0,"menu_order":0,"comment_status":"closed","ping_status":"closed","template":"","meta":{"footnotes":""},"class_list":["post-4877","page","type-page","status-publish","hentry"],"_links":{"self":[{"href":"https:\/\/kadg.lt\/index.php\/wp-json\/wp\/v2\/pages\/4877","targetHints":{"allow":["GET"]}}],"collection":[{"href":"https:\/\/kadg.lt\/index.php\/wp-json\/wp\/v2\/pages"}],"about":[{"href":"https:\/\/kadg.lt\/index.php\/wp-json\/wp\/v2\/types\/page"}],"author":[{"embeddable":true,"href":"https:\/\/kadg.lt\/index.php\/wp-json\/wp\/v2\/users\/2"}],"replies":[{"embeddable":true,"href":"https:\/\/kadg.lt\/index.php\/wp-json\/wp\/v2\/comments?post=4877"}],"version-history":[{"count":4,"href":"https:\/\/kadg.lt\/index.php\/wp-json\/wp\/v2\/pages\/4877\/revisions"}],"predecessor-version":[{"id":4882,"href":"https:\/\/kadg.lt\/index.php\/wp-json\/wp\/v2\/pages\/4877\/revisions\/4882"}],"wp:attachment":[{"href":"https:\/\/kadg.lt\/index.php\/wp-json\/wp\/v2\/media?parent=4877"}],"curies":[{"name":"wp","href":"https:\/\/api.w.org\/{rel}","templated":true}]}}