{"id":4896,"date":"2023-09-29T12:47:41","date_gmt":"2023-09-29T09:47:41","guid":{"rendered":"https:\/\/kadg.lt\/?page_id=4896"},"modified":"2023-09-29T12:48:18","modified_gmt":"2023-09-29T09:48:18","slug":"mokiniu-besimokanciu-pagal-bendrojo-ugdymo-programas-gimnazijos-lankomumo-uztikrinimo-tvarkos-aprasas","status":"publish","type":"page","link":"https:\/\/kadg.lt\/index.php\/mokiniu-besimokanciu-pagal-bendrojo-ugdymo-programas-gimnazijos-lankomumo-uztikrinimo-tvarkos-aprasas\/","title":{"rendered":"Mokini\u0173, besimokan\u010di\u0173 pagal bendrojo ugdymo programas, gimnazijos lankomumo u\u017etikrinimo tvarkos apra\u0161as"},"content":{"rendered":"\t\t<div data-elementor-type=\"wp-page\" data-elementor-id=\"4896\" class=\"elementor elementor-4896\">\n\t\t\t\t\t\t<section class=\"elementor-section elementor-top-section elementor-element elementor-element-c05855b elementor-section-boxed elementor-section-height-default elementor-section-height-default\" data-id=\"c05855b\" data-element_type=\"section\">\r\n\t\t\r\n\t\t\t\t\t\t\t<div class=\"elementor-container elementor-column-gap-default\">\r\n\t\t\t\t\t\t\t\t\t\t\t<div class=\"elementor-column elementor-col-100 elementor-top-column elementor-element elementor-element-11ed5a0\" data-id=\"11ed5a0\" data-element_type=\"column\">\r\n\t\t\t\t\t<div class=\"elementor-widget-wrap elementor-element-populated\">\r\n\t\t\t\t\t\t\t\t<div class=\"elementor-element elementor-element-7971a81 elementor-widget elementor-widget-text-editor\" data-id=\"7971a81\" data-element_type=\"widget\" data-widget_type=\"text-editor.default\">\n\t\t\t\t<div class=\"elementor-widget-container\">\n\t\t\t\t\t\t\t\t\t<p><a href=\"https:\/\/kadg.lt\/wp-content\/uploads\/2023\/09\/Mokiniu-besimokanciu-pagal-bendrojo-ugdymo-programas-mokyklos-lankomumo-uztikrinimo-tvarkos-aprasas.pdf\"><span style=\"font-size: 17px;\">Mokini\u0173, besimokan\u010di\u0173 pagal bendrojo ugdymo programas, mokyklos lankomumo u\u017etikrinimo tvarkos apra\u0161as<\/span><\/a><\/p>\t\t\t\t\t\t\t\t<\/div>\n\t\t\t\t<\/div>\n\t\t\t\t\t<\/div>\r\n\t\t\t\t<\/div>\r\n\t\t\t\t\t<\/div>\r\n\t\t\t\t<\/section>\r\n\t\t\t\t<\/div>\n\t\t","protected":false},"excerpt":{"rendered":"<p>Mokini\u0173, besimokan\u010di\u0173 pagal bendrojo ugdymo programas, mokyklos lankomumo u\u017etikrinimo tvarkos apra\u0161as<\/p>\n","protected":false},"author":2,"featured_media":0,"parent":0,"menu_order":0,"comment_status":"closed","ping_status":"closed","template":"","meta":{"footnotes":""},"class_list":["post-4896","page","type-page","status-publish","hentry"],"_links":{"self":[{"href":"https:\/\/kadg.lt\/index.php\/wp-json\/wp\/v2\/pages\/4896","targetHints":{"allow":["GET"]}}],"collection":[{"href":"https:\/\/kadg.lt\/index.php\/wp-json\/wp\/v2\/pages"}],"about":[{"href":"https:\/\/kadg.lt\/index.php\/wp-json\/wp\/v2\/types\/page"}],"author":[{"embeddable":true,"href":"https:\/\/kadg.lt\/index.php\/wp-json\/wp\/v2\/users\/2"}],"replies":[{"embeddable":true,"href":"https:\/\/kadg.lt\/index.php\/wp-json\/wp\/v2\/comments?post=4896"}],"version-history":[{"count":4,"href":"https:\/\/kadg.lt\/index.php\/wp-json\/wp\/v2\/pages\/4896\/revisions"}],"predecessor-version":[{"id":4901,"href":"https:\/\/kadg.lt\/index.php\/wp-json\/wp\/v2\/pages\/4896\/revisions\/4901"}],"wp:attachment":[{"href":"https:\/\/kadg.lt\/index.php\/wp-json\/wp\/v2\/media?parent=4896"}],"curies":[{"name":"wp","href":"https:\/\/api.w.org\/{rel}","templated":true}]}}