{"id":5065,"date":"2023-11-28T10:34:42","date_gmt":"2023-11-28T07:34:42","guid":{"rendered":"https:\/\/kadg.lt\/?page_id=5065"},"modified":"2026-03-26T15:10:10","modified_gmt":"2026-03-26T12:10:10","slug":"kauno-dailes-gimnazijos-valdymo-strukturos-schema","status":"publish","type":"page","link":"https:\/\/kadg.lt\/index.php\/kauno-dailes-gimnazijos-valdymo-strukturos-schema\/","title":{"rendered":"Kauno dail\u0117s gimnazijos valdymo strukt\u016bros schema"},"content":{"rendered":"\t\t<div data-elementor-type=\"wp-page\" data-elementor-id=\"5065\" class=\"elementor elementor-5065\">\n\t\t\t\t\t\t<section class=\"elementor-section elementor-top-section elementor-element elementor-element-55ec308 elementor-section-boxed elementor-section-height-default elementor-section-height-default\" data-id=\"55ec308\" data-element_type=\"section\">\r\n\t\t\r\n\t\t\t\t\t\t\t<div class=\"elementor-container elementor-column-gap-default\">\r\n\t\t\t\t\t\t\t\t\t\t\t<div class=\"elementor-column elementor-col-100 elementor-top-column elementor-element elementor-element-e889771\" data-id=\"e889771\" data-element_type=\"column\">\r\n\t\t\t\t\t<div class=\"elementor-widget-wrap elementor-element-populated\">\r\n\t\t\t\t\t\t\t\t<div class=\"elementor-element elementor-element-36f9deb elementor-widget elementor-widget-text-editor\" data-id=\"36f9deb\" data-element_type=\"widget\" data-widget_type=\"text-editor.default\">\n\t\t\t\t<div class=\"elementor-widget-container\">\n\t\t\t\t\t\t\t\t\t<p><a href=\"https:\/\/kadg.lt\/wp-content\/uploads\/2026\/03\/Kauno-dales-gimnazijos-organizacine-sruktura-.pdf\"><span style=\"font-size: 18px;\">Kauno dal\u0117s gimnazijos organizacin\u0117 srukt\u016bra<\/span><\/a><\/p>\t\t\t\t\t\t\t\t<\/div>\n\t\t\t\t<\/div>\n\t\t\t\t\t<\/div>\r\n\t\t\t\t<\/div>\r\n\t\t\t\t\t<\/div>\r\n\t\t\t\t<\/section>\r\n\t\t\t\t<\/div>\n\t\t","protected":false},"excerpt":{"rendered":"<p>Kauno dal\u0117s gimnazijos organizacin\u0117 srukt\u016bra<\/p>\n","protected":false},"author":2,"featured_media":0,"parent":0,"menu_order":0,"comment_status":"closed","ping_status":"closed","template":"","meta":{"footnotes":""},"class_list":["post-5065","page","type-page","status-publish","hentry"],"_links":{"self":[{"href":"https:\/\/kadg.lt\/index.php\/wp-json\/wp\/v2\/pages\/5065","targetHints":{"allow":["GET"]}}],"collection":[{"href":"https:\/\/kadg.lt\/index.php\/wp-json\/wp\/v2\/pages"}],"about":[{"href":"https:\/\/kadg.lt\/index.php\/wp-json\/wp\/v2\/types\/page"}],"author":[{"embeddable":true,"href":"https:\/\/kadg.lt\/index.php\/wp-json\/wp\/v2\/users\/2"}],"replies":[{"embeddable":true,"href":"https:\/\/kadg.lt\/index.php\/wp-json\/wp\/v2\/comments?post=5065"}],"version-history":[{"count":4,"href":"https:\/\/kadg.lt\/index.php\/wp-json\/wp\/v2\/pages\/5065\/revisions"}],"predecessor-version":[{"id":8301,"href":"https:\/\/kadg.lt\/index.php\/wp-json\/wp\/v2\/pages\/5065\/revisions\/8301"}],"wp:attachment":[{"href":"https:\/\/kadg.lt\/index.php\/wp-json\/wp\/v2\/media?parent=5065"}],"curies":[{"name":"wp","href":"https:\/\/api.w.org\/{rel}","templated":true}]}}