{"id":5073,"date":"2023-11-28T10:57:43","date_gmt":"2023-11-28T07:57:43","guid":{"rendered":"https:\/\/kadg.lt\/?page_id=5073"},"modified":"2024-01-16T11:17:51","modified_gmt":"2024-01-16T08:17:51","slug":"2023-m-viesuju-pirkimu-planai","status":"publish","type":"page","link":"https:\/\/kadg.lt\/index.php\/2023-m-viesuju-pirkimu-planai\/","title":{"rendered":"2023 m. Vie\u0161\u0173j\u0173 pirkim\u0173 planai"},"content":{"rendered":"\t\t<div data-elementor-type=\"wp-page\" data-elementor-id=\"5073\" class=\"elementor elementor-5073\">\n\t\t\t\t\t\t<section class=\"elementor-section elementor-top-section elementor-element elementor-element-1e73ec0 elementor-section-boxed elementor-section-height-default elementor-section-height-default\" data-id=\"1e73ec0\" data-element_type=\"section\">\r\n\t\t\r\n\t\t\t\t\t\t\t<div class=\"elementor-container elementor-column-gap-default\">\r\n\t\t\t\t\t\t\t\t\t\t\t<div class=\"elementor-column elementor-col-100 elementor-top-column elementor-element elementor-element-3b3fc21\" data-id=\"3b3fc21\" data-element_type=\"column\">\r\n\t\t\t\t\t<div class=\"elementor-widget-wrap elementor-element-populated\">\r\n\t\t\t\t\t\t\t\t<div class=\"elementor-element elementor-element-20f360e elementor-widget elementor-widget-text-editor\" data-id=\"20f360e\" data-element_type=\"widget\" data-widget_type=\"text-editor.default\">\n\t\t\t\t<div class=\"elementor-widget-container\">\n\t\t\t\t\t\t\t\t\t<ul><li><a href=\"https:\/\/kadg.lt\/wp-content\/uploads\/2023\/02\/2023-m.-Viesuju-pirkimu-planas-Nr.1.pdf\">2023 m. Vie\u0161\u0173j\u0173 pirkim\u0173 planas Nr. 1<\/a><\/li><li><a href=\"https:\/\/kadg.lt\/wp-content\/uploads\/2023\/05\/2023-m.-Viesuju-pirkimu-planas-Nr.-2.pdf\">2023 m. Vie\u0161\u0173j\u0173 pirkim\u0173 planas Nr. 2<\/a><\/li><li><a href=\"https:\/\/kadg.lt\/wp-content\/uploads\/2023\/06\/2023-m.-Viesuju-pirkimu-planas-Nr.-3.pdf\">2023 m. Vie\u0161\u0173j\u0173 pirkim\u0173 planas Nr. 3<\/a><\/li><li><a href=\"https:\/\/kadg.lt\/wp-content\/uploads\/2023\/07\/2023-m.-Viesuju-pirkimu-planas-Nr.-4.pdf\">2023 m. Vie\u0161\u0173j\u0173 pirkim\u0173 planas Nr. 4<\/a><\/li><li><a href=\"https:\/\/kadg.lt\/wp-content\/uploads\/2023\/10\/2023-m.-Viesuju-pirkimu-planas-Nr.-5.pdf\">2023 m. Vie\u0161\u0173j\u0173 pirkim\u0173 planas Nr. 5<\/a><\/li><li><a href=\"https:\/\/kadg.lt\/wp-content\/uploads\/2023\/12\/2023-m.-Viesuju-pirkimu-planas-Nr.-6.pdf\">2023 m. Vie\u0161\u0173j\u0173 pirkim\u0173 planas Nr. 6<\/a><\/li><li><a href=\"https:\/\/kadg.lt\/wp-content\/uploads\/2024\/01\/2023-m.-Viesuju-pirkimu-planas-Nr.-7.pdf\">2023 m. Vie\u0161\u0173j\u0173 pirkim\u0173 planas Nr. 7<\/a><\/li><\/ul>\t\t\t\t\t\t\t\t<\/div>\n\t\t\t\t<\/div>\n\t\t\t\t\t<\/div>\r\n\t\t\t\t<\/div>\r\n\t\t\t\t\t<\/div>\r\n\t\t\t\t<\/section>\r\n\t\t\t\t<\/div>\n\t\t","protected":false},"excerpt":{"rendered":"<p>2023 m. Vie\u0161\u0173j\u0173 pirkim\u0173 planas Nr. 1 2023 m. Vie\u0161\u0173j\u0173 pirkim\u0173 planas Nr. 2 2023 m. Vie\u0161\u0173j\u0173 pirkim\u0173 planas Nr. 3 2023 m. Vie\u0161\u0173j\u0173 pirkim\u0173 planas Nr. 4 2023 m. Vie\u0161\u0173j\u0173 pirkim\u0173 planas Nr. 5 2023 m. Vie\u0161\u0173j\u0173 pirkim\u0173 planas Nr. 6 2023 m. Vie\u0161\u0173j\u0173 pirkim\u0173 planas Nr. 7<\/p>\n","protected":false},"author":2,"featured_media":0,"parent":0,"menu_order":0,"comment_status":"closed","ping_status":"closed","template":"","meta":{"footnotes":""},"class_list":["post-5073","page","type-page","status-publish","hentry"],"_links":{"self":[{"href":"https:\/\/kadg.lt\/index.php\/wp-json\/wp\/v2\/pages\/5073","targetHints":{"allow":["GET"]}}],"collection":[{"href":"https:\/\/kadg.lt\/index.php\/wp-json\/wp\/v2\/pages"}],"about":[{"href":"https:\/\/kadg.lt\/index.php\/wp-json\/wp\/v2\/types\/page"}],"author":[{"embeddable":true,"href":"https:\/\/kadg.lt\/index.php\/wp-json\/wp\/v2\/users\/2"}],"replies":[{"embeddable":true,"href":"https:\/\/kadg.lt\/index.php\/wp-json\/wp\/v2\/comments?post=5073"}],"version-history":[{"count":10,"href":"https:\/\/kadg.lt\/index.php\/wp-json\/wp\/v2\/pages\/5073\/revisions"}],"predecessor-version":[{"id":5493,"href":"https:\/\/kadg.lt\/index.php\/wp-json\/wp\/v2\/pages\/5073\/revisions\/5493"}],"wp:attachment":[{"href":"https:\/\/kadg.lt\/index.php\/wp-json\/wp\/v2\/media?parent=5073"}],"curies":[{"name":"wp","href":"https:\/\/api.w.org\/{rel}","templated":true}]}}