{"id":5082,"date":"2023-11-28T11:04:19","date_gmt":"2023-11-28T08:04:19","guid":{"rendered":"https:\/\/kadg.lt\/?page_id=5082"},"modified":"2024-03-06T11:05:37","modified_gmt":"2024-03-06T08:05:37","slug":"2023-m-biudzeto-vykdymo-ir-finansiniu-ataskaitu-rinkiniai","status":"publish","type":"page","link":"https:\/\/kadg.lt\/index.php\/2023-m-biudzeto-vykdymo-ir-finansiniu-ataskaitu-rinkiniai\/","title":{"rendered":"2023 m. biud\u017eeto vykdymo ir finansini\u0173 ataskait\u0173 rinkiniai"},"content":{"rendered":"\t\t<div data-elementor-type=\"wp-page\" data-elementor-id=\"5082\" class=\"elementor elementor-5082\">\n\t\t\t\t\t\t<section class=\"elementor-section elementor-top-section elementor-element elementor-element-8bcef28 elementor-section-boxed elementor-section-height-default elementor-section-height-default\" data-id=\"8bcef28\" data-element_type=\"section\">\r\n\t\t\r\n\t\t\t\t\t\t\t<div class=\"elementor-container elementor-column-gap-default\">\r\n\t\t\t\t\t\t\t\t\t\t\t<div class=\"elementor-column elementor-col-50 elementor-top-column elementor-element elementor-element-e1e242b\" data-id=\"e1e242b\" data-element_type=\"column\">\r\n\t\t\t\t\t<div class=\"elementor-widget-wrap elementor-element-populated\">\r\n\t\t\t\t\t\t\t\t<div class=\"elementor-element elementor-element-cb6b14b elementor-widget elementor-widget-text-editor\" data-id=\"cb6b14b\" data-element_type=\"widget\" data-widget_type=\"text-editor.default\">\n\t\t\t\t<div class=\"elementor-widget-container\">\n\t\t\t\t\t\t\t\t\t<ul><li><a href=\"https:\/\/kadg.lt\/wp-content\/uploads\/2023\/04\/2023-metu-I-ketvircio-biudzeto-vykdymo-ataskaitu-rinkinys.pdf\">2023 met\u0173 I ketvir\u010dio biud\u017eeto vykdymo ataskait\u0173 rinkinys<\/a><\/li><li><a href=\"https:\/\/kadg.lt\/wp-content\/uploads\/2023\/08\/2023-metu-II-ketvircio-biudzeto-vykdymo-ataskaitu-rinkinys.pdf\">2023 met\u0173 II ketvir\u010dio biud\u017eeto vykdymo ataskait\u0173 rinkinys<\/a><\/li><li><a href=\"https:\/\/kadg.lt\/wp-content\/uploads\/2023\/11\/2023-metu-III-ketvircio-biudzeto-vykdymo-ataskaitu-rinkinys.pdf\">2023 met\u0173 III ketvir\u010dio biud\u017eeto vykdymo ataskait\u0173 rinkinys<\/a><\/li><li><a href=\"https:\/\/kadg.lt\/wp-content\/uploads\/2024\/03\/2023-metu-biudzeto-vykdymo-ataskaitu-rinkinys.pdf\">2023 met\u0173 biud\u017eeto vykdymo ataskait\u0173 rinkinys<\/a><\/li><\/ul>\t\t\t\t\t\t\t\t<\/div>\n\t\t\t\t<\/div>\n\t\t\t\t\t<\/div>\r\n\t\t\t\t<\/div>\r\n\t\t\t\t<div class=\"elementor-column elementor-col-50 elementor-top-column elementor-element elementor-element-0d75c92\" data-id=\"0d75c92\" data-element_type=\"column\">\r\n\t\t\t\t\t<div class=\"elementor-widget-wrap elementor-element-populated\">\r\n\t\t\t\t\t\t\t\t<div class=\"elementor-element elementor-element-2cf69f0 elementor-widget elementor-widget-text-editor\" data-id=\"2cf69f0\" data-element_type=\"widget\" data-widget_type=\"text-editor.default\">\n\t\t\t\t<div class=\"elementor-widget-container\">\n\t\t\t\t\t\t\t\t\t<ul><li><a href=\"https:\/\/kadg.lt\/wp-content\/uploads\/2023\/05\/2023-m.-I-ketvircio-finansiniu-ataskaitu-rinkinys.pdf\">2023 m. I ketvir\u010dio finansini\u0173 ataskait\u0173 rinkinys<\/a><\/li><li><a href=\"https:\/\/kadg.lt\/wp-content\/uploads\/2023\/08\/2023-m.-II-ketvircio-finansiniu-ataskaitu-rinkinys.pdf\">2023 m. II ketvir\u010dio finansini\u0173 ataskait\u0173 rinkinys<\/a><\/li><li><a href=\"https:\/\/kadg.lt\/wp-content\/uploads\/2023\/11\/2023-metu-III-ketvircio-finansiniu-ataskaitu-rinkinys.pdf\">2023 met\u0173 III ketvir\u010dio finansini\u0173 ataskait\u0173 rinkinys<\/a><\/li><li><a href=\"https:\/\/kadg.lt\/wp-content\/uploads\/2024\/03\/2023-metu-finansiniu-ataskaitu-rinkinys.pdf\">2023 met\u0173 finansini\u0173 ataskait\u0173 rinkinys<\/a><\/li><\/ul>\t\t\t\t\t\t\t\t<\/div>\n\t\t\t\t<\/div>\n\t\t\t\t\t<\/div>\r\n\t\t\t\t<\/div>\r\n\t\t\t\t\t<\/div>\r\n\t\t\t\t<\/section>\r\n\t\t\t\t<\/div>\n\t\t","protected":false},"excerpt":{"rendered":"<p>2023 met\u0173 I ketvir\u010dio biud\u017eeto vykdymo ataskait\u0173 rinkinys 2023 met\u0173 II ketvir\u010dio biud\u017eeto vykdymo ataskait\u0173 rinkinys 2023 met\u0173 III ketvir\u010dio biud\u017eeto vykdymo ataskait\u0173 rinkinys 2023 met\u0173 biud\u017eeto vykdymo ataskait\u0173 rinkinys 2023 m. I ketvir\u010dio finansini\u0173 ataskait\u0173 rinkinys 2023 m. II ketvir\u010dio finansini\u0173 ataskait\u0173 rinkinys 2023 met\u0173 III ketvir\u010dio finansini\u0173 ataskait\u0173 rinkinys 2023 met\u0173 finansini\u0173 ataskait\u0173 [&hellip;]<\/p>\n","protected":false},"author":2,"featured_media":0,"parent":0,"menu_order":0,"comment_status":"closed","ping_status":"closed","template":"","meta":{"footnotes":""},"class_list":["post-5082","page","type-page","status-publish","hentry"],"_links":{"self":[{"href":"https:\/\/kadg.lt\/index.php\/wp-json\/wp\/v2\/pages\/5082","targetHints":{"allow":["GET"]}}],"collection":[{"href":"https:\/\/kadg.lt\/index.php\/wp-json\/wp\/v2\/pages"}],"about":[{"href":"https:\/\/kadg.lt\/index.php\/wp-json\/wp\/v2\/types\/page"}],"author":[{"embeddable":true,"href":"https:\/\/kadg.lt\/index.php\/wp-json\/wp\/v2\/users\/2"}],"replies":[{"embeddable":true,"href":"https:\/\/kadg.lt\/index.php\/wp-json\/wp\/v2\/comments?post=5082"}],"version-history":[{"count":10,"href":"https:\/\/kadg.lt\/index.php\/wp-json\/wp\/v2\/pages\/5082\/revisions"}],"predecessor-version":[{"id":5686,"href":"https:\/\/kadg.lt\/index.php\/wp-json\/wp\/v2\/pages\/5082\/revisions\/5686"}],"wp:attachment":[{"href":"https:\/\/kadg.lt\/index.php\/wp-json\/wp\/v2\/media?parent=5082"}],"curies":[{"name":"wp","href":"https:\/\/api.w.org\/{rel}","templated":true}]}}