{"id":5092,"date":"2023-11-28T11:32:14","date_gmt":"2023-11-28T08:32:14","guid":{"rendered":"https:\/\/kadg.lt\/?page_id=5092"},"modified":"2023-11-28T11:40:45","modified_gmt":"2023-11-28T08:40:45","slug":"praneseju-apsauga-2","status":"publish","type":"page","link":"https:\/\/kadg.lt\/index.php\/praneseju-apsauga-2\/","title":{"rendered":"Prane\u0161\u0117j\u0173 apsauga"},"content":{"rendered":"\t\t<div data-elementor-type=\"wp-page\" data-elementor-id=\"5092\" class=\"elementor elementor-5092\">\n\t\t\t\t\t\t<section class=\"elementor-section elementor-top-section elementor-element elementor-element-ed4dc87 elementor-section-boxed elementor-section-height-default elementor-section-height-default\" data-id=\"ed4dc87\" data-element_type=\"section\">\r\n\t\t\r\n\t\t\t\t\t\t\t<div class=\"elementor-container elementor-column-gap-default\">\r\n\t\t\t\t\t\t\t\t\t\t\t<div class=\"elementor-column elementor-col-100 elementor-top-column elementor-element elementor-element-27ab6f8\" data-id=\"27ab6f8\" data-element_type=\"column\">\r\n\t\t\t\t\t<div class=\"elementor-widget-wrap elementor-element-populated\">\r\n\t\t\t\t\t\t\t\t<div class=\"elementor-element elementor-element-12d6d03 elementor-widget elementor-widget-text-editor\" data-id=\"12d6d03\" data-element_type=\"widget\" data-widget_type=\"text-editor.default\">\n\t\t\t\t<div class=\"elementor-widget-container\">\n\t\t\t\t\t\t\t\t\t<p><strong>Prane\u0161\u0117j\u0173 apsauga<\/strong><\/p><p>Prane\u0161imus, susijusius su korupcijos pasirei\u0161kimu darbo aplinkoje, administruojantis asmuo gimnazijoje \u2013 Rasa Gabal\u0117., tel. nr.: +37060575808, \u00a0<a href=\"mailto:korupcija@kadg.lt\">korupcija@kadg.lt<\/a><\/p><p>\u00a0<strong>Kokiais b\u016bdais galima teikti prane\u0161imus?<\/strong><\/p><ul><li>telefonu;<\/li><li>atsiuntus pa\u0161tu ar per pasiuntin\u012f adresu: Dainavos g. 1, 44170 Kaunas;<\/li><li>tiesiogiai atvykus \u012f gimnazij\u0105, Dainavos g. 1, 44170, Kaunas.<\/li><\/ul><p><strong>Kas gali teikti informacij\u0105 apie pa\u017eeidimus?<\/strong><\/p><p>Darbuotojai, dirbantys gimnazijoje pagal darbo sutartis.<\/p><p><strong>Kokia forma gali b\u016bti teikiama informacija apie pa\u017eeidimus?<\/strong><\/p><ul><li>Asmeniui, atsakingam u\u017e korupcijos prevencij\u0105 ir kontrol\u0119, pateikiamas prane\u0161imas turi atitikti bendruosius reikalavimus, keliamus asmens kreipimuisi \u012f vie\u0161ojo administravimo institucijas, \u012fstaigas ir kitus vie\u0161ojo administravimo subjektus.<\/li><li>Prane\u0161ime turi b\u016bti nurodyta:<\/li><li>asmuo ar asmenys, kurio (-i\u0173) veikimas ar neveikimas galimai turi biurokratizmo, piktnaud\u017eiavimo, susijusi\u0173 su korupcija, po\u017eymi\u0173;<\/li><li>asmuo ar asmenys, apie kur\u012f (-iuos) yra duomen\u0173, kad jie gali \u017einoti apie prane\u0161ime nurodytas aplinkybes;<\/li><li>\u012fvykio aplinkyb\u0117s (laikas, vieta ir kt.) ir kiti duomenys, prane\u0161\u0117jo nuomone, turintys reik\u0161m\u0117s prane\u0161imui nagrin\u0117ti.<\/li><li>Asmuo gali pateikti dokumentus, patvirtinan\u010dius prane\u0161ime nurodytas aplinkybes.<\/li><li>Pageidautina, kad prane\u0161imas b\u016bt\u0173 pasira\u0161ytas j\u012f sura\u0161iusio asmens ar prane\u0161imo turinio teisingumas, kai prane\u0161imas pateikiamas \u017eod\u017eiu, o j\u012f u\u017era\u0161o asmuo, atsakingas u\u017e korupcijos prevencij\u0105 ir kontrol\u0119, b\u016bt\u0173 patvirtintas prane\u0161\u0117jo para\u0161u.<\/li><li>Jei asmuo pageidauja b\u016bti informuotas apie atliktus veiksmus, priimtus sprendimus, prane\u0161ime turi b\u016bti nurodyti asmens kontaktiniai duomenys: telefono numeris, fakso numeris, elektroninio pa\u0161to adresas, gyvenamosios vietos adresas ar bet koks kitas adresas, kuriuo galima pateikti atsakym\u0105.<\/li><li>Prane\u0161imai, pateikti asmeniui, atsakingam u\u017e korupcijos prevencij\u0105 ir kontrol\u0119, ir atitinkantys \u0161iame apra\u0161e nurodytus reikalavimus, registruojami specialiame prane\u0161im\u0173, susijusi\u0173 su korupcija, apskaitos \u017eurnale (toliau \u2013 \u017eurnalas) (1 priedas).<\/li><li>Ra\u0161tu pateikti prane\u0161imai, kita ra\u0161ytin\u0117 informacija pridedami prie \u017eurnalo, apie prid\u0117t\u0105 (-us) dokument\u0105 (-us) pa\u017eymima \u017eurnale, nurodant pateiktus dokumentus ir pateikt\u0173 dokument\u0173 puslapi\u0173 skai\u010di\u0173.<\/li><li>Jei asmuo prane\u0161imo turin\u012f i\u0161d\u0117sto \u017eod\u017eiu, asmuo, atsakingas u\u017e korupcijos prevencij\u0105 ir kontrol\u0119, trump\u0105 prane\u0161imo turin\u012f sura\u0161o \u017eurnale.<\/li><\/ul><p><strong>Asmen\u0173, teikian\u010di\u0173 informacij\u0105 apie pa\u017eeidimus, teis\u0117s ir garantijos:<\/strong><\/p><ul><li>Asmenys, susipa\u017ein\u0119 su prane\u0161ime gauta informacija, privalo u\u017etikrinti informacijos konfidencialum\u0105. Asmenys, neu\u017etikrin\u0119 informacijos konfidencialumo, atsako teis\u0117s akt\u0173 nustatyta tvarka.<\/li><li>Draud\u017eiama gaut\u0105 prane\u0161im\u0105 ir jame nurodyt\u0105 informacij\u0105 skelbti vie\u0161ai, perduoti darbuotojui, apie kurio veikim\u0105, neveikim\u0105 yra prane\u0161ta, i\u0161skyrus atvejus, kai auk\u0161tesn\u0117s galios teis\u0117s aktai numato kitaip.<\/li><\/ul><p><strong>Aktuali Prane\u0161\u0117j\u0173 apsaugos \u012fstatymo redakcija:<\/strong><\/p><p><a href=\"https:\/\/e-seimas.lrs.lt\/portal\/legalAct\/lt\/TAD\/3832a702d8ea11e782d4fd2c44cc67af\">https:\/\/e-seimas.lrs.lt\/portal\/legalAct\/lt\/TAD\/3832a702d8ea11e782d4fd2c44cc67af<\/a><\/p>\t\t\t\t\t\t\t\t<\/div>\n\t\t\t\t<\/div>\n\t\t\t\t\t<\/div>\r\n\t\t\t\t<\/div>\r\n\t\t\t\t\t<\/div>\r\n\t\t\t\t<\/section>\r\n\t\t\t\t<\/div>\n\t\t","protected":false},"excerpt":{"rendered":"<p>Prane\u0161\u0117j\u0173 apsauga Prane\u0161imus, susijusius su korupcijos pasirei\u0161kimu darbo aplinkoje, administruojantis asmuo gimnazijoje \u2013 Rasa Gabal\u0117., tel. nr.: +37060575808, \u00a0korupcija@kadg.lt \u00a0Kokiais b\u016bdais galima teikti prane\u0161imus? telefonu; atsiuntus pa\u0161tu ar per pasiuntin\u012f adresu: Dainavos g. 1, 44170 Kaunas; tiesiogiai atvykus \u012f gimnazij\u0105, Dainavos g. 1, 44170, Kaunas. Kas gali teikti informacij\u0105 apie pa\u017eeidimus? Darbuotojai, dirbantys gimnazijoje pagal [&hellip;]<\/p>\n","protected":false},"author":2,"featured_media":0,"parent":0,"menu_order":0,"comment_status":"closed","ping_status":"closed","template":"","meta":{"footnotes":""},"class_list":["post-5092","page","type-page","status-publish","hentry"],"_links":{"self":[{"href":"https:\/\/kadg.lt\/index.php\/wp-json\/wp\/v2\/pages\/5092","targetHints":{"allow":["GET"]}}],"collection":[{"href":"https:\/\/kadg.lt\/index.php\/wp-json\/wp\/v2\/pages"}],"about":[{"href":"https:\/\/kadg.lt\/index.php\/wp-json\/wp\/v2\/types\/page"}],"author":[{"embeddable":true,"href":"https:\/\/kadg.lt\/index.php\/wp-json\/wp\/v2\/users\/2"}],"replies":[{"embeddable":true,"href":"https:\/\/kadg.lt\/index.php\/wp-json\/wp\/v2\/comments?post=5092"}],"version-history":[{"count":4,"href":"https:\/\/kadg.lt\/index.php\/wp-json\/wp\/v2\/pages\/5092\/revisions"}],"predecessor-version":[{"id":5106,"href":"https:\/\/kadg.lt\/index.php\/wp-json\/wp\/v2\/pages\/5092\/revisions\/5106"}],"wp:attachment":[{"href":"https:\/\/kadg.lt\/index.php\/wp-json\/wp\/v2\/media?parent=5092"}],"curies":[{"name":"wp","href":"https:\/\/api.w.org\/{rel}","templated":true}]}}