{"id":5132,"date":"2023-11-30T11:45:24","date_gmt":"2023-11-30T08:45:24","guid":{"rendered":"https:\/\/kadg.lt\/?page_id=5132"},"modified":"2023-11-30T11:46:19","modified_gmt":"2023-11-30T08:46:19","slug":"veiklos-sritys-2","status":"publish","type":"page","link":"https:\/\/kadg.lt\/index.php\/veiklos-sritys-2\/","title":{"rendered":"Veiklos sritys"},"content":{"rendered":"\t\t<div data-elementor-type=\"wp-page\" data-elementor-id=\"5132\" class=\"elementor elementor-5132\">\n\t\t\t\t\t\t<section class=\"elementor-section elementor-top-section elementor-element elementor-element-e4bd342 elementor-section-boxed elementor-section-height-default elementor-section-height-default\" data-id=\"e4bd342\" data-element_type=\"section\">\r\n\t\t\r\n\t\t\t\t\t\t\t<div class=\"elementor-container elementor-column-gap-default\">\r\n\t\t\t\t\t\t\t\t\t\t\t<div class=\"elementor-column elementor-col-100 elementor-top-column elementor-element elementor-element-e751b34\" data-id=\"e751b34\" data-element_type=\"column\">\r\n\t\t\t\t\t<div class=\"elementor-widget-wrap elementor-element-populated\">\r\n\t\t\t\t\t\t\t\t<div class=\"elementor-element elementor-element-0f0ece6 elementor-widget elementor-widget-text-editor\" data-id=\"0f0ece6\" data-element_type=\"widget\" data-widget_type=\"text-editor.default\">\n\t\t\t\t<div class=\"elementor-widget-container\">\n\t\t\t\t\t\t\t\t\t<p><strong>PAGRINDIN\u0116 KAUNO DAIL\u0116S GIMNAZIJOS VEIKLOS SRITIS IR VEIKLOS R\u016a\u0160YS<\/strong><\/p><div>\u00a0\u00a0\u00a0\u00a0\u00a0\u00a0\u00a0\u00a0 Pagrindin\u0117 Gimnazijos veiklos sritis \u2013 \u0161vietimas.<\/div><div>\u00a0\u00a0\u00a0\u00a0\u00a0\u00a0\u00a0\u00a0 Pagrindin\u0117 veiklos r\u016b\u0161is \u2013 vidurinis ugdymas, kodas 85.31.20.<\/div><div>\u00a0\u00a0\u00a0\u00a0\u00a0\u00a0 \u00a0 Kitos Gimnazijoje vykdomos veiklos r\u016b\u0161ys:<\/div><div><ul><li>\u00a0\u00a0\u00a0\u00a0\u00a0\u00a0\u00a0 pradinis ugdymas, kodas 85.20;<\/li><li>\u00a0\u00a0\u00a0\u00a0\u00a0\u00a0\u00a0 pagrindinis ugdymas, kodas 85.31.10;<\/li><li>\u00a0\u00a0\u00a0\u00a0\u00a0\u00a0\u00a0 kita apgyvendinimo veikla, kodas 55.90;<\/li><li>\u00a0\u00a0\u00a0\u00a0\u00a0\u00a0\u00a0 kult\u016brinis \u0161vietimas, kodas 85.52;<\/li><li>\u00a0\u00a0\u00a0\u00a0\u00a0\u00a0\u00a0 kitas, niekur kitur nepriskirtas \u0161vietimas, kodas 85.59;<\/li><li>\u00a0\u00a0\u00a0\u00a0\u00a0\u00a0\u00a0 \u0161vietimui b\u016bding\u0173 paslaug\u0173 veikla, kodas 85.60;<\/li><li>\u00a0\u00a0\u00a0\u00a0\u00a0\u00a0\u00a0 kita, niekur kitur nepriskirta, nesusijusi su apgyvendinimu, socialinio darbo veikla, 88.99;<\/li><li>\u00a0\u00a0\u00a0\u00a0\u00a0\u00a0\u00a0 meno \u012frengini\u0173 eksploatavimo veikla, kodas 90.04;<\/li><li>\u00a0\u00a0\u00a0\u00a0\u00a0\u00a0\u00a0 kit\u0173 maitinimo paslaug\u0173 teikimas, kodas 56.29;<\/li><li>\u00a0\u00a0\u00a0\u00a0\u00a0\u00a0\u00a0 buhalterin\u0117 apskaita ir audito atlikimas, kodas 69.20.10;<\/li><li>\u00a0\u00a0\u00a0\u00a0\u00a0\u00a0\u00a0 kvalifikacijos tobulinimas, kodas 80.42.30;<\/li><li>\u00a0\u00a0\u00a0\u00a0\u00a0\u00a0\u00a0 nuosavo arba nuomojamo nekilnojamojo turto nuoma ir eksploatavimas, kodas 68.20;<\/li><li>\u00a0\u00a0\u00a0\u00a0\u00a0\u00a0\u00a0 bibliotekos ir archyvo veikla, kodas 91.01.<\/li><\/ul><\/div>\t\t\t\t\t\t\t\t<\/div>\n\t\t\t\t<\/div>\n\t\t\t\t\t<\/div>\r\n\t\t\t\t<\/div>\r\n\t\t\t\t\t<\/div>\r\n\t\t\t\t<\/section>\r\n\t\t\t\t<\/div>\n\t\t","protected":false},"excerpt":{"rendered":"<p>PAGRINDIN\u0116 KAUNO DAIL\u0116S GIMNAZIJOS VEIKLOS SRITIS IR VEIKLOS R\u016a\u0160YS \u00a0\u00a0\u00a0\u00a0\u00a0\u00a0\u00a0\u00a0 Pagrindin\u0117 Gimnazijos veiklos sritis \u2013 \u0161vietimas.\u00a0\u00a0\u00a0\u00a0\u00a0\u00a0\u00a0\u00a0 Pagrindin\u0117 veiklos r\u016b\u0161is \u2013 vidurinis ugdymas, kodas 85.31.20.\u00a0\u00a0\u00a0\u00a0\u00a0\u00a0 \u00a0 Kitos Gimnazijoje vykdomos veiklos r\u016b\u0161ys: \u00a0\u00a0\u00a0\u00a0\u00a0\u00a0\u00a0 pradinis ugdymas, kodas 85.20; \u00a0\u00a0\u00a0\u00a0\u00a0\u00a0\u00a0 pagrindinis ugdymas, kodas 85.31.10; \u00a0\u00a0\u00a0\u00a0\u00a0\u00a0\u00a0 kita apgyvendinimo veikla, kodas 55.90; \u00a0\u00a0\u00a0\u00a0\u00a0\u00a0\u00a0 kult\u016brinis \u0161vietimas, kodas 85.52; \u00a0\u00a0\u00a0\u00a0\u00a0\u00a0\u00a0 kitas, niekur kitur [&hellip;]<\/p>\n","protected":false},"author":2,"featured_media":0,"parent":0,"menu_order":0,"comment_status":"closed","ping_status":"closed","template":"","meta":{"footnotes":""},"class_list":["post-5132","page","type-page","status-publish","hentry"],"_links":{"self":[{"href":"https:\/\/kadg.lt\/index.php\/wp-json\/wp\/v2\/pages\/5132","targetHints":{"allow":["GET"]}}],"collection":[{"href":"https:\/\/kadg.lt\/index.php\/wp-json\/wp\/v2\/pages"}],"about":[{"href":"https:\/\/kadg.lt\/index.php\/wp-json\/wp\/v2\/types\/page"}],"author":[{"embeddable":true,"href":"https:\/\/kadg.lt\/index.php\/wp-json\/wp\/v2\/users\/2"}],"replies":[{"embeddable":true,"href":"https:\/\/kadg.lt\/index.php\/wp-json\/wp\/v2\/comments?post=5132"}],"version-history":[{"count":4,"href":"https:\/\/kadg.lt\/index.php\/wp-json\/wp\/v2\/pages\/5132\/revisions"}],"predecessor-version":[{"id":5136,"href":"https:\/\/kadg.lt\/index.php\/wp-json\/wp\/v2\/pages\/5132\/revisions\/5136"}],"wp:attachment":[{"href":"https:\/\/kadg.lt\/index.php\/wp-json\/wp\/v2\/media?parent=5132"}],"curies":[{"name":"wp","href":"https:\/\/api.w.org\/{rel}","templated":true}]}}