{"id":5156,"date":"2023-11-30T15:48:22","date_gmt":"2023-11-30T12:48:22","guid":{"rendered":"https:\/\/kadg.lt\/?page_id=5156"},"modified":"2024-04-11T15:58:04","modified_gmt":"2024-04-11T12:58:04","slug":"socialinis-pedagogas-3","status":"publish","type":"page","link":"https:\/\/kadg.lt\/index.php\/socialinis-pedagogas-3\/","title":{"rendered":"Socialinis pedagogas"},"content":{"rendered":"\t\t<div data-elementor-type=\"wp-page\" data-elementor-id=\"5156\" class=\"elementor elementor-5156\">\n\t\t\t\t\t\t<section class=\"elementor-section elementor-top-section elementor-element elementor-element-b0a2bba elementor-section-boxed elementor-section-height-default elementor-section-height-default\" data-id=\"b0a2bba\" data-element_type=\"section\">\r\n\t\t\r\n\t\t\t\t\t\t\t<div class=\"elementor-container elementor-column-gap-default\">\r\n\t\t\t\t\t\t\t\t\t\t\t<div class=\"elementor-column elementor-col-100 elementor-top-column elementor-element elementor-element-5979e79\" data-id=\"5979e79\" data-element_type=\"column\">\r\n\t\t\t\t\t<div class=\"elementor-widget-wrap elementor-element-populated\">\r\n\t\t\t\t\t\t\t\t<div class=\"elementor-element elementor-element-a5589db elementor-widget elementor-widget-text-editor\" data-id=\"a5589db\" data-element_type=\"widget\" data-widget_type=\"text-editor.default\">\n\t\t\t\t<div class=\"elementor-widget-container\">\n\t\t\t\t\t\t\t\t\t<p>Socialin\u0117s pedagogin\u0117s pagalbos paskirtis \u2013 pad\u0117ti t\u0117vams (glob\u0117jams, r\u016bpintojams), kad b\u016bt\u0173 \u012fgyvendinta vaiko ir mokinio teis\u0117 \u012f moksl\u0105, u\u017etikrinti jo saugum\u0105 gimnazijoje i\u0161siai\u0161kinti ir \u0161alinti prie\u017eastis, d\u0117l kuri\u0173 mokinys negali lankyti mokyklos ar vengia tai daryti, sugr\u0105\u017einti \u012f mokykl\u0105 j\u0105 palikusius vaikus.<\/p><p>Pagalbos teikimo u\u017edaviniai:<br \/>\u2013 pad\u0117ti mokiniams adaptuotis gimnazijoje, ugdymosi mokymosi aplinkoje;<br \/>\u2013 ugdyti mokini\u0173 gyvenimo \u012fg\u016bd\u017eius bendradarbiaujant su mokinio t\u0117vais (glob\u0117jais, r\u016bpintojais), pedagoginiais darbuotojais, socialiniais darbuotojais ir socialiniais partneriais, siekian\u010diais u\u017etikrinti mokinio saugum\u0105 ir teis\u0119 \u012f moksl\u0105;<br \/>\u2013 tarpininkauti ir pad\u0117ti \u0161alinti prie\u017eastis, d\u0117l kuri\u0173 mokiniai negali dalyvauti privalomame \u0161vietime, lankyti mokyklos ar vengia tai daryti;<br \/>\u2013 pad\u0117ti sugr\u012f\u017eti \u012f mokykl\u0105 jos nelankan\u010dius (ir) arba ugdymo(-si) procese nedalyvaujan\u010dius vaikus, bendradarbiaujant su t\u0117vais (glob\u0117jais, r\u016bpintojais) ir atsakingomis institucijomis.<\/p><p>Pagalbos teikimo b\u016bdai:<br \/>\u2013 konsultavimas \u2013 vykdomas siekiant pad\u0117ti spr\u0119sti mokiniams kylan\u010dias socialines pedagogines problemas, taikant \u012fvairias konsultavimo formas ir b\u016bdus;<br \/>\u2013 tiriamoji veikla \u2013 vykdoma siekiant i\u0161siai\u0161kinti ir \u012fvertinti aplinkos poveik\u012f mokiniui, ugdymosi ir mokymosi sunkumus, siekiant u\u017etikrinti veiksmingas pagalbos strategijas;<br \/>\u2013 prevencin\u0117 veikla \u2013 vykdoma siekiant u\u017etikrinti mokiniui saugi\u0105 ugdymosi aplink\u0105 bei asmenini\u0173, socialini\u0173 ir kit\u0173 bendr\u0173j\u0173 kompetencij\u0173 ugdym\u0105si, taikant tikslingas priemones ir b\u016bdus;<br \/>\u2013 tarpininkavimas \u2013 vykdomas siekiant pad\u0117ti rasti tinkamiausius problemos sprendimo b\u016bdus, \u012fgyvendinant vaiko teises ir teis\u0117tus interesus;<br \/>\u2013 pagalbos tinklo k\u016brimas \u2013 vykdomas siekiant u\u017etikrinti kompleksi\u0161kai teikiamos pagalbos mokiniui teikim\u0105;<br \/>\u2013 mokini\u0173 pave\u017e\u0117jimo ir socialin\u0117s paramos (nemokamo maitinimo) mokiniams organizavimas.<\/p><p>Pagalba teikiama socialiniam pedagogui bendradarbiaujant su mokytojais, klasi\u0173 vadovais, pagalbos mokiniui ir kitais specialistais, t\u0117vais (glob\u0117jais, r\u016bpintojais), mokyklos bendruomene, kitais socialiniais partneriais.<\/p><p>Mokiniams, kurie mokosi kasdieniu mokymo proceso organizavimo b\u016bdu, pagalba teikiama tiesioginiu b\u016bdu. Mokiniams, kurie mokosi nuotoliniu mokymo proceso organizavimo b\u016bdu, teikiama nuotoliniu ir (arba) tiesioginiu b\u016bdu.<\/p><p><strong>Socialin\u0117 pedagog\u0117 &#8211; Greta Akelaitien\u0117<\/strong><br \/><strong>el. pa\u0161tas: greta.akelaitiene@kadg.lt, tel.nr.: +370 606 44720<\/strong><\/p>\t\t\t\t\t\t\t\t<\/div>\n\t\t\t\t<\/div>\n\t\t\t\t\t<\/div>\r\n\t\t\t\t<\/div>\r\n\t\t\t\t\t<\/div>\r\n\t\t\t\t<\/section>\r\n\t\t\t\t<\/div>\n\t\t","protected":false},"excerpt":{"rendered":"<p>Socialin\u0117s pedagogin\u0117s pagalbos paskirtis \u2013 pad\u0117ti t\u0117vams (glob\u0117jams, r\u016bpintojams), kad b\u016bt\u0173 \u012fgyvendinta vaiko ir mokinio teis\u0117 \u012f moksl\u0105, u\u017etikrinti jo saugum\u0105 gimnazijoje i\u0161siai\u0161kinti ir \u0161alinti prie\u017eastis, d\u0117l kuri\u0173 mokinys negali lankyti mokyklos ar vengia tai daryti, sugr\u0105\u017einti \u012f mokykl\u0105 j\u0105 palikusius vaikus. Pagalbos teikimo u\u017edaviniai:\u2013 pad\u0117ti mokiniams adaptuotis gimnazijoje, ugdymosi mokymosi aplinkoje;\u2013 ugdyti mokini\u0173 gyvenimo [&hellip;]<\/p>\n","protected":false},"author":2,"featured_media":0,"parent":0,"menu_order":0,"comment_status":"closed","ping_status":"closed","template":"","meta":{"footnotes":""},"class_list":["post-5156","page","type-page","status-publish","hentry"],"_links":{"self":[{"href":"https:\/\/kadg.lt\/index.php\/wp-json\/wp\/v2\/pages\/5156","targetHints":{"allow":["GET"]}}],"collection":[{"href":"https:\/\/kadg.lt\/index.php\/wp-json\/wp\/v2\/pages"}],"about":[{"href":"https:\/\/kadg.lt\/index.php\/wp-json\/wp\/v2\/types\/page"}],"author":[{"embeddable":true,"href":"https:\/\/kadg.lt\/index.php\/wp-json\/wp\/v2\/users\/2"}],"replies":[{"embeddable":true,"href":"https:\/\/kadg.lt\/index.php\/wp-json\/wp\/v2\/comments?post=5156"}],"version-history":[{"count":7,"href":"https:\/\/kadg.lt\/index.php\/wp-json\/wp\/v2\/pages\/5156\/revisions"}],"predecessor-version":[{"id":5810,"href":"https:\/\/kadg.lt\/index.php\/wp-json\/wp\/v2\/pages\/5156\/revisions\/5810"}],"wp:attachment":[{"href":"https:\/\/kadg.lt\/index.php\/wp-json\/wp\/v2\/media?parent=5156"}],"curies":[{"name":"wp","href":"https:\/\/api.w.org\/{rel}","templated":true}]}}