{"id":5160,"date":"2023-11-30T15:49:02","date_gmt":"2023-11-30T12:49:02","guid":{"rendered":"https:\/\/kadg.lt\/?page_id=5160"},"modified":"2023-12-01T15:11:42","modified_gmt":"2023-12-01T12:11:42","slug":"visuomenes-sveikatos-specialistas","status":"publish","type":"page","link":"https:\/\/kadg.lt\/index.php\/visuomenes-sveikatos-specialistas\/","title":{"rendered":"Visuomen\u0117s sveikatos specialistas"},"content":{"rendered":"\t\t<div data-elementor-type=\"wp-page\" data-elementor-id=\"5160\" class=\"elementor elementor-5160\">\n\t\t\t\t\t\t<section class=\"elementor-section elementor-top-section elementor-element elementor-element-39a7662 elementor-section-boxed elementor-section-height-default elementor-section-height-default\" data-id=\"39a7662\" data-element_type=\"section\">\r\n\t\t\r\n\t\t\t\t\t\t\t<div class=\"elementor-container elementor-column-gap-default\">\r\n\t\t\t\t\t\t\t\t\t\t\t<div class=\"elementor-column elementor-col-100 elementor-top-column elementor-element elementor-element-eac0429\" data-id=\"eac0429\" data-element_type=\"column\">\r\n\t\t\t\t\t<div class=\"elementor-widget-wrap elementor-element-populated\">\r\n\t\t\t\t\t\t\t\t<div class=\"elementor-element elementor-element-b2e7ea5 elementor-widget elementor-widget-text-editor\" data-id=\"b2e7ea5\" data-element_type=\"widget\" data-widget_type=\"text-editor.default\">\n\t\t\t\t<div class=\"elementor-widget-container\">\n\t\t\t\t\t\t\t\t\t<h1><strong><span style=\"font-size: 20px;\">Visuomen\u0117s sveikatos prie\u017ei\u016bros specialisto teikiamos paslaugos<\/span><\/strong><\/h1><p>Teikia pirm\u0105j\u0105 medicinin\u0119 pagalb\u0105<br \/>Teikia metodines konsultacijas mokytojams, gimnazistams, j\u0173 t\u0117vams<br \/>Teikia informacij\u0105 sveikatos i\u0161saugojimo bei stiprinimo klausimais (gimnazijos stenduose, renginiuose, viktorinose ir pan.)<br \/>Padeda gimnazistams ugdytis asmens higienos \u012fg\u016bd\u017eius<br \/>Dalyvauja gimnazijos prevencinio darbo grup\u0117se, sprend\u017eian\u010diose adaptacijos ir socialines problemas<br \/>Vertina gimnazijos aplinkos ir s\u0105lyg\u0173 atitikt\u012f visuomen\u0117s sveikatos reikalavimams<br \/>Pri\u017ei\u016bri gimnazijos sporto var\u017eybas<br \/>Pri\u017ei\u016bri gimnazist\u0173 nemokamo maitinimo organizavim\u0105<br \/>Seka gimnazist\u0173 sveikatos b\u016bkl\u0119.<\/p><p><strong>Visuomen\u0117s sveikatos prie\u017ei\u016bros specialist\u0117 &#8211; Au\u0161ra Eidukaityt\u0117<\/strong><br \/><strong>el.pa\u0161tas: ausra.eidukaityte@kaunovsb.eu<\/strong><br \/><strong>tel.nr. +370 674 34647<\/strong><\/p><p>\u00a0<\/p>\t\t\t\t\t\t\t\t<\/div>\n\t\t\t\t<\/div>\n\t\t\t\t\t<\/div>\r\n\t\t\t\t<\/div>\r\n\t\t\t\t\t<\/div>\r\n\t\t\t\t<\/section>\r\n\t\t\t\t<\/div>\n\t\t","protected":false},"excerpt":{"rendered":"<p>Visuomen\u0117s sveikatos prie\u017ei\u016bros specialisto teikiamos paslaugos Teikia pirm\u0105j\u0105 medicinin\u0119 pagalb\u0105Teikia metodines konsultacijas mokytojams, gimnazistams, j\u0173 t\u0117vamsTeikia informacij\u0105 sveikatos i\u0161saugojimo bei stiprinimo klausimais (gimnazijos stenduose, renginiuose, viktorinose ir pan.)Padeda gimnazistams ugdytis asmens higienos \u012fg\u016bd\u017eiusDalyvauja gimnazijos prevencinio darbo grup\u0117se, sprend\u017eian\u010diose adaptacijos ir socialines problemasVertina gimnazijos aplinkos ir s\u0105lyg\u0173 atitikt\u012f visuomen\u0117s sveikatos reikalavimamsPri\u017ei\u016bri gimnazijos sporto var\u017eybasPri\u017ei\u016bri gimnazist\u0173 nemokamo [&hellip;]<\/p>\n","protected":false},"author":2,"featured_media":0,"parent":0,"menu_order":0,"comment_status":"closed","ping_status":"closed","template":"","meta":{"footnotes":""},"class_list":["post-5160","page","type-page","status-publish","hentry"],"_links":{"self":[{"href":"https:\/\/kadg.lt\/index.php\/wp-json\/wp\/v2\/pages\/5160","targetHints":{"allow":["GET"]}}],"collection":[{"href":"https:\/\/kadg.lt\/index.php\/wp-json\/wp\/v2\/pages"}],"about":[{"href":"https:\/\/kadg.lt\/index.php\/wp-json\/wp\/v2\/types\/page"}],"author":[{"embeddable":true,"href":"https:\/\/kadg.lt\/index.php\/wp-json\/wp\/v2\/users\/2"}],"replies":[{"embeddable":true,"href":"https:\/\/kadg.lt\/index.php\/wp-json\/wp\/v2\/comments?post=5160"}],"version-history":[{"count":7,"href":"https:\/\/kadg.lt\/index.php\/wp-json\/wp\/v2\/pages\/5160\/revisions"}],"predecessor-version":[{"id":5211,"href":"https:\/\/kadg.lt\/index.php\/wp-json\/wp\/v2\/pages\/5160\/revisions\/5211"}],"wp:attachment":[{"href":"https:\/\/kadg.lt\/index.php\/wp-json\/wp\/v2\/media?parent=5160"}],"curies":[{"name":"wp","href":"https:\/\/api.w.org\/{rel}","templated":true}]}}