{"id":5187,"date":"2023-11-30T17:08:41","date_gmt":"2023-11-30T14:08:41","guid":{"rendered":"https:\/\/kadg.lt\/?page_id=5187"},"modified":"2024-04-16T10:16:36","modified_gmt":"2024-04-16T07:16:36","slug":"karjeros-specialistas","status":"publish","type":"page","link":"https:\/\/kadg.lt\/index.php\/karjeros-specialistas\/","title":{"rendered":"Karjeros specialistas"},"content":{"rendered":"\t\t<div data-elementor-type=\"wp-page\" data-elementor-id=\"5187\" class=\"elementor elementor-5187\">\n\t\t\t\t\t\t<section class=\"elementor-section elementor-top-section elementor-element elementor-element-a4f0f09 elementor-section-boxed elementor-section-height-default elementor-section-height-default\" data-id=\"a4f0f09\" data-element_type=\"section\">\r\n\t\t\r\n\t\t\t\t\t\t\t<div class=\"elementor-container elementor-column-gap-default\">\r\n\t\t\t\t\t\t\t\t\t\t\t<div class=\"elementor-column elementor-col-100 elementor-top-column elementor-element elementor-element-7eb6602\" data-id=\"7eb6602\" data-element_type=\"column\">\r\n\t\t\t\t\t<div class=\"elementor-widget-wrap elementor-element-populated\">\r\n\t\t\t\t\t\t\t\t<div class=\"elementor-element elementor-element-247f9d0 elementor-widget elementor-widget-text-editor\" data-id=\"247f9d0\" data-element_type=\"widget\" data-widget_type=\"text-editor.default\">\n\t\t\t\t<div class=\"elementor-widget-container\">\n\t\t\t\t\t\t\t\t\t<p><span style=\"color: #000000;\"><strong>Karjeros specialist\u0117 teikia ugdymo karjerai<\/strong><\/span>, profesinio konsultavimo, profesinio informavimo bei veiklinimo paslaugas.<\/p><p><strong>Karjeros specialist\u0117 &#8211; Marina Nenachova<\/strong><br \/><strong>el.pa\u0161tas: marina.nenachova@kadg.lt<\/strong><br \/><strong>tel.nr. +37060252821<\/strong><\/p><p>\u00a0<\/p>\t\t\t\t\t\t\t\t<\/div>\n\t\t\t\t<\/div>\n\t\t\t\t\t<\/div>\r\n\t\t\t\t<\/div>\r\n\t\t\t\t\t<\/div>\r\n\t\t\t\t<\/section>\r\n\t\t\t\t<\/div>\n\t\t","protected":false},"excerpt":{"rendered":"<p>Karjeros specialist\u0117 teikia ugdymo karjerai, profesinio konsultavimo, profesinio informavimo bei veiklinimo paslaugas. Karjeros specialist\u0117 &#8211; Marina Nenachovael.pa\u0161tas: marina.nenachova@kadg.lttel.nr. +37060252821 \u00a0<\/p>\n","protected":false},"author":2,"featured_media":0,"parent":0,"menu_order":0,"comment_status":"closed","ping_status":"closed","template":"","meta":{"footnotes":""},"class_list":["post-5187","page","type-page","status-publish","hentry"],"_links":{"self":[{"href":"https:\/\/kadg.lt\/index.php\/wp-json\/wp\/v2\/pages\/5187","targetHints":{"allow":["GET"]}}],"collection":[{"href":"https:\/\/kadg.lt\/index.php\/wp-json\/wp\/v2\/pages"}],"about":[{"href":"https:\/\/kadg.lt\/index.php\/wp-json\/wp\/v2\/types\/page"}],"author":[{"embeddable":true,"href":"https:\/\/kadg.lt\/index.php\/wp-json\/wp\/v2\/users\/2"}],"replies":[{"embeddable":true,"href":"https:\/\/kadg.lt\/index.php\/wp-json\/wp\/v2\/comments?post=5187"}],"version-history":[{"count":16,"href":"https:\/\/kadg.lt\/index.php\/wp-json\/wp\/v2\/pages\/5187\/revisions"}],"predecessor-version":[{"id":5833,"href":"https:\/\/kadg.lt\/index.php\/wp-json\/wp\/v2\/pages\/5187\/revisions\/5833"}],"wp:attachment":[{"href":"https:\/\/kadg.lt\/index.php\/wp-json\/wp\/v2\/media?parent=5187"}],"curies":[{"name":"wp","href":"https:\/\/api.w.org\/{rel}","templated":true}]}}