{"id":5355,"date":"2024-01-04T13:12:06","date_gmt":"2024-01-04T10:12:06","guid":{"rendered":"https:\/\/kadg.lt\/?page_id=5355"},"modified":"2025-12-05T16:15:16","modified_gmt":"2025-12-05T13:15:16","slug":"atviru-pamoku-menesio-planai","status":"publish","type":"page","link":"https:\/\/kadg.lt\/index.php\/atviru-pamoku-menesio-planai\/","title":{"rendered":"Atvir\u0173 pamok\u0173 m\u0117nesio planai"},"content":{"rendered":"\t\t<div data-elementor-type=\"wp-page\" data-elementor-id=\"5355\" class=\"elementor elementor-5355\">\n\t\t\t\t\t\t<section class=\"elementor-section elementor-top-section elementor-element elementor-element-a21ba88 elementor-section-boxed elementor-section-height-default elementor-section-height-default\" data-id=\"a21ba88\" data-element_type=\"section\">\r\n\t\t\r\n\t\t\t\t\t\t\t<div class=\"elementor-container elementor-column-gap-default\">\r\n\t\t\t\t\t\t\t\t\t\t\t<div class=\"elementor-column elementor-col-100 elementor-top-column elementor-element elementor-element-fdad053\" data-id=\"fdad053\" data-element_type=\"column\">\r\n\t\t\t\t\t<div class=\"elementor-widget-wrap elementor-element-populated\">\r\n\t\t\t\t\t\t\t\t\t<\/div>\r\n\t\t\t\t<\/div>\r\n\t\t\t\t\t<\/div>\r\n\t\t\t\t<\/section>\r\n\t\t\t\t<section class=\"elementor-section elementor-top-section elementor-element elementor-element-897f693 elementor-section-boxed elementor-section-height-default elementor-section-height-default\" data-id=\"897f693\" data-element_type=\"section\">\r\n\t\t\r\n\t\t\t\t\t\t\t<div class=\"elementor-container elementor-column-gap-default\">\r\n\t\t\t\t\t\t\t\t\t\t\t<div class=\"elementor-column elementor-col-100 elementor-top-column elementor-element elementor-element-ef6c793\" data-id=\"ef6c793\" data-element_type=\"column\">\r\n\t\t\t\t\t<div class=\"elementor-widget-wrap elementor-element-populated\">\r\n\t\t\t\t\t\t\t\t<div class=\"elementor-element elementor-element-c9f3cfd elementor-widget elementor-widget-text-editor\" data-id=\"c9f3cfd\" data-element_type=\"widget\" data-widget_type=\"text-editor.default\">\n\t\t\t\t<div class=\"elementor-widget-container\">\n\t\t\t\t\t\t\t\t\t<ul><li><a href=\"https:\/\/kadg.lt\/wp-content\/uploads\/2025\/12\/2025-m.-rugsejo-gruodzio-men.-atviru-pamoku-planas.pdf\">2025 m. rugs\u0117jo &#8211; gruod\u017eio m\u0117n. atvir\u0173 pamok\u0173 planas<\/a><\/li><\/ul>\t\t\t\t\t\t\t\t<\/div>\n\t\t\t\t<\/div>\n\t\t\t\t\t<\/div>\r\n\t\t\t\t<\/div>\r\n\t\t\t\t\t<\/div>\r\n\t\t\t\t<\/section>\r\n\t\t\t\t<\/div>\n\t\t","protected":false},"excerpt":{"rendered":"<p>2025 m. rugs\u0117jo &#8211; gruod\u017eio m\u0117n. atvir\u0173 pamok\u0173 planas<\/p>\n","protected":false},"author":2,"featured_media":0,"parent":0,"menu_order":0,"comment_status":"closed","ping_status":"closed","template":"","meta":{"footnotes":""},"class_list":["post-5355","page","type-page","status-publish","hentry"],"_links":{"self":[{"href":"https:\/\/kadg.lt\/index.php\/wp-json\/wp\/v2\/pages\/5355","targetHints":{"allow":["GET"]}}],"collection":[{"href":"https:\/\/kadg.lt\/index.php\/wp-json\/wp\/v2\/pages"}],"about":[{"href":"https:\/\/kadg.lt\/index.php\/wp-json\/wp\/v2\/types\/page"}],"author":[{"embeddable":true,"href":"https:\/\/kadg.lt\/index.php\/wp-json\/wp\/v2\/users\/2"}],"replies":[{"embeddable":true,"href":"https:\/\/kadg.lt\/index.php\/wp-json\/wp\/v2\/comments?post=5355"}],"version-history":[{"count":16,"href":"https:\/\/kadg.lt\/index.php\/wp-json\/wp\/v2\/pages\/5355\/revisions"}],"predecessor-version":[{"id":7937,"href":"https:\/\/kadg.lt\/index.php\/wp-json\/wp\/v2\/pages\/5355\/revisions\/7937"}],"wp:attachment":[{"href":"https:\/\/kadg.lt\/index.php\/wp-json\/wp\/v2\/media?parent=5355"}],"curies":[{"name":"wp","href":"https:\/\/api.w.org\/{rel}","templated":true}]}}