{"id":5395,"date":"2024-01-08T13:50:44","date_gmt":"2024-01-08T10:50:44","guid":{"rendered":"https:\/\/kadg.lt\/?page_id=5395"},"modified":"2026-03-02T12:31:43","modified_gmt":"2026-03-02T09:31:43","slug":"komisijos-ir-darbo-grupes","status":"publish","type":"page","link":"https:\/\/kadg.lt\/index.php\/komisijos-ir-darbo-grupes\/","title":{"rendered":"Komisijos ir darbo grup\u0117s"},"content":{"rendered":"\t\t<div data-elementor-type=\"wp-page\" data-elementor-id=\"5395\" class=\"elementor elementor-5395\">\n\t\t\t\t\t\t<section class=\"elementor-section elementor-top-section elementor-element elementor-element-b55e8e2 elementor-section-boxed elementor-section-height-default elementor-section-height-default\" data-id=\"b55e8e2\" data-element_type=\"section\">\r\n\t\t\r\n\t\t\t\t\t\t\t<div class=\"elementor-container elementor-column-gap-default\">\r\n\t\t\t\t\t\t\t\t\t\t\t<div class=\"elementor-column elementor-col-100 elementor-top-column elementor-element elementor-element-790bc9d\" data-id=\"790bc9d\" data-element_type=\"column\">\r\n\t\t\t\t\t<div class=\"elementor-widget-wrap elementor-element-populated\">\r\n\t\t\t\t\t\t\t\t\t<\/div>\r\n\t\t\t\t<\/div>\r\n\t\t\t\t\t<\/div>\r\n\t\t\t\t<\/section>\r\n\t\t\t\t<section class=\"elementor-section elementor-top-section elementor-element elementor-element-caf3a14 elementor-section-boxed elementor-section-height-default elementor-section-height-default\" data-id=\"caf3a14\" data-element_type=\"section\">\r\n\t\t\r\n\t\t\t\t\t\t\t<div class=\"elementor-container elementor-column-gap-default\">\r\n\t\t\t\t\t\t\t\t\t\t\t<div class=\"elementor-column elementor-col-50 elementor-top-column elementor-element elementor-element-fd50e62\" data-id=\"fd50e62\" data-element_type=\"column\">\r\n\t\t\t\t\t<div class=\"elementor-widget-wrap elementor-element-populated\">\r\n\t\t\t\t\t\t\t\t<div class=\"elementor-element elementor-element-41349f2 elementor-widget elementor-widget-text-editor\" data-id=\"41349f2\" data-element_type=\"widget\" data-widget_type=\"text-editor.default\">\n\t\t\t\t<div class=\"elementor-widget-container\">\n\t\t\t\t\t\t\t\t\t<p><strong>Vaiko gerov\u0117s komisija<\/strong>,<\/p><p>patvirtinta 2024 m. rugp\u016b\u010dio 30 d. Kauno dail\u0117s gimnazijos direktoriaus \u012fsakymu Nr. V\u012e-56:<\/p><p><strong>Komisijos pirminink\u0117<\/strong> \u2013 Aurelija Misi\u016bnien\u0117 pavaduotoja meniniam ugdymui;<br \/><strong>Komisijos pirminink\u0117s pavaduotoja<\/strong> &#8211; Greta Akelaitien\u0117 socialin\u0117 pedagog\u0117;<\/p><p><strong>Nariai:<\/strong><\/p><ul><li>Oksana \u010cekavi\u010dien\u0117, psicholog\u0117;<\/li><li>Renata Skraskadamskien\u0117, pradini\u0173 klasi\u0173 vyr. mokytoja;<\/li><li>Rasa \u017dmuidien\u0117 dail\u0117s mokytoja ekspert\u0117.<\/li><\/ul><div>\u00a0<\/div><div><a href=\"https:\/\/kadg.lt\/wp-content\/uploads\/2026\/03\/Svietimo-pagalbos-mokiniui-teikimo-tvarkos-aprasas-1.pdf\">\u0160vietimo pagalbos mokiniui teikimo tvarkos apra\u0161as<\/a><\/div><div><a href=\"https:\/\/kadg.lt\/wp-content\/uploads\/2024\/04\/Vaiko-geroves-komisijos-tvarkos-aprasas.pdf\">Vaiko gerov\u0117s komisijos tvarkos apra\u0161as<\/a><\/div><div>\u00a0<\/div><div><ul><li><a href=\"https:\/\/kadg.lt\/wp-content\/uploads\/2024\/01\/2022-m.-Del-UTA-grupes-sudarymo.pdf\">2022 m. D\u0117l UTA grup\u0117s sudarymo.<\/a><\/li><li><a href=\"https:\/\/kadg.lt\/wp-content\/uploads\/2024\/01\/2022-m.-Del-UTA-grupes-sudarymo-2.pdf\">2022 m. D\u0117l UTA grup\u0117s sudarymo<\/a><\/li><li><a href=\"https:\/\/kadg.lt\/wp-content\/uploads\/2025\/01\/2024-m.-vidaus-audito-darbo-grupe.pdf\">2024 m. vidaus audito darbo grup\u0117<\/a><\/li><\/ul><\/div><div>\u00a0<\/div><div>\u00a0<\/div><div>\u00a0<\/div><div>\u00a0<\/div>\t\t\t\t\t\t\t\t<\/div>\n\t\t\t\t<\/div>\n\t\t\t\t\t<\/div>\r\n\t\t\t\t<\/div>\r\n\t\t\t\t<div class=\"elementor-column elementor-col-50 elementor-top-column elementor-element elementor-element-d2063b6\" data-id=\"d2063b6\" data-element_type=\"column\">\r\n\t\t\t\t\t<div class=\"elementor-widget-wrap elementor-element-populated\">\r\n\t\t\t\t\t\t\t\t<div class=\"elementor-element elementor-element-3986c85 elementor-widget elementor-widget-text-editor\" data-id=\"3986c85\" data-element_type=\"widget\" data-widget_type=\"text-editor.default\">\n\t\t\t\t<div class=\"elementor-widget-container\">\n\t\t\t\t\t\t\t\t\t<p><strong>Darbuotoj\u0173 elgesio (etikos) komisija,<\/strong><\/p><p>patvirtinta 2024 m. gegu\u017e\u0117s 13 d. Kauno dail\u0117s gimnazijos direktoriaus \u012fsakymu V\u012e-35:<\/p><p><strong>Komisijos pirminink\u0117<\/strong> \u2013 Elada Mikuckien\u0117 Kauno dail\u0117s gimnazijos pavaduotoja bendrajam ugdymui;<\/p><p><strong>Nariai:<\/strong><\/p><ul><li>Aurelija Misi\u016bnien\u0117 \u2013 Kauno dail\u0117s gimnazijos\u00a0 pavaduotoja meniniam ugdymui;<\/li><li>Bronius Dubavi\u010dius \u2013 Kauno dail\u0117s gimnazijos pavaduotojas administracijai ir \u016bkiui;<\/li><li>Greta Akelaitien\u0117 \u2013 Kauno dail\u0117s gimnazijos socialin\u0117 pedagog\u0117;<\/li><li>Marina Nenachova \u2013 Kauno dail\u0117s gimnazijos vokie\u010di\u0173 kalbos mokytoja.<\/li><\/ul><p>\u00a0<\/p>\t\t\t\t\t\t\t\t<\/div>\n\t\t\t\t<\/div>\n\t\t\t\t\t<\/div>\r\n\t\t\t\t<\/div>\r\n\t\t\t\t\t<\/div>\r\n\t\t\t\t<\/section>\r\n\t\t\t\t<\/div>\n\t\t","protected":false},"excerpt":{"rendered":"<p>Vaiko gerov\u0117s komisija, patvirtinta 2024 m. rugp\u016b\u010dio 30 d. Kauno dail\u0117s gimnazijos direktoriaus \u012fsakymu Nr. V\u012e-56: Komisijos pirminink\u0117 \u2013 Aurelija Misi\u016bnien\u0117 pavaduotoja meniniam ugdymui;Komisijos pirminink\u0117s pavaduotoja &#8211; Greta Akelaitien\u0117 socialin\u0117 pedagog\u0117; Nariai: Oksana \u010cekavi\u010dien\u0117, psicholog\u0117; Renata Skraskadamskien\u0117, pradini\u0173 klasi\u0173 vyr. mokytoja; Rasa \u017dmuidien\u0117 dail\u0117s mokytoja ekspert\u0117. \u00a0\u0160vietimo pagalbos mokiniui teikimo tvarkos apra\u0161asVaiko gerov\u0117s komisijos tvarkos [&hellip;]<\/p>\n","protected":false},"author":2,"featured_media":0,"parent":0,"menu_order":0,"comment_status":"closed","ping_status":"closed","template":"","meta":{"footnotes":""},"class_list":["post-5395","page","type-page","status-publish","hentry"],"_links":{"self":[{"href":"https:\/\/kadg.lt\/index.php\/wp-json\/wp\/v2\/pages\/5395","targetHints":{"allow":["GET"]}}],"collection":[{"href":"https:\/\/kadg.lt\/index.php\/wp-json\/wp\/v2\/pages"}],"about":[{"href":"https:\/\/kadg.lt\/index.php\/wp-json\/wp\/v2\/types\/page"}],"author":[{"embeddable":true,"href":"https:\/\/kadg.lt\/index.php\/wp-json\/wp\/v2\/users\/2"}],"replies":[{"embeddable":true,"href":"https:\/\/kadg.lt\/index.php\/wp-json\/wp\/v2\/comments?post=5395"}],"version-history":[{"count":61,"href":"https:\/\/kadg.lt\/index.php\/wp-json\/wp\/v2\/pages\/5395\/revisions"}],"predecessor-version":[{"id":8224,"href":"https:\/\/kadg.lt\/index.php\/wp-json\/wp\/v2\/pages\/5395\/revisions\/8224"}],"wp:attachment":[{"href":"https:\/\/kadg.lt\/index.php\/wp-json\/wp\/v2\/media?parent=5395"}],"curies":[{"name":"wp","href":"https:\/\/api.w.org\/{rel}","templated":true}]}}