{"id":5662,"date":"2024-02-29T11:33:45","date_gmt":"2024-02-29T08:33:45","guid":{"rendered":"https:\/\/kadg.lt\/?page_id=5662"},"modified":"2025-01-03T10:59:57","modified_gmt":"2025-01-03T07:59:57","slug":"2024-m-viesuju-pirkimu-planai","status":"publish","type":"page","link":"https:\/\/kadg.lt\/index.php\/2024-m-viesuju-pirkimu-planai\/","title":{"rendered":"2024 m. Vie\u0161\u0173j\u0173 pirkim\u0173 planai"},"content":{"rendered":"\t\t<div data-elementor-type=\"wp-page\" data-elementor-id=\"5662\" class=\"elementor elementor-5662\">\n\t\t\t\t\t\t<section class=\"elementor-section elementor-top-section elementor-element elementor-element-e7754f9 elementor-section-boxed elementor-section-height-default elementor-section-height-default\" data-id=\"e7754f9\" data-element_type=\"section\">\r\n\t\t\r\n\t\t\t\t\t\t\t<div class=\"elementor-container elementor-column-gap-default\">\r\n\t\t\t\t\t\t\t\t\t\t\t<div class=\"elementor-column elementor-col-100 elementor-top-column elementor-element elementor-element-0ae84d0\" data-id=\"0ae84d0\" data-element_type=\"column\">\r\n\t\t\t\t\t<div class=\"elementor-widget-wrap elementor-element-populated\">\r\n\t\t\t\t\t\t\t\t<div class=\"elementor-element elementor-element-4cccc92 elementor-widget elementor-widget-text-editor\" data-id=\"4cccc92\" data-element_type=\"widget\" data-widget_type=\"text-editor.default\">\n\t\t\t\t<div class=\"elementor-widget-container\">\n\t\t\t\t\t\t\t\t\t<ul style=\"list-style-type: disc;\"><li><a href=\"https:\/\/kadg.lt\/wp-content\/uploads\/2024\/02\/2024-m.-Viesuju-pirkimu-planas-Nr.1.pdf\">2024 m. Vie\u0161\u0173j\u0173 pirkim\u0173 planas Nr.1<\/a><\/li><li><a href=\"https:\/\/kadg.lt\/wp-content\/uploads\/2024\/07\/2024-m.-Viesuju-pirkimu-planas-Nr.-2.pdf\">2024 m. Vie\u0161\u0173j\u0173 pirkim\u0173 planas Nr. 2<\/a><\/li><li><a href=\"https:\/\/kadg.lt\/wp-content\/uploads\/2024\/07\/2024-m.-Viesuju-pirkimu-planas-Nr.3.pdf\">2024 m. Vie\u0161\u0173j\u0173 pirkim\u0173 planas Nr.3<\/a><\/li><li><a href=\"https:\/\/kadg.lt\/wp-content\/uploads\/2024\/08\/2024-m.-Viesuju-pirkimu-planas-Nr.-4.pdf\">2024 m. Vie\u0161\u0173j\u0173 pirkim\u0173 planas Nr. 4<\/a><\/li><li><a href=\"https:\/\/kadg.lt\/wp-content\/uploads\/2024\/09\/2024-m.-Viesuju-pirkimu-planas-Nr.-5.pdf\">2024 m. Vie\u0161\u0173j\u0173 pirkim\u0173 planas Nr. 5<\/a><\/li><li><a href=\"https:\/\/kadg.lt\/wp-content\/uploads\/2024\/11\/2024-m.-Viesuju-pirkimu-planas-Nr.-6.pdf\">2024 m. Vie\u0161\u0173j\u0173 pirkim\u0173 planas Nr. 6<\/a><\/li><li><a href=\"https:\/\/kadg.lt\/wp-content\/uploads\/2025\/01\/2024-m.-Viesuju-pirkimu-planas-Nr.-7.pdf\">2024 m. Vie\u0161\u0173j\u0173 pirkim\u0173 planas Nr. 7<\/a><\/li><\/ul>\t\t\t\t\t\t\t\t<\/div>\n\t\t\t\t<\/div>\n\t\t\t\t\t<\/div>\r\n\t\t\t\t<\/div>\r\n\t\t\t\t\t<\/div>\r\n\t\t\t\t<\/section>\r\n\t\t\t\t<\/div>\n\t\t","protected":false},"excerpt":{"rendered":"<p>2024 m. Vie\u0161\u0173j\u0173 pirkim\u0173 planas Nr.1 2024 m. Vie\u0161\u0173j\u0173 pirkim\u0173 planas Nr. 2 2024 m. Vie\u0161\u0173j\u0173 pirkim\u0173 planas Nr.3 2024 m. Vie\u0161\u0173j\u0173 pirkim\u0173 planas Nr. 4 2024 m. Vie\u0161\u0173j\u0173 pirkim\u0173 planas Nr. 5 2024 m. Vie\u0161\u0173j\u0173 pirkim\u0173 planas Nr. 6 2024 m. Vie\u0161\u0173j\u0173 pirkim\u0173 planas Nr. 7<\/p>\n","protected":false},"author":2,"featured_media":0,"parent":0,"menu_order":0,"comment_status":"closed","ping_status":"closed","template":"","meta":{"footnotes":""},"class_list":["post-5662","page","type-page","status-publish","hentry"],"_links":{"self":[{"href":"https:\/\/kadg.lt\/index.php\/wp-json\/wp\/v2\/pages\/5662","targetHints":{"allow":["GET"]}}],"collection":[{"href":"https:\/\/kadg.lt\/index.php\/wp-json\/wp\/v2\/pages"}],"about":[{"href":"https:\/\/kadg.lt\/index.php\/wp-json\/wp\/v2\/types\/page"}],"author":[{"embeddable":true,"href":"https:\/\/kadg.lt\/index.php\/wp-json\/wp\/v2\/users\/2"}],"replies":[{"embeddable":true,"href":"https:\/\/kadg.lt\/index.php\/wp-json\/wp\/v2\/comments?post=5662"}],"version-history":[{"count":25,"href":"https:\/\/kadg.lt\/index.php\/wp-json\/wp\/v2\/pages\/5662\/revisions"}],"predecessor-version":[{"id":6969,"href":"https:\/\/kadg.lt\/index.php\/wp-json\/wp\/v2\/pages\/5662\/revisions\/6969"}],"wp:attachment":[{"href":"https:\/\/kadg.lt\/index.php\/wp-json\/wp\/v2\/media?parent=5662"}],"curies":[{"name":"wp","href":"https:\/\/api.w.org\/{rel}","templated":true}]}}