{"id":646,"date":"2021-05-11T10:02:21","date_gmt":"2021-05-11T07:02:21","guid":{"rendered":"http:\/\/kadg.lt\/?page_id=646"},"modified":"2021-05-11T10:19:29","modified_gmt":"2021-05-11T07:19:29","slug":"vizija","status":"publish","type":"page","link":"https:\/\/kadg.lt\/index.php\/vizija\/","title":{"rendered":"Vizija"},"content":{"rendered":"\t\t<div data-elementor-type=\"wp-page\" data-elementor-id=\"646\" class=\"elementor elementor-646\">\n\t\t\t\t\t\t<section class=\"elementor-section elementor-top-section elementor-element elementor-element-15f0606 elementor-section-boxed elementor-section-height-default elementor-section-height-default\" data-id=\"15f0606\" data-element_type=\"section\">\r\n\t\t\r\n\t\t\t\t\t\t\t<div class=\"elementor-container elementor-column-gap-default\">\r\n\t\t\t\t\t\t\t\t\t\t\t<div class=\"elementor-column elementor-col-100 elementor-top-column elementor-element elementor-element-f955b16\" data-id=\"f955b16\" data-element_type=\"column\">\r\n\t\t\t\t\t<div class=\"elementor-widget-wrap elementor-element-populated\">\r\n\t\t\t\t\t\t\t\t<div class=\"elementor-element elementor-element-b7d7ca3 elementor-widget elementor-widget-text-editor\" data-id=\"b7d7ca3\" data-element_type=\"widget\" data-widget_type=\"text-editor.default\">\n\t\t\t\t<div class=\"elementor-widget-container\">\n\t\t\t\t\t\t\t\t\t<p>Kauno dail\u0117s gimnazija &#8211; valstybin\u0117 specializuoto ugdymo gimnazija, kurioje konkurso b\u016bdu priimti i\u0161skirtini\u0173 gabum\u0173 dailei turintys mokiniai i\u0161 Kauno regiono ir visos \u0161alies pl\u0117toja savo k\u016brybines galias, dail\u0117s dalyk\u0173 mokydamiesi kartu su bendruoju ugdymu, \u012fgyja tolesn\u0117ms studijoms meninio profilio mokyklose reikaling\u0173 bendr\u0173j\u0173 ir dalykini\u0173 kompetencij\u0173.\u00a0<\/p>\t\t\t\t\t\t\t\t<\/div>\n\t\t\t\t<\/div>\n\t\t\t\t\t<\/div>\r\n\t\t\t\t<\/div>\r\n\t\t\t\t\t<\/div>\r\n\t\t\t\t<\/section>\r\n\t\t\t\t<\/div>\n\t\t","protected":false},"excerpt":{"rendered":"<p>Kauno dail\u0117s gimnazija &#8211; valstybin\u0117 specializuoto ugdymo gimnazija, kurioje konkurso b\u016bdu priimti i\u0161skirtini\u0173 gabum\u0173 dailei turintys mokiniai i\u0161 Kauno regiono ir visos \u0161alies pl\u0117toja savo k\u016brybines galias, dail\u0117s dalyk\u0173 mokydamiesi kartu su bendruoju ugdymu, \u012fgyja tolesn\u0117ms studijoms meninio profilio mokyklose reikaling\u0173 bendr\u0173j\u0173 ir dalykini\u0173 kompetencij\u0173.\u00a0<\/p>\n","protected":false},"author":2,"featured_media":0,"parent":0,"menu_order":0,"comment_status":"closed","ping_status":"closed","template":"","meta":{"footnotes":""},"class_list":["post-646","page","type-page","status-publish","hentry"],"_links":{"self":[{"href":"https:\/\/kadg.lt\/index.php\/wp-json\/wp\/v2\/pages\/646","targetHints":{"allow":["GET"]}}],"collection":[{"href":"https:\/\/kadg.lt\/index.php\/wp-json\/wp\/v2\/pages"}],"about":[{"href":"https:\/\/kadg.lt\/index.php\/wp-json\/wp\/v2\/types\/page"}],"author":[{"embeddable":true,"href":"https:\/\/kadg.lt\/index.php\/wp-json\/wp\/v2\/users\/2"}],"replies":[{"embeddable":true,"href":"https:\/\/kadg.lt\/index.php\/wp-json\/wp\/v2\/comments?post=646"}],"version-history":[{"count":4,"href":"https:\/\/kadg.lt\/index.php\/wp-json\/wp\/v2\/pages\/646\/revisions"}],"predecessor-version":[{"id":654,"href":"https:\/\/kadg.lt\/index.php\/wp-json\/wp\/v2\/pages\/646\/revisions\/654"}],"wp:attachment":[{"href":"https:\/\/kadg.lt\/index.php\/wp-json\/wp\/v2\/media?parent=646"}],"curies":[{"name":"wp","href":"https:\/\/api.w.org\/{rel}","templated":true}]}}