{"id":648,"date":"2021-05-11T10:02:39","date_gmt":"2021-05-11T07:02:39","guid":{"rendered":"http:\/\/kadg.lt\/?page_id=648"},"modified":"2021-05-11T10:23:14","modified_gmt":"2021-05-11T07:23:14","slug":"misija","status":"publish","type":"page","link":"https:\/\/kadg.lt\/index.php\/misija\/","title":{"rendered":"Misija"},"content":{"rendered":"\t\t<div data-elementor-type=\"wp-page\" data-elementor-id=\"648\" class=\"elementor elementor-648\">\n\t\t\t\t\t\t<section class=\"elementor-section elementor-top-section elementor-element elementor-element-586e98f elementor-section-boxed elementor-section-height-default elementor-section-height-default\" data-id=\"586e98f\" data-element_type=\"section\">\r\n\t\t\r\n\t\t\t\t\t\t\t<div class=\"elementor-container elementor-column-gap-default\">\r\n\t\t\t\t\t\t\t\t\t\t\t<div class=\"elementor-column elementor-col-100 elementor-top-column elementor-element elementor-element-0c7bfc0\" data-id=\"0c7bfc0\" data-element_type=\"column\">\r\n\t\t\t\t\t<div class=\"elementor-widget-wrap elementor-element-populated\">\r\n\t\t\t\t\t\t\t\t<div class=\"elementor-element elementor-element-36a45a1 elementor-widget elementor-widget-text-editor\" data-id=\"36a45a1\" data-element_type=\"widget\" data-widget_type=\"text-editor.default\">\n\t\t\t\t<div class=\"elementor-widget-container\">\n\t\t\t\t\t\t\t\t\t<p>Kauno dail\u0117s gimnazijos misija &#8211; ugdyti i\u0161skirtini\u0173 gabum\u0173 dailei turin\u010dius 7(6)-18 met\u0173 vaikus pagal specializuoto ugdymo krypties programas (pradinio ir dail\u0117s, pagrindinio ir dail\u0117s, vidurinio ir dail\u0117s ugdymo programas) ir atskleisti j\u0173 meninius geb\u0117jimus, polinkius, k\u016brybi\u0161kum\u0105, kartu puosel\u0117jant pagarb\u0105 nacionalin\u0117ms ir pasaulio kult\u016br\u0173 vertyb\u0117ms.<\/p>\t\t\t\t\t\t\t\t<\/div>\n\t\t\t\t<\/div>\n\t\t\t\t\t<\/div>\r\n\t\t\t\t<\/div>\r\n\t\t\t\t\t<\/div>\r\n\t\t\t\t<\/section>\r\n\t\t\t\t<\/div>\n\t\t","protected":false},"excerpt":{"rendered":"<p>Kauno dail\u0117s gimnazijos misija &#8211; ugdyti i\u0161skirtini\u0173 gabum\u0173 dailei turin\u010dius 7(6)-18 met\u0173 vaikus pagal specializuoto ugdymo krypties programas (pradinio ir dail\u0117s, pagrindinio ir dail\u0117s, vidurinio ir dail\u0117s ugdymo programas) ir atskleisti j\u0173 meninius geb\u0117jimus, polinkius, k\u016brybi\u0161kum\u0105, kartu puosel\u0117jant pagarb\u0105 nacionalin\u0117ms ir pasaulio kult\u016br\u0173 vertyb\u0117ms.<\/p>\n","protected":false},"author":2,"featured_media":0,"parent":0,"menu_order":0,"comment_status":"closed","ping_status":"closed","template":"","meta":{"footnotes":""},"class_list":["post-648","page","type-page","status-publish","hentry"],"_links":{"self":[{"href":"https:\/\/kadg.lt\/index.php\/wp-json\/wp\/v2\/pages\/648","targetHints":{"allow":["GET"]}}],"collection":[{"href":"https:\/\/kadg.lt\/index.php\/wp-json\/wp\/v2\/pages"}],"about":[{"href":"https:\/\/kadg.lt\/index.php\/wp-json\/wp\/v2\/types\/page"}],"author":[{"embeddable":true,"href":"https:\/\/kadg.lt\/index.php\/wp-json\/wp\/v2\/users\/2"}],"replies":[{"embeddable":true,"href":"https:\/\/kadg.lt\/index.php\/wp-json\/wp\/v2\/comments?post=648"}],"version-history":[{"count":4,"href":"https:\/\/kadg.lt\/index.php\/wp-json\/wp\/v2\/pages\/648\/revisions"}],"predecessor-version":[{"id":657,"href":"https:\/\/kadg.lt\/index.php\/wp-json\/wp\/v2\/pages\/648\/revisions\/657"}],"wp:attachment":[{"href":"https:\/\/kadg.lt\/index.php\/wp-json\/wp\/v2\/media?parent=648"}],"curies":[{"name":"wp","href":"https:\/\/api.w.org\/{rel}","templated":true}]}}