{"id":6670,"date":"2024-11-05T14:48:36","date_gmt":"2024-11-05T11:48:36","guid":{"rendered":"https:\/\/kadg.lt\/?page_id=6670"},"modified":"2026-02-05T14:12:33","modified_gmt":"2026-02-05T11:12:33","slug":"parengiamoji-grupe-2","status":"publish","type":"page","link":"https:\/\/kadg.lt\/index.php\/parengiamoji-grupe-2\/","title":{"rendered":"Parengiamoji grup\u0117"},"content":{"rendered":"\t\t<div data-elementor-type=\"wp-page\" data-elementor-id=\"6670\" class=\"elementor elementor-6670\">\n\t\t\t\t\t\t<section class=\"elementor-section elementor-top-section elementor-element elementor-element-1b0d608 elementor-section-boxed elementor-section-height-default elementor-section-height-default\" data-id=\"1b0d608\" data-element_type=\"section\">\r\n\t\t\r\n\t\t\t\t\t\t\t<div class=\"elementor-container elementor-column-gap-default\">\r\n\t\t\t\t\t\t\t\t\t\t\t<div class=\"elementor-column elementor-col-100 elementor-top-column elementor-element elementor-element-1249e39\" data-id=\"1249e39\" data-element_type=\"column\">\r\n\t\t\t\t\t<div class=\"elementor-widget-wrap elementor-element-populated\">\r\n\t\t\t\t\t\t\t\t<div class=\"elementor-element elementor-element-5b87907 elementor-widget elementor-widget-text-editor\" data-id=\"5b87907\" data-element_type=\"widget\" data-widget_type=\"text-editor.default\">\n\t\t\t\t<div class=\"elementor-widget-container\">\n\t\t\t\t\t\t\t\t\t<ul><li>Priimame t\u0117v\u0173 pra\u0161ymus (registracij\u0105)\u00a0 \u012f dail\u0117s parengiam\u0105j\u0105 grup\u0119. Pra\u0161ymo forma \u010dia:<\/li><li><a href=\"https:\/\/kadg.lt\/wp-content\/uploads\/2026\/02\/PRASYMAS-del-parengiamosios-grupes-2026.doc\">PRASYMAS-del-parengiamosios-grupes-2026<\/a>\u00a0 \u00a0 \u00a0 \u00a0 \u00a0<\/li><li>Pra\u0161ymus galima pristatyti \u012f gimnazijos ra\u0161tin\u0119 Dainavos g. 1 antrame auk\u0161te arba atsi\u0173sti nuskenuot\u0105 el.pa\u0161tu: <a href=\"mailto:sekretore@kadg.lt\">sekretore@kadg.lt<\/a><\/li><li>Pra\u0161yme nurodykite, kurioje klas\u0117je \u0161iuo metu vaikas mokosi.<\/li><li>U\u017esi\u0117mimai prasid\u0117s, kai susidarys bent 8 mokini\u0173 grup\u0117, \u2013 su pateikusiais pra\u0161ymus, susisieks mokytojas telefono skambu\u010diu arba sms prane\u0161imu.\u00a0<\/li><li>U\u017esi\u0117mimai mokami.\u00a0U\u017esi\u0117mim\u0173 trukm\u0117 1-1,5\u00a0val.<\/li><li>Platesn\u0117 informacija \u010dia:<\/li><\/ul>\t\t\t\t\t\t\t\t<\/div>\n\t\t\t\t<\/div>\n\t\t\t\t\t<\/div>\r\n\t\t\t\t<\/div>\r\n\t\t\t\t\t<\/div>\r\n\t\t\t\t<\/section>\r\n\t\t\t\t<section class=\"elementor-section elementor-top-section elementor-element elementor-element-074a221 elementor-section-boxed elementor-section-height-default elementor-section-height-default\" data-id=\"074a221\" data-element_type=\"section\">\r\n\t\t\r\n\t\t\t\t\t\t\t<div class=\"elementor-container elementor-column-gap-default\">\r\n\t\t\t\t\t\t\t\t\t\t\t<div class=\"elementor-column elementor-col-100 elementor-top-column elementor-element elementor-element-63b691a\" data-id=\"63b691a\" data-element_type=\"column\">\r\n\t\t\t\t\t<div class=\"elementor-widget-wrap elementor-element-populated\">\r\n\t\t\t\t\t\t\t\t\t<\/div>\r\n\t\t\t\t<\/div>\r\n\t\t\t\t\t<\/div>\r\n\t\t\t\t<\/section>\r\n\t\t\t\t<section class=\"elementor-section elementor-top-section elementor-element elementor-element-d6953b5 elementor-section-boxed elementor-section-height-default elementor-section-height-default\" data-id=\"d6953b5\" data-element_type=\"section\">\r\n\t\t\r\n\t\t\t\t\t\t\t<div class=\"elementor-container elementor-column-gap-default\">\r\n\t\t\t\t\t\t\t\t\t\t\t<div class=\"elementor-column elementor-col-33 elementor-top-column elementor-element elementor-element-942ae54\" data-id=\"942ae54\" data-element_type=\"column\">\r\n\t\t\t\t\t<div class=\"elementor-widget-wrap elementor-element-populated\">\r\n\t\t\t\t\t\t\t\t<div class=\"elementor-element elementor-element-bb82a4c elementor-widget elementor-widget-text-editor\" data-id=\"bb82a4c\" data-element_type=\"widget\" data-widget_type=\"text-editor.default\">\n\t\t\t\t<div class=\"elementor-widget-container\">\n\t\t\t\t\t\t\t\t\t<p style=\"text-align: center;\"><strong>\u012e 1-4 pradin\u0119 klas\u0119<\/strong><\/p><ul><li>Priimame t\u0117v\u0173 pra\u0161ymus (registracij\u0105)\u00a0 \u012f dail\u0117s parengiam\u0105j\u0105 grup\u0119 1-4 klasi\u0173 mokiniams. Pra\u0161ymo forma \u010dia:<\/li><li><a href=\"https:\/\/kadg.lt\/wp-content\/uploads\/2026\/02\/PRASYMAS-del-parengiamosios-grupes-2026.doc\">PRASYMAS-del-parengiamosios-grupes-2026<\/a>\u00a0 \u00a0 \u00a0 \u00a0 \u00a0 \u00a0 \u00a0\u00a0<\/li><li>Pra\u0161ymus galima pristatyti \u012f gimnazijos ra\u0161tin\u0119 Dainavos g. 1 antrame auk\u0161te arba atsi\u0173sti nuskenuot\u0105 el.pa\u0161tu: <a href=\"mailto:sekretore@kadg.lt\">sekretore@kadg.lt<\/a><\/li><li>Pra\u0161yme nurodykite, kurioje klas\u0117je \u0161iuo metu vaikas mokosi.<\/li><li>U\u017esi\u0117mimai prasid\u0117s, kai susidarys bent 8 mokini\u0173 grup\u0117, \u2013 su pateikusiais pra\u0161ymus, susisieks mokytojas telefono skambu\u010diu arba sms prane\u0161imu.\u00a0<\/li><li>U\u017esi\u0117mimai mokami.\u00a0U\u017esi\u0117mim\u0173 trukm\u0117 1-1,5\u00a0val.<\/li><li>U\u017esi\u0117mimai vyks <strong>ketvirtadieniais<\/strong> 16.30 val. Dz\u016bk\u0173 g. 2.\u00a0<\/li><\/ul>\t\t\t\t\t\t\t\t<\/div>\n\t\t\t\t<\/div>\n\t\t\t\t\t<\/div>\r\n\t\t\t\t<\/div>\r\n\t\t\t\t<div class=\"elementor-column elementor-col-33 elementor-top-column elementor-element elementor-element-e3dbf58\" data-id=\"e3dbf58\" data-element_type=\"column\">\r\n\t\t\t\t\t<div class=\"elementor-widget-wrap elementor-element-populated\">\r\n\t\t\t\t\t\t\t\t<div class=\"elementor-element elementor-element-3de1343 elementor-widget elementor-widget-text-editor\" data-id=\"3de1343\" data-element_type=\"widget\" data-widget_type=\"text-editor.default\">\n\t\t\t\t<div class=\"elementor-widget-container\">\n\t\t\t\t\t\t\t\t\t<p style=\"text-align: center;\"><span style=\"font-size: 18px;\"><strong>\u012f 5-7 klases<\/strong><\/span><\/p><ul><li>Priimame t\u0117v\u0173 pra\u0161ymus (registracij\u0105)\u00a0 \u012f dail\u0117s parengiam\u0105j\u0105 grup\u0119 5-7 klasi\u0173 mokiniams. Pra\u0161ymo forma \u010dia:<\/li><li><a href=\"https:\/\/kadg.lt\/wp-content\/uploads\/2026\/02\/PRASYMAS-del-parengiamosios-grupes-2026.doc\">PRASYMAS-del-parengiamosios-grupes-2026<\/a> \u00a0 \u00a0 \u00a0 \u00a0 \u00a0 \u00a0 \u00a0\u00a0<\/li><li>Pra\u0161ymus galima pristatyti \u012f gimnazijos ra\u0161tin\u0119 Dainavos g. 1 antrame auk\u0161te arba atsi\u0173sti nuskenuot\u0105 el.pa\u0161tu: <a href=\"mailto:sekretore@kadg.lt\">sekretore@kadg.lt<\/a><\/li><li>Pra\u0161yme nurodykite, kuri\u0105 dien\u0105 lankysite u\u017esi\u0117mimus ir kurioje klas\u0117je \u0161iuo metu vaikas mokosi.<\/li><li>U\u017esi\u0117mimai prasid\u0117s, kai susidarys bent 8 mokini\u0173 grup\u0117, \u2013 su pateikusiais pra\u0161ymus, susisieks mokytojas telefono skambu\u010diu arba sms prane\u0161imu.\u00a0<\/li><li>U\u017esi\u0117mimai mokami.\u00a0U\u017esi\u0117mim\u0173 trukm\u0117 1-1,5\u00a0val.<\/li><li>\u00a0Renkama nauja grup\u0117 <strong>antradieniais<\/strong> 16.00 val. Auk\u0161tai\u010di\u0173 g. 74 .\u00a0<\/li><\/ul>\t\t\t\t\t\t\t\t<\/div>\n\t\t\t\t<\/div>\n\t\t\t\t\t<\/div>\r\n\t\t\t\t<\/div>\r\n\t\t\t\t<div class=\"elementor-column elementor-col-33 elementor-top-column elementor-element elementor-element-518daf4\" data-id=\"518daf4\" data-element_type=\"column\">\r\n\t\t\t\t\t<div class=\"elementor-widget-wrap elementor-element-populated\">\r\n\t\t\t\t\t\t\t\t<div class=\"elementor-element elementor-element-5d9f372 elementor-widget elementor-widget-text-editor\" data-id=\"5d9f372\" data-element_type=\"widget\" data-widget_type=\"text-editor.default\">\n\t\t\t\t<div class=\"elementor-widget-container\">\n\t\t\t\t\t\t\t\t\t<p style=\"text-align: center;\"><span style=\"font-size: 18px;\"><strong>\u012e 8-11 klases<\/strong><\/span><\/p><ul><li>Priimame t\u0117v\u0173 pra\u0161ymus (registracij\u0105)\u00a0 \u012f dail\u0117s parengiam\u0105j\u0105 grup\u0119 8-11 klasi\u0173 mokiniams. Pra\u0161ymo forma \u010dia:<\/li><li><a href=\"https:\/\/kadg.lt\/wp-content\/uploads\/2026\/02\/PRASYMAS-del-parengiamosios-grupes-2026.doc\">PRASYMAS-del-parengiamosios-grupes-2026<\/a><\/li><li>Pra\u0161ymus galima pristatyti \u012f gimnazijos ra\u0161tin\u0119 Dainavos g. 1 antrame auk\u0161te arba atsi\u0173sti nuskenuot\u0105 el.pa\u0161tu: <a href=\"mailto:sekretore@kadg.lt\">sekretore@kadg.lt<\/a><\/li><li>Pra\u0161yme nurodykite, kurioje klas\u0117je \u0161iuo metu vaikas mokosi.<\/li><li>U\u017esi\u0117mimai prasid\u0117s, kai susidarys bent 8 mokini\u0173 grup\u0117, \u2013 su pateikusiais pra\u0161ymus, susisieks mokytojas telefono skambu\u010diu arba sms prane\u0161imu.<\/li><li>\u00a0U\u017esi\u0117mimai prasid\u0117s <strong>sausio<\/strong> m\u0117nes\u012f ir vyks <strong>tre\u010diadieniais <\/strong>17.10 val. Auk\u0161tai\u010di\u0173 g. 74\u00a0(antrame auk\u0161te).\u00a0<\/li><\/ul>\t\t\t\t\t\t\t\t<\/div>\n\t\t\t\t<\/div>\n\t\t\t\t\t<\/div>\r\n\t\t\t\t<\/div>\r\n\t\t\t\t\t<\/div>\r\n\t\t\t\t<\/section>\r\n\t\t\t\t<\/div>\n\t\t","protected":false},"excerpt":{"rendered":"<p>Priimame t\u0117v\u0173 pra\u0161ymus (registracij\u0105)\u00a0 \u012f dail\u0117s parengiam\u0105j\u0105 grup\u0119. Pra\u0161ymo forma \u010dia: PRASYMAS-del-parengiamosios-grupes-2026\u00a0 \u00a0 \u00a0 \u00a0 \u00a0 Pra\u0161ymus galima pristatyti \u012f gimnazijos ra\u0161tin\u0119 Dainavos g. 1 antrame auk\u0161te arba atsi\u0173sti nuskenuot\u0105 el.pa\u0161tu: sekretore@kadg.lt Pra\u0161yme nurodykite, kurioje klas\u0117je \u0161iuo metu vaikas mokosi. U\u017esi\u0117mimai prasid\u0117s, kai susidarys bent 8 mokini\u0173 grup\u0117, \u2013 su pateikusiais pra\u0161ymus, susisieks mokytojas telefono [&hellip;]<\/p>\n","protected":false},"author":2,"featured_media":0,"parent":0,"menu_order":0,"comment_status":"closed","ping_status":"closed","template":"","meta":{"footnotes":""},"class_list":["post-6670","page","type-page","status-publish","hentry"],"_links":{"self":[{"href":"https:\/\/kadg.lt\/index.php\/wp-json\/wp\/v2\/pages\/6670","targetHints":{"allow":["GET"]}}],"collection":[{"href":"https:\/\/kadg.lt\/index.php\/wp-json\/wp\/v2\/pages"}],"about":[{"href":"https:\/\/kadg.lt\/index.php\/wp-json\/wp\/v2\/types\/page"}],"author":[{"embeddable":true,"href":"https:\/\/kadg.lt\/index.php\/wp-json\/wp\/v2\/users\/2"}],"replies":[{"embeddable":true,"href":"https:\/\/kadg.lt\/index.php\/wp-json\/wp\/v2\/comments?post=6670"}],"version-history":[{"count":88,"href":"https:\/\/kadg.lt\/index.php\/wp-json\/wp\/v2\/pages\/6670\/revisions"}],"predecessor-version":[{"id":8170,"href":"https:\/\/kadg.lt\/index.php\/wp-json\/wp\/v2\/pages\/6670\/revisions\/8170"}],"wp:attachment":[{"href":"https:\/\/kadg.lt\/index.php\/wp-json\/wp\/v2\/media?parent=6670"}],"curies":[{"name":"wp","href":"https:\/\/api.w.org\/{rel}","templated":true}]}}