{"id":6736,"date":"2024-11-18T16:46:10","date_gmt":"2024-11-18T13:46:10","guid":{"rendered":"https:\/\/kadg.lt\/?page_id=6736"},"modified":"2025-07-01T10:44:07","modified_gmt":"2025-07-01T07:44:07","slug":"kilnojama-9-10-kl-mokiniu-dailes-darbu-paroda","status":"publish","type":"page","link":"https:\/\/kadg.lt\/index.php\/kilnojama-9-10-kl-mokiniu-dailes-darbu-paroda\/","title":{"rendered":"Kilnojama 9-10 kl. mokini\u0173 dail\u0117s darb\u0173 paroda"},"content":{"rendered":"\t\t<div data-elementor-type=\"wp-page\" data-elementor-id=\"6736\" class=\"elementor elementor-6736\">\n\t\t\t\t\t\t<section class=\"elementor-section elementor-top-section elementor-element elementor-element-64ad8c1 elementor-section-boxed elementor-section-height-default elementor-section-height-default\" data-id=\"64ad8c1\" data-element_type=\"section\">\r\n\t\t\r\n\t\t\t\t\t\t\t<div class=\"elementor-container elementor-column-gap-default\">\r\n\t\t\t\t\t\t\t\t\t\t\t<div class=\"elementor-column elementor-col-100 elementor-top-column elementor-element elementor-element-e47ab87\" data-id=\"e47ab87\" data-element_type=\"column\">\r\n\t\t\t\t\t<div class=\"elementor-widget-wrap elementor-element-populated\">\r\n\t\t\t\t\t\t\t\t<div class=\"elementor-element elementor-element-449b10c elementor-widget elementor-widget-text-editor\" data-id=\"449b10c\" data-element_type=\"widget\" data-widget_type=\"text-editor.default\">\n\t\t\t\t<div class=\"elementor-widget-container\">\n\t\t\t\t\t\t\t\t\t<div><div data-olk-copy-source=\"MessageBody\"><span style=\"font-size: 18px; color: #000000;\">Kilnojamoji paroda i\u0161sipl\u0117t\u0117 &#8211; pasipild\u0117 konkurso <\/span><span style=\"font-size: 18px; color: #000000;\"><em><span style=\"color: #000080;\">Paslaptingas M.K.\u010ciurlionio pasaulis<\/span><\/em> 2-10 kl. mokini\u0173 pie\u0161ini\u0173 darbais.\u00a0\u00a0<\/span><\/div><ul><li><span style=\"font-size: 18px; color: #000000;\">Konkurso dalyvi\u0173 darbai \u0161iuo metu eksponuojami <span style=\"color: #800000;\">Kauno INIT klient\u0173 aptarnavimo padalinyje<\/span> Laisv\u0117s al. 30A,<\/span><\/li><\/ul><\/div><ul><li><span style=\"font-size: 18px; color: #000000;\">kita darb\u0173 dalis nuo liepos 6 d. iki rugpj\u016b\u010dio 20 d. bus eksponuojama\u00a0\u00a0<span style=\"color: #800000;\">Bir\u0161tono kult\u016bros centre<\/span>, <span style=\"color: #800000;\">(parodos atidarymas 2025 m. liepos 6 d. 12 val.)\u00a0<\/span><\/span><\/li><li><span style=\"font-size: 18px; color: #000000;\">nuo rugs\u0117jo 1 d. paroda\u00a0bus atidaryta <span style=\"color: #800000;\">Kauno l\u0117li\u0173 teatre<\/span>,\u00a0<\/span><\/li><li><span style=\"font-size: 18px; color: #000000;\">nuo lapkri\u010dio 4 d. numatoma paroda Kauno rajono <span style=\"color: #800000;\">Garliavos bibliotekoje<\/span>.<\/span><\/li><\/ul><div>\u00a0<\/div>\t\t\t\t\t\t\t\t<\/div>\n\t\t\t\t<\/div>\n\t\t\t\t\t<\/div>\r\n\t\t\t\t<\/div>\r\n\t\t\t\t\t<\/div>\r\n\t\t\t\t<\/section>\r\n\t\t\t\t<section class=\"elementor-section elementor-top-section elementor-element elementor-element-2a3612b elementor-section-boxed elementor-section-height-default elementor-section-height-default\" data-id=\"2a3612b\" data-element_type=\"section\">\r\n\t\t\r\n\t\t\t\t\t\t\t<div class=\"elementor-container elementor-column-gap-default\">\r\n\t\t\t\t\t\t\t\t\t\t\t<div class=\"elementor-column elementor-col-100 elementor-top-column elementor-element elementor-element-78355f4\" data-id=\"78355f4\" data-element_type=\"column\">\r\n\t\t\t\t\t<div class=\"elementor-widget-wrap elementor-element-populated\">\r\n\t\t\t\t\t\t\t\t<div class=\"elementor-element elementor-element-3d21f1c elementor-widget elementor-widget-image\" data-id=\"3d21f1c\" data-element_type=\"widget\" data-widget_type=\"image.default\">\n\t\t\t\t<div class=\"elementor-widget-container\">\n\t\t\t\t\t\t\t\t\t\t\t\t\t\t\t<img fetchpriority=\"high\" decoding=\"async\" width=\"724\" height=\"1024\" src=\"https:\/\/kadg.lt\/wp-content\/uploads\/2025\/04\/CIUR-plakatas-724x1024.png\" class=\"attachment-large size-large wp-image-7456\" alt=\"\" srcset=\"https:\/\/kadg.lt\/wp-content\/uploads\/2025\/04\/CIUR-plakatas-724x1024.png 724w, https:\/\/kadg.lt\/wp-content\/uploads\/2025\/04\/CIUR-plakatas-640x905.png 640w, https:\/\/kadg.lt\/wp-content\/uploads\/2025\/04\/CIUR-plakatas-400x566.png 400w, https:\/\/kadg.lt\/wp-content\/uploads\/2025\/04\/CIUR-plakatas-367x519.png 367w, https:\/\/kadg.lt\/wp-content\/uploads\/2025\/04\/CIUR-plakatas-600x849.png 600w\" sizes=\"(max-width: 724px) 100vw, 724px\" \/>\t\t\t\t\t\t\t\t\t\t\t\t\t\t\t<\/div>\n\t\t\t\t<\/div>\n\t\t\t\t\t<\/div>\r\n\t\t\t\t<\/div>\r\n\t\t\t\t\t<\/div>\r\n\t\t\t\t<\/section>\r\n\t\t\t\t<section class=\"elementor-section elementor-top-section elementor-element elementor-element-bd76626 elementor-section-boxed elementor-section-height-default elementor-section-height-default\" data-id=\"bd76626\" data-element_type=\"section\">\r\n\t\t\r\n\t\t\t\t\t\t\t<div class=\"elementor-container elementor-column-gap-default\">\r\n\t\t\t\t\t\t\t\t\t\t\t<div class=\"elementor-column elementor-col-100 elementor-top-column elementor-element elementor-element-5a84367\" data-id=\"5a84367\" data-element_type=\"column\">\r\n\t\t\t\t\t<div class=\"elementor-widget-wrap elementor-element-populated\">\r\n\t\t\t\t\t\t\t\t<div class=\"elementor-element elementor-element-d12c58f elementor-widget elementor-widget-text-editor\" data-id=\"d12c58f\" data-element_type=\"widget\" data-widget_type=\"text-editor.default\">\n\t\t\t\t<div class=\"elementor-widget-container\">\n\t\t\t\t\t\t\t\t\t<div><span style=\"color: #000000; font-size: 18px;\" data-olk-copy-source=\"MessageBody\">2025 m. baland\u017eio 30 d. &#8211; spalio 31 d. UAB \u201eINIT\u201c klient\u0173 aptarnavimo skyriuje Laisv\u0117s al. 30A Kaune veikia Kauno dail\u0117s gimnazijos 6-10 kl. mokini\u0173 improvizacij\u0173 paroda \u201ePaslaptingas M. K. \u010ciurlionio pasaulis\u201c.<\/span><\/div><div><h2 class=\"x_entry-title\"><span style=\"font-size: 18px;\">Daugiau nuotrauk\u0173:\u00a0<a id=\"x_gmail-LPlnk931477\" title=\"https:\/\/photos.app.goo.gl\/gZw955qaUsAWKjd5A\" href=\"https:\/\/photos.app.goo.gl\/gZw955qaUsAWKjd5A\" target=\"_blank\" rel=\"noopener noreferrer\" data-auth=\"NotApplicable\" data-linkindex=\"0\">https:\/\/photos.app.goo.gl\/gZw955qaUsAWKjd5A<\/a><\/span><\/h2><\/div><div>\u00a0<\/div>\t\t\t\t\t\t\t\t<\/div>\n\t\t\t\t<\/div>\n\t\t\t\t\t<\/div>\r\n\t\t\t\t<\/div>\r\n\t\t\t\t\t<\/div>\r\n\t\t\t\t<\/section>\r\n\t\t\t\t<section class=\"elementor-section elementor-top-section elementor-element elementor-element-d3b9fd3 elementor-section-boxed elementor-section-height-default elementor-section-height-default\" data-id=\"d3b9fd3\" data-element_type=\"section\">\r\n\t\t\r\n\t\t\t\t\t\t\t<div class=\"elementor-container elementor-column-gap-default\">\r\n\t\t\t\t\t\t\t\t\t\t\t<div class=\"elementor-column elementor-col-100 elementor-top-column elementor-element elementor-element-befa4cd\" data-id=\"befa4cd\" data-element_type=\"column\">\r\n\t\t\t\t\t<div class=\"elementor-widget-wrap elementor-element-populated\">\r\n\t\t\t\t\t\t\t\t<div class=\"elementor-element elementor-element-a309763 elementor-widget elementor-widget-image\" data-id=\"a309763\" data-element_type=\"widget\" data-widget_type=\"image.default\">\n\t\t\t\t<div class=\"elementor-widget-container\">\n\t\t\t\t\t\t\t\t\t\t\t\t\t\t\t<img decoding=\"async\" width=\"731\" height=\"1024\" src=\"https:\/\/kadg.lt\/wp-content\/uploads\/2024\/11\/plakatas-Ciurlioniui-731x1024.jpg\" class=\"attachment-large size-large wp-image-6839\" alt=\"\" srcset=\"https:\/\/kadg.lt\/wp-content\/uploads\/2024\/11\/plakatas-Ciurlioniui-731x1024.jpg 731w, https:\/\/kadg.lt\/wp-content\/uploads\/2024\/11\/plakatas-Ciurlioniui-640x896.jpg 640w, https:\/\/kadg.lt\/wp-content\/uploads\/2024\/11\/plakatas-Ciurlioniui-400x560.jpg 400w, https:\/\/kadg.lt\/wp-content\/uploads\/2024\/11\/plakatas-Ciurlioniui-367x514.jpg 367w, https:\/\/kadg.lt\/wp-content\/uploads\/2024\/11\/plakatas-Ciurlioniui-600x840.jpg 600w\" sizes=\"(max-width: 731px) 100vw, 731px\" \/>\t\t\t\t\t\t\t\t\t\t\t\t\t\t\t<\/div>\n\t\t\t\t<\/div>\n\t\t\t\t\t<\/div>\r\n\t\t\t\t<\/div>\r\n\t\t\t\t\t<\/div>\r\n\t\t\t\t<\/section>\r\n\t\t\t\t<section class=\"elementor-section elementor-top-section elementor-element elementor-element-4094140 elementor-section-boxed elementor-section-height-default elementor-section-height-default\" data-id=\"4094140\" data-element_type=\"section\">\r\n\t\t\r\n\t\t\t\t\t\t\t<div class=\"elementor-container elementor-column-gap-default\">\r\n\t\t\t\t\t\t\t\t\t\t\t<div class=\"elementor-column elementor-col-100 elementor-top-column elementor-element elementor-element-0e1d2ec\" data-id=\"0e1d2ec\" data-element_type=\"column\">\r\n\t\t\t\t\t<div class=\"elementor-widget-wrap elementor-element-populated\">\r\n\t\t\t\t\t\t\t\t<div class=\"elementor-element elementor-element-d81993a elementor-widget elementor-widget-text-editor\" data-id=\"d81993a\" data-element_type=\"widget\" data-widget_type=\"text-editor.default\">\n\t\t\t\t<div class=\"elementor-widget-container\">\n\t\t\t\t\t\t\t\t\t<p><strong>Trumpas renginio apra\u0161ymas:<\/strong> Mokiniai pamok\u0173 metu k\u016br\u0117 dail\u0117s darbus &#8211;\u00a0 kompozicijas, interpretacijas, \u00a0M.K.\u010ciurlionio k\u016brybos \u012fkv\u0117pti.\u00a0<br \/><strong>Renginio data \/trukm\u0117 ir vieta:<\/strong> 2024-2025m. Paroda veikia nuo 2024m. lapkri\u010dio 14d. ,,Au\u0161ros\u201c bibliotekoje Kaune.<br \/>Nuo 2024 m. lapkri\u010dio 4 d. iki gruod\u017eio 30 d. Kauno Vinco Kudirkos vie\u0161osios bibliotekos \u201eAu\u0161ros\u201c padalinyje, Au\u0161ros g. 37, eksponuojami Kauno dail\u0117s gimnazijos 9-10 kl. mokini\u0173 tapybos darbai, skirti Mikalojaus Konstantino \u010ciurlionio 150-osioms gimimo metin\u0117ms.\u00a0<\/p><p><strong>Rengin\u012f koordinuoja<\/strong> dail\u0117s mokytojas Gintautas Vai\u010dys. * gvaicys@gmail.com<\/p><div>Daugiau informacijos:\u00a0<a id=\"LPlnk216650\" title=\"https:\/\/photos.app.goo.gl\/j1qrQBfAC3F7rWrs6\" href=\"https:\/\/photos.app.goo.gl\/j1qrQBfAC3F7rWrs6\" target=\"_blank\" rel=\"noopener noreferrer\" data-auth=\"NotApplicable\" data-linkindex=\"0\">https:\/\/photos.app.goo.gl\/j1qrQBfAC3F7rWrs6<\/a><\/div>\t\t\t\t\t\t\t\t<\/div>\n\t\t\t\t<\/div>\n\t\t\t\t\t<\/div>\r\n\t\t\t\t<\/div>\r\n\t\t\t\t\t<\/div>\r\n\t\t\t\t<\/section>\r\n\t\t\t\t<section class=\"elementor-section elementor-top-section elementor-element elementor-element-c93db63 elementor-section-boxed elementor-section-height-default elementor-section-height-default\" data-id=\"c93db63\" data-element_type=\"section\">\r\n\t\t\r\n\t\t\t\t\t\t\t<div class=\"elementor-container elementor-column-gap-default\">\r\n\t\t\t\t\t\t\t\t\t\t\t<div class=\"elementor-column elementor-col-100 elementor-top-column elementor-element elementor-element-77f9aff\" data-id=\"77f9aff\" data-element_type=\"column\">\r\n\t\t\t\t\t<div class=\"elementor-widget-wrap elementor-element-populated\">\r\n\t\t\t\t\t\t\t\t<div class=\"elementor-element elementor-element-57ad1ab elementor-widget elementor-widget-image\" data-id=\"57ad1ab\" data-element_type=\"widget\" data-widget_type=\"image.default\">\n\t\t\t\t<div class=\"elementor-widget-container\">\n\t\t\t\t\t\t\t\t\t\t\t\t\t\t\t<img decoding=\"async\" width=\"513\" height=\"710\" src=\"https:\/\/kadg.lt\/wp-content\/uploads\/2024\/11\/Ciurlionio-jubiliejui.png\" class=\"attachment-large size-large wp-image-6843\" alt=\"\" srcset=\"https:\/\/kadg.lt\/wp-content\/uploads\/2024\/11\/Ciurlionio-jubiliejui.png 513w, https:\/\/kadg.lt\/wp-content\/uploads\/2024\/11\/Ciurlionio-jubiliejui-400x554.png 400w, https:\/\/kadg.lt\/wp-content\/uploads\/2024\/11\/Ciurlionio-jubiliejui-367x508.png 367w\" sizes=\"(max-width: 513px) 100vw, 513px\" \/>\t\t\t\t\t\t\t\t\t\t\t\t\t\t\t<\/div>\n\t\t\t\t<\/div>\n\t\t\t\t\t<\/div>\r\n\t\t\t\t<\/div>\r\n\t\t\t\t\t<\/div>\r\n\t\t\t\t<\/section>\r\n\t\t\t\t<\/div>\n\t\t","protected":false},"excerpt":{"rendered":"<p>Kilnojamoji paroda i\u0161sipl\u0117t\u0117 &#8211; pasipild\u0117 konkurso Paslaptingas M.K.\u010ciurlionio pasaulis 2-10 kl. mokini\u0173 pie\u0161ini\u0173 darbais.\u00a0\u00a0 Konkurso dalyvi\u0173 darbai \u0161iuo metu eksponuojami Kauno INIT klient\u0173 aptarnavimo padalinyje Laisv\u0117s al. 30A, kita darb\u0173 dalis nuo liepos 6 d. iki rugpj\u016b\u010dio 20 d. bus eksponuojama\u00a0\u00a0Bir\u0161tono kult\u016bros centre, (parodos atidarymas 2025 m. liepos 6 d. 12 val.)\u00a0 nuo rugs\u0117jo 1 [&hellip;]<\/p>\n","protected":false},"author":2,"featured_media":0,"parent":0,"menu_order":0,"comment_status":"closed","ping_status":"closed","template":"","meta":{"footnotes":""},"class_list":["post-6736","page","type-page","status-publish","hentry"],"_links":{"self":[{"href":"https:\/\/kadg.lt\/index.php\/wp-json\/wp\/v2\/pages\/6736","targetHints":{"allow":["GET"]}}],"collection":[{"href":"https:\/\/kadg.lt\/index.php\/wp-json\/wp\/v2\/pages"}],"about":[{"href":"https:\/\/kadg.lt\/index.php\/wp-json\/wp\/v2\/types\/page"}],"author":[{"embeddable":true,"href":"https:\/\/kadg.lt\/index.php\/wp-json\/wp\/v2\/users\/2"}],"replies":[{"embeddable":true,"href":"https:\/\/kadg.lt\/index.php\/wp-json\/wp\/v2\/comments?post=6736"}],"version-history":[{"count":34,"href":"https:\/\/kadg.lt\/index.php\/wp-json\/wp\/v2\/pages\/6736\/revisions"}],"predecessor-version":[{"id":7566,"href":"https:\/\/kadg.lt\/index.php\/wp-json\/wp\/v2\/pages\/6736\/revisions\/7566"}],"wp:attachment":[{"href":"https:\/\/kadg.lt\/index.php\/wp-json\/wp\/v2\/media?parent=6736"}],"curies":[{"name":"wp","href":"https:\/\/api.w.org\/{rel}","templated":true}]}}