{"id":6741,"date":"2024-11-18T16:50:22","date_gmt":"2024-11-18T13:50:22","guid":{"rendered":"https:\/\/kadg.lt\/?page_id=6741"},"modified":"2025-05-21T13:51:52","modified_gmt":"2025-05-21T10:51:52","slug":"karaliu-pasakos","status":"publish","type":"page","link":"https:\/\/kadg.lt\/index.php\/karaliu-pasakos\/","title":{"rendered":"&#8222;Karali\u0173 pasakos&#8221;"},"content":{"rendered":"\t\t<div data-elementor-type=\"wp-page\" data-elementor-id=\"6741\" class=\"elementor elementor-6741\">\n\t\t\t\t\t\t<section class=\"elementor-section elementor-top-section elementor-element elementor-element-3458d32 elementor-section-boxed elementor-section-height-default elementor-section-height-default\" data-id=\"3458d32\" data-element_type=\"section\">\r\n\t\t\r\n\t\t\t\t\t\t\t<div class=\"elementor-container elementor-column-gap-default\">\r\n\t\t\t\t\t\t\t\t\t\t\t<div class=\"elementor-column elementor-col-100 elementor-top-column elementor-element elementor-element-7e599a0\" data-id=\"7e599a0\" data-element_type=\"column\">\r\n\t\t\t\t\t<div class=\"elementor-widget-wrap elementor-element-populated\">\r\n\t\t\t\t\t\t\t\t<div class=\"elementor-element elementor-element-0acae8b elementor-widget elementor-widget-image\" data-id=\"0acae8b\" data-element_type=\"widget\" data-widget_type=\"image.default\">\n\t\t\t\t<div class=\"elementor-widget-container\">\n\t\t\t\t\t\t\t\t\t\t\t\t\t\t\t<img fetchpriority=\"high\" decoding=\"async\" width=\"1024\" height=\"536\" src=\"https:\/\/kadg.lt\/wp-content\/uploads\/2025\/05\/Karaliu_pasakos_fb-01-1-1024x536.jpg\" class=\"attachment-large size-large wp-image-7481\" alt=\"\" srcset=\"https:\/\/kadg.lt\/wp-content\/uploads\/2025\/05\/Karaliu_pasakos_fb-01-1-1024x536.jpg 1024w, https:\/\/kadg.lt\/wp-content\/uploads\/2025\/05\/Karaliu_pasakos_fb-01-1-768x402.jpg 768w, https:\/\/kadg.lt\/wp-content\/uploads\/2025\/05\/Karaliu_pasakos_fb-01-1-640x335.jpg 640w, https:\/\/kadg.lt\/wp-content\/uploads\/2025\/05\/Karaliu_pasakos_fb-01-1-400x209.jpg 400w, https:\/\/kadg.lt\/wp-content\/uploads\/2025\/05\/Karaliu_pasakos_fb-01-1-367x192.jpg 367w, https:\/\/kadg.lt\/wp-content\/uploads\/2025\/05\/Karaliu_pasakos_fb-01-1-600x314.jpg 600w\" sizes=\"(max-width: 1024px) 100vw, 1024px\" \/>\t\t\t\t\t\t\t\t\t\t\t\t\t\t\t<\/div>\n\t\t\t\t<\/div>\n\t\t\t\t<div class=\"elementor-element elementor-element-f89950e elementor-widget elementor-widget-text-editor\" data-id=\"f89950e\" data-element_type=\"widget\" data-widget_type=\"text-editor.default\">\n\t\t\t\t<div class=\"elementor-widget-container\">\n\t\t\t\t\t\t\t\t\t<p>\u00a0<strong>Trumpas renginio apra\u0161ymas:<\/strong><br \/>1 &#8211; 4 pradini\u0173 klasi\u0173 mokini\u0173 kryptingo meninio ugdymo projektas. Kiekvienos klas\u0117s vaidinimas bus sujungtas \u012f bendr\u0105 rengin\u012f Kauno ,,A\u017euolyno&#8221; bibliotekoje, Radast\u0173 g.2, Kaune. Renginys nemokamas. Bus parengti kvietimai, plakatai mokini\u0173 dail\u0117s darb\u0173 motyvais.<br \/>Pagal M.K.\u010ciurlionio paveiksl\u0105 mokiniai grup\u0117se kurs pasakas, l\u0117les, scenografij\u0105. Rekomenduojamos \u012fvairios l\u0117li\u0173 teatro formos: aktori\u0173, l\u0117li\u0173 vaidinimas, miriorama, \u0161e\u0161\u0117li\u0173 teatras, \u0161okis, muzikavimas ir pan.<br \/><strong>Renginio data \/trukm\u0117 ir vieta:<\/strong> 2025m. I pusmetis. Dainavos g. 1, Kaunas<br \/><strong>Rengin\u012f koordinuoja<\/strong> dail\u0117s mokytoja Rasa \u017dmuidien\u0117. * rveigeltaite@gmail.com<\/p>\t\t\t\t\t\t\t\t<\/div>\n\t\t\t\t<\/div>\n\t\t\t\t\t<\/div>\r\n\t\t\t\t<\/div>\r\n\t\t\t\t\t<\/div>\r\n\t\t\t\t<\/section>\r\n\t\t\t\t<section class=\"elementor-section elementor-top-section elementor-element elementor-element-17cb3d9 elementor-section-boxed elementor-section-height-default elementor-section-height-default\" data-id=\"17cb3d9\" data-element_type=\"section\">\r\n\t\t\r\n\t\t\t\t\t\t\t<div class=\"elementor-container elementor-column-gap-default\">\r\n\t\t\t\t\t\t\t\t\t\t\t<div class=\"elementor-column elementor-col-100 elementor-top-column elementor-element elementor-element-0e7629c\" data-id=\"0e7629c\" data-element_type=\"column\">\r\n\t\t\t\t\t<div class=\"elementor-widget-wrap elementor-element-populated\">\r\n\t\t\t\t\t\t\t\t<div class=\"elementor-element elementor-element-a58d68d elementor-widget elementor-widget-image\" data-id=\"a58d68d\" data-element_type=\"widget\" data-widget_type=\"image.default\">\n\t\t\t\t<div class=\"elementor-widget-container\">\n\t\t\t\t\t\t\t\t\t\t\t\t\t\t\t<img decoding=\"async\" width=\"429\" height=\"600\" src=\"https:\/\/kadg.lt\/wp-content\/uploads\/2024\/11\/KARALIU-PASAKOS-PLAKATAS-web.jpg\" class=\"attachment-large size-large wp-image-6854\" alt=\"\" srcset=\"https:\/\/kadg.lt\/wp-content\/uploads\/2024\/11\/KARALIU-PASAKOS-PLAKATAS-web.jpg 429w, https:\/\/kadg.lt\/wp-content\/uploads\/2024\/11\/KARALIU-PASAKOS-PLAKATAS-web-400x559.jpg 400w, https:\/\/kadg.lt\/wp-content\/uploads\/2024\/11\/KARALIU-PASAKOS-PLAKATAS-web-367x513.jpg 367w\" sizes=\"(max-width: 429px) 100vw, 429px\" \/>\t\t\t\t\t\t\t\t\t\t\t\t\t\t\t<\/div>\n\t\t\t\t<\/div>\n\t\t\t\t\t<\/div>\r\n\t\t\t\t<\/div>\r\n\t\t\t\t\t<\/div>\r\n\t\t\t\t<\/section>\r\n\t\t\t\t<section class=\"elementor-section elementor-top-section elementor-element elementor-element-714a5f0 elementor-section-boxed elementor-section-height-default elementor-section-height-default\" data-id=\"714a5f0\" data-element_type=\"section\">\r\n\t\t\r\n\t\t\t\t\t\t\t<div class=\"elementor-container elementor-column-gap-default\">\r\n\t\t\t\t\t\t\t\t\t\t\t<div class=\"elementor-column elementor-col-33 elementor-top-column elementor-element elementor-element-a38b1a8\" data-id=\"a38b1a8\" data-element_type=\"column\">\r\n\t\t\t\t\t<div class=\"elementor-widget-wrap elementor-element-populated\">\r\n\t\t\t\t\t\t\t\t<div class=\"elementor-element elementor-element-037ffd1 elementor-widget elementor-widget-image\" data-id=\"037ffd1\" data-element_type=\"widget\" data-widget_type=\"image.default\">\n\t\t\t\t<div class=\"elementor-widget-container\">\n\t\t\t\t\t\t\t\t\t\t\t\t\t\t\t<img decoding=\"async\" width=\"705\" height=\"1024\" src=\"https:\/\/kadg.lt\/wp-content\/uploads\/2024\/11\/Seleliu-teatras-1-705x1024.jpeg\" class=\"attachment-large size-large wp-image-6792\" alt=\"\" srcset=\"https:\/\/kadg.lt\/wp-content\/uploads\/2024\/11\/Seleliu-teatras-1-705x1024.jpeg 705w, https:\/\/kadg.lt\/wp-content\/uploads\/2024\/11\/Seleliu-teatras-1-640x930.jpeg 640w, https:\/\/kadg.lt\/wp-content\/uploads\/2024\/11\/Seleliu-teatras-1-400x581.jpeg 400w, https:\/\/kadg.lt\/wp-content\/uploads\/2024\/11\/Seleliu-teatras-1-367x533.jpeg 367w, https:\/\/kadg.lt\/wp-content\/uploads\/2024\/11\/Seleliu-teatras-1-600x871.jpeg 600w\" sizes=\"(max-width: 705px) 100vw, 705px\" \/>\t\t\t\t\t\t\t\t\t\t\t\t\t\t\t<\/div>\n\t\t\t\t<\/div>\n\t\t\t\t\t<\/div>\r\n\t\t\t\t<\/div>\r\n\t\t\t\t<div class=\"elementor-column elementor-col-33 elementor-top-column elementor-element elementor-element-4b70b16\" data-id=\"4b70b16\" data-element_type=\"column\">\r\n\t\t\t\t\t<div class=\"elementor-widget-wrap elementor-element-populated\">\r\n\t\t\t\t\t\t\t\t<div class=\"elementor-element elementor-element-add20ca elementor-widget elementor-widget-image\" data-id=\"add20ca\" data-element_type=\"widget\" data-widget_type=\"image.default\">\n\t\t\t\t<div class=\"elementor-widget-container\">\n\t\t\t\t\t\t\t\t\t\t\t\t\t\t\t<img loading=\"lazy\" decoding=\"async\" width=\"738\" height=\"1024\" src=\"https:\/\/kadg.lt\/wp-content\/uploads\/2024\/11\/karaliai311-738x1024.jpg\" class=\"attachment-large size-large wp-image-6799\" alt=\"\" srcset=\"https:\/\/kadg.lt\/wp-content\/uploads\/2024\/11\/karaliai311-738x1024.jpg 738w, https:\/\/kadg.lt\/wp-content\/uploads\/2024\/11\/karaliai311-640x888.jpg 640w, https:\/\/kadg.lt\/wp-content\/uploads\/2024\/11\/karaliai311-400x555.jpg 400w, https:\/\/kadg.lt\/wp-content\/uploads\/2024\/11\/karaliai311-367x509.jpg 367w, https:\/\/kadg.lt\/wp-content\/uploads\/2024\/11\/karaliai311-600x833.jpg 600w\" sizes=\"(max-width: 738px) 100vw, 738px\" \/>\t\t\t\t\t\t\t\t\t\t\t\t\t\t\t<\/div>\n\t\t\t\t<\/div>\n\t\t\t\t\t<\/div>\r\n\t\t\t\t<\/div>\r\n\t\t\t\t<div class=\"elementor-column elementor-col-33 elementor-top-column elementor-element elementor-element-a6985c0\" data-id=\"a6985c0\" data-element_type=\"column\">\r\n\t\t\t\t\t<div class=\"elementor-widget-wrap elementor-element-populated\">\r\n\t\t\t\t\t\t\t\t<div class=\"elementor-element elementor-element-0fde2c5 elementor-widget elementor-widget-image\" data-id=\"0fde2c5\" data-element_type=\"widget\" data-widget_type=\"image.default\">\n\t\t\t\t<div class=\"elementor-widget-container\">\n\t\t\t\t\t\t\t\t\t\t\t\t\t\t\t<img loading=\"lazy\" decoding=\"async\" width=\"732\" height=\"1024\" src=\"https:\/\/kadg.lt\/wp-content\/uploads\/2024\/11\/karaliai233-732x1024.jpg\" class=\"attachment-large size-large wp-image-6797\" alt=\"\" srcset=\"https:\/\/kadg.lt\/wp-content\/uploads\/2024\/11\/karaliai233-732x1024.jpg 732w, https:\/\/kadg.lt\/wp-content\/uploads\/2024\/11\/karaliai233-640x895.jpg 640w, https:\/\/kadg.lt\/wp-content\/uploads\/2024\/11\/karaliai233-400x560.jpg 400w, https:\/\/kadg.lt\/wp-content\/uploads\/2024\/11\/karaliai233-367x513.jpg 367w, https:\/\/kadg.lt\/wp-content\/uploads\/2024\/11\/karaliai233-600x839.jpg 600w\" sizes=\"(max-width: 732px) 100vw, 732px\" \/>\t\t\t\t\t\t\t\t\t\t\t\t\t\t\t<\/div>\n\t\t\t\t<\/div>\n\t\t\t\t\t<\/div>\r\n\t\t\t\t<\/div>\r\n\t\t\t\t\t<\/div>\r\n\t\t\t\t<\/section>\r\n\t\t\t\t<section class=\"elementor-section elementor-top-section elementor-element elementor-element-c8d24fc elementor-section-boxed elementor-section-height-default elementor-section-height-default\" data-id=\"c8d24fc\" data-element_type=\"section\">\r\n\t\t\r\n\t\t\t\t\t\t\t<div class=\"elementor-container elementor-column-gap-default\">\r\n\t\t\t\t\t\t\t\t\t\t\t<div class=\"elementor-column elementor-col-100 elementor-top-column elementor-element elementor-element-a779ef4\" data-id=\"a779ef4\" data-element_type=\"column\">\r\n\t\t\t\t\t<div class=\"elementor-widget-wrap elementor-element-populated\">\r\n\t\t\t\t\t\t\t\t<div class=\"elementor-element elementor-element-e6aff00 elementor-widget elementor-widget-image\" data-id=\"e6aff00\" data-element_type=\"widget\" data-widget_type=\"image.default\">\n\t\t\t\t<div class=\"elementor-widget-container\">\n\t\t\t\t\t\t\t\t\t\t\t\t\t\t\t<img loading=\"lazy\" decoding=\"async\" width=\"1024\" height=\"848\" src=\"https:\/\/kadg.lt\/wp-content\/uploads\/2024\/11\/maironama-3-1024x848.jpg\" class=\"attachment-large size-large wp-image-6800\" alt=\"\" srcset=\"https:\/\/kadg.lt\/wp-content\/uploads\/2024\/11\/maironama-3-1024x848.jpg 1024w, https:\/\/kadg.lt\/wp-content\/uploads\/2024\/11\/maironama-3-768x636.jpg 768w, https:\/\/kadg.lt\/wp-content\/uploads\/2024\/11\/maironama-3-640x530.jpg 640w, https:\/\/kadg.lt\/wp-content\/uploads\/2024\/11\/maironama-3-400x331.jpg 400w, https:\/\/kadg.lt\/wp-content\/uploads\/2024\/11\/maironama-3-367x304.jpg 367w, https:\/\/kadg.lt\/wp-content\/uploads\/2024\/11\/maironama-3-600x497.jpg 600w\" sizes=\"(max-width: 1024px) 100vw, 1024px\" \/>\t\t\t\t\t\t\t\t\t\t\t\t\t\t\t<\/div>\n\t\t\t\t<\/div>\n\t\t\t\t\t<\/div>\r\n\t\t\t\t<\/div>\r\n\t\t\t\t\t<\/div>\r\n\t\t\t\t<\/section>\r\n\t\t\t\t<section class=\"elementor-section elementor-top-section elementor-element elementor-element-ad28c1c elementor-section-boxed elementor-section-height-default elementor-section-height-default\" data-id=\"ad28c1c\" data-element_type=\"section\">\r\n\t\t\r\n\t\t\t\t\t\t\t<div class=\"elementor-container elementor-column-gap-default\">\r\n\t\t\t\t\t\t\t\t\t\t\t<div class=\"elementor-column elementor-col-100 elementor-top-column elementor-element elementor-element-497289c\" data-id=\"497289c\" data-element_type=\"column\">\r\n\t\t\t\t\t<div class=\"elementor-widget-wrap\">\r\n\t\t\t\t\t\t\t\t\t<\/div>\r\n\t\t\t\t<\/div>\r\n\t\t\t\t\t<\/div>\r\n\t\t\t\t<\/section>\r\n\t\t\t\t<\/div>\n\t\t","protected":false},"excerpt":{"rendered":"<p>\u00a0Trumpas renginio apra\u0161ymas:1 &#8211; 4 pradini\u0173 klasi\u0173 mokini\u0173 kryptingo meninio ugdymo projektas. Kiekvienos klas\u0117s vaidinimas bus sujungtas \u012f bendr\u0105 rengin\u012f Kauno ,,A\u017euolyno&#8221; bibliotekoje, Radast\u0173 g.2, Kaune. Renginys nemokamas. Bus parengti kvietimai, plakatai mokini\u0173 dail\u0117s darb\u0173 motyvais.Pagal M.K.\u010ciurlionio paveiksl\u0105 mokiniai grup\u0117se kurs pasakas, l\u0117les, scenografij\u0105. Rekomenduojamos \u012fvairios l\u0117li\u0173 teatro formos: aktori\u0173, l\u0117li\u0173 vaidinimas, miriorama, \u0161e\u0161\u0117li\u0173 teatras, [&hellip;]<\/p>\n","protected":false},"author":2,"featured_media":0,"parent":0,"menu_order":0,"comment_status":"closed","ping_status":"closed","template":"","meta":{"footnotes":""},"class_list":["post-6741","page","type-page","status-publish","hentry"],"_links":{"self":[{"href":"https:\/\/kadg.lt\/index.php\/wp-json\/wp\/v2\/pages\/6741","targetHints":{"allow":["GET"]}}],"collection":[{"href":"https:\/\/kadg.lt\/index.php\/wp-json\/wp\/v2\/pages"}],"about":[{"href":"https:\/\/kadg.lt\/index.php\/wp-json\/wp\/v2\/types\/page"}],"author":[{"embeddable":true,"href":"https:\/\/kadg.lt\/index.php\/wp-json\/wp\/v2\/users\/2"}],"replies":[{"embeddable":true,"href":"https:\/\/kadg.lt\/index.php\/wp-json\/wp\/v2\/comments?post=6741"}],"version-history":[{"count":19,"href":"https:\/\/kadg.lt\/index.php\/wp-json\/wp\/v2\/pages\/6741\/revisions"}],"predecessor-version":[{"id":7484,"href":"https:\/\/kadg.lt\/index.php\/wp-json\/wp\/v2\/pages\/6741\/revisions\/7484"}],"wp:attachment":[{"href":"https:\/\/kadg.lt\/index.php\/wp-json\/wp\/v2\/media?parent=6741"}],"curies":[{"name":"wp","href":"https:\/\/api.w.org\/{rel}","templated":true}]}}