{"id":6743,"date":"2024-11-18T16:50:53","date_gmt":"2024-11-18T13:50:53","guid":{"rendered":"https:\/\/kadg.lt\/?page_id=6743"},"modified":"2025-07-02T14:30:10","modified_gmt":"2025-07-02T11:30:10","slug":"paslaptingas-m-k-ciurlionio-pasaulis","status":"publish","type":"page","link":"https:\/\/kadg.lt\/index.php\/paslaptingas-m-k-ciurlionio-pasaulis\/","title":{"rendered":"Paslaptingas M.K.\u010ciurlionio pasaulis"},"content":{"rendered":"\t\t<div data-elementor-type=\"wp-page\" data-elementor-id=\"6743\" class=\"elementor elementor-6743\">\n\t\t\t\t\t\t<section class=\"elementor-section elementor-top-section elementor-element elementor-element-f7f762c elementor-section-boxed elementor-section-height-default elementor-section-height-default\" data-id=\"f7f762c\" data-element_type=\"section\">\r\n\t\t\r\n\t\t\t\t\t\t\t<div class=\"elementor-container elementor-column-gap-default\">\r\n\t\t\t\t\t\t\t\t\t\t\t<div class=\"elementor-column elementor-col-100 elementor-top-column elementor-element elementor-element-ae88188\" data-id=\"ae88188\" data-element_type=\"column\">\r\n\t\t\t\t\t<div class=\"elementor-widget-wrap elementor-element-populated\">\r\n\t\t\t\t\t\t\t\t<div class=\"elementor-element elementor-element-3c7b20d elementor-widget elementor-widget-text-editor\" data-id=\"3c7b20d\" data-element_type=\"widget\" data-widget_type=\"text-editor.default\">\n\t\t\t\t<div class=\"elementor-widget-container\">\n\t\t\t\t\t\t\t\t\t<p style=\"text-align: center;\"><b><span lang=\"EN-US\" data-olk-copy-source=\"MessageBody\">PASLAPTINGAS M.K.<\/span><\/b><b>\u010c<\/b><b><span lang=\"EN-US\">IURLIONIO PASAULIS &#8211; TAI KAUNO DAIL\u0116S GIMNAZIJOS MOKINI\u0172 DAIL\u0116S DARB\u0172 KONKURSAS, SKIRTAS M.K.\u010cIURLIONIO\u00a0 150-OSIOMS\u00a0 GIMIMO METIN\u0116MS \u00a0PAMIN\u0116TI. 2025.<\/span><\/b><\/p>\t\t\t\t\t\t\t\t<\/div>\n\t\t\t\t<\/div>\n\t\t\t\t\t<\/div>\r\n\t\t\t\t<\/div>\r\n\t\t\t\t\t<\/div>\r\n\t\t\t\t<\/section>\r\n\t\t\t\t<section class=\"elementor-section elementor-top-section elementor-element elementor-element-7aec2a7 elementor-section-boxed elementor-section-height-default elementor-section-height-default\" data-id=\"7aec2a7\" data-element_type=\"section\">\r\n\t\t\r\n\t\t\t\t\t\t\t<div class=\"elementor-container elementor-column-gap-default\">\r\n\t\t\t\t\t\t\t\t\t\t\t<div class=\"elementor-column elementor-col-100 elementor-top-column elementor-element elementor-element-cae0121\" data-id=\"cae0121\" data-element_type=\"column\">\r\n\t\t\t\t\t<div class=\"elementor-widget-wrap elementor-element-populated\">\r\n\t\t\t\t\t\t\t\t<div class=\"elementor-element elementor-element-06d3d6b elementor-widget elementor-widget-image\" data-id=\"06d3d6b\" data-element_type=\"widget\" data-widget_type=\"image.default\">\n\t\t\t\t<div class=\"elementor-widget-container\">\n\t\t\t\t\t\t\t\t\t\t\t\t\t\t\t<img fetchpriority=\"high\" decoding=\"async\" width=\"768\" height=\"506\" src=\"https:\/\/kadg.lt\/wp-content\/uploads\/2025\/04\/parodos-skelbimas-768x506.jpg\" class=\"attachment-medium_large size-medium_large wp-image-7411\" alt=\"\" srcset=\"https:\/\/kadg.lt\/wp-content\/uploads\/2025\/04\/parodos-skelbimas-768x506.jpg 768w, https:\/\/kadg.lt\/wp-content\/uploads\/2025\/04\/parodos-skelbimas-640x422.jpg 640w, https:\/\/kadg.lt\/wp-content\/uploads\/2025\/04\/parodos-skelbimas-400x264.jpg 400w, https:\/\/kadg.lt\/wp-content\/uploads\/2025\/04\/parodos-skelbimas-367x242.jpg 367w, https:\/\/kadg.lt\/wp-content\/uploads\/2025\/04\/parodos-skelbimas-600x396.jpg 600w\" sizes=\"(max-width: 768px) 100vw, 768px\" \/>\t\t\t\t\t\t\t\t\t\t\t\t\t\t\t<\/div>\n\t\t\t\t<\/div>\n\t\t\t\t\t<\/div>\r\n\t\t\t\t<\/div>\r\n\t\t\t\t\t<\/div>\r\n\t\t\t\t<\/section>\r\n\t\t\t\t<section class=\"elementor-section elementor-top-section elementor-element elementor-element-51ff219 elementor-section-boxed elementor-section-height-default elementor-section-height-default\" data-id=\"51ff219\" data-element_type=\"section\">\r\n\t\t\r\n\t\t\t\t\t\t\t<div class=\"elementor-container elementor-column-gap-default\">\r\n\t\t\t\t\t\t\t\t\t\t\t<div class=\"elementor-column elementor-col-100 elementor-top-column elementor-element elementor-element-a6588c9\" data-id=\"a6588c9\" data-element_type=\"column\">\r\n\t\t\t\t\t<div class=\"elementor-widget-wrap elementor-element-populated\">\r\n\t\t\t\t\t\t\t\t<div class=\"elementor-element elementor-element-a323fe1 elementor-widget elementor-widget-text-editor\" data-id=\"a323fe1\" data-element_type=\"widget\" data-widget_type=\"text-editor.default\">\n\t\t\t\t<div class=\"elementor-widget-container\">\n\t\t\t\t\t\t\t\t\t<p><strong>Trumpas renginio apra\u0161ymas: <\/strong>Mokini\u0173 dail\u0117s darb\u0173 M.K. \u010ciurlionio k\u016brini\u0173 motyvais konkursas. Geriausi\u0173 darb\u0173 parodos. Geriausi\u0173 darb\u0173 atviruk\u0173 serija.<\/p><p><strong>Renginio data \/trukm\u0117 ir vieta: <\/strong>Darb\u0173 suk\u016brimas 2024-2025 mokslo metai. Konkursas: 2025 pavasaris. Parodos 2024-2025 metai. Atvirukai 2025 ruduo, po konkurso. Dainavos 1, Kaunas.<\/p><p><strong>Rengin\u012f koordinuoja<\/strong><em> dail\u0117s mokytoja Sigita Dackevi\u010di\u016bt\u0117<\/em>. * sigita.dackeviciute@gmail.com<\/p><p class=\"x_MsoNormal\"><b><span lang=\"EN-US\">Konkursui \u00a0pateikta 142 mokini\u0173 dail\u0117s darbai: pradinuk\u0173 50 darb\u0173; 5-8 klasi\u0173 \u2013 72 darbai; \u00a0I \u2013 III gimn. klasi\u0173 20 darb\u0173.<\/span><\/b><\/p><p class=\"x_MsoNormal\"><b><span lang=\"EN-US\">Konkurso laureat\u0173 ir mokytoj\u0173 apdovanojimas vyko bir\u017eelio 6d. 13 val. Dainavos kiemelyje.<\/span><\/b><\/p><p class=\"x_MsoNormal\"><b><span lang=\"EN-GB\">Pradini\u0173 1-4 klasi\u0173 grup\u0117s laureatai:<\/span><\/b><\/p><p>I vieta \u2013 \u0104\u017euolas Rama\u0161kevi\u010dius, 2 klas\u0117.\u00a0Mokytoja Dalia \u010cepulien\u0117<br \/>II vieta \u2013 Gabija Vosyli\u016bt\u0117, 4 klas\u0117. Mokytoja Rasa \u017dmuidien\u0117<br \/>III vieta \u2013 Motiejus Suchockas, 4 klas\u0117. Mokytoja Rasa \u017dmuidien\u0117<br \/>NOMINACIJA \u00a0\u00a0\u00a0Saul\u0117 Lasyt\u0117 2 klas\u0117. Mokytoja Dalia \u010cepulien\u0117<br \/>NOMINACIJA \u00a0\u00a0\u00a0Dorot\u0117ja Lapinskait\u0117, 4 klas\u0117. Mokytoja Rasa \u017dmuidien\u0117<br \/>NOMINACIJA \u00a0\u00a0\u00a0Kotryna Stankait\u0117, 3 klas\u0117. Mokytoja Virginija Katkevi\u010di\u016bt\u0117<\/p><p class=\"x_MsoNormal\"><b>5-6 klasi\u0173 grup\u0117s laureatai:<\/b><\/p><p>I vieta \u2013 Ieva Baltu\u0161yt\u0117, 6 klas\u0117. Mokytoja Neringa \u0160iupinskien\u0117<br \/>II vieta \u2013Barbora Dranseikait\u0117, 5klas\u0117. Mokytoja Dalia \u010cepulien\u0117<br \/>III vieta \u2013 Julija Mork\u016bnait\u0117, 6 klas\u0117. Mokytoja Aist\u0117 Ju\u0161kevi\u010di\u016bt\u0117<br \/>NOMINACIJA\u00a0\u00a0\u00a0\u00a0 Gyt\u0117 Vaitkevi\u010di\u016bt\u0117, 6 klas\u0117. Mokytoja Aist\u0117 Ju\u0161kevi\u010di\u016bt\u0117<br \/>NOMINACIJA \u00a0\u00a0\u00a0\u00a0\u00a0Skaist\u0117 Kardelyt\u0117, 6 klas\u0117.\u00a0 Mokytoja Danguol\u0117 Lunskien\u0117<\/p><p class=\"x_MsoNormal\"><b>\u00a0<\/b><b>7-8 klasi\u0173 grup\u0117s laureatai:<\/b><\/p><p>I vieta \u2013 Samanta Grajauskait\u0117, 7 klas\u0117. Mokytoja Giedr\u0117 Dadurkevi\u010dien\u0117<br \/>I vieta \u2013 Ema Dagyt\u0117, 7 klas\u0117. Mokytoja Daiva \u0160lajien\u0117<br \/>II vieta \u2013 Benediktas Alksnevi\u010dius, 7 klas\u0117. Mokytoja Daiva \u0160lajien\u0117<br \/>II vieta \u2013 Barbora Vengraityt\u0117, 7 klas\u0117. Mokytoja Giedr\u0117 Dadurkevi\u010dien\u0117<br \/>III vieta \u2013 Nida Vitkauskait\u0117, 7 klas\u0117. Mokytojas Tadas \u017debrauskas<br \/>III vieta \u2013 Kotryna Bilziukevi\u010di\u016bt\u0117, 7 klas\u0117.\u00a0 Mokytoja Jolanta Galdikait\u0117<br \/>III vieta \u2013 August\u0117 Morkeli\u016bnait\u0117, 7 klas\u0117. Mokytoja Giedr\u0117 Dadurkevi\u010dien\u0117<br \/>NOMINACIJA Sofija Fomina, 7 klas\u0117. Mokytoja Jolanta Galdikait\u0117<\/p><p class=\"x_MsoNormal\"><span lang=\"PL\">\u00a0<\/span><b>I -III gimn. klasi\u0173 grup\u0117s laureatai:<\/b><\/p><p>I vieta \u2013 Una Carroll, IIIgimnazijos klas\u0117. Mokytojas Gintautas Vai\u010dys<br \/>I vieta \u00a0\u00a0\u00a0Skie\u010di\u016bt\u0117 Meda, IIIgimnazijos klas\u0117 Mokytojas Gintautas Vai\u010dys<br \/>II vieta \u2013 Otilija Ple\u0161kyt\u0117, II gimnazijos klas\u0117. Mokytojas Gintautas Vai\u010dys<br \/>II vieta \u2013 Daniel\u0117 Stipinait\u0117, II gimnazijos klas\u0117. Mokytojas Gintautas Vai\u010dys<br \/>III vieta \u2013 Eivil\u0117 Abramavi\u010di\u016bt\u0117, III gimnazijos klas\u0117. Mokytojas Gintautas Vai\u010dys<br \/>III vieta \u2013 Gertr\u016bda Vivien Delkut\u0117, II gimnazijos klas\u0117. Mokytojas Gintautas Vai\u010dys<br \/>NOMINACIJA \u00a0\u00a0\u00a0\u00a0\u016ala Pridotkait\u0117, II gimnazijos klas\u0117. Mokytojas Gintautas Vai\u010dys<br \/>NOMINACIJA \u00a0\u00a0\u00a0\u00a0Elena Jamantait\u0117, IIIgimnazijos klas\u0117.\u00a0 Mokytojas Gintautas Vai\u010dys<\/p><p class=\"x_MsoNormal\" style=\"text-align: center;\"><em><span style=\"color: #3366ff;\"><b>\u00a0<\/b><b>\u201eA\u0161 noriu tapyti taip, kad kiekvienas paveikslas b\u016bt\u0173 tartum giesm\u0117\u201c &#8211;<\/b><\/span><\/em><\/p><p class=\"x_MsoNormal\" style=\"text-align: right;\">\u00a0 \u00a0 \u00a0 \u00a0 \u00a0 \u00a0 \u00a0 \u00a0 \u00a0 \u00a0 \u00a0 \u00a0 \u00a0 M.K.\u010ciurlionis\u00a0\u00a0\u00a0\u00a0\u00a0\u00a0\u00a0\u00a0\u00a0\u00a0\u00a0\u00a0\u00a0\u00a0\u00a0\u00a0\u00a0\u00a0\u00a0\u00a0\u00a0\u00a0\u00a0\u00a0\u00a0\u00a0\u00a0\u00a0\u00a0\u00a0\u00a0\u00a0\u00a0\u00a0\u00a0\u00a0\u00a0\u00a0\u00a0\u00a0\u00a0\u00a0\u00a0\u00a0\u00a0\u00a0\u00a0\u00a0<b><\/b><\/p><p class=\"x_MsoNormal\"><b>Nuo\u0161ird\u017eiai d\u0117kojame kiekvienam konkurso dalyviui u\u017e dail\u0117s darb\u0105, jautriai atspindint\u012f paties M.K.\u010ciurlionio i\u0161sakyt\u0105 menin\u0117s vizijos samprat\u0105 bei \u012fprasminant\u012f \u0161io i\u0161kilaus menininko 150 met\u0173 jubiliejaus min\u0117jim\u0105.\u00a0 \u00a0 \u00a0\u00a0<\/b><\/p>\t\t\t\t\t\t\t\t<\/div>\n\t\t\t\t<\/div>\n\t\t\t\t\t<\/div>\r\n\t\t\t\t<\/div>\r\n\t\t\t\t\t<\/div>\r\n\t\t\t\t<\/section>\r\n\t\t\t\t<section class=\"elementor-section elementor-top-section elementor-element elementor-element-1118f14 elementor-section-boxed elementor-section-height-default elementor-section-height-default\" data-id=\"1118f14\" data-element_type=\"section\">\r\n\t\t\r\n\t\t\t\t\t\t\t<div class=\"elementor-container elementor-column-gap-default\">\r\n\t\t\t\t\t\t\t\t\t\t\t<div class=\"elementor-column elementor-col-50 elementor-top-column elementor-element elementor-element-81b9d91\" data-id=\"81b9d91\" data-element_type=\"column\">\r\n\t\t\t\t\t<div class=\"elementor-widget-wrap elementor-element-populated\">\r\n\t\t\t\t\t\t\t\t<div class=\"elementor-element elementor-element-702a068 elementor-widget elementor-widget-image\" data-id=\"702a068\" data-element_type=\"widget\" data-widget_type=\"image.default\">\n\t\t\t\t<div class=\"elementor-widget-container\">\n\t\t\t\t\t\t\t\t\t\t\t\t\t\t\t<img decoding=\"async\" width=\"725\" height=\"1024\" src=\"https:\/\/kadg.lt\/wp-content\/uploads\/2025\/07\/Konkurso-vykdytojams-ir-dalyviams-1-725x1024.jpg\" class=\"attachment-large size-large wp-image-7583\" alt=\"\" srcset=\"https:\/\/kadg.lt\/wp-content\/uploads\/2025\/07\/Konkurso-vykdytojams-ir-dalyviams-1-725x1024.jpg 725w, https:\/\/kadg.lt\/wp-content\/uploads\/2025\/07\/Konkurso-vykdytojams-ir-dalyviams-1-640x904.jpg 640w, https:\/\/kadg.lt\/wp-content\/uploads\/2025\/07\/Konkurso-vykdytojams-ir-dalyviams-1-400x565.jpg 400w, https:\/\/kadg.lt\/wp-content\/uploads\/2025\/07\/Konkurso-vykdytojams-ir-dalyviams-1-367x518.jpg 367w, https:\/\/kadg.lt\/wp-content\/uploads\/2025\/07\/Konkurso-vykdytojams-ir-dalyviams-1-600x848.jpg 600w\" sizes=\"(max-width: 725px) 100vw, 725px\" \/>\t\t\t\t\t\t\t\t\t\t\t\t\t\t\t<\/div>\n\t\t\t\t<\/div>\n\t\t\t\t\t<\/div>\r\n\t\t\t\t<\/div>\r\n\t\t\t\t<div class=\"elementor-column elementor-col-50 elementor-top-column elementor-element elementor-element-d46811a\" data-id=\"d46811a\" data-element_type=\"column\">\r\n\t\t\t\t\t<div class=\"elementor-widget-wrap elementor-element-populated\">\r\n\t\t\t\t\t\t\t\t<div class=\"elementor-element elementor-element-88d54ae elementor-widget elementor-widget-image\" data-id=\"88d54ae\" data-element_type=\"widget\" data-widget_type=\"image.default\">\n\t\t\t\t<div class=\"elementor-widget-container\">\n\t\t\t\t\t\t\t\t\t\t\t\t\t\t\t<img decoding=\"async\" width=\"725\" height=\"1024\" src=\"https:\/\/kadg.lt\/wp-content\/uploads\/2025\/07\/Ciurlionio-2025-06-27-koreguotas-1_page-00011-725x1024.jpg\" class=\"attachment-large size-large wp-image-7584\" alt=\"\" srcset=\"https:\/\/kadg.lt\/wp-content\/uploads\/2025\/07\/Ciurlionio-2025-06-27-koreguotas-1_page-00011-725x1024.jpg 725w, https:\/\/kadg.lt\/wp-content\/uploads\/2025\/07\/Ciurlionio-2025-06-27-koreguotas-1_page-00011-640x904.jpg 640w, https:\/\/kadg.lt\/wp-content\/uploads\/2025\/07\/Ciurlionio-2025-06-27-koreguotas-1_page-00011-400x565.jpg 400w, https:\/\/kadg.lt\/wp-content\/uploads\/2025\/07\/Ciurlionio-2025-06-27-koreguotas-1_page-00011-367x519.jpg 367w, https:\/\/kadg.lt\/wp-content\/uploads\/2025\/07\/Ciurlionio-2025-06-27-koreguotas-1_page-00011-600x848.jpg 600w\" sizes=\"(max-width: 725px) 100vw, 725px\" \/>\t\t\t\t\t\t\t\t\t\t\t\t\t\t\t<\/div>\n\t\t\t\t<\/div>\n\t\t\t\t\t<\/div>\r\n\t\t\t\t<\/div>\r\n\t\t\t\t\t<\/div>\r\n\t\t\t\t<\/section>\r\n\t\t\t\t<section class=\"elementor-section elementor-top-section elementor-element elementor-element-08c6ee0 elementor-section-boxed elementor-section-height-default elementor-section-height-default\" data-id=\"08c6ee0\" data-element_type=\"section\">\r\n\t\t\r\n\t\t\t\t\t\t\t<div class=\"elementor-container elementor-column-gap-default\">\r\n\t\t\t\t\t\t\t\t\t\t\t<div class=\"elementor-column elementor-col-100 elementor-top-column elementor-element elementor-element-7bb56be\" data-id=\"7bb56be\" data-element_type=\"column\">\r\n\t\t\t\t\t<div class=\"elementor-widget-wrap\">\r\n\t\t\t\t\t\t\t\t\t<\/div>\r\n\t\t\t\t<\/div>\r\n\t\t\t\t\t<\/div>\r\n\t\t\t\t<\/section>\r\n\t\t\t\t<section class=\"elementor-section elementor-top-section elementor-element elementor-element-08a0912 elementor-section-boxed elementor-section-height-default elementor-section-height-default\" data-id=\"08a0912\" data-element_type=\"section\">\r\n\t\t\r\n\t\t\t\t\t\t\t<div class=\"elementor-container elementor-column-gap-default\">\r\n\t\t\t\t\t\t\t\t\t\t\t<div class=\"elementor-column elementor-col-100 elementor-top-column elementor-element elementor-element-4a85f70\" data-id=\"4a85f70\" data-element_type=\"column\">\r\n\t\t\t\t\t<div class=\"elementor-widget-wrap elementor-element-populated\">\r\n\t\t\t\t\t\t\t\t\t<\/div>\r\n\t\t\t\t<\/div>\r\n\t\t\t\t\t<\/div>\r\n\t\t\t\t<\/section>\r\n\t\t\t\t<\/div>\n\t\t","protected":false},"excerpt":{"rendered":"<p>PASLAPTINGAS M.K.\u010cIURLIONIO PASAULIS &#8211; TAI KAUNO DAIL\u0116S GIMNAZIJOS MOKINI\u0172 DAIL\u0116S DARB\u0172 KONKURSAS, SKIRTAS M.K.\u010cIURLIONIO\u00a0 150-OSIOMS\u00a0 GIMIMO METIN\u0116MS \u00a0PAMIN\u0116TI. 2025. Trumpas renginio apra\u0161ymas: Mokini\u0173 dail\u0117s darb\u0173 M.K. \u010ciurlionio k\u016brini\u0173 motyvais konkursas. Geriausi\u0173 darb\u0173 parodos. Geriausi\u0173 darb\u0173 atviruk\u0173 serija. Renginio data \/trukm\u0117 ir vieta: Darb\u0173 suk\u016brimas 2024-2025 mokslo metai. Konkursas: 2025 pavasaris. Parodos 2024-2025 metai. Atvirukai 2025 [&hellip;]<\/p>\n","protected":false},"author":2,"featured_media":0,"parent":0,"menu_order":0,"comment_status":"closed","ping_status":"closed","template":"","meta":{"footnotes":""},"class_list":["post-6743","page","type-page","status-publish","hentry"],"_links":{"self":[{"href":"https:\/\/kadg.lt\/index.php\/wp-json\/wp\/v2\/pages\/6743","targetHints":{"allow":["GET"]}}],"collection":[{"href":"https:\/\/kadg.lt\/index.php\/wp-json\/wp\/v2\/pages"}],"about":[{"href":"https:\/\/kadg.lt\/index.php\/wp-json\/wp\/v2\/types\/page"}],"author":[{"embeddable":true,"href":"https:\/\/kadg.lt\/index.php\/wp-json\/wp\/v2\/users\/2"}],"replies":[{"embeddable":true,"href":"https:\/\/kadg.lt\/index.php\/wp-json\/wp\/v2\/comments?post=6743"}],"version-history":[{"count":19,"href":"https:\/\/kadg.lt\/index.php\/wp-json\/wp\/v2\/pages\/6743\/revisions"}],"predecessor-version":[{"id":7587,"href":"https:\/\/kadg.lt\/index.php\/wp-json\/wp\/v2\/pages\/6743\/revisions\/7587"}],"wp:attachment":[{"href":"https:\/\/kadg.lt\/index.php\/wp-json\/wp\/v2\/media?parent=6743"}],"curies":[{"name":"wp","href":"https:\/\/api.w.org\/{rel}","templated":true}]}}