{"id":6755,"date":"2024-11-18T16:56:23","date_gmt":"2024-11-18T13:56:23","guid":{"rendered":"https:\/\/kadg.lt\/?page_id=6755"},"modified":"2024-11-18T17:13:40","modified_gmt":"2024-11-18T14:13:40","slug":"pauksciai-ir-dvasia-ciurlionio-pasaulio-ikvepti-kuriniai","status":"publish","type":"page","link":"https:\/\/kadg.lt\/index.php\/pauksciai-ir-dvasia-ciurlionio-pasaulio-ikvepti-kuriniai\/","title":{"rendered":"Pauk\u0161\u010diai ir dvasia: \u010ciurlionio pasaulio \u012fkv\u0117pti k\u016briniai"},"content":{"rendered":"\t\t<div data-elementor-type=\"wp-page\" data-elementor-id=\"6755\" class=\"elementor elementor-6755\">\n\t\t\t\t\t\t<section class=\"elementor-section elementor-top-section elementor-element elementor-element-99a70b6 elementor-section-boxed elementor-section-height-default elementor-section-height-default\" data-id=\"99a70b6\" data-element_type=\"section\">\r\n\t\t\r\n\t\t\t\t\t\t\t<div class=\"elementor-container elementor-column-gap-default\">\r\n\t\t\t\t\t\t\t\t\t\t\t<div class=\"elementor-column elementor-col-100 elementor-top-column elementor-element elementor-element-9c25ad8\" data-id=\"9c25ad8\" data-element_type=\"column\">\r\n\t\t\t\t\t<div class=\"elementor-widget-wrap elementor-element-populated\">\r\n\t\t\t\t\t\t\t\t<div class=\"elementor-element elementor-element-d7c98c3 elementor-widget elementor-widget-text-editor\" data-id=\"d7c98c3\" data-element_type=\"widget\" data-widget_type=\"text-editor.default\">\n\t\t\t\t<div class=\"elementor-widget-container\">\n\t\t\t\t\t\t\t\t\t<p><strong>Trumpas renginio apra\u0161ymas: <\/strong>Tai jungtinis Kauno dail\u0117s gimnazijos ir Kauno suaugusi\u0173j\u0173 ir jaunimo mokymo centro\u00a0 projektas.<\/p><p>Mokiniai sukurs savo interpretacijas pauk\u0161\u010di\u0173 tematika, naudodami \u012fvairias dail\u0117s formas. Tapyba, meniniai objektai, pie\u0161iniai ar skaitmeniniai k\u016briniai bus kuriami, pasitelkiant \u010ciurlionio stiliaus elementus (abstrakcija, spalv\u0173 ir form\u0173 harmonija, kosminiai motyvai). \u00a0<\/p><p><strong>Renginio data \/trukm\u0117 ir vieta: <\/strong>Pateikti darbus iki 2025 m. kovo 14 d. Darb\u0173 paroda nuo 2025 m. baland\u017eio 01 d. 13 val. iki baland\u017eio 25 d. 18 val.<\/p><p><strong>Rengin\u012f koordinuoja<\/strong><em> dail\u0117s mokytoja Jolanta Galdikait\u0117<\/em>. * jolanta.galdikaite@gmail.com<\/p>\t\t\t\t\t\t\t\t<\/div>\n\t\t\t\t<\/div>\n\t\t\t\t\t<\/div>\r\n\t\t\t\t<\/div>\r\n\t\t\t\t\t<\/div>\r\n\t\t\t\t<\/section>\r\n\t\t\t\t<\/div>\n\t\t","protected":false},"excerpt":{"rendered":"<p>Trumpas renginio apra\u0161ymas: Tai jungtinis Kauno dail\u0117s gimnazijos ir Kauno suaugusi\u0173j\u0173 ir jaunimo mokymo centro\u00a0 projektas. Mokiniai sukurs savo interpretacijas pauk\u0161\u010di\u0173 tematika, naudodami \u012fvairias dail\u0117s formas. Tapyba, meniniai objektai, pie\u0161iniai ar skaitmeniniai k\u016briniai bus kuriami, pasitelkiant \u010ciurlionio stiliaus elementus (abstrakcija, spalv\u0173 ir form\u0173 harmonija, kosminiai motyvai). \u00a0 Renginio data \/trukm\u0117 ir vieta: Pateikti darbus iki [&hellip;]<\/p>\n","protected":false},"author":2,"featured_media":0,"parent":0,"menu_order":0,"comment_status":"closed","ping_status":"closed","template":"","meta":{"footnotes":""},"class_list":["post-6755","page","type-page","status-publish","hentry"],"_links":{"self":[{"href":"https:\/\/kadg.lt\/index.php\/wp-json\/wp\/v2\/pages\/6755","targetHints":{"allow":["GET"]}}],"collection":[{"href":"https:\/\/kadg.lt\/index.php\/wp-json\/wp\/v2\/pages"}],"about":[{"href":"https:\/\/kadg.lt\/index.php\/wp-json\/wp\/v2\/types\/page"}],"author":[{"embeddable":true,"href":"https:\/\/kadg.lt\/index.php\/wp-json\/wp\/v2\/users\/2"}],"replies":[{"embeddable":true,"href":"https:\/\/kadg.lt\/index.php\/wp-json\/wp\/v2\/comments?post=6755"}],"version-history":[{"count":7,"href":"https:\/\/kadg.lt\/index.php\/wp-json\/wp\/v2\/pages\/6755\/revisions"}],"predecessor-version":[{"id":6790,"href":"https:\/\/kadg.lt\/index.php\/wp-json\/wp\/v2\/pages\/6755\/revisions\/6790"}],"wp:attachment":[{"href":"https:\/\/kadg.lt\/index.php\/wp-json\/wp\/v2\/media?parent=6755"}],"curies":[{"name":"wp","href":"https:\/\/api.w.org\/{rel}","templated":true}]}}