{"id":688,"date":"2021-05-11T11:24:17","date_gmt":"2021-05-11T08:24:17","guid":{"rendered":"http:\/\/kadg.lt\/?page_id=688"},"modified":"2021-05-11T11:27:19","modified_gmt":"2021-05-11T08:27:19","slug":"covid-19-informacija","status":"publish","type":"page","link":"https:\/\/kadg.lt\/index.php\/covid-19-informacija\/","title":{"rendered":"COVID-19 INFORMACIJA"},"content":{"rendered":"\t\t<div data-elementor-type=\"wp-page\" data-elementor-id=\"688\" class=\"elementor elementor-688\">\n\t\t\t\t\t\t<section class=\"elementor-section elementor-top-section elementor-element elementor-element-fb7295a elementor-section-boxed elementor-section-height-default elementor-section-height-default\" data-id=\"fb7295a\" data-element_type=\"section\">\r\n\t\t\r\n\t\t\t\t\t\t\t<div class=\"elementor-container elementor-column-gap-default\">\r\n\t\t\t\t\t\t\t\t\t\t\t<div class=\"elementor-column elementor-col-100 elementor-top-column elementor-element elementor-element-09d494d\" data-id=\"09d494d\" data-element_type=\"column\">\r\n\t\t\t\t\t<div class=\"elementor-widget-wrap elementor-element-populated\">\r\n\t\t\t\t\t\t\t\t<div class=\"elementor-element elementor-element-44f9be4 elementor-widget elementor-widget-text-editor\" data-id=\"44f9be4\" data-element_type=\"widget\" data-widget_type=\"text-editor.default\">\n\t\t\t\t<div class=\"elementor-widget-container\">\n\t\t\t\t\t\t\t\t\t<p><strong><a href=\"https:\/\/www.balsiogimnazija.lt\/admin\/uploads\/files\/covid%20informacija\/Lankstinukas_Petysuzlaisve_Pivoriuniene.pdf\">K\u0104 TUR\u0116\u010cIAU \u017dINOTI APIE VAKCINACIJ\u0104?<\/a><\/strong><\/p><p><strong><a href=\"https:\/\/www.balsiogimnazija.lt\/admin\/uploads\/files\/covid%20informacija\/OV%20sprndimo%20pakeitimai.pdf\">2020 m. GRUOD\u017dIO 31d. SPRENDIMO NR. V-3080 PAKEITIMAS<\/a><\/strong><\/p><p><strong><a href=\"https:\/\/www.balsiogimnazija.lt\/admin\/uploads\/files\/covid%20informacija\/OV%20sprendimas.pdf\">D\u0116L VAIK\u0172, UGDOM\u0172 PAGAL PRADINIO UGDYMO PROGRAM\u0104, NUOTOLINIO UGDYMO, PRIE\u017dI\u016aROS IR MAITINIMO ORGANIZAVIMO \u012eSTAIGOSE B\u016aTIN\u0172 S\u0104LYG\u0172<\/a><\/strong><\/p><p><a href=\"https:\/\/www.balsiogimnazija.lt\/admin\/uploads\/files\/Bendrasis%20ugdymas\/nuotoliniu\/Ugdymo%20proceso%20organizavimo%20nuotoliniu%20b%C5%ABdu%20tvarkos%20apra%C5%A1as%202020-10-30.pdf\"><strong>UGDYMO PROCESO ORGANIZAVIMO NUOTOLINIU B\u016aDU TVARKOS APRA\u0160AS<\/strong><\/a><\/p><p><strong><a href=\"https:\/\/www.balsiogimnazija.lt\/admin\/uploads\/files\/Bendrasis%20ugdymas\/nuotoliniu\/Ugdymo%20proceso%20%C4%AFgyvendinimo%20tvarka%202020%2009%2001%20%281%29%20%281%29.pdf\">D\u0116L UGDYMO PROCESO \u012eGYVENDINIMO YPATUMAI 2020-2021 m.m.<\/a><\/strong><\/p><p><strong><a href=\"https:\/\/www.balsiogimnazija.lt\/admin\/uploads\/files\/covid%20informacija\/V-2934%20%281%29.pdf\">SPRENDIMAS D\u0116L PRADINIO UGDYMO ORGANIZAVIMO B\u016aTIN\u0172 S\u0104LYG\u0172<\/a><\/strong><\/p><p><strong><a href=\"https:\/\/www.balsiogimnazija.lt\/admin\/uploads\/files\/Bendrasis%20ugdymas\/nuotoliniu\/V-2545.pdf\">SPRENDIMAS D\u0116L PAGRINDINIO IR VIDURINIO UGDYMO ORGANIZAVIMO B\u016aTIN\u0172 S\u0104LYG\u0172<\/a><\/strong>.<\/p><p><strong>T\u0117v\u0173 (glob\u0117j\u0173) d\u0117mesiui<\/strong><\/p><p>T\u0117vai (glob\u0117jai), kuri\u0173 vaikai, neturi s\u0105lyg\u0173 mokytis namuose ar patiria mokymosi sunkum\u0173 pandemijos metu, turi informuoti mokyklos administracij\u0105. Sprendimus, kurie vaikai nuotoliniu b\u016bdu mokysis mokyklose ar kitose savivaldyb\u0117s paskirtose \u012fstaigose priims mokyklos vaiko gerov\u0117s komisija.\u00a0<\/p><p><em>Daugiau informacijos telefonu: 867088942<\/em>.<\/p><p>Informuojame, kad vadovaujantis Lietuvos Respublikos sveikatos apsaugos ministro \u2013 valstyb\u0117s lygio ekstremaliosios situacijos valstyb\u0117s operacij\u0173 vadovo 2020 m. kovo 18 d. sprendimu Nr. V-438 \u201cD\u0117l bendradarbiavimo su savivaldybi\u0173 visuomen\u0117s sveikatos biurais\u201d (su pakeitimais), J\u016bs\u0173 ugdymo \u012fstaigoje dirbantis visuomen\u0117s sveikatos specialistas,<strong> tiria darbuotoj\u0173, ugdytini\u0173 ir j\u0173 \u0161eimos nari\u0173<\/strong> Covid-19 ligos (koronaviruso infekcijos) susirgimo atvejus \u2013 apklausia sergan\u010diuosius Covid-19 liga (koronaviruso infekcija) (susirgus ugdytiniui \u2013 vien\u0105 i\u0161 \u0161eimos nari\u0173), ir asmenis, tur\u0117jusius s\u0105lyt\u012f su sergan\u010diais Covid-19 liga (koronaviruso infekcija), bei informacij\u0105 teis\u0117s akt\u0173 nustatyta tvarka pateikia Nacionalinio visuomen\u0117s sveikatos centrui. U\u017etikriname, kad J\u016bs\u0173 ugdymo \u012fstaigoje dirbantis visuomen\u0117s sveikatos specialistas, tiriantis Covid-19 ligos (koronaviruso infekcijos) atvejus, ir, vykdantis kitus su tyrim\u0173 susijusius veiksmus, laikosi <strong>konfidencialumo principo<\/strong>: <em>neatskleid\u017eia sergan\u010di\u0173j\u0173 ir s\u0105lyt\u012f tur\u0117jusi\u0173 asmens duomen\u0173 (asmens informacijos, asmens kontaktin\u0117s informacijos, s\u0105ly\u010dio informacijos, kelion\u0117s informacijos, nuolatin\u0117s ir laikinosios gyvenamosios vietos adreso, \u0161eimos informacijos, asmens sveikatos b\u016bkl\u0117s steb\u0117senos informacijos, numatomos PGR tyrimo atlikimo dienos informacijos, ir kitos, su tyrimu susijusios informacijos) ne\u012fgaliotiems asmenims.<\/em><\/p><p><strong>Pra\u0161ome nedelsiant informuoti Ugdymo \u012fstaigos vadov\u0105 (aukl\u0117toj\u0105), jei J\u016bs\u0173 vaikas ar kitas \u0161eimos narys susirgo Covid-19 liga (koronaviruso infekcija)<\/strong> \u2013 \u0161i informacija bus perduota ugdymo \u012fstaigoje dirban\u010diam visuomen\u0117s sveikatos specialistui, kuris atliks epidemiologin\u012f tyrim\u0105, ir visi su \u0161iuo tyrimu reikalingi duomenys bus operatyviai perduoti Nacionaliniui visuomen\u0117s sveikatos centrui. Taip pat J\u016bs\u0173 ugdymo \u012fstaigoje bus imt\u0105si skubi\u0173 veiksm\u0173 d\u0117l Covid-19 ligos (koronaviruso infekcijos) plitimo suvaldymo.<\/p><p>Gimnazija siekdamas ma\u017einti ilgalaikes neigiamas COVID-19 pasekmes ir r\u016bpindamasi psichologin\u0117s gerov\u0117s stiprinimu bei mokini\u0173 streso valdymo \u012fg\u016bd\u017ei\u0173 ugdymu si\u016blo \u0161i\u0105 nemokam\u0105 psichologin\u0119\u00a0 paslaug\u0105:<\/p><p>Psicholog\u0117 Oksana \u010cekavi\u010dien\u0117 &#8211; 8 612 28511<\/p><p>\u00a0<\/p>\t\t\t\t\t\t\t\t<\/div>\n\t\t\t\t<\/div>\n\t\t\t\t\t<\/div>\r\n\t\t\t\t<\/div>\r\n\t\t\t\t\t<\/div>\r\n\t\t\t\t<\/section>\r\n\t\t\t\t<\/div>\n\t\t","protected":false},"excerpt":{"rendered":"<p>K\u0104 TUR\u0116\u010cIAU \u017dINOTI APIE VAKCINACIJ\u0104? 2020 m. GRUOD\u017dIO 31d. SPRENDIMO NR. V-3080 PAKEITIMAS D\u0116L VAIK\u0172, UGDOM\u0172 PAGAL PRADINIO UGDYMO PROGRAM\u0104, NUOTOLINIO UGDYMO, PRIE\u017dI\u016aROS IR MAITINIMO ORGANIZAVIMO \u012eSTAIGOSE B\u016aTIN\u0172 S\u0104LYG\u0172 UGDYMO PROCESO ORGANIZAVIMO NUOTOLINIU B\u016aDU TVARKOS APRA\u0160AS D\u0116L UGDYMO PROCESO \u012eGYVENDINIMO YPATUMAI 2020-2021 m.m. SPRENDIMAS D\u0116L PRADINIO UGDYMO ORGANIZAVIMO B\u016aTIN\u0172 S\u0104LYG\u0172 SPRENDIMAS D\u0116L PAGRINDINIO IR VIDURINIO [&hellip;]<\/p>\n","protected":false},"author":2,"featured_media":0,"parent":0,"menu_order":0,"comment_status":"closed","ping_status":"closed","template":"","meta":{"footnotes":""},"class_list":["post-688","page","type-page","status-publish","hentry"],"_links":{"self":[{"href":"https:\/\/kadg.lt\/index.php\/wp-json\/wp\/v2\/pages\/688","targetHints":{"allow":["GET"]}}],"collection":[{"href":"https:\/\/kadg.lt\/index.php\/wp-json\/wp\/v2\/pages"}],"about":[{"href":"https:\/\/kadg.lt\/index.php\/wp-json\/wp\/v2\/types\/page"}],"author":[{"embeddable":true,"href":"https:\/\/kadg.lt\/index.php\/wp-json\/wp\/v2\/users\/2"}],"replies":[{"embeddable":true,"href":"https:\/\/kadg.lt\/index.php\/wp-json\/wp\/v2\/comments?post=688"}],"version-history":[{"count":4,"href":"https:\/\/kadg.lt\/index.php\/wp-json\/wp\/v2\/pages\/688\/revisions"}],"predecessor-version":[{"id":692,"href":"https:\/\/kadg.lt\/index.php\/wp-json\/wp\/v2\/pages\/688\/revisions\/692"}],"wp:attachment":[{"href":"https:\/\/kadg.lt\/index.php\/wp-json\/wp\/v2\/media?parent=688"}],"curies":[{"name":"wp","href":"https:\/\/api.w.org\/{rel}","templated":true}]}}