{"id":6891,"date":"2024-12-03T11:23:05","date_gmt":"2024-12-03T08:23:05","guid":{"rendered":"https:\/\/kadg.lt\/?page_id=6891"},"modified":"2025-11-28T12:36:13","modified_gmt":"2025-11-28T09:36:13","slug":"maitinimo-paslaugos","status":"publish","type":"page","link":"https:\/\/kadg.lt\/index.php\/maitinimo-paslaugos\/","title":{"rendered":"Maitinimo paslaugos"},"content":{"rendered":"\t\t<div data-elementor-type=\"wp-page\" data-elementor-id=\"6891\" class=\"elementor elementor-6891\">\n\t\t\t\t\t\t<section class=\"elementor-section elementor-top-section elementor-element elementor-element-70fcf58 elementor-section-boxed elementor-section-height-default elementor-section-height-default\" data-id=\"70fcf58\" data-element_type=\"section\">\r\n\t\t\r\n\t\t\t\t\t\t\t<div class=\"elementor-container elementor-column-gap-default\">\r\n\t\t\t\t\t\t\t\t\t\t\t<div class=\"elementor-column elementor-col-100 elementor-top-column elementor-element elementor-element-959279e\" data-id=\"959279e\" data-element_type=\"column\">\r\n\t\t\t\t\t<div class=\"elementor-widget-wrap elementor-element-populated\">\r\n\t\t\t\t\t\t\t\t<div class=\"elementor-element elementor-element-2da8cdf elementor-widget elementor-widget-text-editor\" data-id=\"2da8cdf\" data-element_type=\"widget\" data-widget_type=\"text-editor.default\">\n\t\t\t\t<div class=\"elementor-widget-container\">\n\t\t\t\t\t\t\t\t\t<p>Kauno dail\u0117s gimnazijos maitinimo paslaugos teik\u0117jas<strong> UAB \u201eIrenut\u0117\u201c.<\/strong><\/p><p><strong>15 dien\u0173 valgiara\u0161tis<\/strong>\u00a0parengtas vadovaujantis LR sveikatos apsaugos ministro patvirtintu 2011 m. lapkri\u010dio 11 d. \u012fsakymu Nr. V-964 (nauja redakcija nuo 2018-09-01, Nr. V-364) \u201eMaitinimo organizavimo ikimokyklinio ugdymo, bendrojo ugdymo mokyklose ir vaik\u0173 socialin\u0117s globos \u012fstaigose tvarkos apra\u0161u\u201c.<\/p><ul style=\"list-style-type: circle;\"><li><a href=\"https:\/\/kadg.lt\/wp-content\/uploads\/2024\/12\/Maitinimo-tvarkos-aprassas.pdf\">Maitinimo tvarkos apras\u0161as<\/a><\/li><li><a href=\"https:\/\/kadg.lt\/wp-content\/uploads\/2025\/11\/Triju-savaiciu-valgiarastis-Dailes-gimnazija-7-10-metu-2025-2026-m.m.pdf\">Trij\u0173 savai\u010di\u0173 valgiara\u0161tis Dail\u0117s gimnazija 7-10 met\u0173 2025-2026 m.m.<\/a><\/li><\/ul>\t\t\t\t\t\t\t\t<\/div>\n\t\t\t\t<\/div>\n\t\t\t\t\t<\/div>\r\n\t\t\t\t<\/div>\r\n\t\t\t\t\t<\/div>\r\n\t\t\t\t<\/section>\r\n\t\t\t\t<\/div>\n\t\t","protected":false},"excerpt":{"rendered":"<p>Kauno dail\u0117s gimnazijos maitinimo paslaugos teik\u0117jas UAB \u201eIrenut\u0117\u201c. 15 dien\u0173 valgiara\u0161tis\u00a0parengtas vadovaujantis LR sveikatos apsaugos ministro patvirtintu 2011 m. lapkri\u010dio 11 d. \u012fsakymu Nr. V-964 (nauja redakcija nuo 2018-09-01, Nr. V-364) \u201eMaitinimo organizavimo ikimokyklinio ugdymo, bendrojo ugdymo mokyklose ir vaik\u0173 socialin\u0117s globos \u012fstaigose tvarkos apra\u0161u\u201c. Maitinimo tvarkos apras\u0161as Trij\u0173 savai\u010di\u0173 valgiara\u0161tis Dail\u0117s gimnazija 7-10 met\u0173 [&hellip;]<\/p>\n","protected":false},"author":2,"featured_media":0,"parent":0,"menu_order":0,"comment_status":"closed","ping_status":"closed","template":"","meta":{"footnotes":""},"class_list":["post-6891","page","type-page","status-publish","hentry"],"_links":{"self":[{"href":"https:\/\/kadg.lt\/index.php\/wp-json\/wp\/v2\/pages\/6891","targetHints":{"allow":["GET"]}}],"collection":[{"href":"https:\/\/kadg.lt\/index.php\/wp-json\/wp\/v2\/pages"}],"about":[{"href":"https:\/\/kadg.lt\/index.php\/wp-json\/wp\/v2\/types\/page"}],"author":[{"embeddable":true,"href":"https:\/\/kadg.lt\/index.php\/wp-json\/wp\/v2\/users\/2"}],"replies":[{"embeddable":true,"href":"https:\/\/kadg.lt\/index.php\/wp-json\/wp\/v2\/comments?post=6891"}],"version-history":[{"count":13,"href":"https:\/\/kadg.lt\/index.php\/wp-json\/wp\/v2\/pages\/6891\/revisions"}],"predecessor-version":[{"id":7929,"href":"https:\/\/kadg.lt\/index.php\/wp-json\/wp\/v2\/pages\/6891\/revisions\/7929"}],"wp:attachment":[{"href":"https:\/\/kadg.lt\/index.php\/wp-json\/wp\/v2\/media?parent=6891"}],"curies":[{"name":"wp","href":"https:\/\/api.w.org\/{rel}","templated":true}]}}