{"id":6929,"date":"2024-12-10T10:29:45","date_gmt":"2024-12-10T07:29:45","guid":{"rendered":"https:\/\/kadg.lt\/?page_id=6929"},"modified":"2024-12-10T10:45:21","modified_gmt":"2024-12-10T07:45:21","slug":"muzikos-ir-dailes-draugyste","status":"publish","type":"page","link":"https:\/\/kadg.lt\/index.php\/muzikos-ir-dailes-draugyste\/","title":{"rendered":"Muzikos ir dail\u0117s draugyst\u0117"},"content":{"rendered":"\t\t<div data-elementor-type=\"wp-page\" data-elementor-id=\"6929\" class=\"elementor elementor-6929\">\n\t\t\t\t\t\t<section class=\"elementor-section elementor-top-section elementor-element elementor-element-283cf35 elementor-section-boxed elementor-section-height-default elementor-section-height-default\" data-id=\"283cf35\" data-element_type=\"section\">\r\n\t\t\r\n\t\t\t\t\t\t\t<div class=\"elementor-container elementor-column-gap-default\">\r\n\t\t\t\t\t\t\t\t\t\t\t<div class=\"elementor-column elementor-col-100 elementor-top-column elementor-element elementor-element-5381962\" data-id=\"5381962\" data-element_type=\"column\">\r\n\t\t\t\t\t<div class=\"elementor-widget-wrap elementor-element-populated\">\r\n\t\t\t\t\t\t\t\t<div class=\"elementor-element elementor-element-f13ea5e elementor-widget elementor-widget-image\" data-id=\"f13ea5e\" data-element_type=\"widget\" data-widget_type=\"image.default\">\n\t\t\t\t<div class=\"elementor-widget-container\">\n\t\t\t\t\t\t\t\t\t\t\t\t\t\t\t<img fetchpriority=\"high\" decoding=\"async\" width=\"643\" height=\"900\" src=\"https:\/\/kadg.lt\/wp-content\/uploads\/2024\/12\/muzikos-ir-dailes-draugyste-PLAKATASweb.jpg\" class=\"attachment-large size-large wp-image-6932\" alt=\"\" srcset=\"https:\/\/kadg.lt\/wp-content\/uploads\/2024\/12\/muzikos-ir-dailes-draugyste-PLAKATASweb.jpg 643w, https:\/\/kadg.lt\/wp-content\/uploads\/2024\/12\/muzikos-ir-dailes-draugyste-PLAKATASweb-640x896.jpg 640w, https:\/\/kadg.lt\/wp-content\/uploads\/2024\/12\/muzikos-ir-dailes-draugyste-PLAKATASweb-400x560.jpg 400w, https:\/\/kadg.lt\/wp-content\/uploads\/2024\/12\/muzikos-ir-dailes-draugyste-PLAKATASweb-367x514.jpg 367w, https:\/\/kadg.lt\/wp-content\/uploads\/2024\/12\/muzikos-ir-dailes-draugyste-PLAKATASweb-600x840.jpg 600w\" sizes=\"(max-width: 643px) 100vw, 643px\" \/>\t\t\t\t\t\t\t\t\t\t\t\t\t\t\t<\/div>\n\t\t\t\t<\/div>\n\t\t\t\t\t<\/div>\r\n\t\t\t\t<\/div>\r\n\t\t\t\t\t<\/div>\r\n\t\t\t\t<\/section>\r\n\t\t\t\t<section class=\"elementor-section elementor-top-section elementor-element elementor-element-fa0d5d1 elementor-section-boxed elementor-section-height-default elementor-section-height-default\" data-id=\"fa0d5d1\" data-element_type=\"section\">\r\n\t\t\r\n\t\t\t\t\t\t\t<div class=\"elementor-container elementor-column-gap-default\">\r\n\t\t\t\t\t\t\t\t\t\t\t<div class=\"elementor-column elementor-col-100 elementor-top-column elementor-element elementor-element-48f9433\" data-id=\"48f9433\" data-element_type=\"column\">\r\n\t\t\t\t\t<div class=\"elementor-widget-wrap elementor-element-populated\">\r\n\t\t\t\t\t\t\t\t<div class=\"elementor-element elementor-element-6595adb elementor-widget elementor-widget-text-editor\" data-id=\"6595adb\" data-element_type=\"widget\" data-widget_type=\"text-editor.default\">\n\t\t\t\t<div class=\"elementor-widget-container\">\n\t\t\t\t\t\t\t\t\t<p class=\"x_MsoNormal\"><span data-olk-copy-source=\"MessageBody\">Tai Kauno dail\u0117 gimnazijos 4 pradin\u0117s klas\u0117s mokini\u0173 ir Kauno sakralin\u0117s muzikos mokyklos mokini\u0173 projektas ,,Vaikai \u2013 vaikams\u201c, skirtas M.K.\u010ciurlionio 150-osioms gimimo metin\u0117ms pasitikti.<\/span><\/p><p class=\"x_MsoNormal\"><strong>Renginio data \/trukm\u0117 ir vieta:\u00a0<\/strong>parodos atidarymas 2024m. gruo\u017eio 11d. 15.30val. Kauno sakralin\u0117s muzikos mokykloje, M.Valan\u010diaus g. 8, Kaunas<\/p><p class=\"x_MsoNormal\"><strong>Rengin\u012f koordinuoja<\/strong>\u00a0dail\u0117s mokytoja Rasa \u017dmuidien\u0117. *\u00a0<a title=\"mailto:rveigeltaite@gmail.com\" href=\"mailto:rveigeltaite@gmail.com\" data-linkindex=\"0\">rveigeltaite@gmail.com<\/a><\/p>\t\t\t\t\t\t\t\t<\/div>\n\t\t\t\t<\/div>\n\t\t\t\t\t<\/div>\r\n\t\t\t\t<\/div>\r\n\t\t\t\t\t<\/div>\r\n\t\t\t\t<\/section>\r\n\t\t\t\t<section class=\"elementor-section elementor-top-section elementor-element elementor-element-1347e92 elementor-section-boxed elementor-section-height-default elementor-section-height-default\" data-id=\"1347e92\" data-element_type=\"section\">\r\n\t\t\r\n\t\t\t\t\t\t\t<div class=\"elementor-container elementor-column-gap-default\">\r\n\t\t\t\t\t\t\t\t\t\t\t<div class=\"elementor-column elementor-col-20 elementor-top-column elementor-element elementor-element-b2cd81d\" data-id=\"b2cd81d\" data-element_type=\"column\">\r\n\t\t\t\t\t<div class=\"elementor-widget-wrap elementor-element-populated\">\r\n\t\t\t\t\t\t\t\t<div class=\"elementor-element elementor-element-9f74bb8 elementor-widget elementor-widget-image\" data-id=\"9f74bb8\" data-element_type=\"widget\" data-widget_type=\"image.default\">\n\t\t\t\t<div class=\"elementor-widget-container\">\n\t\t\t\t\t\t\t\t\t\t\t\t\t\t\t<img decoding=\"async\" width=\"713\" height=\"1024\" src=\"https:\/\/kadg.lt\/wp-content\/uploads\/2024\/12\/Doroteja-Lapinskaite-4-kl-713x1024.jpg\" class=\"attachment-large size-large wp-image-6941\" alt=\"\" srcset=\"https:\/\/kadg.lt\/wp-content\/uploads\/2024\/12\/Doroteja-Lapinskaite-4-kl-713x1024.jpg 713w, https:\/\/kadg.lt\/wp-content\/uploads\/2024\/12\/Doroteja-Lapinskaite-4-kl-640x919.jpg 640w, https:\/\/kadg.lt\/wp-content\/uploads\/2024\/12\/Doroteja-Lapinskaite-4-kl-400x574.jpg 400w, https:\/\/kadg.lt\/wp-content\/uploads\/2024\/12\/Doroteja-Lapinskaite-4-kl-367x527.jpg 367w, https:\/\/kadg.lt\/wp-content\/uploads\/2024\/12\/Doroteja-Lapinskaite-4-kl-600x861.jpg 600w\" sizes=\"(max-width: 713px) 100vw, 713px\" \/>\t\t\t\t\t\t\t\t\t\t\t\t\t\t\t<\/div>\n\t\t\t\t<\/div>\n\t\t\t\t\t<\/div>\r\n\t\t\t\t<\/div>\r\n\t\t\t\t<div class=\"elementor-column elementor-col-20 elementor-top-column elementor-element elementor-element-69735c8\" data-id=\"69735c8\" data-element_type=\"column\">\r\n\t\t\t\t\t<div class=\"elementor-widget-wrap elementor-element-populated\">\r\n\t\t\t\t\t\t\t\t<div class=\"elementor-element elementor-element-8e46e90 elementor-widget elementor-widget-image\" data-id=\"8e46e90\" data-element_type=\"widget\" data-widget_type=\"image.default\">\n\t\t\t\t<div class=\"elementor-widget-container\">\n\t\t\t\t\t\t\t\t\t\t\t\t\t\t\t<img decoding=\"async\" width=\"736\" height=\"1024\" src=\"https:\/\/kadg.lt\/wp-content\/uploads\/2024\/12\/Emile-Morozovaite-4-kl-736x1024.jpg\" class=\"attachment-large size-large wp-image-6940\" alt=\"\" srcset=\"https:\/\/kadg.lt\/wp-content\/uploads\/2024\/12\/Emile-Morozovaite-4-kl-736x1024.jpg 736w, https:\/\/kadg.lt\/wp-content\/uploads\/2024\/12\/Emile-Morozovaite-4-kl-640x890.jpg 640w, https:\/\/kadg.lt\/wp-content\/uploads\/2024\/12\/Emile-Morozovaite-4-kl-400x556.jpg 400w, https:\/\/kadg.lt\/wp-content\/uploads\/2024\/12\/Emile-Morozovaite-4-kl-367x511.jpg 367w, https:\/\/kadg.lt\/wp-content\/uploads\/2024\/12\/Emile-Morozovaite-4-kl-600x835.jpg 600w\" sizes=\"(max-width: 736px) 100vw, 736px\" \/>\t\t\t\t\t\t\t\t\t\t\t\t\t\t\t<\/div>\n\t\t\t\t<\/div>\n\t\t\t\t\t<\/div>\r\n\t\t\t\t<\/div>\r\n\t\t\t\t<div class=\"elementor-column elementor-col-20 elementor-top-column elementor-element elementor-element-d07923a\" data-id=\"d07923a\" data-element_type=\"column\">\r\n\t\t\t\t\t<div class=\"elementor-widget-wrap elementor-element-populated\">\r\n\t\t\t\t\t\t\t\t<div class=\"elementor-element elementor-element-de35bba elementor-widget elementor-widget-image\" data-id=\"de35bba\" data-element_type=\"widget\" data-widget_type=\"image.default\">\n\t\t\t\t<div class=\"elementor-widget-container\">\n\t\t\t\t\t\t\t\t\t\t\t\t\t\t\t<img loading=\"lazy\" decoding=\"async\" width=\"706\" height=\"1024\" src=\"https:\/\/kadg.lt\/wp-content\/uploads\/2024\/12\/Ieva-Alisauskaite-4-kl-706x1024.jpg\" class=\"attachment-large size-large wp-image-6936\" alt=\"\" srcset=\"https:\/\/kadg.lt\/wp-content\/uploads\/2024\/12\/Ieva-Alisauskaite-4-kl-706x1024.jpg 706w, https:\/\/kadg.lt\/wp-content\/uploads\/2024\/12\/Ieva-Alisauskaite-4-kl-640x928.jpg 640w, https:\/\/kadg.lt\/wp-content\/uploads\/2024\/12\/Ieva-Alisauskaite-4-kl-400x580.jpg 400w, https:\/\/kadg.lt\/wp-content\/uploads\/2024\/12\/Ieva-Alisauskaite-4-kl-367x532.jpg 367w, https:\/\/kadg.lt\/wp-content\/uploads\/2024\/12\/Ieva-Alisauskaite-4-kl-600x870.jpg 600w\" sizes=\"(max-width: 706px) 100vw, 706px\" \/>\t\t\t\t\t\t\t\t\t\t\t\t\t\t\t<\/div>\n\t\t\t\t<\/div>\n\t\t\t\t\t<\/div>\r\n\t\t\t\t<\/div>\r\n\t\t\t\t<div class=\"elementor-column elementor-col-20 elementor-top-column elementor-element elementor-element-5a536d1\" data-id=\"5a536d1\" data-element_type=\"column\">\r\n\t\t\t\t\t<div class=\"elementor-widget-wrap elementor-element-populated\">\r\n\t\t\t\t\t\t\t\t<div class=\"elementor-element elementor-element-48ce4b2 elementor-widget elementor-widget-image\" data-id=\"48ce4b2\" data-element_type=\"widget\" data-widget_type=\"image.default\">\n\t\t\t\t<div class=\"elementor-widget-container\">\n\t\t\t\t\t\t\t\t\t\t\t\t\t\t\t<img loading=\"lazy\" decoding=\"async\" width=\"707\" height=\"1024\" src=\"https:\/\/kadg.lt\/wp-content\/uploads\/2024\/12\/Gabriele-Apinaviciute-4-kl-707x1024.jpg\" class=\"attachment-large size-large wp-image-6938\" alt=\"\" srcset=\"https:\/\/kadg.lt\/wp-content\/uploads\/2024\/12\/Gabriele-Apinaviciute-4-kl-707x1024.jpg 707w, https:\/\/kadg.lt\/wp-content\/uploads\/2024\/12\/Gabriele-Apinaviciute-4-kl-640x927.jpg 640w, https:\/\/kadg.lt\/wp-content\/uploads\/2024\/12\/Gabriele-Apinaviciute-4-kl-400x579.jpg 400w, https:\/\/kadg.lt\/wp-content\/uploads\/2024\/12\/Gabriele-Apinaviciute-4-kl-367x531.jpg 367w, https:\/\/kadg.lt\/wp-content\/uploads\/2024\/12\/Gabriele-Apinaviciute-4-kl-600x869.jpg 600w\" sizes=\"(max-width: 707px) 100vw, 707px\" \/>\t\t\t\t\t\t\t\t\t\t\t\t\t\t\t<\/div>\n\t\t\t\t<\/div>\n\t\t\t\t\t<\/div>\r\n\t\t\t\t<\/div>\r\n\t\t\t\t<div class=\"elementor-column elementor-col-20 elementor-top-column elementor-element elementor-element-3b76c07\" data-id=\"3b76c07\" data-element_type=\"column\">\r\n\t\t\t\t\t<div class=\"elementor-widget-wrap elementor-element-populated\">\r\n\t\t\t\t\t\t\t\t<div class=\"elementor-element elementor-element-3946a99 elementor-widget elementor-widget-image\" data-id=\"3946a99\" data-element_type=\"widget\" data-widget_type=\"image.default\">\n\t\t\t\t<div class=\"elementor-widget-container\">\n\t\t\t\t\t\t\t\t\t\t\t\t\t\t\t<img loading=\"lazy\" decoding=\"async\" width=\"755\" height=\"1024\" src=\"https:\/\/kadg.lt\/wp-content\/uploads\/2024\/12\/Gabija-Vosyliute-4-kl-755x1024.jpg\" class=\"attachment-large size-large wp-image-6939\" alt=\"\" srcset=\"https:\/\/kadg.lt\/wp-content\/uploads\/2024\/12\/Gabija-Vosyliute-4-kl-755x1024.jpg 755w, https:\/\/kadg.lt\/wp-content\/uploads\/2024\/12\/Gabija-Vosyliute-4-kl-640x868.jpg 640w, https:\/\/kadg.lt\/wp-content\/uploads\/2024\/12\/Gabija-Vosyliute-4-kl-400x542.jpg 400w, https:\/\/kadg.lt\/wp-content\/uploads\/2024\/12\/Gabija-Vosyliute-4-kl-367x498.jpg 367w, https:\/\/kadg.lt\/wp-content\/uploads\/2024\/12\/Gabija-Vosyliute-4-kl-600x813.jpg 600w\" sizes=\"(max-width: 755px) 100vw, 755px\" \/>\t\t\t\t\t\t\t\t\t\t\t\t\t\t\t<\/div>\n\t\t\t\t<\/div>\n\t\t\t\t\t<\/div>\r\n\t\t\t\t<\/div>\r\n\t\t\t\t\t<\/div>\r\n\t\t\t\t<\/section>\r\n\t\t\t\t<section class=\"elementor-section elementor-top-section elementor-element elementor-element-ef39e4c elementor-section-boxed elementor-section-height-default elementor-section-height-default\" data-id=\"ef39e4c\" data-element_type=\"section\">\r\n\t\t\r\n\t\t\t\t\t\t\t<div class=\"elementor-container elementor-column-gap-default\">\r\n\t\t\t\t\t\t\t\t\t\t\t<div class=\"elementor-column elementor-col-50 elementor-top-column elementor-element elementor-element-792e08b\" data-id=\"792e08b\" data-element_type=\"column\">\r\n\t\t\t\t\t<div class=\"elementor-widget-wrap elementor-element-populated\">\r\n\t\t\t\t\t\t\t\t<div class=\"elementor-element elementor-element-9b0e9b7 elementor-widget elementor-widget-image\" data-id=\"9b0e9b7\" data-element_type=\"widget\" data-widget_type=\"image.default\">\n\t\t\t\t<div class=\"elementor-widget-container\">\n\t\t\t\t\t\t\t\t\t\t\t\t\t\t\t<img loading=\"lazy\" decoding=\"async\" width=\"1024\" height=\"768\" src=\"https:\/\/kadg.lt\/wp-content\/uploads\/2024\/12\/Gyte-Griciute-4-kl-1024x768.jpg\" class=\"attachment-large size-large wp-image-6937\" alt=\"\" srcset=\"https:\/\/kadg.lt\/wp-content\/uploads\/2024\/12\/Gyte-Griciute-4-kl-1024x768.jpg 1024w, https:\/\/kadg.lt\/wp-content\/uploads\/2024\/12\/Gyte-Griciute-4-kl-768x576.jpg 768w, https:\/\/kadg.lt\/wp-content\/uploads\/2024\/12\/Gyte-Griciute-4-kl-463x348.jpg 463w, https:\/\/kadg.lt\/wp-content\/uploads\/2024\/12\/Gyte-Griciute-4-kl-640x480.jpg 640w, https:\/\/kadg.lt\/wp-content\/uploads\/2024\/12\/Gyte-Griciute-4-kl-400x300.jpg 400w, https:\/\/kadg.lt\/wp-content\/uploads\/2024\/12\/Gyte-Griciute-4-kl-367x275.jpg 367w, https:\/\/kadg.lt\/wp-content\/uploads\/2024\/12\/Gyte-Griciute-4-kl-600x450.jpg 600w\" sizes=\"(max-width: 1024px) 100vw, 1024px\" \/>\t\t\t\t\t\t\t\t\t\t\t\t\t\t\t<\/div>\n\t\t\t\t<\/div>\n\t\t\t\t\t<\/div>\r\n\t\t\t\t<\/div>\r\n\t\t\t\t<div class=\"elementor-column elementor-col-50 elementor-top-column elementor-element elementor-element-dfe57c7\" data-id=\"dfe57c7\" data-element_type=\"column\">\r\n\t\t\t\t\t<div class=\"elementor-widget-wrap elementor-element-populated\">\r\n\t\t\t\t\t\t\t\t<div class=\"elementor-element elementor-element-799ad84 elementor-widget elementor-widget-image\" data-id=\"799ad84\" data-element_type=\"widget\" data-widget_type=\"image.default\">\n\t\t\t\t<div class=\"elementor-widget-container\">\n\t\t\t\t\t\t\t\t\t\t\t\t\t\t\t<img loading=\"lazy\" decoding=\"async\" width=\"1024\" height=\"723\" src=\"https:\/\/kadg.lt\/wp-content\/uploads\/2024\/12\/Adomas-Butkus-4-kl-1024x723.jpg\" class=\"attachment-large size-large wp-image-6942\" alt=\"\" srcset=\"https:\/\/kadg.lt\/wp-content\/uploads\/2024\/12\/Adomas-Butkus-4-kl-1024x723.jpg 1024w, https:\/\/kadg.lt\/wp-content\/uploads\/2024\/12\/Adomas-Butkus-4-kl-768x543.jpg 768w, https:\/\/kadg.lt\/wp-content\/uploads\/2024\/12\/Adomas-Butkus-4-kl-640x452.jpg 640w, https:\/\/kadg.lt\/wp-content\/uploads\/2024\/12\/Adomas-Butkus-4-kl-400x283.jpg 400w, https:\/\/kadg.lt\/wp-content\/uploads\/2024\/12\/Adomas-Butkus-4-kl-367x259.jpg 367w, https:\/\/kadg.lt\/wp-content\/uploads\/2024\/12\/Adomas-Butkus-4-kl-600x424.jpg 600w\" sizes=\"(max-width: 1024px) 100vw, 1024px\" \/>\t\t\t\t\t\t\t\t\t\t\t\t\t\t\t<\/div>\n\t\t\t\t<\/div>\n\t\t\t\t\t<\/div>\r\n\t\t\t\t<\/div>\r\n\t\t\t\t\t<\/div>\r\n\t\t\t\t<\/section>\r\n\t\t\t\t<\/div>\n\t\t","protected":false},"excerpt":{"rendered":"<p>Tai Kauno dail\u0117 gimnazijos 4 pradin\u0117s klas\u0117s mokini\u0173 ir Kauno sakralin\u0117s muzikos mokyklos mokini\u0173 projektas ,,Vaikai \u2013 vaikams\u201c, skirtas M.K.\u010ciurlionio 150-osioms gimimo metin\u0117ms pasitikti. Renginio data \/trukm\u0117 ir vieta:\u00a0parodos atidarymas 2024m. gruo\u017eio 11d. 15.30val. Kauno sakralin\u0117s muzikos mokykloje, M.Valan\u010diaus g. 8, Kaunas Rengin\u012f koordinuoja\u00a0dail\u0117s mokytoja Rasa \u017dmuidien\u0117. *\u00a0rveigeltaite@gmail.com<\/p>\n","protected":false},"author":2,"featured_media":0,"parent":0,"menu_order":0,"comment_status":"closed","ping_status":"closed","template":"","meta":{"footnotes":""},"class_list":["post-6929","page","type-page","status-publish","hentry"],"_links":{"self":[{"href":"https:\/\/kadg.lt\/index.php\/wp-json\/wp\/v2\/pages\/6929","targetHints":{"allow":["GET"]}}],"collection":[{"href":"https:\/\/kadg.lt\/index.php\/wp-json\/wp\/v2\/pages"}],"about":[{"href":"https:\/\/kadg.lt\/index.php\/wp-json\/wp\/v2\/types\/page"}],"author":[{"embeddable":true,"href":"https:\/\/kadg.lt\/index.php\/wp-json\/wp\/v2\/users\/2"}],"replies":[{"embeddable":true,"href":"https:\/\/kadg.lt\/index.php\/wp-json\/wp\/v2\/comments?post=6929"}],"version-history":[{"count":10,"href":"https:\/\/kadg.lt\/index.php\/wp-json\/wp\/v2\/pages\/6929\/revisions"}],"predecessor-version":[{"id":6948,"href":"https:\/\/kadg.lt\/index.php\/wp-json\/wp\/v2\/pages\/6929\/revisions\/6948"}],"wp:attachment":[{"href":"https:\/\/kadg.lt\/index.php\/wp-json\/wp\/v2\/media?parent=6929"}],"curies":[{"name":"wp","href":"https:\/\/api.w.org\/{rel}","templated":true}]}}