{"id":696,"date":"2021-05-11T11:58:39","date_gmt":"2021-05-11T08:58:39","guid":{"rendered":"http:\/\/kadg.lt\/?page_id=696"},"modified":"2025-01-28T14:49:21","modified_gmt":"2025-01-28T11:49:21","slug":"priemimo-nuostatai","status":"publish","type":"page","link":"https:\/\/kadg.lt\/index.php\/priemimo-nuostatai\/","title":{"rendered":"Pri\u0117mimo nuostatai"},"content":{"rendered":"\t\t<div data-elementor-type=\"wp-page\" data-elementor-id=\"696\" class=\"elementor elementor-696\">\n\t\t\t\t\t\t<section class=\"elementor-section elementor-top-section elementor-element elementor-element-c4cf14a elementor-section-boxed elementor-section-height-default elementor-section-height-default\" data-id=\"c4cf14a\" data-element_type=\"section\">\r\n\t\t\r\n\t\t\t\t\t\t\t<div class=\"elementor-container elementor-column-gap-default\">\r\n\t\t\t\t\t\t\t\t\t\t\t<div class=\"elementor-column elementor-col-100 elementor-top-column elementor-element elementor-element-eb0b080\" data-id=\"eb0b080\" data-element_type=\"column\">\r\n\t\t\t\t\t<div class=\"elementor-widget-wrap elementor-element-populated\">\r\n\t\t\t\t\t\t\t\t<div class=\"elementor-element elementor-element-7fd2de3 elementor-widget elementor-widget-text-editor\" data-id=\"7fd2de3\" data-element_type=\"widget\" data-widget_type=\"text-editor.default\">\n\t\t\t\t<div class=\"elementor-widget-container\">\n\t\t\t\t\t\t\t\t\t<p><a href=\"https:\/\/kadg.lt\/wp-content\/uploads\/2025\/01\/Mokiniu-priemimo-i-Kauno-dailes-gimnazija-tvarka.pdf\">Mokini\u0173 pri\u0117mimo \u012f Kauno dail\u0117s gimnazij\u0105 tvarka<\/a><\/p>\t\t\t\t\t\t\t\t<\/div>\n\t\t\t\t<\/div>\n\t\t\t\t\t<\/div>\r\n\t\t\t\t<\/div>\r\n\t\t\t\t\t<\/div>\r\n\t\t\t\t<\/section>\r\n\t\t\t\t<\/div>\n\t\t","protected":false},"excerpt":{"rendered":"<p>Mokini\u0173 pri\u0117mimo \u012f Kauno dail\u0117s gimnazij\u0105 tvarka<\/p>\n","protected":false},"author":2,"featured_media":0,"parent":0,"menu_order":0,"comment_status":"closed","ping_status":"closed","template":"","meta":{"footnotes":""},"class_list":["post-696","page","type-page","status-publish","hentry"],"_links":{"self":[{"href":"https:\/\/kadg.lt\/index.php\/wp-json\/wp\/v2\/pages\/696","targetHints":{"allow":["GET"]}}],"collection":[{"href":"https:\/\/kadg.lt\/index.php\/wp-json\/wp\/v2\/pages"}],"about":[{"href":"https:\/\/kadg.lt\/index.php\/wp-json\/wp\/v2\/types\/page"}],"author":[{"embeddable":true,"href":"https:\/\/kadg.lt\/index.php\/wp-json\/wp\/v2\/users\/2"}],"replies":[{"embeddable":true,"href":"https:\/\/kadg.lt\/index.php\/wp-json\/wp\/v2\/comments?post=696"}],"version-history":[{"count":28,"href":"https:\/\/kadg.lt\/index.php\/wp-json\/wp\/v2\/pages\/696\/revisions"}],"predecessor-version":[{"id":7118,"href":"https:\/\/kadg.lt\/index.php\/wp-json\/wp\/v2\/pages\/696\/revisions\/7118"}],"wp:attachment":[{"href":"https:\/\/kadg.lt\/index.php\/wp-json\/wp\/v2\/media?parent=696"}],"curies":[{"name":"wp","href":"https:\/\/api.w.org\/{rel}","templated":true}]}}